{"id":5598,"date":"2022-12-02T16:25:36","date_gmt":"2022-12-02T21:25:36","guid":{"rendered":"https:\/\/biomol.umontreal.ca\/research\/les-professeurs\/lecuyer-eric-ph-d\/"},"modified":"2022-12-02T16:25:50","modified_gmt":"2022-12-02T21:25:50","slug":"lecuyer-eric-ph-d","status":"publish","type":"page","link":"https:\/\/biomol.umontreal.ca\/en\/research\/les-professeurs\/lecuyer-eric-ph-d\/","title":{"rendered":"L\u00e9cuyer, \u00c9ric, Ph.D."},"content":{"rendered":"<h3>Coordonn\u00e9es<\/h3>\n<p>IRCM<\/p>\n<p>514 987-5646<br \/>\n<a href=\"mailto:eric.lecuyer@ircm.qc.ca\" target=\"_blank\" rel=\"noopener noreferrer\">eric.lecuyer@ircm.qc.ca<\/a><\/p>\n<p><strong>Sites web du labo\u00a0:<\/strong><\/p>\n<p><a href=\"https:\/\/www.ircm.qc.ca\/en\/researchers\/eric-lecuyer\">https:\/\/www.ircm.qc.ca\/en\/researchers\/eric-lecuyer<\/a> (site IRCM)<\/p>\n<p><a href=\"https:\/\/www.lecuyerlab.org\/\">https:\/\/www.lecuyerlab.org\/<\/a> (personnel)<\/p>\n<hr\/>\n<div class=\"one-half first \">\n<h2>Axes de recherche<\/h2>\n<ul>\n<li>G\u00e9nomique<\/li>\n<li>Bioinformatique<\/li>\n<li>Syst\u00e8mes mod\u00e8les en biologie mol\u00e9culaire<\/li>\n<li>Biologie des syst\u00e8mes<\/li>\n<\/ul>\n<h2>Description de la recherche<\/h2>\n<p>Le transport intracellulaire des ARNm, combin\u00e9 \u00e0 leur traduction localis\u00e9e, repr\u00e9sente un m\u00e9canisme exquis pour contr\u00f4ler l\u2019organisation cellulaire et le ciblage des modules prot\u00e9iques. Ce m\u00e9canisme joue un r\u00f4le important dans une vari\u00e9t\u00e9 de processus biologiques, incluant la sp\u00e9cification des axes embryonnaires durant le d\u00e9veloppement, la migration et l\u2019adh\u00e9sion cellulaire, et la division cellulaire asym\u00e9trique. Des \u00e9tudes g\u00e9nomiques r\u00e9centes sugg\u00e8rent que la localisation des ARNm repr\u00e9sente un processus hautement pr\u00e9valent, qui pourrait jouer un r\u00f4le majeur dans l\u2019organisation cellulaire. Notre laboratoire s\u2019int\u00e9resse \u00e0 \u00e9lucider i) les m\u00e9canismes mol\u00e9culaires et les fonctions biologiques du transport intracellulaire des ARNm, ii) comment les alt\u00e9rations de ces processus peuvent engendrer des maladies, et iii) comment ces connaissances peuvent servir \u00e0 l\u2019\u00e9laboration de nouvelles approches th\u00e9rapeutiques \u00e0 base d\u2019ARN. Pour comprendre ces processus, nous employons une vari\u00e9t\u00e9 d\u2019approches exp\u00e9rimentales, incluant la biologie mol\u00e9culaire et cellulaire, la biochimie, la bioinformatique, la g\u00e9n\u00e9tique de la <em>drosophile<\/em> et des strat\u00e9gies de g\u00e9nomique fonctionnelle impliquant la microscopie \u00e0 haut-d\u00e9bit et la transcriptomique intracellulaire.<\/p>\n<\/div>\n<div class=\"one-half  \">\n<h2>Research axis<\/h2>\n<ul>\n<li>Genomics<\/li>\n<li>Bioinformatics<\/li>\n<li>Model Systems in Molecular Biology<\/li>\n<li>Systems Biology<\/li>\n<\/ul>\n<h2>Research description<\/h2>\n<p>The intracellular transport of mRNAs, combined with their localized translation, represents an exquisite mechanism to control the distribution of protein modules in the cell. This mechanism plays an important role in a variety of biological processes, including the specification of embryonic axes during development, cell migration and adhesion, and asymmetric cell division. Recent genomic studies suggest that mRNA localization represents a highly prevalent process, which could play a major role in cellular organization. Our laboratory is interested in elucidating i) the molecular mechanisms and biological functions of intracellular RNA transport, ii) how alterations of these processes can lead to disease, and iii) how this knowledge can be used to develop new RNA-based therapeutic approaches. To understand these processes, we employ a variety of experimental approaches, including molecular and cellular biology, biochemistry, bioinformatics, <em>Drosophila<\/em> genetics and functional genomics strategies involving high-throughput microscopy and intracellular transcriptomics.<\/p>\n<\/div>\n<hr\/>\n<h3>Publications<\/h3>\n<ul>\n<li>Benoit Bouvrette, L.P., Wang, X., Boulais, J., Kong, J., Syed, E.U., Blue, S., Zhan, L., Olson, S., Stanton, R., Wei, X., Yee, B., Van Nostrand, E.L., Fu, X.-D., Burge, C.B., Graveley, B.R., Yeo, G.W., L\u00e9cuyer, E. (2022) RBP Image Database: A resource for the systematic characterization of the subcellular distribution properties of human RNA binding proteins. <strong><em>Nucleic Acids Research<\/em><\/strong> (In press).<\/li>\n<li>Benoit Bouvrette, L.P., Bovaird, S., Blanchette, M., and L\u00e9cuyer, E. (2020). oRNAment: A database of putative RNA binding protein target sites in transcriptomes of model species. <strong><em>Nucleic Acids Research<\/em><\/strong><em>,<\/em> 48: D166-D173.<\/li>\n<li>Bergalet, J., Patel, D., Legendre, F., Lapointe, C., Benoit Bouvrette, L.P., Chin, A., Blanchette, M., Kwon, E, and L\u00e9cuyer, E. (2020). Inter-dependent centrosomal co-localization of cen and ik2 cis-natural antisense mRNAs in Drosophila. <strong><em>Cell Reports<\/em><\/strong><em>,<\/em> 30: 3339-3352.<\/li>\n<li>Van Nostrand, E.L.*, Freese, P.*, Pratt, G.A.*, Wang, X.*, Wei, X.*, Xiao, R.*, Blue, S.M., Dominguez, D., Cody, N.A.L., Olson, S., Sundararaman, B., Zhan, L., Bazile, C., Bouvrette, L.P.B., Chen, J., Duff, M.O., Garci, K.E., Gelboin-Burkhart, C., Hochman, A., Lambert, N.J., Li, H., Ngueyn, T.B., Palden, T., Rabano, I., Sathe, S., Stanton, R., Bergalet, J., Zhou, B., Su, A., Wang, R., Yee, B.A., Louie, A. L., Aigner, S., Fu, X.-D.<sup>\u00b6<\/sup>, L\u00e9cuyer, E.<sup> \u00b6<\/sup>, Burge, C.B<sup>\u00b6<\/sup>., Graveley, B.R.<sup> \u00b6<\/sup>, Yeo, G.W.<sup> \u00b6<\/sup> 2020. A large-scale binding and functional map of human RNA binding proteins. <strong><em>Nature<\/em><\/strong><em>,<\/em> 583: 711-719. *-co-first authors, <sup>\u00b6<\/sup>= co-corresponding authors.<\/li>\n<li>Markmiller, S., Soltanieh, S., Server, K.L., Mak, R., Jin, W., Fang, M.Y., Lui, E.-C., Krach, F., Yang, D., Sen, A., Gao, F.-B., Kandel, M.W., Bennett, E.J., L\u00e9cuyer, E. and Yeo, G.W. 2018. Context-dependent and disease-specific diversity in stress granules formed form pre-existing protein interactions. <strong><em>Cell<\/em><\/strong>, 172: 590-604.<\/li>\n<\/ul>\n","protected":false},"excerpt":{"rendered":"<p>Coordonn\u00e9es IRCM 514 987-5646 eric.lecuyer@ircm.qc.ca Sites web du labo\u00a0: https:\/\/www.ircm.qc.ca\/en\/researchers\/eric-lecuyer (site IRCM) https:\/\/www.lecuyerlab.org\/ (personnel) Publications Benoit Bouvrette, L.P., Wang, X., Boulais, J., Kong, J., Syed, E.U., Blue, S., Zhan, L., [&hellip;]<\/p>\n","protected":false},"author":216,"featured_media":0,"parent":3557,"menu_order":0,"comment_status":"closed","ping_status":"closed","template":"","meta":{"footnotes":""},"class_list":["post-5598","page","type-page","status-publish","hentry"],"yoast_head":"<!-- This site is optimized with the Yoast SEO plugin v25.0 - https:\/\/yoast.com\/wordpress\/plugins\/seo\/ -->\n<title>L\u00e9cuyer, \u00c9ric, Ph.D. - Programmes de biologie mol\u00e9culaire<\/title>\n<meta name=\"robots\" content=\"index, follow, max-snippet:-1, max-image-preview:large, max-video-preview:-1\" \/>\n<link rel=\"canonical\" href=\"https:\/\/biomol.umontreal.ca\/en\/research\/les-professeurs\/lecuyer-eric-ph-d\/\" \/>\n<meta property=\"og:locale\" content=\"en_US\" \/>\n<meta property=\"og:type\" content=\"article\" \/>\n<meta property=\"og:title\" content=\"L\u00e9cuyer, \u00c9ric, Ph.D. - Programmes de biologie mol\u00e9culaire\" \/>\n<meta property=\"og:description\" content=\"Coordonn\u00e9es IRCM 514 987-5646 eric.lecuyer@ircm.qc.ca Sites web du labo\u00a0: https:\/\/www.ircm.qc.ca\/en\/researchers\/eric-lecuyer (site IRCM) https:\/\/www.lecuyerlab.org\/ (personnel) Publications Benoit Bouvrette, L.P., Wang, X., Boulais, J., Kong, J., Syed, E.U., Blue, S., Zhan, L., [&hellip;]\" \/>\n<meta property=\"og:url\" content=\"https:\/\/biomol.umontreal.ca\/en\/research\/les-professeurs\/lecuyer-eric-ph-d\/\" \/>\n<meta property=\"og:site_name\" content=\"Programmes de biologie mol\u00e9culaire\" \/>\n<meta property=\"article:modified_time\" content=\"2022-12-02T21:25:50+00:00\" \/>\n<meta name=\"twitter:card\" content=\"summary_large_image\" \/>\n<meta name=\"twitter:label1\" content=\"Est. reading time\" \/>\n\t<meta name=\"twitter:data1\" content=\"4 minutes\" \/>\n<script type=\"application\/ld+json\" class=\"yoast-schema-graph\">{\"@context\":\"https:\/\/schema.org\",\"@graph\":[{\"@type\":\"WebPage\",\"@id\":\"https:\/\/biomol.umontreal.ca\/en\/research\/les-professeurs\/lecuyer-eric-ph-d\/\",\"url\":\"https:\/\/biomol.umontreal.ca\/en\/research\/les-professeurs\/lecuyer-eric-ph-d\/\",\"name\":\"L\u00e9cuyer, \u00c9ric, Ph.D. - Programmes de biologie mol\u00e9culaire\",\"isPartOf\":{\"@id\":\"https:\/\/biomol.umontreal.ca\/#website\"},\"datePublished\":\"2022-12-02T21:25:36+00:00\",\"dateModified\":\"2022-12-02T21:25:50+00:00\",\"breadcrumb\":{\"@id\":\"https:\/\/biomol.umontreal.ca\/en\/research\/les-professeurs\/lecuyer-eric-ph-d\/#breadcrumb\"},\"inLanguage\":\"en-US\",\"potentialAction\":[{\"@type\":\"ReadAction\",\"target\":[\"https:\/\/biomol.umontreal.ca\/en\/research\/les-professeurs\/lecuyer-eric-ph-d\/\"]}]},{\"@type\":\"BreadcrumbList\",\"@id\":\"https:\/\/biomol.umontreal.ca\/en\/research\/les-professeurs\/lecuyer-eric-ph-d\/#breadcrumb\",\"itemListElement\":[{\"@type\":\"ListItem\",\"position\":1,\"name\":\"Accueil\",\"item\":\"https:\/\/biomol.umontreal.ca\/en\/\"},{\"@type\":\"ListItem\",\"position\":2,\"name\":\"Research\",\"item\":\"https:\/\/biomol.umontreal.ca\/en\/research\/\"},{\"@type\":\"ListItem\",\"position\":3,\"name\":\"Our professors\",\"item\":\"https:\/\/biomol.umontreal.ca\/en\/research\/les-professeurs\/\"},{\"@type\":\"ListItem\",\"position\":4,\"name\":\"L\u00e9cuyer, \u00c9ric, Ph.D.\"}]},{\"@type\":\"WebSite\",\"@id\":\"https:\/\/biomol.umontreal.ca\/#website\",\"url\":\"https:\/\/biomol.umontreal.ca\/\",\"name\":\"Programmes de biologie mol\u00e9culaire\",\"description\":\"\",\"potentialAction\":[{\"@type\":\"SearchAction\",\"target\":{\"@type\":\"EntryPoint\",\"urlTemplate\":\"https:\/\/biomol.umontreal.ca\/?s={search_term_string}\"},\"query-input\":{\"@type\":\"PropertyValueSpecification\",\"valueRequired\":true,\"valueName\":\"search_term_string\"}}],\"inLanguage\":\"en-US\"}]}<\/script>\n<!-- \/ Yoast SEO plugin. -->","yoast_head_json":{"title":"L\u00e9cuyer, \u00c9ric, Ph.D. - Programmes de biologie mol\u00e9culaire","robots":{"index":"index","follow":"follow","max-snippet":"max-snippet:-1","max-image-preview":"max-image-preview:large","max-video-preview":"max-video-preview:-1"},"canonical":"https:\/\/biomol.umontreal.ca\/en\/research\/les-professeurs\/lecuyer-eric-ph-d\/","og_locale":"en_US","og_type":"article","og_title":"L\u00e9cuyer, \u00c9ric, Ph.D. - Programmes de biologie mol\u00e9culaire","og_description":"Coordonn\u00e9es IRCM 514 987-5646 eric.lecuyer@ircm.qc.ca Sites web du labo\u00a0: https:\/\/www.ircm.qc.ca\/en\/researchers\/eric-lecuyer (site IRCM) https:\/\/www.lecuyerlab.org\/ (personnel) Publications Benoit Bouvrette, L.P., Wang, X., Boulais, J., Kong, J., Syed, E.U., Blue, S., Zhan, L., [&hellip;]","og_url":"https:\/\/biomol.umontreal.ca\/en\/research\/les-professeurs\/lecuyer-eric-ph-d\/","og_site_name":"Programmes de biologie mol\u00e9culaire","article_modified_time":"2022-12-02T21:25:50+00:00","twitter_card":"summary_large_image","twitter_misc":{"Est. reading time":"4 minutes"},"schema":{"@context":"https:\/\/schema.org","@graph":[{"@type":"WebPage","@id":"https:\/\/biomol.umontreal.ca\/en\/research\/les-professeurs\/lecuyer-eric-ph-d\/","url":"https:\/\/biomol.umontreal.ca\/en\/research\/les-professeurs\/lecuyer-eric-ph-d\/","name":"L\u00e9cuyer, \u00c9ric, Ph.D. - Programmes de biologie mol\u00e9culaire","isPartOf":{"@id":"https:\/\/biomol.umontreal.ca\/#website"},"datePublished":"2022-12-02T21:25:36+00:00","dateModified":"2022-12-02T21:25:50+00:00","breadcrumb":{"@id":"https:\/\/biomol.umontreal.ca\/en\/research\/les-professeurs\/lecuyer-eric-ph-d\/#breadcrumb"},"inLanguage":"en-US","potentialAction":[{"@type":"ReadAction","target":["https:\/\/biomol.umontreal.ca\/en\/research\/les-professeurs\/lecuyer-eric-ph-d\/"]}]},{"@type":"BreadcrumbList","@id":"https:\/\/biomol.umontreal.ca\/en\/research\/les-professeurs\/lecuyer-eric-ph-d\/#breadcrumb","itemListElement":[{"@type":"ListItem","position":1,"name":"Accueil","item":"https:\/\/biomol.umontreal.ca\/en\/"},{"@type":"ListItem","position":2,"name":"Research","item":"https:\/\/biomol.umontreal.ca\/en\/research\/"},{"@type":"ListItem","position":3,"name":"Our professors","item":"https:\/\/biomol.umontreal.ca\/en\/research\/les-professeurs\/"},{"@type":"ListItem","position":4,"name":"L\u00e9cuyer, \u00c9ric, Ph.D."}]},{"@type":"WebSite","@id":"https:\/\/biomol.umontreal.ca\/#website","url":"https:\/\/biomol.umontreal.ca\/","name":"Programmes de biologie mol\u00e9culaire","description":"","potentialAction":[{"@type":"SearchAction","target":{"@type":"EntryPoint","urlTemplate":"https:\/\/biomol.umontreal.ca\/?s={search_term_string}"},"query-input":{"@type":"PropertyValueSpecification","valueRequired":true,"valueName":"search_term_string"}}],"inLanguage":"en-US"}]}},"_links":{"self":[{"href":"https:\/\/biomol.umontreal.ca\/en\/wp-json\/wp\/v2\/pages\/5598","targetHints":{"allow":["GET"]}}],"collection":[{"href":"https:\/\/biomol.umontreal.ca\/en\/wp-json\/wp\/v2\/pages"}],"about":[{"href":"https:\/\/biomol.umontreal.ca\/en\/wp-json\/wp\/v2\/types\/page"}],"author":[{"embeddable":true,"href":"https:\/\/biomol.umontreal.ca\/en\/wp-json\/wp\/v2\/users\/216"}],"replies":[{"embeddable":true,"href":"https:\/\/biomol.umontreal.ca\/en\/wp-json\/wp\/v2\/comments?post=5598"}],"version-history":[{"count":1,"href":"https:\/\/biomol.umontreal.ca\/en\/wp-json\/wp\/v2\/pages\/5598\/revisions"}],"predecessor-version":[{"id":5599,"href":"https:\/\/biomol.umontreal.ca\/en\/wp-json\/wp\/v2\/pages\/5598\/revisions\/5599"}],"up":[{"embeddable":true,"href":"https:\/\/biomol.umontreal.ca\/en\/wp-json\/wp\/v2\/pages\/3557"}],"wp:attachment":[{"href":"https:\/\/biomol.umontreal.ca\/en\/wp-json\/wp\/v2\/media?parent=5598"}],"curies":[{"name":"wp","href":"https:\/\/api.w.org\/{rel}","templated":true}]}}