{"id":5583,"date":"2022-10-05T09:38:20","date_gmt":"2022-10-05T13:38:20","guid":{"rendered":"https:\/\/biomol.umontreal.ca\/research\/les-professeurs\/labrecque-nathalie-ph-d\/"},"modified":"2026-02-01T14:40:49","modified_gmt":"2026-02-01T19:40:49","slug":"labrecque-nathalie-ph-d","status":"publish","type":"page","link":"https:\/\/biomol.umontreal.ca\/en\/research\/les-professeurs\/labrecque-nathalie-ph-d\/","title":{"rendered":"Labrecque, Nathalie, Ph.D."},"content":{"rendered":"<p>Directrice, Unit\u00e9 de recherche en immunobiologie des lymphocytes T<\/p>\n<h3>Coordonn\u00e9es<\/h3>\n<p>Institut de recherches cliniques de Montr\u00e9al (IRCM)<br \/>\n110, ave. des Pins Ouest<br \/>\nMontr\u00e9al (Qu\u00e9bec) H2W 1R7 Canada<\/p>\n<p><a href=\"mailto:nathalie.labrecque@umontreal.ca\">nathalie.labrecque@umontreal.ca\u00a0<\/a><a href=\"https:\/\/crhmr.ciusss-estmtl.gouv.qc.ca\/fr\/chercheur\/nathalie-labrecque\" target=\"_blank\" rel=\"noopener noreferrer\"><\/a><\/p>\n<hr\/>\n<div class=\"one-half first \">\n<h2>Axes de recherche<\/h2>\n<ul>\n<li>Immunologie et H\u00e9matopo\u00ef\u00e8se<\/li>\n<li>Canc\u00e9rologie<\/li>\n<li>D\u00e9veloppement et diff\u00e9renciation tissulaire<\/li>\n<li>Syst\u00e8mes mod\u00e8les en biologie mol\u00e9culaire<\/li>\n<\/ul>\n<h2>Description de la recherche<\/h2>\n<p>Le laboratoire de Nathalie Labrecque s\u2019int\u00e9resse aux m\u00e9canismes mol\u00e9culaires r\u00e9gissant la r\u00e9ponse des lymphocytes T CD8<sup>+<\/sup> lors des infections, du cancer et de la vaccination. Nos travaux portent sur le r\u00f4le: 1) de la voie de signalisation Notch; 2) des r\u00e9cepteurs nucl\u00e9aires orphelins de la famille NR4A; 3) des rythmes circadiens; et 4) des d\u00e9ubiquitinases de la famille UCH.<\/p>\n<p><u>R\u00f4le de la voie de signalisation Notch<\/u><\/p>\n<p>Nos travaux de recherche ont identifi\u00e9 un r\u00f4le cl\u00e9 de la voie de signalisation Notch lors de la diff\u00e9renciation des lymphocytes T effecteurs CD8<sup>+<\/sup> lors de la r\u00e9ponse \u00e0 une infection aigue ou chronique. Nous travaillons \u00e0 identifier les \u00e9v\u00e8nements mol\u00e9culaires contr\u00f4l\u00e9s par la voir de signalisation Notch \u00e0 l\u2019aide d\u2019analyse transcriptomique et \u00e9pig\u00e9n\u00e9tique (RNAseq, scRNAseq, ATACseq et ChIPseq). Nous nous attardons aussi \u00e0 identifier quels types cellulaires fournissent les ligands de Notch lors de la r\u00e9ponse des lymphocytes T CD8+ ainsi qu\u2019\u00e0 d\u00e9terminer l\u2019impact du moment o\u00f9 le signal Notch est re\u00e7u sur la diff\u00e9renciation des lymphocytes T CD8<sup>+<\/sup>.<\/p>\n<p><u>R\u00f4le des r\u00e9cepteurs nucl\u00e9aires orphelins de la famille NR4A<\/u><\/p>\n<p>Nos travaux de recherche ont d\u00e9montr\u00e9 une augmentation de la g\u00e9n\u00e9ration de lymphocytes T CD8+ m\u00e9moires et des fonctions effectrices des lymphocytes T CD8<sup>+<\/sup> en absence d\u2019expression du r\u00e9cepteur nucl\u00e9aire orphelin NR4A3, un facteur de trasncription. Chez la souris, ces effets m\u00e8nent \u00e0 un meilleur contr\u00f4le tumoral lors de th\u00e9rapie adoptive \u00e0 base de lymphocytes T CD8<sup>+<\/sup>. Au niveau mol\u00e9culaire, nous avons d\u00e9montr\u00e9 que NR4A3 influence le programme transcriptionnel associ\u00e9 au d\u00e9veloppement m\u00e9moire et affecte l\u2019accessibilit\u00e9 de la chromatine contenant des sites de liaison pour les facteurs de transcription de la famille bZIP. Nous tenterons d\u2019identifier les cibles transcriptionnelles directes de NR4A3, \u00e9tudierons le r\u00f4le des autres membres de la famille et \u00e9valuerons si la d\u00e9ficience en NR4A3 am\u00e9liore la th\u00e9rapie adoptive avec des lymphocytes T CD8<sup>+<\/sup> humains.<\/p>\n<p><u>Contr\u00f4le circadien de la r\u00e9ponse des lymphocytes T CD8+<\/u><\/p>\n<p>En collaboration avec l\u2019\u00e9quipe du Dr Cermakian (Universit\u00e9 McGill) nous avons d\u00e9montr\u00e9 que la r\u00e9ponse des lymphocytes CD8<sup>+<\/sup> varient de fa\u00e7on circadienne et que 6% du transcriptome des lymphocytes T CD8<sup>+<\/sup> naifs est rythmique. Nos analyses bio-informatiques sugg\u00e8rent que cette r\u00e9gulation transcriptionnelle est m\u00e9di\u00e9e par les facteurs de transcription de l\u2019horloge ainsi que par des facteurs de transcription importants pour la r\u00e9ponse des lymphocytes T. Nous \u00e9valuerons le role de ces facteurs d etranscription dans la r\u00e9gulation circadienne du transcriptome et de la r\u00e9ponse des lymphocytes T CD8<sup>+<\/sup>.<\/p>\n<p><u>R\u00f4le des d\u00e9ubiquitinases de la famille UCH<\/u><\/p>\n<p>La diff\u00e9renciation cellulaire n\u2019est pas uniquement contr\u00f4l\u00e9e par des m\u00e9canismes transcriptionnels. Les modifications post-traductionnels jouent aussi des r\u00f4les cl\u00e9s dans ce processus. Nos connaissances sont encore tr\u00e8s limit\u00e9es en ce qui concerne le r\u00f4le de l\u2019ubiquitination\/d\u00e9ubiquitination lors de la r\u00e9ponse des lymphocytes T CD8<sup>+<\/sup>. Nos travaux de recherche, en collaboration avec Dr Affar (Universit\u00e9 de Montr\u00e9al) visent \u00e0 d\u00e9terminer le r\u00f4le des d\u00e9ubiquitinases de la famille UCH.<\/p>\n<p>Ce programme de recherche va permettre une meilleure compr\u00e9hension des \u00e9v\u00e8nements mol\u00e9culaires contr\u00f4lant la r\u00e9ponse des lymphocytes T CD8+. Ces connaissances permettront de d\u00e9velopper de meilleures strat\u00e9gies de vaccination et de th\u00e9rapie adoptive pour traiter les patients souffrants d\u2019infection et de cancer.<\/p>\n<\/div>\n<div class=\"one-half  \">\n<h2>Research axis<\/h2>\n<ul>\n<li>Immunology and Haematopoiesis<\/li>\n<li>Cancer<\/li>\n<li>Development and tissue differentiation<\/li>\n<li>Model systems in molecular biology<\/li>\n<\/ul>\n<h2>Research description<\/h2>\n<p>The laboratory of Nathalie Labrecque investigates the molecular mechanisms underlying efficient CD8<sup>+<\/sup> T cell response to infection, cancer and vaccination. Our work focuses on the role of:1) the Notch signaling pathway; 2) the NR4A family members of orphan nuclear receptors; 3) circadian rhythm; and 4) the UCH family of deubiquitinases.<\/p>\n<p><u>Role of the Notch signaling pathway<\/u><\/p>\n<p>We have uncovered an essential role for the notch signaling pathway in the differentiation of effector CD8<sup>+<\/sup> T cells during both acute and chronic infection. We are currently identifying the molecular events that are controlled by Notch signaling in CD8<sup>+<\/sup> T cells using RNAseq, scRNAseq, ATACseq and ChIPseq. We are also defining the timing of Notch signaling and the cell types that provides the source of Notch ligands. Furthermore, we have shown that the Notch signaling pathway controls the generation of resident memory CD8+ T cells in the liver. We are currently how this occurs at the molecular level using scRNAseq.<\/p>\n<p><u>Role of the NR4A family members of orphan nuclear receptors<\/u><\/p>\n<p>We have identified that NR4A3 deficiency in CD8<sup>+<\/sup> T cells promotes memory generation, enhances functionality and improves anti-tumor responses. At the molecular level, NR4A3 has an early influence on the memory transcriptional program and impacts the accessibility of chromatin regions containing bZIP transcription factor binding motifs. We are currently identifying the direct target genes of NR4A3, investigating the functions of the other family members and testing whether NR4A3 deficiency will promote the generation of better human T cell products for adoptive T cell therapy.<\/p>\n<p><u>Circadian controls of CD8<sup>+<\/sup> T cell responses<\/u><\/p>\n<p>In collaboration with Dr Cermakian (McGill University), we have demonstrated that the magnitude of the CD8<sup>+<\/sup> T cell response is under circadian control and that 6% of the transcriptome of na\u00efve T cells is rhythmic. We are currently investigating how this occurs at the molecular level and how this regulates the response of CD8<sup>+<\/sup> T cells.<\/p>\n<p><u>Role of the UCH family of deubiquitinases in CD8<sup>+<\/sup> T cell responses<\/u><\/p>\n<p>Cellular differentiation is not only controlled by gene transcription, post-translational modifications also play critical roles. As very little is known about the role of ubiquitination\/deubiquitination in T cell differentiation and function, we are investigating the role of the UCH family of deubiquitinases in CD8<sup>+<\/sup> T cell responses in collaboration with Dr Affar (University of Montreal).<\/p>\n<p>Altogether, this comprehensive research program will lead to a better understanding of the molecular events controlling CD8<sup>+<\/sup> T cell responses to infection, a knowledge that will help to design better vaccination and adoptive T cell therapies to treat patients suffering of infections and cancers.<\/p>\n<\/div>\n<hr\/>\n<h3>Publications<\/h3>\n<ul>\n<li>Boulet S, Odagiu L, Dong M, Lebel M\u00c8, Daudelin JF, Melichar HJ,\u00a0<strong>Labrecque N.\u00a0<\/strong><a href=\"https:\/\/pubmed.ncbi.nlm.nih.gov\/34312259\/\">NR4A3 Mediates Thymic Negative Selection.<\/a>\u00a0J Immunol. 2021 Aug 15;207(4):1055-1064.<\/li>\n<li>Odagiu L, Boulet S, Maurice De Sousa D, Daudelin JF, Nicolas S,\u00a0<strong>Labrecque N.<\/strong><strong>\u00a0<\/strong><a href=\"https:\/\/pubmed.ncbi.nlm.nih.gov\/32913051\/\">Early programming of CD8<sup>+<\/sup>\u00a0T cell response by the orphan nuclear receptor NR4A3.<\/a>\u00a0Proc Natl Acad Sci U S A. 2020 Sep 29;117(39):24392-24402.<\/li>\n<li>Nobis CC, Dubeau Laram\u00e9e G, Kervezee L, Maurice De Sousa D,\u00a0<strong>Labrecque N*<\/strong>, Cermakian N*.\u00a0<a href=\"https:\/\/pubmed.ncbi.nlm.nih.gov\/31527231\/\">The circadian clock of CD8 T cells modulates their early response to vaccination and the rhythmicity of related signaling pathways.\u00a0<\/a>Proc Natl Acad Sci U S A. 2019 Oct 1;116(40):20077-20086.<\/li>\n<li>Boulet S, Daudelin JF, Odagiu L, Pelletier AN, Yun TJ, Lesage S, Cheong C,\u00a0<strong>Labrecque N.<\/strong><strong>\u00a0<\/strong><a href=\"https:\/\/pubmed.ncbi.nlm.nih.gov\/31285338\/\">The orphan nuclear receptor NR4A3 controls the differentiation of monocyte-derived dendritic cells following microbial stimulation.\u00a0<\/a>Proc Natl Acad Sci U S A. 2019 Jul 23;116(30):15150-15159.<\/li>\n<\/ul>\n","protected":false},"excerpt":{"rendered":"<p>Directrice, Unit\u00e9 de recherche en immunobiologie des lymphocytes T Coordonn\u00e9es Institut de recherches cliniques de Montr\u00e9al (IRCM) 110, ave. des Pins Ouest Montr\u00e9al (Qu\u00e9bec) H2W 1R7 Canada nathalie.labrecque@umontreal.ca\u00a0 Publications Boulet [&hellip;]<\/p>\n","protected":false},"author":216,"featured_media":0,"parent":3557,"menu_order":0,"comment_status":"closed","ping_status":"closed","template":"","meta":{"footnotes":""},"class_list":["post-5583","page","type-page","status-publish","hentry"],"yoast_head":"<!-- This site is optimized with the Yoast SEO plugin v25.0 - https:\/\/yoast.com\/wordpress\/plugins\/seo\/ -->\n<title>Labrecque, Nathalie, Ph.D. - Programmes de biologie mol\u00e9culaire<\/title>\n<meta name=\"robots\" content=\"index, follow, max-snippet:-1, max-image-preview:large, max-video-preview:-1\" \/>\n<link rel=\"canonical\" href=\"https:\/\/biomol.umontreal.ca\/en\/research\/les-professeurs\/labrecque-nathalie-ph-d\/\" \/>\n<meta property=\"og:locale\" content=\"en_US\" \/>\n<meta property=\"og:type\" content=\"article\" \/>\n<meta property=\"og:title\" content=\"Labrecque, Nathalie, Ph.D. - Programmes de biologie mol\u00e9culaire\" \/>\n<meta property=\"og:description\" content=\"Directrice, Unit\u00e9 de recherche en immunobiologie des lymphocytes T Coordonn\u00e9es Institut de recherches cliniques de Montr\u00e9al (IRCM) 110, ave. des Pins Ouest Montr\u00e9al (Qu\u00e9bec) H2W 1R7 Canada nathalie.labrecque@umontreal.ca\u00a0 Publications Boulet [&hellip;]\" \/>\n<meta property=\"og:url\" content=\"https:\/\/biomol.umontreal.ca\/en\/research\/les-professeurs\/labrecque-nathalie-ph-d\/\" \/>\n<meta property=\"og:site_name\" content=\"Programmes de biologie mol\u00e9culaire\" \/>\n<meta property=\"article:modified_time\" content=\"2026-02-01T19:40:49+00:00\" \/>\n<meta name=\"twitter:card\" content=\"summary_large_image\" \/>\n<meta name=\"twitter:label1\" content=\"Est. reading time\" \/>\n\t<meta name=\"twitter:data1\" content=\"6 minutes\" \/>\n<script type=\"application\/ld+json\" class=\"yoast-schema-graph\">{\"@context\":\"https:\/\/schema.org\",\"@graph\":[{\"@type\":\"WebPage\",\"@id\":\"https:\/\/biomol.umontreal.ca\/en\/research\/les-professeurs\/labrecque-nathalie-ph-d\/\",\"url\":\"https:\/\/biomol.umontreal.ca\/en\/research\/les-professeurs\/labrecque-nathalie-ph-d\/\",\"name\":\"Labrecque, Nathalie, Ph.D. - Programmes de biologie mol\u00e9culaire\",\"isPartOf\":{\"@id\":\"https:\/\/biomol.umontreal.ca\/#website\"},\"datePublished\":\"2022-10-05T13:38:20+00:00\",\"dateModified\":\"2026-02-01T19:40:49+00:00\",\"breadcrumb\":{\"@id\":\"https:\/\/biomol.umontreal.ca\/en\/research\/les-professeurs\/labrecque-nathalie-ph-d\/#breadcrumb\"},\"inLanguage\":\"en-US\",\"potentialAction\":[{\"@type\":\"ReadAction\",\"target\":[\"https:\/\/biomol.umontreal.ca\/en\/research\/les-professeurs\/labrecque-nathalie-ph-d\/\"]}]},{\"@type\":\"BreadcrumbList\",\"@id\":\"https:\/\/biomol.umontreal.ca\/en\/research\/les-professeurs\/labrecque-nathalie-ph-d\/#breadcrumb\",\"itemListElement\":[{\"@type\":\"ListItem\",\"position\":1,\"name\":\"Accueil\",\"item\":\"https:\/\/biomol.umontreal.ca\/en\/\"},{\"@type\":\"ListItem\",\"position\":2,\"name\":\"Research\",\"item\":\"https:\/\/biomol.umontreal.ca\/en\/research\/\"},{\"@type\":\"ListItem\",\"position\":3,\"name\":\"Our professors\",\"item\":\"https:\/\/biomol.umontreal.ca\/en\/research\/les-professeurs\/\"},{\"@type\":\"ListItem\",\"position\":4,\"name\":\"Labrecque, Nathalie, Ph.D.\"}]},{\"@type\":\"WebSite\",\"@id\":\"https:\/\/biomol.umontreal.ca\/#website\",\"url\":\"https:\/\/biomol.umontreal.ca\/\",\"name\":\"Programmes de biologie mol\u00e9culaire\",\"description\":\"\",\"potentialAction\":[{\"@type\":\"SearchAction\",\"target\":{\"@type\":\"EntryPoint\",\"urlTemplate\":\"https:\/\/biomol.umontreal.ca\/?s={search_term_string}\"},\"query-input\":{\"@type\":\"PropertyValueSpecification\",\"valueRequired\":true,\"valueName\":\"search_term_string\"}}],\"inLanguage\":\"en-US\"}]}<\/script>\n<!-- \/ Yoast SEO plugin. -->","yoast_head_json":{"title":"Labrecque, Nathalie, Ph.D. - Programmes de biologie mol\u00e9culaire","robots":{"index":"index","follow":"follow","max-snippet":"max-snippet:-1","max-image-preview":"max-image-preview:large","max-video-preview":"max-video-preview:-1"},"canonical":"https:\/\/biomol.umontreal.ca\/en\/research\/les-professeurs\/labrecque-nathalie-ph-d\/","og_locale":"en_US","og_type":"article","og_title":"Labrecque, Nathalie, Ph.D. - Programmes de biologie mol\u00e9culaire","og_description":"Directrice, Unit\u00e9 de recherche en immunobiologie des lymphocytes T Coordonn\u00e9es Institut de recherches cliniques de Montr\u00e9al (IRCM) 110, ave. des Pins Ouest Montr\u00e9al (Qu\u00e9bec) H2W 1R7 Canada nathalie.labrecque@umontreal.ca\u00a0 Publications Boulet [&hellip;]","og_url":"https:\/\/biomol.umontreal.ca\/en\/research\/les-professeurs\/labrecque-nathalie-ph-d\/","og_site_name":"Programmes de biologie mol\u00e9culaire","article_modified_time":"2026-02-01T19:40:49+00:00","twitter_card":"summary_large_image","twitter_misc":{"Est. reading time":"6 minutes"},"schema":{"@context":"https:\/\/schema.org","@graph":[{"@type":"WebPage","@id":"https:\/\/biomol.umontreal.ca\/en\/research\/les-professeurs\/labrecque-nathalie-ph-d\/","url":"https:\/\/biomol.umontreal.ca\/en\/research\/les-professeurs\/labrecque-nathalie-ph-d\/","name":"Labrecque, Nathalie, Ph.D. - Programmes de biologie mol\u00e9culaire","isPartOf":{"@id":"https:\/\/biomol.umontreal.ca\/#website"},"datePublished":"2022-10-05T13:38:20+00:00","dateModified":"2026-02-01T19:40:49+00:00","breadcrumb":{"@id":"https:\/\/biomol.umontreal.ca\/en\/research\/les-professeurs\/labrecque-nathalie-ph-d\/#breadcrumb"},"inLanguage":"en-US","potentialAction":[{"@type":"ReadAction","target":["https:\/\/biomol.umontreal.ca\/en\/research\/les-professeurs\/labrecque-nathalie-ph-d\/"]}]},{"@type":"BreadcrumbList","@id":"https:\/\/biomol.umontreal.ca\/en\/research\/les-professeurs\/labrecque-nathalie-ph-d\/#breadcrumb","itemListElement":[{"@type":"ListItem","position":1,"name":"Accueil","item":"https:\/\/biomol.umontreal.ca\/en\/"},{"@type":"ListItem","position":2,"name":"Research","item":"https:\/\/biomol.umontreal.ca\/en\/research\/"},{"@type":"ListItem","position":3,"name":"Our professors","item":"https:\/\/biomol.umontreal.ca\/en\/research\/les-professeurs\/"},{"@type":"ListItem","position":4,"name":"Labrecque, Nathalie, Ph.D."}]},{"@type":"WebSite","@id":"https:\/\/biomol.umontreal.ca\/#website","url":"https:\/\/biomol.umontreal.ca\/","name":"Programmes de biologie mol\u00e9culaire","description":"","potentialAction":[{"@type":"SearchAction","target":{"@type":"EntryPoint","urlTemplate":"https:\/\/biomol.umontreal.ca\/?s={search_term_string}"},"query-input":{"@type":"PropertyValueSpecification","valueRequired":true,"valueName":"search_term_string"}}],"inLanguage":"en-US"}]}},"_links":{"self":[{"href":"https:\/\/biomol.umontreal.ca\/en\/wp-json\/wp\/v2\/pages\/5583","targetHints":{"allow":["GET"]}}],"collection":[{"href":"https:\/\/biomol.umontreal.ca\/en\/wp-json\/wp\/v2\/pages"}],"about":[{"href":"https:\/\/biomol.umontreal.ca\/en\/wp-json\/wp\/v2\/types\/page"}],"author":[{"embeddable":true,"href":"https:\/\/biomol.umontreal.ca\/en\/wp-json\/wp\/v2\/users\/216"}],"replies":[{"embeddable":true,"href":"https:\/\/biomol.umontreal.ca\/en\/wp-json\/wp\/v2\/comments?post=5583"}],"version-history":[{"count":1,"href":"https:\/\/biomol.umontreal.ca\/en\/wp-json\/wp\/v2\/pages\/5583\/revisions"}],"predecessor-version":[{"id":6748,"href":"https:\/\/biomol.umontreal.ca\/en\/wp-json\/wp\/v2\/pages\/5583\/revisions\/6748"}],"up":[{"embeddable":true,"href":"https:\/\/biomol.umontreal.ca\/en\/wp-json\/wp\/v2\/pages\/3557"}],"wp:attachment":[{"href":"https:\/\/biomol.umontreal.ca\/en\/wp-json\/wp\/v2\/media?parent=5583"}],"curies":[{"name":"wp","href":"https:\/\/api.w.org\/{rel}","templated":true}]}}