{"id":5562,"date":"2022-08-19T13:55:40","date_gmt":"2022-08-19T17:55:40","guid":{"rendered":"https:\/\/biomol.umontreal.ca\/research\/les-professeurs\/trinh-vincent-quoc-huy\/"},"modified":"2022-08-19T13:55:40","modified_gmt":"2022-08-19T17:55:40","slug":"trinh-vincent-quoc-huy","status":"publish","type":"page","link":"https:\/\/biomol.umontreal.ca\/en\/research\/les-professeurs\/trinh-vincent-quoc-huy\/","title":{"rendered":"Trinh, Vincent Quoc-Huy"},"content":{"rendered":"<h3>Coordonn\u00e9es<\/h3>\n<p>Institut de recherche en immunologie et canc\u00e9rologie &#8211; IRIC<br \/>\nPavillon Marcelle-Coutu, 2306-1<br \/>\nUniversit\u00e9 de Montr\u00e9al<br \/>\n<strong>T<\/strong> 514 343-6111, p. 7894<\/p>\n<p><a href=\"mailto:quoc-huy.trinh@umontreal.ca\">quoc-huy.trinh@umontreal.ca\u00a0<\/a><\/p>\n<hr\/>\n<div class=\"one-half first \">\n<h2>Axes de recherche<\/h2>\n<ul>\n<li>Canc\u00e9rologie<\/li>\n<li>Syst\u00e8mes mod\u00e8les en biologie mol\u00e9culaire<\/li>\n<li>Biologie des syst\u00e8mes<\/li>\n<\/ul>\n<h2>Description de la recherche<\/h2>\n<p>Notre programme de recherche porte sur le r\u00f4le des fibroblastes durant la croissance tumoral pr\u00e9-invasive dans le but d\u2019identifier de nouvelles voies de signalisation pour pr\u00e9venir la transition vers le cancer invasif du pancr\u00e9as et du foie. Nous \u00e9tudions des mod\u00e8les animaux, des mod\u00e8les cellulaires, les v\u00e9sicules extracellulaires et nanoparticules rel\u00e2ch\u00e9es par les fibroblastes en utilisant des techniques novatrices d\u2019imagerie et de pathologie. Les trois axes de recherches principaux sont\u00a0: 1) L\u2019analyse de la distribution spatiale et des param\u00e8tres m\u00e9triques de distance de sous-populations de fibroblastes, de lign\u00e9es de cellules tumorales et de classes de cellules immunes; 2) L\u2019\u00e9tude de l\u2019effet de la d\u00e9pl\u00e9tion des fibroblastes dans des mod\u00e8les murins en utilisant une nouvelle m\u00e9thode de transfert de cellules T adoptives; 3) L\u2019\u00e9tude de l\u2019effet des v\u00e9sicules extracellulaires et des nanoparticules rel\u00e2ch\u00e9s par les fibroblastes sur la fonction et la croissance des cellules tumorales.<\/p>\n<\/div>\n<div class=\"one-half  \">\n<h2>Research axis<\/h2>\n<ul>\n<li>Cancer Research<\/li>\n<li>Model systems in Molecular Biology<\/li>\n<li>Systems Biology<\/li>\n<\/ul>\n<h2>Research description<\/h2>\n<p>Our laboratory investigates the role of fibroblasts in premalignant tumor growth with the goal of identifying novel signaling pathways for the prevention of pancreatic and hepatic cancers. We study animal models, cellular models, extracellular vesicles, and nanoparticle release with our expertise in imaging and pathology. The three main axes of research are: 1) Analyzing the spatial distribution and distance metrics of fibroblast sub-populations, cancer cell lineages, and immune cell classes; 2) Studying the effect of fibroblast depletion in mouse models using a novel adoptive T-cell transfer depletion method; 3) Studying the effect of extracellular vesicles and nanoparticles released by precancer-associated fibroblasts on tumor cell function and growth.<\/p>\n<\/div>\n<hr\/>\n","protected":false},"excerpt":{"rendered":"<p>Coordonn\u00e9es Institut de recherche en immunologie et canc\u00e9rologie &#8211; IRIC Pavillon Marcelle-Coutu, 2306-1 Universit\u00e9 de Montr\u00e9al T 514 343-6111, p. 7894 quoc-huy.trinh@umontreal.ca\u00a0<\/p>\n","protected":false},"author":216,"featured_media":0,"parent":3557,"menu_order":0,"comment_status":"closed","ping_status":"closed","template":"","meta":{"footnotes":""},"class_list":["post-5562","page","type-page","status-publish","hentry"],"yoast_head":"<!-- This site is optimized with the Yoast SEO plugin v25.0 - https:\/\/yoast.com\/wordpress\/plugins\/seo\/ -->\n<title>Trinh, Vincent Quoc-Huy - Programmes de biologie mol\u00e9culaire<\/title>\n<meta name=\"robots\" content=\"index, follow, max-snippet:-1, max-image-preview:large, max-video-preview:-1\" \/>\n<link rel=\"canonical\" href=\"https:\/\/biomol.umontreal.ca\/en\/research\/les-professeurs\/trinh-vincent-quoc-huy\/\" \/>\n<meta property=\"og:locale\" content=\"en_US\" \/>\n<meta property=\"og:type\" content=\"article\" \/>\n<meta property=\"og:title\" content=\"Trinh, Vincent Quoc-Huy - Programmes de biologie mol\u00e9culaire\" \/>\n<meta property=\"og:description\" content=\"Coordonn\u00e9es Institut de recherche en immunologie et canc\u00e9rologie &#8211; IRIC Pavillon Marcelle-Coutu, 2306-1 Universit\u00e9 de Montr\u00e9al T 514 343-6111, p. 7894 quoc-huy.trinh@umontreal.ca\u00a0\" \/>\n<meta property=\"og:url\" content=\"https:\/\/biomol.umontreal.ca\/en\/research\/les-professeurs\/trinh-vincent-quoc-huy\/\" \/>\n<meta property=\"og:site_name\" content=\"Programmes de biologie mol\u00e9culaire\" \/>\n<meta name=\"twitter:card\" content=\"summary_large_image\" \/>\n<meta name=\"twitter:label1\" content=\"Est. reading time\" \/>\n\t<meta name=\"twitter:data1\" content=\"2 minutes\" \/>\n<script type=\"application\/ld+json\" class=\"yoast-schema-graph\">{\"@context\":\"https:\/\/schema.org\",\"@graph\":[{\"@type\":\"WebPage\",\"@id\":\"https:\/\/biomol.umontreal.ca\/en\/research\/les-professeurs\/trinh-vincent-quoc-huy\/\",\"url\":\"https:\/\/biomol.umontreal.ca\/en\/research\/les-professeurs\/trinh-vincent-quoc-huy\/\",\"name\":\"Trinh, Vincent Quoc-Huy - Programmes de biologie mol\u00e9culaire\",\"isPartOf\":{\"@id\":\"https:\/\/biomol.umontreal.ca\/#website\"},\"datePublished\":\"2022-08-19T17:55:40+00:00\",\"breadcrumb\":{\"@id\":\"https:\/\/biomol.umontreal.ca\/en\/research\/les-professeurs\/trinh-vincent-quoc-huy\/#breadcrumb\"},\"inLanguage\":\"en-US\",\"potentialAction\":[{\"@type\":\"ReadAction\",\"target\":[\"https:\/\/biomol.umontreal.ca\/en\/research\/les-professeurs\/trinh-vincent-quoc-huy\/\"]}]},{\"@type\":\"BreadcrumbList\",\"@id\":\"https:\/\/biomol.umontreal.ca\/en\/research\/les-professeurs\/trinh-vincent-quoc-huy\/#breadcrumb\",\"itemListElement\":[{\"@type\":\"ListItem\",\"position\":1,\"name\":\"Accueil\",\"item\":\"https:\/\/biomol.umontreal.ca\/en\/\"},{\"@type\":\"ListItem\",\"position\":2,\"name\":\"Research\",\"item\":\"https:\/\/biomol.umontreal.ca\/en\/research\/\"},{\"@type\":\"ListItem\",\"position\":3,\"name\":\"Our professors\",\"item\":\"https:\/\/biomol.umontreal.ca\/en\/research\/les-professeurs\/\"},{\"@type\":\"ListItem\",\"position\":4,\"name\":\"Trinh, Vincent Quoc-Huy\"}]},{\"@type\":\"WebSite\",\"@id\":\"https:\/\/biomol.umontreal.ca\/#website\",\"url\":\"https:\/\/biomol.umontreal.ca\/\",\"name\":\"Programmes de biologie mol\u00e9culaire\",\"description\":\"\",\"potentialAction\":[{\"@type\":\"SearchAction\",\"target\":{\"@type\":\"EntryPoint\",\"urlTemplate\":\"https:\/\/biomol.umontreal.ca\/?s={search_term_string}\"},\"query-input\":{\"@type\":\"PropertyValueSpecification\",\"valueRequired\":true,\"valueName\":\"search_term_string\"}}],\"inLanguage\":\"en-US\"}]}<\/script>\n<!-- \/ Yoast SEO plugin. -->","yoast_head_json":{"title":"Trinh, Vincent Quoc-Huy - Programmes de biologie mol\u00e9culaire","robots":{"index":"index","follow":"follow","max-snippet":"max-snippet:-1","max-image-preview":"max-image-preview:large","max-video-preview":"max-video-preview:-1"},"canonical":"https:\/\/biomol.umontreal.ca\/en\/research\/les-professeurs\/trinh-vincent-quoc-huy\/","og_locale":"en_US","og_type":"article","og_title":"Trinh, Vincent Quoc-Huy - Programmes de biologie mol\u00e9culaire","og_description":"Coordonn\u00e9es Institut de recherche en immunologie et canc\u00e9rologie &#8211; IRIC Pavillon Marcelle-Coutu, 2306-1 Universit\u00e9 de Montr\u00e9al T 514 343-6111, p. 7894 quoc-huy.trinh@umontreal.ca\u00a0","og_url":"https:\/\/biomol.umontreal.ca\/en\/research\/les-professeurs\/trinh-vincent-quoc-huy\/","og_site_name":"Programmes de biologie mol\u00e9culaire","twitter_card":"summary_large_image","twitter_misc":{"Est. reading time":"2 minutes"},"schema":{"@context":"https:\/\/schema.org","@graph":[{"@type":"WebPage","@id":"https:\/\/biomol.umontreal.ca\/en\/research\/les-professeurs\/trinh-vincent-quoc-huy\/","url":"https:\/\/biomol.umontreal.ca\/en\/research\/les-professeurs\/trinh-vincent-quoc-huy\/","name":"Trinh, Vincent Quoc-Huy - Programmes de biologie mol\u00e9culaire","isPartOf":{"@id":"https:\/\/biomol.umontreal.ca\/#website"},"datePublished":"2022-08-19T17:55:40+00:00","breadcrumb":{"@id":"https:\/\/biomol.umontreal.ca\/en\/research\/les-professeurs\/trinh-vincent-quoc-huy\/#breadcrumb"},"inLanguage":"en-US","potentialAction":[{"@type":"ReadAction","target":["https:\/\/biomol.umontreal.ca\/en\/research\/les-professeurs\/trinh-vincent-quoc-huy\/"]}]},{"@type":"BreadcrumbList","@id":"https:\/\/biomol.umontreal.ca\/en\/research\/les-professeurs\/trinh-vincent-quoc-huy\/#breadcrumb","itemListElement":[{"@type":"ListItem","position":1,"name":"Accueil","item":"https:\/\/biomol.umontreal.ca\/en\/"},{"@type":"ListItem","position":2,"name":"Research","item":"https:\/\/biomol.umontreal.ca\/en\/research\/"},{"@type":"ListItem","position":3,"name":"Our professors","item":"https:\/\/biomol.umontreal.ca\/en\/research\/les-professeurs\/"},{"@type":"ListItem","position":4,"name":"Trinh, Vincent Quoc-Huy"}]},{"@type":"WebSite","@id":"https:\/\/biomol.umontreal.ca\/#website","url":"https:\/\/biomol.umontreal.ca\/","name":"Programmes de biologie mol\u00e9culaire","description":"","potentialAction":[{"@type":"SearchAction","target":{"@type":"EntryPoint","urlTemplate":"https:\/\/biomol.umontreal.ca\/?s={search_term_string}"},"query-input":{"@type":"PropertyValueSpecification","valueRequired":true,"valueName":"search_term_string"}}],"inLanguage":"en-US"}]}},"_links":{"self":[{"href":"https:\/\/biomol.umontreal.ca\/en\/wp-json\/wp\/v2\/pages\/5562","targetHints":{"allow":["GET"]}}],"collection":[{"href":"https:\/\/biomol.umontreal.ca\/en\/wp-json\/wp\/v2\/pages"}],"about":[{"href":"https:\/\/biomol.umontreal.ca\/en\/wp-json\/wp\/v2\/types\/page"}],"author":[{"embeddable":true,"href":"https:\/\/biomol.umontreal.ca\/en\/wp-json\/wp\/v2\/users\/216"}],"replies":[{"embeddable":true,"href":"https:\/\/biomol.umontreal.ca\/en\/wp-json\/wp\/v2\/comments?post=5562"}],"version-history":[{"count":0,"href":"https:\/\/biomol.umontreal.ca\/en\/wp-json\/wp\/v2\/pages\/5562\/revisions"}],"up":[{"embeddable":true,"href":"https:\/\/biomol.umontreal.ca\/en\/wp-json\/wp\/v2\/pages\/3557"}],"wp:attachment":[{"href":"https:\/\/biomol.umontreal.ca\/en\/wp-json\/wp\/v2\/media?parent=5562"}],"curies":[{"name":"wp","href":"https:\/\/api.w.org\/{rel}","templated":true}]}}