{"id":5196,"date":"2020-04-20T15:31:39","date_gmt":"2020-04-20T19:31:39","guid":{"rendered":"https:\/\/biomol.umontreal.ca\/research\/les-professeurs\/caron-etienne-ph-d\/"},"modified":"2026-02-01T13:36:19","modified_gmt":"2026-02-01T18:36:19","slug":"caron-etienne-ph-d","status":"publish","type":"page","link":"https:\/\/biomol.umontreal.ca\/en\/research\/les-professeurs\/caron-etienne-ph-d\/","title":{"rendered":"Caron, \u00c9tienne, Ph.D."},"content":{"rendered":"<h3>Coordonn\u00e9es<\/h3>\n<p>Centre de recherche du CHU Sainte-Justine<br \/>\nUniversit\u00e9 de Montr\u00e9al<br \/>\nD\u00e9partement de pathologie et biologie cellulaire<br \/>\nBureau 6.17.027<br \/>\n3175 Chemin de la C\u00f4te-Sainte-Catherine<br \/>\nMontr\u00e9al, Qu\u00e9bec H3T 1C5<\/p>\n<p><strong>T<\/strong> 514-345-4931 poste 5199<\/p>\n<p><a href=\"mailto:etienne.caron@umontreal.ca\">etienne.caron@umontreal.ca<\/a><\/p>\n<p><a href=\"https:\/\/www.caronlab.org\/\">caronlab.org<\/a><\/p>\n<hr\/>\n<div class=\"one-half first \">\n<h2>Axes de recherche<\/h2>\n<ul>\n<li>Prot\u00e9omique<\/li>\n<li>Bioinformatique<\/li>\n<li>Biologie des syst\u00e8mes<\/li>\n<li>Canc\u00e9rologie<\/li>\n<\/ul>\n<h2>Description de la recherche<\/h2>\n<p>L&#8217;objectif principal du laboratoire est de d\u00e9velopper et d&#8217;appliquer des approches de spectrom\u00e9trie de masse pour am\u00e9liorer les strat\u00e9gies de vaccination et d&#8217;immunoth\u00e9rapie contre le cancer, les maladies autoimmunes et les maladies infectieuses. Notre laboratoire utilise des approches de prot\u00e9omique, d&#8217;immunopeptidomique, de bioinformatique et de spectrom\u00e9trie de masse computationnelle. Notre programme de recherche multidisciplinaire est hautement collaboratif et nous visons \u00e0 avoir un impact significatif sur les soins aux patients dans le monde entier.<\/p>\n<\/div>\n<div class=\"one-half  \">\n<h2>Research axis<\/h2>\n<ul>\n<li>Proteomics<\/li>\n<li>Bioinformatics<\/li>\n<li>Systems Biology<\/li>\n<li>Cancer<\/li>\n<\/ul>\n<h2>Research description<\/h2>\n<p>The overarching goal of the laboratory is to develop and apply mass spectrometry approaches to improve vaccine and immunotherapy strategies against cancer, autoimmunity and infectious diseases. Our laboratory use proteomics, immunopeptidomics, bioinformatics and computational mass spectrometry approaches. Our multidisciplinary research program is highly collaborative by nature and we aim to have a significant impact on patient care worldwide.<\/p>\n<\/div>\n<hr\/>\n<h3>Publications<\/h3>\n<ul>\n<li>Vizca\u00edno JA, Kubiniok P, Kovalchik KA, Ma Q, Duquette JD, Mongrain I, Deutsch EW, Peters B, Sette A, Sirois I, <strong>Caron E<\/strong>. The Human Immunopeptidome Project: a Roadmap to Predict and Treat Immune Diseases. <strong><em><u>Mol. Cell. Proteomics<\/u>.<\/em><\/strong> 2020, 19:31-49.<\/li>\n<li>Schuster H, Shao W, Weiss T, Pedrioli P, Roth P, Weller M, Campbell DS, Deutsch EW, Moritz RL, Rammensee HG, Aebersold R, <strong>Caron E<\/strong>. A tissue-based draft map of the murine MHC class I immunopeptidome. <strong><em><u>Sci. Data<\/u>.<\/em><\/strong> 2018, 5:180157.<\/li>\n<li>Shao W, Pedrioli P, Wolski W, Scurtescu C, Schmid E, Vizcaino JA, Courcelles M, Schuster H, Kowalewski D, Marino F, Arlehamn CSL, Vaughan K, Peters B, Sette A, Ottenhoff THM, Meijgaarden KE, Nieuwenhuizen N, Kaufmann SHE, Schlapbach R, Castle JC, Nesvizhskii AI, Nielsen M, Deutsch EW, Campbell DS, Moritz RL, Zubarev RA, Ytterberg AJ, Purcell AW, Marcilla M, Paradela A, Wang Q, Costello CE, Ternette N, van Veelen PA, van Els CACM, Heck AJR, de Souza GA, Sollid LM, Admon A, Stevanovic S, Rammensee HG, Thibault P, Perreault C, Bassani-Sternberg M, Aebersold R, and <strong>Caron E*<\/strong>. The SysteMHC Atlas project. <strong><em><u>Nucleic Acids Res<\/u><\/em><u>.<\/u> <\/strong>2018, 46(D1):D1237-D1247.<\/li>\n<\/ul>\n","protected":false},"excerpt":{"rendered":"<p>Coordonn\u00e9es Centre de recherche du CHU Sainte-Justine Universit\u00e9 de Montr\u00e9al D\u00e9partement de pathologie et biologie cellulaire Bureau 6.17.027 3175 Chemin de la C\u00f4te-Sainte-Catherine Montr\u00e9al, Qu\u00e9bec H3T 1C5 T 514-345-4931 poste [&hellip;]<\/p>\n","protected":false},"author":216,"featured_media":0,"parent":3557,"menu_order":0,"comment_status":"closed","ping_status":"closed","template":"","meta":{"footnotes":""},"class_list":["post-5196","page","type-page","status-publish","hentry"],"yoast_head":"<!-- This site is optimized with the Yoast SEO plugin v25.0 - https:\/\/yoast.com\/wordpress\/plugins\/seo\/ -->\n<title>Caron, \u00c9tienne, Ph.D. - Programmes de biologie mol\u00e9culaire<\/title>\n<meta name=\"robots\" content=\"index, follow, max-snippet:-1, max-image-preview:large, max-video-preview:-1\" \/>\n<link rel=\"canonical\" href=\"https:\/\/biomol.umontreal.ca\/en\/research\/les-professeurs\/caron-etienne-ph-d\/\" \/>\n<meta property=\"og:locale\" content=\"en_US\" \/>\n<meta property=\"og:type\" content=\"article\" \/>\n<meta property=\"og:title\" content=\"Caron, \u00c9tienne, Ph.D. - Programmes de biologie mol\u00e9culaire\" \/>\n<meta property=\"og:description\" content=\"Coordonn\u00e9es Centre de recherche du CHU Sainte-Justine Universit\u00e9 de Montr\u00e9al D\u00e9partement de pathologie et biologie cellulaire Bureau 6.17.027 3175 Chemin de la C\u00f4te-Sainte-Catherine Montr\u00e9al, Qu\u00e9bec H3T 1C5 T 514-345-4931 poste [&hellip;]\" \/>\n<meta property=\"og:url\" content=\"https:\/\/biomol.umontreal.ca\/en\/research\/les-professeurs\/caron-etienne-ph-d\/\" \/>\n<meta property=\"og:site_name\" content=\"Programmes de biologie mol\u00e9culaire\" \/>\n<meta property=\"article:modified_time\" content=\"2026-02-01T18:36:19+00:00\" \/>\n<meta name=\"twitter:card\" content=\"summary_large_image\" \/>\n<meta name=\"twitter:label1\" content=\"Est. reading time\" \/>\n\t<meta name=\"twitter:data1\" content=\"2 minutes\" \/>\n<script type=\"application\/ld+json\" class=\"yoast-schema-graph\">{\"@context\":\"https:\/\/schema.org\",\"@graph\":[{\"@type\":\"WebPage\",\"@id\":\"https:\/\/biomol.umontreal.ca\/en\/research\/les-professeurs\/caron-etienne-ph-d\/\",\"url\":\"https:\/\/biomol.umontreal.ca\/en\/research\/les-professeurs\/caron-etienne-ph-d\/\",\"name\":\"Caron, \u00c9tienne, Ph.D. - Programmes de biologie mol\u00e9culaire\",\"isPartOf\":{\"@id\":\"https:\/\/biomol.umontreal.ca\/#website\"},\"datePublished\":\"2020-04-20T19:31:39+00:00\",\"dateModified\":\"2026-02-01T18:36:19+00:00\",\"breadcrumb\":{\"@id\":\"https:\/\/biomol.umontreal.ca\/en\/research\/les-professeurs\/caron-etienne-ph-d\/#breadcrumb\"},\"inLanguage\":\"en-US\",\"potentialAction\":[{\"@type\":\"ReadAction\",\"target\":[\"https:\/\/biomol.umontreal.ca\/en\/research\/les-professeurs\/caron-etienne-ph-d\/\"]}]},{\"@type\":\"BreadcrumbList\",\"@id\":\"https:\/\/biomol.umontreal.ca\/en\/research\/les-professeurs\/caron-etienne-ph-d\/#breadcrumb\",\"itemListElement\":[{\"@type\":\"ListItem\",\"position\":1,\"name\":\"Accueil\",\"item\":\"https:\/\/biomol.umontreal.ca\/en\/\"},{\"@type\":\"ListItem\",\"position\":2,\"name\":\"Research\",\"item\":\"https:\/\/biomol.umontreal.ca\/en\/research\/\"},{\"@type\":\"ListItem\",\"position\":3,\"name\":\"Our professors\",\"item\":\"https:\/\/biomol.umontreal.ca\/en\/research\/les-professeurs\/\"},{\"@type\":\"ListItem\",\"position\":4,\"name\":\"Caron, \u00c9tienne, Ph.D.\"}]},{\"@type\":\"WebSite\",\"@id\":\"https:\/\/biomol.umontreal.ca\/#website\",\"url\":\"https:\/\/biomol.umontreal.ca\/\",\"name\":\"Programmes de biologie mol\u00e9culaire\",\"description\":\"\",\"potentialAction\":[{\"@type\":\"SearchAction\",\"target\":{\"@type\":\"EntryPoint\",\"urlTemplate\":\"https:\/\/biomol.umontreal.ca\/?s={search_term_string}\"},\"query-input\":{\"@type\":\"PropertyValueSpecification\",\"valueRequired\":true,\"valueName\":\"search_term_string\"}}],\"inLanguage\":\"en-US\"}]}<\/script>\n<!-- \/ Yoast SEO plugin. -->","yoast_head_json":{"title":"Caron, \u00c9tienne, Ph.D. - Programmes de biologie mol\u00e9culaire","robots":{"index":"index","follow":"follow","max-snippet":"max-snippet:-1","max-image-preview":"max-image-preview:large","max-video-preview":"max-video-preview:-1"},"canonical":"https:\/\/biomol.umontreal.ca\/en\/research\/les-professeurs\/caron-etienne-ph-d\/","og_locale":"en_US","og_type":"article","og_title":"Caron, \u00c9tienne, Ph.D. - Programmes de biologie mol\u00e9culaire","og_description":"Coordonn\u00e9es Centre de recherche du CHU Sainte-Justine Universit\u00e9 de Montr\u00e9al D\u00e9partement de pathologie et biologie cellulaire Bureau 6.17.027 3175 Chemin de la C\u00f4te-Sainte-Catherine Montr\u00e9al, Qu\u00e9bec H3T 1C5 T 514-345-4931 poste [&hellip;]","og_url":"https:\/\/biomol.umontreal.ca\/en\/research\/les-professeurs\/caron-etienne-ph-d\/","og_site_name":"Programmes de biologie mol\u00e9culaire","article_modified_time":"2026-02-01T18:36:19+00:00","twitter_card":"summary_large_image","twitter_misc":{"Est. reading time":"2 minutes"},"schema":{"@context":"https:\/\/schema.org","@graph":[{"@type":"WebPage","@id":"https:\/\/biomol.umontreal.ca\/en\/research\/les-professeurs\/caron-etienne-ph-d\/","url":"https:\/\/biomol.umontreal.ca\/en\/research\/les-professeurs\/caron-etienne-ph-d\/","name":"Caron, \u00c9tienne, Ph.D. - Programmes de biologie mol\u00e9culaire","isPartOf":{"@id":"https:\/\/biomol.umontreal.ca\/#website"},"datePublished":"2020-04-20T19:31:39+00:00","dateModified":"2026-02-01T18:36:19+00:00","breadcrumb":{"@id":"https:\/\/biomol.umontreal.ca\/en\/research\/les-professeurs\/caron-etienne-ph-d\/#breadcrumb"},"inLanguage":"en-US","potentialAction":[{"@type":"ReadAction","target":["https:\/\/biomol.umontreal.ca\/en\/research\/les-professeurs\/caron-etienne-ph-d\/"]}]},{"@type":"BreadcrumbList","@id":"https:\/\/biomol.umontreal.ca\/en\/research\/les-professeurs\/caron-etienne-ph-d\/#breadcrumb","itemListElement":[{"@type":"ListItem","position":1,"name":"Accueil","item":"https:\/\/biomol.umontreal.ca\/en\/"},{"@type":"ListItem","position":2,"name":"Research","item":"https:\/\/biomol.umontreal.ca\/en\/research\/"},{"@type":"ListItem","position":3,"name":"Our professors","item":"https:\/\/biomol.umontreal.ca\/en\/research\/les-professeurs\/"},{"@type":"ListItem","position":4,"name":"Caron, \u00c9tienne, Ph.D."}]},{"@type":"WebSite","@id":"https:\/\/biomol.umontreal.ca\/#website","url":"https:\/\/biomol.umontreal.ca\/","name":"Programmes de biologie mol\u00e9culaire","description":"","potentialAction":[{"@type":"SearchAction","target":{"@type":"EntryPoint","urlTemplate":"https:\/\/biomol.umontreal.ca\/?s={search_term_string}"},"query-input":{"@type":"PropertyValueSpecification","valueRequired":true,"valueName":"search_term_string"}}],"inLanguage":"en-US"}]}},"_links":{"self":[{"href":"https:\/\/biomol.umontreal.ca\/en\/wp-json\/wp\/v2\/pages\/5196","targetHints":{"allow":["GET"]}}],"collection":[{"href":"https:\/\/biomol.umontreal.ca\/en\/wp-json\/wp\/v2\/pages"}],"about":[{"href":"https:\/\/biomol.umontreal.ca\/en\/wp-json\/wp\/v2\/types\/page"}],"author":[{"embeddable":true,"href":"https:\/\/biomol.umontreal.ca\/en\/wp-json\/wp\/v2\/users\/216"}],"replies":[{"embeddable":true,"href":"https:\/\/biomol.umontreal.ca\/en\/wp-json\/wp\/v2\/comments?post=5196"}],"version-history":[{"count":2,"href":"https:\/\/biomol.umontreal.ca\/en\/wp-json\/wp\/v2\/pages\/5196\/revisions"}],"predecessor-version":[{"id":6686,"href":"https:\/\/biomol.umontreal.ca\/en\/wp-json\/wp\/v2\/pages\/5196\/revisions\/6686"}],"up":[{"embeddable":true,"href":"https:\/\/biomol.umontreal.ca\/en\/wp-json\/wp\/v2\/pages\/3557"}],"wp:attachment":[{"href":"https:\/\/biomol.umontreal.ca\/en\/wp-json\/wp\/v2\/media?parent=5196"}],"curies":[{"name":"wp","href":"https:\/\/api.w.org\/{rel}","templated":true}]}}