{"id":4974,"date":"2019-08-06T14:46:52","date_gmt":"2019-08-06T18:46:52","guid":{"rendered":"https:\/\/biomol.umontreal.ca\/research\/les-professeurs\/lettre-guillaume-ph-d\/"},"modified":"2019-08-06T14:47:16","modified_gmt":"2019-08-06T18:47:16","slug":"lettre-guillaume-ph-d","status":"publish","type":"page","link":"https:\/\/biomol.umontreal.ca\/en\/research\/les-professeurs\/lettre-guillaume-ph-d\/","title":{"rendered":"Lettre, Guillaume, Ph.D."},"content":{"rendered":"<h3>Coordonn\u00e9es<\/h3>\n<p>Institute de Cardiologie de Montr\u00e9al<br \/>\n5000, rue B\u00e9langer<br \/>\nMontr\u00e9al, Qu\u00e9bec, H1T 1C8<br \/>\n<a href=\"mailto:guillaume.lettre@umontreal.ca\">guillaume.lettre@umontreal.ca<\/a><br \/>\n<a href=\"http:\/\/www.mhi-humangenetics.org\/\">http:\/\/www.mhi-humangenetics.org\/<\/a><\/p>\n<hr\/>\n<div class=\"one-half first \">\n<h2>Axes de recherche<\/h2>\n<ul>\n<li>G\u00e9n\u00e9tique humaine et maladies g\u00e9n\u00e9tiques<\/li>\n<li>G\u00e9nomique<\/li>\n<li>Maladies cardiovasculaires<\/li>\n<li>Bioinformatique<\/li>\n<\/ul>\n<h2>Description de la recherche<\/h2>\n<p><strong>La g\u00e9n\u00e9tique des maladies cardiovasculaires<\/strong><\/p>\n<p>Les maladies cardiovasculaires (MCVs) sont la cause principale de mortalit\u00e9 dans le monde occidental. Au Canada, les MCVs affectent 1.3 million de personnes et co\u00fbtent $22 milliards (frais directs et indirects) \u00e0 l\u2019\u00e9conomie canadienne. Au-del\u00e0 des facteurs de risque traditionnels (ex. lipides, hypertension, ob\u00e9sit\u00e9), l\u2019histoire familiale (g\u00e9n\u00e9tique) permet \u00e9galement de pr\u00e9dire les futurs \u00e9v\u00e8nements cardiovasculaires. Le laboratoire du Dr Lettre\u00a0utilise des approches de g\u00e9notypage et de s\u00e9quen\u00e7age de l\u2019ADN \u00e0 haut-d\u00e9bit pour identifier et caract\u00e9riser des nouveaux g\u00e8nes impliqu\u00e9s dans l\u2019ath\u00e9roscl\u00e9rose et les autres MCVs. Notre focus porte sur la g\u00e9n\u00e9tique de la maladie coronarienne ainsi que des biomarqueurs pertinents (ex. efflux des particules de HDL) en utilisant la Biobanque de l\u2019ICM (N&gt;17 000) et CARTaG\u00c8NE (N&gt;40 000). Gr\u00e2ce \u00e0 plusieurs collaborations internationales, nous avons acc\u00e8s \u00e0 plusieurs autres larges cohortes (ex. UK Biobank, \u00c9tude longitudinale canadienne du vieillissement, \u00ab\u00a0Exome Sequence Project\u00a0\u00bb, \u00ab\u00a0TOPMed\u00a0\u00bb).<\/p>\n<p><strong>\u00c9tude de la production des cellules sanguines (h\u00e9matopo\u00ef\u00e8se)<\/strong><\/p>\n<p>Le sang est surtout compos\u00e9 de plasma et de cellules sanguines, et joue un r\u00f4le important dans la physiologie humaine : il transporte l&#8217;oxyg\u00e8ne, les nutriments et les hormones dans les tissus , \u00e9limine les d\u00e9chets , exerce des fonctions immunologiques et contribue \u00e0 la r\u00e9paration des tissus. Les trois principaux types de cellules sanguines effectuent la plupart de ces activit\u00e9s : les globules rouges transportent l&#8217;oxyg\u00e8ne, les globules blancs coordonnent certaines des r\u00e9ponses immunitaires, et les plaquettes sont les briques qui forment des caillots de sang afin de pr\u00e9venir les saignements excessifs. Tous ces types de cellules sont cr\u00e9\u00e9s par la prolif\u00e9ration et la diff\u00e9renciation des cellules souches h\u00e9matopo\u00ef\u00e9tiques. L\u2019anormalit\u00e9 (en terme de nombre, contenu, ou forme) de ces cellules sanguines caract\u00e9risent un grand nombre de maladies humaines (ex. cancer, an\u00e9mie, paludisme\/malaria, VIH). Chez les individus en bonne sant\u00e9, le nombre et les autres propri\u00e9t\u00e9s des cellules sanguines sont en partie contr\u00f4l\u00e9s par la g\u00e9n\u00e9tique. Nous avons cr\u00e9\u00e9 le \u00ab\u00a0Blood-Cell Consortium\u00a0\u00bb pour \u00e9tudier chez 1 million de participants les facteurs g\u00e9n\u00e9tiques qui contr\u00f4lent l\u2019h\u00e9matopo\u00ef\u00e8se humaine. Nous combinons nos analyses g\u00e9n\u00e9tiques avec des approches g\u00e9nomiques (ex. \u00ab\u00a0expression quantitative trait loci\u00a0(eQTL)\u00a0\u00bb) et de \u00ab\u00a0genome editing\u00a0\u00bb (CRISPR\/Cas9) pour identifier de nouveaux g\u00e8nes qui r\u00e9gulent les param\u00e8tres sanguins. De plus, nous \u00e9tudions si ces marqueurs sanguins pourraient \u00eatre utilis\u00e9s comme biomarqueurs pr\u00e9dictifs des maladies h\u00e9matologiques et cardiovasculaires.<\/p>\n<\/div>\n<div class=\"one-half  \">\n<h2>Research axis<\/h2>\n<ul>\n<li>Human genetics and genetic diseases<\/li>\n<li>G\u00e9nomics<\/li>\n<li>Cardiovascular diseases<\/li>\n<li>Bioinformatics<\/li>\n<\/ul>\n<h2>Research description<\/h2>\n<p><strong>The genetics of cardiovascular diseases<\/strong><\/p>\n<p>Cardiovascular diseases (CVDs) are the main cause of death in the Western world. In Canada, CVDs affect 1.3 million individuals and cost nearly $22 billions (direct and indirect costs) to the Canadian economy. Beyond the traditional risk factors (e.g. lipids, hypertension, obesity), familial history (genetics) is also predictive of an individual\u2019s risk to develop CVDs. My laboratory uses high-throughput DNA genotyping and sequencing to identify and characterize new genes involved in atherosclerosis and other CVDs. We focus on the genetics of atherosclerosis-related complications (e.g. myocardial infarction) and relevant biomarkers (e.g. HDL-cholesterol efflux) using the large Biobank from the Montreal Heart Institute (N&gt;17,000) and CARTaG\u00c8NE (N&gt;40,000). Through collaborations, my lab also has access to additional large datasets (UK Biobank, Canadian Longitudinal Study of Aging, NHLBI Exome Sequence Project and TOPMed).<\/p>\n<p><strong>Blood-cell production and differentiation (hematopoiesis)<\/strong><\/p>\n<p>Blood is mostly composed of plasma and blood cells and plays a major role in a variety of functions involved in general human homeostasis: it transports oxygen, nutrients and hormones to tissues, removes waste, performs immunological functions and contributes tissue damage repair through coagulation. The main three blood cell types carry out most of these activities: red blood cells transport oxygen, white blood cells coordinate some of the immune responses, and platelets are the bricks that form blood clots to prevent excessive bleeding. All of these cell types originate through proliferation and differentiation from common precursors (hematopoietic stem cells). An aberrant number, size or feature of the three main blood cell types characterizes multiple human diseases (e.g. cancer, anemia, malaria, HIV). It is also known that blood-cell phenotypes vary between healthy individuals, and that some of this inter-individual variation is controlled by genetics. We created the international Blood-Cell Consortium to study in 1 million participants the genetic factors that control human hematopoiesis. We combine our genetic analyses with genomic (e.g. expression quantitative trait loci (eQTL)) and genome editing (e.g. CRISPR\/Cas9) approaches to identify genes that regulate blood-cell parameters. Furthermore, we are also interested in exploring whether blood-cell phenotypes can be used as predictive biomarkers of hematological and cardiovascular diseases.<\/p>\n<\/div>\n<hr\/>\n<h3>Publications<\/h3>\n<ul>\n<li><u>Simon Lalonde<\/u>, <u>Val\u00e9rie-Anne Codina-Fauteux<\/u>,<u> Sebastian M\u00e9ric de Bellefon<\/u>, <u>Francis Leblanc<\/u>, <u>M\u00e9lissa Beaudoin<\/u>, Marie-Michelle Simon, Rola Dali, Tony Kwan, <u>Ken Sin Lo<\/u>, Tomi Pastinen,\u00a0<strong>Guillaume Lettre.\u00a0<\/strong><a href=\"https:\/\/www.ncbi.nlm.nih.gov\/pubmed\/31287004\">Integrative analysis of vascular endothelial cell genomic features identifies AIDA as a coronary artery disease candidate gene.<\/a>Genome Biol. 2019 Jul 8;20(1):133. doi: 10.1186\/s13059-019-1749-5.<\/li>\n<li><u>Val\u00e9rie Turcot<\/u>, \u2026, <strong>Guillaume Lettre*<\/strong>, Kari E. North, Cecilia M. Lindgren, Joel N. Hirschhorn, Ruth J.F. Loos. Protein-altering variants associated with body mass index implicate pathways that control energy intake and expenditure in obesity. Nat Genet. 2018 Jan;50(1):26-41. *Co-corresponding author.<\/li>\n<li><u>C\u00e9cile Low-Kam<\/u>, David Rhainds, <u>Ken Sin Lo<\/u>, Amina Barhdadi, Marie-Boul\u00e9, Sonia Alem, Val\u00e9rie Pedneault-Gagnon, \u00c9ric Rh\u00e9aume, Marie-Pierre Dub\u00e9, David Busseuil, Robert A. Hegele, <strong>Guillaume Lettre<\/strong>*, and Jean-Claude Tardif. Variants at the APOE\/C1\/C2\/C4 locus modulate cholesterol efflux capacity independently of high-density lipoprotein cholesterol. Journal of the American Heart Association. 18 Aug. 2018. *Co-corresponding author.<\/li>\n<li><u>Samuel Lessard<\/u>, Emily S. Gatof, <u>M\u00e9lissa Beaudoin<\/u>, \u2026, Daniel E. Bauer, <strong>Guillaume Lettre<\/strong>. An erythroid-specific ATP2B4 enhancer mediates red blood cell hydration and malaria susceptibility. J Clin Invest. 2017 Aug 1;127(8):3065-3074.<\/li>\n<li>Eirini Marouli, Mariaelisa Graff, Carolina Medina-Gomez, <u>Ken Sin Lo<\/u>, \u2026, Timothy M. Frayling, Joel N. Hirschhorn, Panos Deloukas, <strong>Guillaume Lettre<\/strong>. Rare and low-frequency coding variants alter human adult height. Nature. 2017 Feb 9;542(7640):186-190<\/li>\n<\/ul>\n","protected":false},"excerpt":{"rendered":"<p>Coordonn\u00e9es Institute de Cardiologie de Montr\u00e9al 5000, rue B\u00e9langer Montr\u00e9al, Qu\u00e9bec, H1T 1C8 guillaume.lettre@umontreal.ca http:\/\/www.mhi-humangenetics.org\/ Publications Simon Lalonde, Val\u00e9rie-Anne Codina-Fauteux, Sebastian M\u00e9ric de Bellefon, Francis Leblanc, M\u00e9lissa Beaudoin, Marie-Michelle Simon, [&hellip;]<\/p>\n","protected":false},"author":216,"featured_media":0,"parent":3557,"menu_order":0,"comment_status":"closed","ping_status":"closed","template":"","meta":{"footnotes":""},"class_list":["post-4974","page","type-page","status-publish","hentry"],"yoast_head":"<!-- This site is optimized with the Yoast SEO plugin v25.0 - https:\/\/yoast.com\/wordpress\/plugins\/seo\/ -->\n<title>Lettre, Guillaume, Ph.D. - Programmes de biologie mol\u00e9culaire<\/title>\n<meta name=\"robots\" content=\"index, follow, max-snippet:-1, max-image-preview:large, max-video-preview:-1\" \/>\n<link rel=\"canonical\" href=\"https:\/\/biomol.umontreal.ca\/en\/research\/les-professeurs\/lettre-guillaume-ph-d\/\" \/>\n<meta property=\"og:locale\" content=\"en_US\" \/>\n<meta property=\"og:type\" content=\"article\" \/>\n<meta property=\"og:title\" content=\"Lettre, Guillaume, Ph.D. - Programmes de biologie mol\u00e9culaire\" \/>\n<meta property=\"og:description\" content=\"Coordonn\u00e9es Institute de Cardiologie de Montr\u00e9al 5000, rue B\u00e9langer Montr\u00e9al, Qu\u00e9bec, H1T 1C8 guillaume.lettre@umontreal.ca http:\/\/www.mhi-humangenetics.org\/ Publications Simon Lalonde, Val\u00e9rie-Anne Codina-Fauteux, Sebastian M\u00e9ric de Bellefon, Francis Leblanc, M\u00e9lissa Beaudoin, Marie-Michelle Simon, [&hellip;]\" \/>\n<meta property=\"og:url\" content=\"https:\/\/biomol.umontreal.ca\/en\/research\/les-professeurs\/lettre-guillaume-ph-d\/\" \/>\n<meta property=\"og:site_name\" content=\"Programmes de biologie mol\u00e9culaire\" \/>\n<meta property=\"article:modified_time\" content=\"2019-08-06T18:47:16+00:00\" \/>\n<meta name=\"twitter:card\" content=\"summary_large_image\" \/>\n<meta name=\"twitter:label1\" content=\"Est. reading time\" \/>\n\t<meta name=\"twitter:data1\" content=\"5 minutes\" \/>\n<script type=\"application\/ld+json\" class=\"yoast-schema-graph\">{\"@context\":\"https:\/\/schema.org\",\"@graph\":[{\"@type\":\"WebPage\",\"@id\":\"https:\/\/biomol.umontreal.ca\/en\/research\/les-professeurs\/lettre-guillaume-ph-d\/\",\"url\":\"https:\/\/biomol.umontreal.ca\/en\/research\/les-professeurs\/lettre-guillaume-ph-d\/\",\"name\":\"Lettre, Guillaume, Ph.D. - Programmes de biologie mol\u00e9culaire\",\"isPartOf\":{\"@id\":\"https:\/\/biomol.umontreal.ca\/#website\"},\"datePublished\":\"2019-08-06T18:46:52+00:00\",\"dateModified\":\"2019-08-06T18:47:16+00:00\",\"breadcrumb\":{\"@id\":\"https:\/\/biomol.umontreal.ca\/en\/research\/les-professeurs\/lettre-guillaume-ph-d\/#breadcrumb\"},\"inLanguage\":\"en-US\",\"potentialAction\":[{\"@type\":\"ReadAction\",\"target\":[\"https:\/\/biomol.umontreal.ca\/en\/research\/les-professeurs\/lettre-guillaume-ph-d\/\"]}]},{\"@type\":\"BreadcrumbList\",\"@id\":\"https:\/\/biomol.umontreal.ca\/en\/research\/les-professeurs\/lettre-guillaume-ph-d\/#breadcrumb\",\"itemListElement\":[{\"@type\":\"ListItem\",\"position\":1,\"name\":\"Accueil\",\"item\":\"https:\/\/biomol.umontreal.ca\/en\/\"},{\"@type\":\"ListItem\",\"position\":2,\"name\":\"Research\",\"item\":\"https:\/\/biomol.umontreal.ca\/en\/research\/\"},{\"@type\":\"ListItem\",\"position\":3,\"name\":\"Our professors\",\"item\":\"https:\/\/biomol.umontreal.ca\/en\/research\/les-professeurs\/\"},{\"@type\":\"ListItem\",\"position\":4,\"name\":\"Lettre, Guillaume, Ph.D.\"}]},{\"@type\":\"WebSite\",\"@id\":\"https:\/\/biomol.umontreal.ca\/#website\",\"url\":\"https:\/\/biomol.umontreal.ca\/\",\"name\":\"Programmes de biologie mol\u00e9culaire\",\"description\":\"\",\"potentialAction\":[{\"@type\":\"SearchAction\",\"target\":{\"@type\":\"EntryPoint\",\"urlTemplate\":\"https:\/\/biomol.umontreal.ca\/?s={search_term_string}\"},\"query-input\":{\"@type\":\"PropertyValueSpecification\",\"valueRequired\":true,\"valueName\":\"search_term_string\"}}],\"inLanguage\":\"en-US\"}]}<\/script>\n<!-- \/ Yoast SEO plugin. -->","yoast_head_json":{"title":"Lettre, Guillaume, Ph.D. - Programmes de biologie mol\u00e9culaire","robots":{"index":"index","follow":"follow","max-snippet":"max-snippet:-1","max-image-preview":"max-image-preview:large","max-video-preview":"max-video-preview:-1"},"canonical":"https:\/\/biomol.umontreal.ca\/en\/research\/les-professeurs\/lettre-guillaume-ph-d\/","og_locale":"en_US","og_type":"article","og_title":"Lettre, Guillaume, Ph.D. - Programmes de biologie mol\u00e9culaire","og_description":"Coordonn\u00e9es Institute de Cardiologie de Montr\u00e9al 5000, rue B\u00e9langer Montr\u00e9al, Qu\u00e9bec, H1T 1C8 guillaume.lettre@umontreal.ca http:\/\/www.mhi-humangenetics.org\/ Publications Simon Lalonde, Val\u00e9rie-Anne Codina-Fauteux, Sebastian M\u00e9ric de Bellefon, Francis Leblanc, M\u00e9lissa Beaudoin, Marie-Michelle Simon, [&hellip;]","og_url":"https:\/\/biomol.umontreal.ca\/en\/research\/les-professeurs\/lettre-guillaume-ph-d\/","og_site_name":"Programmes de biologie mol\u00e9culaire","article_modified_time":"2019-08-06T18:47:16+00:00","twitter_card":"summary_large_image","twitter_misc":{"Est. reading time":"5 minutes"},"schema":{"@context":"https:\/\/schema.org","@graph":[{"@type":"WebPage","@id":"https:\/\/biomol.umontreal.ca\/en\/research\/les-professeurs\/lettre-guillaume-ph-d\/","url":"https:\/\/biomol.umontreal.ca\/en\/research\/les-professeurs\/lettre-guillaume-ph-d\/","name":"Lettre, Guillaume, Ph.D. - Programmes de biologie mol\u00e9culaire","isPartOf":{"@id":"https:\/\/biomol.umontreal.ca\/#website"},"datePublished":"2019-08-06T18:46:52+00:00","dateModified":"2019-08-06T18:47:16+00:00","breadcrumb":{"@id":"https:\/\/biomol.umontreal.ca\/en\/research\/les-professeurs\/lettre-guillaume-ph-d\/#breadcrumb"},"inLanguage":"en-US","potentialAction":[{"@type":"ReadAction","target":["https:\/\/biomol.umontreal.ca\/en\/research\/les-professeurs\/lettre-guillaume-ph-d\/"]}]},{"@type":"BreadcrumbList","@id":"https:\/\/biomol.umontreal.ca\/en\/research\/les-professeurs\/lettre-guillaume-ph-d\/#breadcrumb","itemListElement":[{"@type":"ListItem","position":1,"name":"Accueil","item":"https:\/\/biomol.umontreal.ca\/en\/"},{"@type":"ListItem","position":2,"name":"Research","item":"https:\/\/biomol.umontreal.ca\/en\/research\/"},{"@type":"ListItem","position":3,"name":"Our professors","item":"https:\/\/biomol.umontreal.ca\/en\/research\/les-professeurs\/"},{"@type":"ListItem","position":4,"name":"Lettre, Guillaume, Ph.D."}]},{"@type":"WebSite","@id":"https:\/\/biomol.umontreal.ca\/#website","url":"https:\/\/biomol.umontreal.ca\/","name":"Programmes de biologie mol\u00e9culaire","description":"","potentialAction":[{"@type":"SearchAction","target":{"@type":"EntryPoint","urlTemplate":"https:\/\/biomol.umontreal.ca\/?s={search_term_string}"},"query-input":{"@type":"PropertyValueSpecification","valueRequired":true,"valueName":"search_term_string"}}],"inLanguage":"en-US"}]}},"_links":{"self":[{"href":"https:\/\/biomol.umontreal.ca\/en\/wp-json\/wp\/v2\/pages\/4974","targetHints":{"allow":["GET"]}}],"collection":[{"href":"https:\/\/biomol.umontreal.ca\/en\/wp-json\/wp\/v2\/pages"}],"about":[{"href":"https:\/\/biomol.umontreal.ca\/en\/wp-json\/wp\/v2\/types\/page"}],"author":[{"embeddable":true,"href":"https:\/\/biomol.umontreal.ca\/en\/wp-json\/wp\/v2\/users\/216"}],"replies":[{"embeddable":true,"href":"https:\/\/biomol.umontreal.ca\/en\/wp-json\/wp\/v2\/comments?post=4974"}],"version-history":[{"count":1,"href":"https:\/\/biomol.umontreal.ca\/en\/wp-json\/wp\/v2\/pages\/4974\/revisions"}],"predecessor-version":[{"id":4975,"href":"https:\/\/biomol.umontreal.ca\/en\/wp-json\/wp\/v2\/pages\/4974\/revisions\/4975"}],"up":[{"embeddable":true,"href":"https:\/\/biomol.umontreal.ca\/en\/wp-json\/wp\/v2\/pages\/3557"}],"wp:attachment":[{"href":"https:\/\/biomol.umontreal.ca\/en\/wp-json\/wp\/v2\/media?parent=4974"}],"curies":[{"name":"wp","href":"https:\/\/api.w.org\/{rel}","templated":true}]}}