{"id":4942,"date":"2019-08-01T09:19:52","date_gmt":"2019-08-01T13:19:52","guid":{"rendered":"https:\/\/biomol.umontreal.ca\/?page_id=4942"},"modified":"2025-09-10T11:54:20","modified_gmt":"2025-09-10T15:54:20","slug":"forms","status":"publish","type":"page","link":"https:\/\/biomol.umontreal.ca\/en\/forms\/","title":{"rendered":"Forms"},"content":{"rendered":"<h3>Registration<\/h3>\n<div class=\"togglecontainer toggle_close_all \">\n\n<div class=\"toggler extralight-border\"><span class=\"text-title\">Feuilles de cheminement (M.Sc.)<\/span><span class=\"toggle_icon extralight-border\"><span class=\"vert_icon extralight-border\"><\/span><span class=\"hor_icon extralight-border\"><\/span><\/span><\/div>\n<div class=\"toggle_wrap\">\n<div class=\"toggle_content\">\n<ul>\n<li><a href=\"https:\/\/biomol.umontreal.ca\/wp-content\/uploads\/sites\/46\/2021\/08\/Cheminement_Maitrise_Generale.xlsx\">Option G\u00e9n\u00e9rale<\/a><\/li>\n<li><a href=\"https:\/\/biomol.umontreal.ca\/wp-content\/uploads\/sites\/46\/2021\/08\/Cheminement_Maitrise_BDSMemoire.xls\">Option Biologie des syst\u00e8mes avec m\u00e9moire<\/a><\/li>\n<li><a href=\"https:\/\/biomol.umontreal.ca\/wp-content\/uploads\/sites\/46\/2021\/08\/Cheminement_Maitrise_BDSStages.xls\">Option biologie des syst\u00e8mes avec stages<\/a><\/li>\n<li><a href=\"https:\/\/biomol.umontreal.ca\/wp-content\/uploads\/sites\/46\/2021\/08\/Cheminement_Maitrise_MCMMemoire.xls\">Option M\u00e9decine cellulaire et mol\u00e9culaire avec m\u00e9moire<\/a><\/li>\n<li><a href=\"https:\/\/biomol.umontreal.ca\/wp-content\/uploads\/sites\/46\/2021\/08\/Cheminement_Maitrise_MCMStages.xls\">Option M\u00e9decine cellulaire et mol\u00e9culaire avec stage<\/a><\/li>\n<\/ul>\n\n<\/div>\n<\/div>\n\n<div class=\"toggler extralight-border\"><span class=\"text-title\">Feuilles de cheminement (Ph.D.)<\/span><span class=\"toggle_icon extralight-border\"><span class=\"vert_icon extralight-border\"><\/span><span class=\"hor_icon extralight-border\"><\/span><\/span><\/div>\n<div class=\"toggle_wrap\">\n<div class=\"toggle_content\">\n<ul>\n<li><a href=\"https:\/\/biomol.umontreal.ca\/wp-content\/uploads\/sites\/46\/2021\/08\/Cheminement_Doctorat.xls\">Option G\u00e9n\u00e9rale<\/a><\/li>\n<li><a href=\"https:\/\/biomol.umontreal.ca\/wp-content\/uploads\/sites\/46\/Cheminement_Doctorat_BiologieDesSystemes.xls\"><\/a><a href=\"https:\/\/biomol.umontreal.ca\/wp-content\/uploads\/sites\/46\/2021\/08\/Cheminement_Doctorat_BiologieDesSystemes.xls\">Option Biologie des syst\u00e8mes<\/a><\/li>\n<li><a href=\"https:\/\/biomol.umontreal.ca\/wp-content\/uploads\/sites\/46\/2021\/08\/Cheminement_Doctorat.xls\">Option M\u00e9decine cellulaire et mol\u00e9culaire<\/a><\/li>\n<\/ul>\n\n<\/div>\n<\/div>\n\n\n<\/div>\n\n<p><a href=\"https:\/\/biomol.umontreal.ca\/wp-content\/uploads\/sites\/46\/Sujet-de-recherche_et18_dyn-FMED2023.pdf\">Registration of the research project<\/a>\u00a0(M.Sc. and Ph.D.)<\/p>\n<p><a href=\"https:\/\/biomol.umontreal.ca\/wp-content\/uploads\/sites\/46\/Demande-de-modif-de-cours-BIOMOL.docx\">Demande de modification de cours<\/a><\/p>\n<h3>Formative evaluation<\/h3>\n<p><a href=\"https:\/\/biomol.umontreal.ca\/wp-content\/uploads\/sites\/46\/Fiche-d\u00e9valuation-formative_Mai2017-R.pdf\">Evaluation grid<\/a><\/p>\n<h3>Folow-up committee\/parrainage (M.Sc. and Ph.D.)<\/h3>\n<p><a href=\"https:\/\/biomol.umontreal.ca\/wp-content\/uploads\/sites\/46\/2019\/09\/Composition-du-comit\u00e9-de-parrainage-suivi_Mai2017-R.pdf\">Jury composition form<\/a> (comit\u00e9 de parrainage et comit\u00e9 de suivi)<\/p>\n<p><a href=\"https:\/\/biomol.umontreal.ca\/wp-content\/uploads\/sites\/46\/ComitedeSuivi_Biomol2019.pdf\">Report<\/a> (comit\u00e9 de parrainage et comit\u00e9 de suivi)<\/p>\n<h3>Qualifying Exam<\/h3>\n<p><a href=\"https:\/\/biomol.umontreal.ca\/wp-content\/uploads\/sites\/46\/2019\/03\/Report-examen-de-synth\u00e8se.pdf\">Request for report<\/a><\/p>\n<p><a href=\"https:\/\/biomol.umontreal.ca\/wp-content\/uploads\/sites\/46\/Formulaire_juryexamengeneral.pdf\">Jury Composition<\/a><\/p>\n<p><a href=\"https:\/\/biomol.umontreal.ca\/wp-content\/uploads\/sites\/46\/Rapport_exam_doct.pdf\">Jury report<\/a><\/p>\n<h3>Writing and deposit<\/h3>\n<p><a href=\"https:\/\/biomol.umontreal.ca\/wp-content\/uploads\/sites\/46\/2024\/07\/Redaction-par-article_v2024-07.docx\">Article writing request<\/a><\/p>\n<div class=\"togglecontainer toggle_close_all \">\n\n<div class=\"toggler extralight-border\"><span class=\"text-title\">Notice of deposit<\/span><span class=\"toggle_icon extralight-border\"><span class=\"vert_icon extralight-border\"><\/span><span class=\"hor_icon extralight-border\"><\/span><\/span><\/div>\n<div class=\"toggle_wrap\">\n<div class=\"toggle_content\">\n<p><a href=\"https:\/\/esp.umontreal.ca\/fileadmin\/esp\/documents\/Cheminement\/Formulaires\/AvisDepotMemoire.pdf\">Form<\/a> for M.Sc.<\/p>\n<p><a href=\"https:\/\/esp.umontreal.ca\/fileadmin\/esp\/documents\/Cheminement\/Formulaires\/AvisDepotThese.pdf\">Form for Ph.D.<\/a><\/p>\n\n<\/div>\n<\/div>\n<br \/>\n<div class=\"toggler extralight-border\"><span class=\"text-title\">Jury Nomination<\/span><span class=\"toggle_icon extralight-border\"><span class=\"vert_icon extralight-border\"><\/span><span class=\"hor_icon extralight-border\"><\/span><\/span><\/div>\n<div class=\"toggle_wrap\">\n<div class=\"toggle_content\">\n<p><a href=\"https:\/\/medecine.umontreal.ca\/wp-content\/uploads\/sites\/68\/2025\/03\/Nomination_Jury_Memoire_FacMed_2025.pdf\" target=\"_blank\" rel=\"noopener\">Form for M.Sc.<\/a><\/p>\n<p><a href=\"https:\/\/medecine.umontreal.ca\/wp-content\/uploads\/sites\/68\/2025\/03\/Nomination_Jury_These_FacMed_Juin2025.pdf\" target=\"_blank\" rel=\"noopener\">Form for Ph.D.<\/a><\/p>\n\n<\/div>\n<\/div>\n<br \/>\n\n<\/div>\n\n<h3>Extension \/ Suspension<\/h3>\n<p><a href=\"https:\/\/biomol.umontreal.ca\/wp-content\/uploads\/sites\/46\/Formulaire-Prolongation_D\u00e9c_2016.pdf\">Request for extension<\/a><\/p>\n<p><a href=\"https:\/\/biomol.umontreal.ca\/wp-content\/uploads\/sites\/46\/Formulaire-Prolongation-exceptionnelle_Oct2019.pdf\">Request for exceptional extension<\/a><\/p>\n<p><a href=\"https:\/\/biomol.umontreal.ca\/wp-content\/uploads\/sites\/46\/Formulaire-Demande_dinterruption-des-\u00e9tudes-sup\u00e9rieures_revise.pdf\">Request for suspension<\/a><\/p>\n<h3>Research Seminar<\/h3>\n<p><a href=\"https:\/\/biomol.umontreal.ca\/wp-content\/uploads\/sites\/46\/BIM6035-Evaluation-orale_Rapport-.docx\">BIM6035<\/a> (M.Sc.)<\/p>\n<p><a href=\"https:\/\/biomol.umontreal.ca\/wp-content\/uploads\/sites\/46\/BIM7015-Evaluation-orale_Rapport-.docx\">BIM7015<\/a> (Ph.D.)<\/p>\n","protected":false},"excerpt":{"rendered":"<p>Registration Registration of the research project\u00a0(M.Sc. and Ph.D.) Demande de modification de cours Formative evaluation Evaluation grid Folow-up committee\/parrainage (M.Sc. and Ph.D.) Jury composition form (comit\u00e9 de parrainage et comit\u00e9 [&hellip;]<\/p>\n","protected":false},"author":216,"featured_media":0,"parent":0,"menu_order":0,"comment_status":"closed","ping_status":"closed","template":"","meta":{"footnotes":""},"class_list":["post-4942","page","type-page","status-publish","hentry"],"yoast_head":"<!-- This site is optimized with the Yoast SEO plugin v25.0 - https:\/\/yoast.com\/wordpress\/plugins\/seo\/ -->\n<title>Forms - Programmes de biologie mol\u00e9culaire<\/title>\n<meta name=\"robots\" content=\"index, follow, max-snippet:-1, max-image-preview:large, max-video-preview:-1\" \/>\n<link rel=\"canonical\" href=\"https:\/\/biomol.umontreal.ca\/en\/forms\/\" \/>\n<meta property=\"og:locale\" content=\"en_US\" \/>\n<meta property=\"og:type\" content=\"article\" \/>\n<meta property=\"og:title\" content=\"Forms - Programmes de biologie mol\u00e9culaire\" \/>\n<meta property=\"og:description\" content=\"Registration Registration of the research project\u00a0(M.Sc. and Ph.D.) Demande de modification de cours Formative evaluation Evaluation grid Folow-up committee\/parrainage (M.Sc. and Ph.D.) Jury composition form (comit\u00e9 de parrainage et comit\u00e9 [&hellip;]\" \/>\n<meta property=\"og:url\" content=\"https:\/\/biomol.umontreal.ca\/en\/forms\/\" \/>\n<meta property=\"og:site_name\" content=\"Programmes de biologie mol\u00e9culaire\" \/>\n<meta property=\"article:modified_time\" content=\"2025-09-10T15:54:20+00:00\" \/>\n<meta name=\"twitter:card\" content=\"summary_large_image\" \/>\n<meta name=\"twitter:label1\" content=\"Est. reading time\" \/>\n\t<meta name=\"twitter:data1\" content=\"1 minute\" \/>\n<script type=\"application\/ld+json\" class=\"yoast-schema-graph\">{\"@context\":\"https:\/\/schema.org\",\"@graph\":[{\"@type\":\"WebPage\",\"@id\":\"https:\/\/biomol.umontreal.ca\/en\/forms\/\",\"url\":\"https:\/\/biomol.umontreal.ca\/en\/forms\/\",\"name\":\"Forms - Programmes de biologie mol\u00e9culaire\",\"isPartOf\":{\"@id\":\"https:\/\/biomol.umontreal.ca\/#website\"},\"datePublished\":\"2019-08-01T13:19:52+00:00\",\"dateModified\":\"2025-09-10T15:54:20+00:00\",\"breadcrumb\":{\"@id\":\"https:\/\/biomol.umontreal.ca\/en\/forms\/#breadcrumb\"},\"inLanguage\":\"en-US\",\"potentialAction\":[{\"@type\":\"ReadAction\",\"target\":[\"https:\/\/biomol.umontreal.ca\/en\/forms\/\"]}]},{\"@type\":\"BreadcrumbList\",\"@id\":\"https:\/\/biomol.umontreal.ca\/en\/forms\/#breadcrumb\",\"itemListElement\":[{\"@type\":\"ListItem\",\"position\":1,\"name\":\"Accueil\",\"item\":\"https:\/\/biomol.umontreal.ca\/en\/\"},{\"@type\":\"ListItem\",\"position\":2,\"name\":\"Forms\"}]},{\"@type\":\"WebSite\",\"@id\":\"https:\/\/biomol.umontreal.ca\/#website\",\"url\":\"https:\/\/biomol.umontreal.ca\/\",\"name\":\"Programmes de biologie mol\u00e9culaire\",\"description\":\"\",\"potentialAction\":[{\"@type\":\"SearchAction\",\"target\":{\"@type\":\"EntryPoint\",\"urlTemplate\":\"https:\/\/biomol.umontreal.ca\/?s={search_term_string}\"},\"query-input\":{\"@type\":\"PropertyValueSpecification\",\"valueRequired\":true,\"valueName\":\"search_term_string\"}}],\"inLanguage\":\"en-US\"}]}<\/script>\n<!-- \/ Yoast SEO plugin. -->","yoast_head_json":{"title":"Forms - Programmes de biologie mol\u00e9culaire","robots":{"index":"index","follow":"follow","max-snippet":"max-snippet:-1","max-image-preview":"max-image-preview:large","max-video-preview":"max-video-preview:-1"},"canonical":"https:\/\/biomol.umontreal.ca\/en\/forms\/","og_locale":"en_US","og_type":"article","og_title":"Forms - Programmes de biologie mol\u00e9culaire","og_description":"Registration Registration of the research project\u00a0(M.Sc. and Ph.D.) Demande de modification de cours Formative evaluation Evaluation grid Folow-up committee\/parrainage (M.Sc. and Ph.D.) Jury composition form (comit\u00e9 de parrainage et comit\u00e9 [&hellip;]","og_url":"https:\/\/biomol.umontreal.ca\/en\/forms\/","og_site_name":"Programmes de biologie mol\u00e9culaire","article_modified_time":"2025-09-10T15:54:20+00:00","twitter_card":"summary_large_image","twitter_misc":{"Est. reading time":"1 minute"},"schema":{"@context":"https:\/\/schema.org","@graph":[{"@type":"WebPage","@id":"https:\/\/biomol.umontreal.ca\/en\/forms\/","url":"https:\/\/biomol.umontreal.ca\/en\/forms\/","name":"Forms - Programmes de biologie mol\u00e9culaire","isPartOf":{"@id":"https:\/\/biomol.umontreal.ca\/#website"},"datePublished":"2019-08-01T13:19:52+00:00","dateModified":"2025-09-10T15:54:20+00:00","breadcrumb":{"@id":"https:\/\/biomol.umontreal.ca\/en\/forms\/#breadcrumb"},"inLanguage":"en-US","potentialAction":[{"@type":"ReadAction","target":["https:\/\/biomol.umontreal.ca\/en\/forms\/"]}]},{"@type":"BreadcrumbList","@id":"https:\/\/biomol.umontreal.ca\/en\/forms\/#breadcrumb","itemListElement":[{"@type":"ListItem","position":1,"name":"Accueil","item":"https:\/\/biomol.umontreal.ca\/en\/"},{"@type":"ListItem","position":2,"name":"Forms"}]},{"@type":"WebSite","@id":"https:\/\/biomol.umontreal.ca\/#website","url":"https:\/\/biomol.umontreal.ca\/","name":"Programmes de biologie mol\u00e9culaire","description":"","potentialAction":[{"@type":"SearchAction","target":{"@type":"EntryPoint","urlTemplate":"https:\/\/biomol.umontreal.ca\/?s={search_term_string}"},"query-input":{"@type":"PropertyValueSpecification","valueRequired":true,"valueName":"search_term_string"}}],"inLanguage":"en-US"}]}},"_links":{"self":[{"href":"https:\/\/biomol.umontreal.ca\/en\/wp-json\/wp\/v2\/pages\/4942","targetHints":{"allow":["GET"]}}],"collection":[{"href":"https:\/\/biomol.umontreal.ca\/en\/wp-json\/wp\/v2\/pages"}],"about":[{"href":"https:\/\/biomol.umontreal.ca\/en\/wp-json\/wp\/v2\/types\/page"}],"author":[{"embeddable":true,"href":"https:\/\/biomol.umontreal.ca\/en\/wp-json\/wp\/v2\/users\/216"}],"replies":[{"embeddable":true,"href":"https:\/\/biomol.umontreal.ca\/en\/wp-json\/wp\/v2\/comments?post=4942"}],"version-history":[{"count":13,"href":"https:\/\/biomol.umontreal.ca\/en\/wp-json\/wp\/v2\/pages\/4942\/revisions"}],"predecessor-version":[{"id":6281,"href":"https:\/\/biomol.umontreal.ca\/en\/wp-json\/wp\/v2\/pages\/4942\/revisions\/6281"}],"wp:attachment":[{"href":"https:\/\/biomol.umontreal.ca\/en\/wp-json\/wp\/v2\/media?parent=4942"}],"curies":[{"name":"wp","href":"https:\/\/api.w.org\/{rel}","templated":true}]}}