{"id":4881,"date":"2018-11-16T13:12:33","date_gmt":"2018-11-16T18:12:33","guid":{"rendered":"https:\/\/biomol.umontreal.ca\/research\/les-professeurs\/petropoulos-sophie-ph-d\/"},"modified":"2026-02-01T16:06:49","modified_gmt":"2026-02-01T21:06:49","slug":"petropoulos-sophie-ph-d","status":"publish","type":"page","link":"https:\/\/biomol.umontreal.ca\/en\/research\/les-professeurs\/petropoulos-sophie-ph-d\/","title":{"rendered":"Petropoulos, Sophie, Ph.D."},"content":{"rendered":"<h3>Coordonn\u00e9es<\/h3>\n<p>Centre de recherche &#8211; CHUM<br \/>\nInstitut du cancer de Montr\u00e9al<br \/>\n900 rue St-Denis, bureau R12-472<br \/>\nMontr\u00e9al, QC, H2X 0A9<br \/>\n<strong>T<\/strong> 514 890-8000 #31408<\/p>\n<p><a href=\"mailto:sophie.petropoulos@gmail.com\">sophie.petropoulos@gmail.com<\/a><br \/>\n<a href=\"mailto:sophie.petropoulos@umontreal.ca\">sophie.petropoulos@umontreal.ca<\/a><br \/>\n<a href=\"mailto:sophie.petropoulos@ki.se\">sophie.petropoulos@ki.se<\/a><\/p>\n<p><a href=\"https:\/\/ki.se\/en\/people\/soppet\">https:\/\/ki.se\/en\/people\/soppet<\/a><\/p>\n<hr\/>\n<div class=\"one-half first \">\n<h2>Axes de recherche<\/h2>\n<ul>\n<li>G\u00e9nomique<\/li>\n<li>Bioinformatique<\/li>\n<li>Endocrinologie<\/li>\n<li>Approches th\u00e9rapeutiques<\/li>\n<\/ul>\n<h2>Description de la recherche<\/h2>\n<ul>\n<li>\u00c9tudier comment les \u00abinsultes\u00bb dans l&#8217;environnement pr\u00e9implantatoire peuvent modifier les \u00ab\u00a0omics\u00a0\u00bb (m\u00e9thylome, transcriptome et ARN non codants) des trois premi\u00e8res lign\u00e9es \u00e0 r\u00e9solution monocellulaire et comment ces alt\u00e9rations reprogramment le placenta et le d\u00e9veloppement du f\u0153tus menant \u00e0 des maladies et des d\u00e9sordres plus tard dans la vie.<\/li>\n<li>Examiner l&#8217;impact des th\u00e9rapies adjuvantes et de l&#8217;environnement <em>ex\u00a0vivo<\/em> sur les embryons pr\u00e9implantatoires, tels qu&#8217;ils se produisent dans la reproduction artificielle\u00a0(TAR).<\/li>\n<li>Expliquer les aspects fondamentaux du d\u00e9veloppement embryonnaire pr\u00e9implantatoire chez les mammif\u00e8res et de la biologie de l&#8217;ARN.<\/li>\n<li>\u00c9tudier les m\u00e9canismes sous-jacents \u00e0 la formation de la lign\u00e9e de l&#8217;embryon de mammif\u00e8re \u00e0 une r\u00e9solution monocellulaire.<\/li>\n<\/ul>\n<\/div>\n<div class=\"one-half  \">\n<h2>Research axis<\/h2>\n<ul>\n<li>Genomics<\/li>\n<li>Bioinformatics<\/li>\n<li>Endocrinology<\/li>\n<li>Therapeutic approaches<\/li>\n<\/ul>\n<h2>Research description<\/h2>\n<ul>\n<li>Investigate how \u2018insults\u2019 to the preimplantation environment can modify the \u2018omics\u2019 (methylome, transcriptome and noncoding RNAs) of the first three lineages at single cell resolution and how these alterations reprogram the placenta and developing fetus, ultimately leading to disease and disorder later in life.<\/li>\n<li>Investigate the impact of adjuvant therapies and ex vivo environment on preimplantation embryos, as occurring in Artificial Reproduction (ART).<\/li>\n<li>Unravel fundamental aspects of the mammalian preimplantation embryo development and RNA biology.<\/li>\n<li>Investigate the role of noncoding RNAs in the lineage formation and programming of the mammalian embryo at a single-cell resolution.<\/li>\n<\/ul>\n<\/div>\n<hr\/>\n<h3><a href=\"https:\/\/www.chumontreal.qc.ca\/en\/crchum\/chercheurs\/sophie-petropoulos\" target=\"_blank\" rel=\"noopener\">Consultez le site web institutionnel du chercheur<\/a><\/h3>\n<hr\/>\n","protected":false},"excerpt":{"rendered":"<p>Coordonn\u00e9es Centre de recherche &#8211; CHUM Institut du cancer de Montr\u00e9al 900 rue St-Denis, bureau R12-472 Montr\u00e9al, QC, H2X 0A9 T 514 890-8000 #31408 sophie.petropoulos@gmail.com sophie.petropoulos@umontreal.ca sophie.petropoulos@ki.se https:\/\/ki.se\/en\/people\/soppet Consultez le [&hellip;]<\/p>\n","protected":false},"author":216,"featured_media":0,"parent":3557,"menu_order":0,"comment_status":"closed","ping_status":"closed","template":"","meta":{"footnotes":""},"class_list":["post-4881","page","type-page","status-publish","hentry"],"yoast_head":"<!-- This site is optimized with the Yoast SEO plugin v25.0 - https:\/\/yoast.com\/wordpress\/plugins\/seo\/ -->\n<title>Petropoulos, Sophie, Ph.D. - Programmes de biologie mol\u00e9culaire<\/title>\n<meta name=\"robots\" content=\"index, follow, max-snippet:-1, max-image-preview:large, max-video-preview:-1\" \/>\n<link rel=\"canonical\" href=\"https:\/\/biomol.umontreal.ca\/en\/research\/les-professeurs\/petropoulos-sophie-ph-d\/\" \/>\n<meta property=\"og:locale\" content=\"en_US\" \/>\n<meta property=\"og:type\" content=\"article\" \/>\n<meta property=\"og:title\" content=\"Petropoulos, Sophie, Ph.D. - Programmes de biologie mol\u00e9culaire\" \/>\n<meta property=\"og:description\" content=\"Coordonn\u00e9es Centre de recherche &#8211; CHUM Institut du cancer de Montr\u00e9al 900 rue St-Denis, bureau R12-472 Montr\u00e9al, QC, H2X 0A9 T 514 890-8000 #31408 sophie.petropoulos@gmail.com sophie.petropoulos@umontreal.ca sophie.petropoulos@ki.se https:\/\/ki.se\/en\/people\/soppet Consultez le [&hellip;]\" \/>\n<meta property=\"og:url\" content=\"https:\/\/biomol.umontreal.ca\/en\/research\/les-professeurs\/petropoulos-sophie-ph-d\/\" \/>\n<meta property=\"og:site_name\" content=\"Programmes de biologie mol\u00e9culaire\" \/>\n<meta property=\"article:modified_time\" content=\"2026-02-01T21:06:49+00:00\" \/>\n<meta name=\"twitter:card\" content=\"summary_large_image\" \/>\n<meta name=\"twitter:label1\" content=\"Est. reading time\" \/>\n\t<meta name=\"twitter:data1\" content=\"2 minutes\" \/>\n<script type=\"application\/ld+json\" class=\"yoast-schema-graph\">{\"@context\":\"https:\/\/schema.org\",\"@graph\":[{\"@type\":\"WebPage\",\"@id\":\"https:\/\/biomol.umontreal.ca\/en\/research\/les-professeurs\/petropoulos-sophie-ph-d\/\",\"url\":\"https:\/\/biomol.umontreal.ca\/en\/research\/les-professeurs\/petropoulos-sophie-ph-d\/\",\"name\":\"Petropoulos, Sophie, Ph.D. - Programmes de biologie mol\u00e9culaire\",\"isPartOf\":{\"@id\":\"https:\/\/biomol.umontreal.ca\/#website\"},\"datePublished\":\"2018-11-16T18:12:33+00:00\",\"dateModified\":\"2026-02-01T21:06:49+00:00\",\"breadcrumb\":{\"@id\":\"https:\/\/biomol.umontreal.ca\/en\/research\/les-professeurs\/petropoulos-sophie-ph-d\/#breadcrumb\"},\"inLanguage\":\"en-US\",\"potentialAction\":[{\"@type\":\"ReadAction\",\"target\":[\"https:\/\/biomol.umontreal.ca\/en\/research\/les-professeurs\/petropoulos-sophie-ph-d\/\"]}]},{\"@type\":\"BreadcrumbList\",\"@id\":\"https:\/\/biomol.umontreal.ca\/en\/research\/les-professeurs\/petropoulos-sophie-ph-d\/#breadcrumb\",\"itemListElement\":[{\"@type\":\"ListItem\",\"position\":1,\"name\":\"Accueil\",\"item\":\"https:\/\/biomol.umontreal.ca\/en\/\"},{\"@type\":\"ListItem\",\"position\":2,\"name\":\"Research\",\"item\":\"https:\/\/biomol.umontreal.ca\/en\/research\/\"},{\"@type\":\"ListItem\",\"position\":3,\"name\":\"Our professors\",\"item\":\"https:\/\/biomol.umontreal.ca\/en\/research\/les-professeurs\/\"},{\"@type\":\"ListItem\",\"position\":4,\"name\":\"Petropoulos, Sophie, Ph.D.\"}]},{\"@type\":\"WebSite\",\"@id\":\"https:\/\/biomol.umontreal.ca\/#website\",\"url\":\"https:\/\/biomol.umontreal.ca\/\",\"name\":\"Programmes de biologie mol\u00e9culaire\",\"description\":\"\",\"potentialAction\":[{\"@type\":\"SearchAction\",\"target\":{\"@type\":\"EntryPoint\",\"urlTemplate\":\"https:\/\/biomol.umontreal.ca\/?s={search_term_string}\"},\"query-input\":{\"@type\":\"PropertyValueSpecification\",\"valueRequired\":true,\"valueName\":\"search_term_string\"}}],\"inLanguage\":\"en-US\"}]}<\/script>\n<!-- \/ Yoast SEO plugin. -->","yoast_head_json":{"title":"Petropoulos, Sophie, Ph.D. - Programmes de biologie mol\u00e9culaire","robots":{"index":"index","follow":"follow","max-snippet":"max-snippet:-1","max-image-preview":"max-image-preview:large","max-video-preview":"max-video-preview:-1"},"canonical":"https:\/\/biomol.umontreal.ca\/en\/research\/les-professeurs\/petropoulos-sophie-ph-d\/","og_locale":"en_US","og_type":"article","og_title":"Petropoulos, Sophie, Ph.D. - Programmes de biologie mol\u00e9culaire","og_description":"Coordonn\u00e9es Centre de recherche &#8211; CHUM Institut du cancer de Montr\u00e9al 900 rue St-Denis, bureau R12-472 Montr\u00e9al, QC, H2X 0A9 T 514 890-8000 #31408 sophie.petropoulos@gmail.com sophie.petropoulos@umontreal.ca sophie.petropoulos@ki.se https:\/\/ki.se\/en\/people\/soppet Consultez le [&hellip;]","og_url":"https:\/\/biomol.umontreal.ca\/en\/research\/les-professeurs\/petropoulos-sophie-ph-d\/","og_site_name":"Programmes de biologie mol\u00e9culaire","article_modified_time":"2026-02-01T21:06:49+00:00","twitter_card":"summary_large_image","twitter_misc":{"Est. reading time":"2 minutes"},"schema":{"@context":"https:\/\/schema.org","@graph":[{"@type":"WebPage","@id":"https:\/\/biomol.umontreal.ca\/en\/research\/les-professeurs\/petropoulos-sophie-ph-d\/","url":"https:\/\/biomol.umontreal.ca\/en\/research\/les-professeurs\/petropoulos-sophie-ph-d\/","name":"Petropoulos, Sophie, Ph.D. - Programmes de biologie mol\u00e9culaire","isPartOf":{"@id":"https:\/\/biomol.umontreal.ca\/#website"},"datePublished":"2018-11-16T18:12:33+00:00","dateModified":"2026-02-01T21:06:49+00:00","breadcrumb":{"@id":"https:\/\/biomol.umontreal.ca\/en\/research\/les-professeurs\/petropoulos-sophie-ph-d\/#breadcrumb"},"inLanguage":"en-US","potentialAction":[{"@type":"ReadAction","target":["https:\/\/biomol.umontreal.ca\/en\/research\/les-professeurs\/petropoulos-sophie-ph-d\/"]}]},{"@type":"BreadcrumbList","@id":"https:\/\/biomol.umontreal.ca\/en\/research\/les-professeurs\/petropoulos-sophie-ph-d\/#breadcrumb","itemListElement":[{"@type":"ListItem","position":1,"name":"Accueil","item":"https:\/\/biomol.umontreal.ca\/en\/"},{"@type":"ListItem","position":2,"name":"Research","item":"https:\/\/biomol.umontreal.ca\/en\/research\/"},{"@type":"ListItem","position":3,"name":"Our professors","item":"https:\/\/biomol.umontreal.ca\/en\/research\/les-professeurs\/"},{"@type":"ListItem","position":4,"name":"Petropoulos, Sophie, Ph.D."}]},{"@type":"WebSite","@id":"https:\/\/biomol.umontreal.ca\/#website","url":"https:\/\/biomol.umontreal.ca\/","name":"Programmes de biologie mol\u00e9culaire","description":"","potentialAction":[{"@type":"SearchAction","target":{"@type":"EntryPoint","urlTemplate":"https:\/\/biomol.umontreal.ca\/?s={search_term_string}"},"query-input":{"@type":"PropertyValueSpecification","valueRequired":true,"valueName":"search_term_string"}}],"inLanguage":"en-US"}]}},"_links":{"self":[{"href":"https:\/\/biomol.umontreal.ca\/en\/wp-json\/wp\/v2\/pages\/4881","targetHints":{"allow":["GET"]}}],"collection":[{"href":"https:\/\/biomol.umontreal.ca\/en\/wp-json\/wp\/v2\/pages"}],"about":[{"href":"https:\/\/biomol.umontreal.ca\/en\/wp-json\/wp\/v2\/types\/page"}],"author":[{"embeddable":true,"href":"https:\/\/biomol.umontreal.ca\/en\/wp-json\/wp\/v2\/users\/216"}],"replies":[{"embeddable":true,"href":"https:\/\/biomol.umontreal.ca\/en\/wp-json\/wp\/v2\/comments?post=4881"}],"version-history":[{"count":2,"href":"https:\/\/biomol.umontreal.ca\/en\/wp-json\/wp\/v2\/pages\/4881\/revisions"}],"predecessor-version":[{"id":6856,"href":"https:\/\/biomol.umontreal.ca\/en\/wp-json\/wp\/v2\/pages\/4881\/revisions\/6856"}],"up":[{"embeddable":true,"href":"https:\/\/biomol.umontreal.ca\/en\/wp-json\/wp\/v2\/pages\/3557"}],"wp:attachment":[{"href":"https:\/\/biomol.umontreal.ca\/en\/wp-json\/wp\/v2\/media?parent=4881"}],"curies":[{"name":"wp","href":"https:\/\/api.w.org\/{rel}","templated":true}]}}