{"id":4864,"date":"2018-08-24T15:52:04","date_gmt":"2018-08-24T19:52:04","guid":{"rendered":"https:\/\/biomol.umontreal.ca\/research\/les-professeurs\/malleshaiah-mohan-ph-d\/"},"modified":"2026-02-01T14:55:58","modified_gmt":"2026-02-01T19:55:58","slug":"malleshaiah-mohan-ph-d","status":"publish","type":"page","link":"https:\/\/biomol.umontreal.ca\/en\/research\/les-professeurs\/malleshaiah-mohan-ph-d\/","title":{"rendered":"Malleshaiah, Mohan, Ph.D."},"content":{"rendered":"<h3>Coordonn\u00e9es<\/h3>\n<p>Stem Cells and Cell Reprogramming Research Unit<br \/>\nInstitut de recherche clinique de Montr\u00e9al (IRCM)<br \/>\n110 Pine Avenue West, Montreal, QC H2W 1R7<br \/>\n<strong>T<\/strong> 514 987 5733<br \/>\n<a href=\"mailto:mohan.malleshaiah@ircm.qc.ca\">mohan.malleshaiah@ircm.qc.ca<\/a><\/p>\n<hr\/>\n<div class=\"one-half first \">\n<h2>Axes de recherche<\/h2>\n<ul>\n<li>Biologie des syst\u00e8mes<\/li>\n<li>Cellules souches<\/li>\n<li>Signalisation intracellulaire<\/li>\n<li>G\u00e9nomique<\/li>\n<\/ul>\n<h2>Description de la recherche<\/h2>\n<p>Les \u00e9tats cellulaires et leurs transitions sont fondamentaux pour le d\u00e9veloppement, les maladies telles que le cancer, et la reprogrammation cellulaire. Les r\u00e9seaux r\u00e9gulateurs critiques, en particulier les prot\u00e9ines, qui traitent l&#8217;information du signal et contr\u00f4lent les \u00e9tats cellulaires et leurs transitions sont les moins bien compris.<\/p>\n<p>L&#8217;unit\u00e9 de recherche en cellules souches et reprogrammation cellulaire\u00a0se concentre sur l&#8217;identification des r\u00e9gulateurs sp\u00e9cifiques \u00e0 l&#8217;\u00e9tat cellulaire, l&#8217;\u00e9lucidation de leurs r\u00e9seaux et la caract\u00e9risation de leur dynamique. Les syst\u00e8mes bas\u00e9s sur les cellules souches et les cellules canc\u00e9reuses nous fournissent des mod\u00e8les appropri\u00e9s pour \u00e9tudier les \u00e9tats cellulaires au niveau de la cellule unique. Pour comprendre les m\u00e9canismes de r\u00e9gulation des \u00e9tats cellulaires, l&#8217;\u00e9quipe combine\u00a0des mesures quantitatives d&#8217;une seule cellule (y compris la prot\u00e9omique et la g\u00e9nomique) avec des approches d&#8217;analyse computationnelle et de mod\u00e9lisation. Elle utilise\u00a0en outre la connaissance des m\u00e9canismes de r\u00e9gulation pour pr\u00e9dire et inverser les \u00e9tats cellulaires \u00e0 des fins utiles par le biais de la reprogrammation cellulaire et des strat\u00e9gies de conception mol\u00e9culaire.<\/p>\n<p>Le laboratoire souhaite\u00a0acqu\u00e9rir une compr\u00e9hension holistique des m\u00e9canismes que les cellules ont \u00e9volu\u00e9 pour atteindre et maintenir des \u00e9tats cellulaires sp\u00e9cifiques. Il est \u00e9galement esp\u00e9r\u00e9 que les\u00a0conclusions transcendent les fronti\u00e8res de la discipline et r\u00e9v\u00e8lent les principes g\u00e9n\u00e9raux de conception \u00e9volu\u00e9s dans les cellules de mammif\u00e8res pour le traitement de l&#8217;information.<\/p>\n<\/div>\n<div class=\"one-half  \">\n<h2>Research axis<\/h2>\n<ul>\n<li>Systems Biology<\/li>\n<li>Stem Cells<\/li>\n<li>Intracellular Signaling<\/li>\n<li>Genomics<\/li>\n<\/ul>\n<h2>Research description<\/h2>\n<p>Cell states and their transitions are fundamental to development, diseases such as cancer, and cell reprogramming. The critical regulatory networks, particularly involving proteins, which process the signal information and control the cell states and their transitions are least understood.<\/p>\n<p>Our research focus is to identify cell state specific regulators, elucidate their networks and characterize their dynamics. Stem cell and cancer cell-based systems provide us suitable models to study the cell states at single-cell level. To understand the regulatory mechanisms of cell states we combine quantitative single-cell measurements (including proteomics and genomics) with computational analysis and modelling approaches. We further utilize the gained knowledge of regulatory mechanisms to predict and reverse-engineer cell states for useful purposes through cell reprogramming and molecular design strategies.<\/p>\n<p>Ultimately, we hope to gain holistic understanding of the mechanisms cells have evolved to achieve and maintain specific cell states. We also expect that the findings will transcend discipline boundaries and reveal general design principles evolved in mammalian cells for information processing.<\/p>\n<\/div>\n<hr\/>\n","protected":false},"excerpt":{"rendered":"<p>Coordonn\u00e9es Stem Cells and Cell Reprogramming Research Unit Institut de recherche clinique de Montr\u00e9al (IRCM) 110 Pine Avenue West, Montreal, QC H2W 1R7 T 514 987 5733 mohan.malleshaiah@ircm.qc.ca<\/p>\n","protected":false},"author":216,"featured_media":0,"parent":3557,"menu_order":0,"comment_status":"closed","ping_status":"closed","template":"","meta":{"footnotes":""},"class_list":["post-4864","page","type-page","status-publish","hentry"],"yoast_head":"<!-- This site is optimized with the Yoast SEO plugin v25.0 - https:\/\/yoast.com\/wordpress\/plugins\/seo\/ -->\n<title>Malleshaiah, Mohan, Ph.D. - Programmes de biologie mol\u00e9culaire<\/title>\n<meta name=\"robots\" content=\"index, follow, max-snippet:-1, max-image-preview:large, max-video-preview:-1\" \/>\n<link rel=\"canonical\" href=\"https:\/\/biomol.umontreal.ca\/en\/research\/les-professeurs\/malleshaiah-mohan-ph-d\/\" \/>\n<meta property=\"og:locale\" content=\"en_US\" \/>\n<meta property=\"og:type\" content=\"article\" \/>\n<meta property=\"og:title\" content=\"Malleshaiah, Mohan, Ph.D. - Programmes de biologie mol\u00e9culaire\" \/>\n<meta property=\"og:description\" content=\"Coordonn\u00e9es Stem Cells and Cell Reprogramming Research Unit Institut de recherche clinique de Montr\u00e9al (IRCM) 110 Pine Avenue West, Montreal, QC H2W 1R7 T 514 987 5733 mohan.malleshaiah@ircm.qc.ca\" \/>\n<meta property=\"og:url\" content=\"https:\/\/biomol.umontreal.ca\/en\/research\/les-professeurs\/malleshaiah-mohan-ph-d\/\" \/>\n<meta property=\"og:site_name\" content=\"Programmes de biologie mol\u00e9culaire\" \/>\n<meta property=\"article:modified_time\" content=\"2026-02-01T19:55:58+00:00\" \/>\n<meta name=\"twitter:card\" content=\"summary_large_image\" \/>\n<meta name=\"twitter:label1\" content=\"Est. reading time\" \/>\n\t<meta name=\"twitter:data1\" content=\"2 minutes\" \/>\n<script type=\"application\/ld+json\" class=\"yoast-schema-graph\">{\"@context\":\"https:\/\/schema.org\",\"@graph\":[{\"@type\":\"WebPage\",\"@id\":\"https:\/\/biomol.umontreal.ca\/en\/research\/les-professeurs\/malleshaiah-mohan-ph-d\/\",\"url\":\"https:\/\/biomol.umontreal.ca\/en\/research\/les-professeurs\/malleshaiah-mohan-ph-d\/\",\"name\":\"Malleshaiah, Mohan, Ph.D. - Programmes de biologie mol\u00e9culaire\",\"isPartOf\":{\"@id\":\"https:\/\/biomol.umontreal.ca\/#website\"},\"datePublished\":\"2018-08-24T19:52:04+00:00\",\"dateModified\":\"2026-02-01T19:55:58+00:00\",\"breadcrumb\":{\"@id\":\"https:\/\/biomol.umontreal.ca\/en\/research\/les-professeurs\/malleshaiah-mohan-ph-d\/#breadcrumb\"},\"inLanguage\":\"en-US\",\"potentialAction\":[{\"@type\":\"ReadAction\",\"target\":[\"https:\/\/biomol.umontreal.ca\/en\/research\/les-professeurs\/malleshaiah-mohan-ph-d\/\"]}]},{\"@type\":\"BreadcrumbList\",\"@id\":\"https:\/\/biomol.umontreal.ca\/en\/research\/les-professeurs\/malleshaiah-mohan-ph-d\/#breadcrumb\",\"itemListElement\":[{\"@type\":\"ListItem\",\"position\":1,\"name\":\"Accueil\",\"item\":\"https:\/\/biomol.umontreal.ca\/en\/\"},{\"@type\":\"ListItem\",\"position\":2,\"name\":\"Research\",\"item\":\"https:\/\/biomol.umontreal.ca\/en\/research\/\"},{\"@type\":\"ListItem\",\"position\":3,\"name\":\"Our professors\",\"item\":\"https:\/\/biomol.umontreal.ca\/en\/research\/les-professeurs\/\"},{\"@type\":\"ListItem\",\"position\":4,\"name\":\"Malleshaiah, Mohan, Ph.D.\"}]},{\"@type\":\"WebSite\",\"@id\":\"https:\/\/biomol.umontreal.ca\/#website\",\"url\":\"https:\/\/biomol.umontreal.ca\/\",\"name\":\"Programmes de biologie mol\u00e9culaire\",\"description\":\"\",\"potentialAction\":[{\"@type\":\"SearchAction\",\"target\":{\"@type\":\"EntryPoint\",\"urlTemplate\":\"https:\/\/biomol.umontreal.ca\/?s={search_term_string}\"},\"query-input\":{\"@type\":\"PropertyValueSpecification\",\"valueRequired\":true,\"valueName\":\"search_term_string\"}}],\"inLanguage\":\"en-US\"}]}<\/script>\n<!-- \/ Yoast SEO plugin. -->","yoast_head_json":{"title":"Malleshaiah, Mohan, Ph.D. - Programmes de biologie mol\u00e9culaire","robots":{"index":"index","follow":"follow","max-snippet":"max-snippet:-1","max-image-preview":"max-image-preview:large","max-video-preview":"max-video-preview:-1"},"canonical":"https:\/\/biomol.umontreal.ca\/en\/research\/les-professeurs\/malleshaiah-mohan-ph-d\/","og_locale":"en_US","og_type":"article","og_title":"Malleshaiah, Mohan, Ph.D. - Programmes de biologie mol\u00e9culaire","og_description":"Coordonn\u00e9es Stem Cells and Cell Reprogramming Research Unit Institut de recherche clinique de Montr\u00e9al (IRCM) 110 Pine Avenue West, Montreal, QC H2W 1R7 T 514 987 5733 mohan.malleshaiah@ircm.qc.ca","og_url":"https:\/\/biomol.umontreal.ca\/en\/research\/les-professeurs\/malleshaiah-mohan-ph-d\/","og_site_name":"Programmes de biologie mol\u00e9culaire","article_modified_time":"2026-02-01T19:55:58+00:00","twitter_card":"summary_large_image","twitter_misc":{"Est. reading time":"2 minutes"},"schema":{"@context":"https:\/\/schema.org","@graph":[{"@type":"WebPage","@id":"https:\/\/biomol.umontreal.ca\/en\/research\/les-professeurs\/malleshaiah-mohan-ph-d\/","url":"https:\/\/biomol.umontreal.ca\/en\/research\/les-professeurs\/malleshaiah-mohan-ph-d\/","name":"Malleshaiah, Mohan, Ph.D. - Programmes de biologie mol\u00e9culaire","isPartOf":{"@id":"https:\/\/biomol.umontreal.ca\/#website"},"datePublished":"2018-08-24T19:52:04+00:00","dateModified":"2026-02-01T19:55:58+00:00","breadcrumb":{"@id":"https:\/\/biomol.umontreal.ca\/en\/research\/les-professeurs\/malleshaiah-mohan-ph-d\/#breadcrumb"},"inLanguage":"en-US","potentialAction":[{"@type":"ReadAction","target":["https:\/\/biomol.umontreal.ca\/en\/research\/les-professeurs\/malleshaiah-mohan-ph-d\/"]}]},{"@type":"BreadcrumbList","@id":"https:\/\/biomol.umontreal.ca\/en\/research\/les-professeurs\/malleshaiah-mohan-ph-d\/#breadcrumb","itemListElement":[{"@type":"ListItem","position":1,"name":"Accueil","item":"https:\/\/biomol.umontreal.ca\/en\/"},{"@type":"ListItem","position":2,"name":"Research","item":"https:\/\/biomol.umontreal.ca\/en\/research\/"},{"@type":"ListItem","position":3,"name":"Our professors","item":"https:\/\/biomol.umontreal.ca\/en\/research\/les-professeurs\/"},{"@type":"ListItem","position":4,"name":"Malleshaiah, Mohan, Ph.D."}]},{"@type":"WebSite","@id":"https:\/\/biomol.umontreal.ca\/#website","url":"https:\/\/biomol.umontreal.ca\/","name":"Programmes de biologie mol\u00e9culaire","description":"","potentialAction":[{"@type":"SearchAction","target":{"@type":"EntryPoint","urlTemplate":"https:\/\/biomol.umontreal.ca\/?s={search_term_string}"},"query-input":{"@type":"PropertyValueSpecification","valueRequired":true,"valueName":"search_term_string"}}],"inLanguage":"en-US"}]}},"_links":{"self":[{"href":"https:\/\/biomol.umontreal.ca\/en\/wp-json\/wp\/v2\/pages\/4864","targetHints":{"allow":["GET"]}}],"collection":[{"href":"https:\/\/biomol.umontreal.ca\/en\/wp-json\/wp\/v2\/pages"}],"about":[{"href":"https:\/\/biomol.umontreal.ca\/en\/wp-json\/wp\/v2\/types\/page"}],"author":[{"embeddable":true,"href":"https:\/\/biomol.umontreal.ca\/en\/wp-json\/wp\/v2\/users\/216"}],"replies":[{"embeddable":true,"href":"https:\/\/biomol.umontreal.ca\/en\/wp-json\/wp\/v2\/comments?post=4864"}],"version-history":[{"count":2,"href":"https:\/\/biomol.umontreal.ca\/en\/wp-json\/wp\/v2\/pages\/4864\/revisions"}],"predecessor-version":[{"id":6756,"href":"https:\/\/biomol.umontreal.ca\/en\/wp-json\/wp\/v2\/pages\/4864\/revisions\/6756"}],"up":[{"embeddable":true,"href":"https:\/\/biomol.umontreal.ca\/en\/wp-json\/wp\/v2\/pages\/3557"}],"wp:attachment":[{"href":"https:\/\/biomol.umontreal.ca\/en\/wp-json\/wp\/v2\/media?parent=4864"}],"curies":[{"name":"wp","href":"https:\/\/api.w.org\/{rel}","templated":true}]}}