{"id":4745,"date":"2018-02-26T13:01:50","date_gmt":"2018-02-26T18:01:50","guid":{"rendered":"https:\/\/biomol.umontreal.ca\/student-guide\/plan-global-detudes\/"},"modified":"2021-04-26T14:06:54","modified_gmt":"2021-04-26T18:06:54","slug":"plan-global-detudes","status":"publish","type":"page","link":"https:\/\/biomol.umontreal.ca\/en\/student-guide\/plan-global-detudes\/","title":{"rendered":"Global Study Plan"},"content":{"rendered":"<p>The Universit\u00e9 de Montr\u00e9al&#8217;s <strong>Global Study Plan<\/strong> (PG\u00c9) has two parts, the <strong>Study Plan<\/strong> and the <strong>Support Plan for Success<\/strong>.<\/p>\n<p>The <strong>Study Plan<\/strong> is generated directly in Synchro from the data already entered by the &#8220;techniciennes et techniciens \u00e0 la gestion des dossiers \u00e9tudiants&#8221; (TGDE). The information concerns in particular the choice of the research director, the courses to be followed and the deadlines for the various compulsory steps.<\/p>\n<p>The <strong>Support Plan for Success<\/strong> is submitted by the student to Synchro and complements the Global Study Plan. This plan, completed in collaboration with the research director, allows the student and his director, as well as his co-director if necessary, to discuss the modalities of supervision and to plan the M.Sc.\/Ph.D. plan and activities in order to establish certain realistic working arrangements.<\/p>\n<p class=\"bodytext\">Download the interactive pdf form: <a href=\"https:\/\/esp.umontreal.ca\/fileadmin\/esp\/documents\/Cheminement\/soutien-reussite\/ESP_Plan_soutien_reussite.pdf\" target=\"_blank\" rel=\"noopener noreferrer\">Plan de soutien \u00e0 la r\u00e9ussite<\/a>.<\/p>\n<p>The Molecular Biology Programs Graduate Studies Committee <u>suggests<\/u> some guidelines for the Support Plan for Success:<\/p>\n<ul>\n<li>The frequency of the follow-up \/ thesis committees and formative evaluations as indicated on the M.Sc\/Ph.D. plan.<\/li>\n<li>As of \u00a0A-21 (September 1, 2021), it is recommended that a <u>minimum annual scholarship<\/u> of 19,000 (MSc) and 21,000 (PhD) be granted to all students of the program. As of A-22 (September 1, 2022), it will be recommended that a <u>minimum annual scholarship<\/u> of 20,000 (MSc) and 22,000 (PhD) be awarded to all students in the program. If the recommendations of a research center are higher or lower than these amounts, the <u>higher amounts<\/u> are recommended by the program.<\/li>\n<li>A presence of 160 hours per month &#8211; variable schedule according to the constraints related to the experimental work and other related activities (courses, exams, congresses &#8230;)<\/li>\n<li>Minimum annual vacation period of 2 weeks + statutory vacation from the University or research center<\/li>\n<\/ul>\n","protected":false},"excerpt":{"rendered":"<p>The Universit\u00e9 de Montr\u00e9al&#8217;s Global Study Plan (PG\u00c9) has two parts, the Study Plan and the Support Plan for Success. The Study Plan is generated directly in Synchro from the [&hellip;]<\/p>\n","protected":false},"author":25,"featured_media":0,"parent":3508,"menu_order":0,"comment_status":"closed","ping_status":"closed","template":"","meta":{"footnotes":""},"class_list":["post-4745","page","type-page","status-publish","hentry"],"yoast_head":"<!-- This site is optimized with the Yoast SEO plugin v25.0 - https:\/\/yoast.com\/wordpress\/plugins\/seo\/ -->\n<title>Global Study Plan - Programmes de biologie mol\u00e9culaire<\/title>\n<meta name=\"robots\" content=\"index, follow, max-snippet:-1, max-image-preview:large, max-video-preview:-1\" \/>\n<link rel=\"canonical\" href=\"https:\/\/biomol.umontreal.ca\/en\/student-guide\/plan-global-detudes\/\" \/>\n<meta property=\"og:locale\" content=\"en_US\" \/>\n<meta property=\"og:type\" content=\"article\" \/>\n<meta property=\"og:title\" content=\"Global Study Plan - Programmes de biologie mol\u00e9culaire\" \/>\n<meta property=\"og:description\" content=\"The Universit\u00e9 de Montr\u00e9al&#8217;s Global Study Plan (PG\u00c9) has two parts, the Study Plan and the Support Plan for Success. The Study Plan is generated directly in Synchro from the [&hellip;]\" \/>\n<meta property=\"og:url\" content=\"https:\/\/biomol.umontreal.ca\/en\/student-guide\/plan-global-detudes\/\" \/>\n<meta property=\"og:site_name\" content=\"Programmes de biologie mol\u00e9culaire\" \/>\n<meta property=\"article:modified_time\" content=\"2021-04-26T18:06:54+00:00\" \/>\n<meta name=\"twitter:card\" content=\"summary_large_image\" \/>\n<meta name=\"twitter:label1\" content=\"Est. reading time\" \/>\n\t<meta name=\"twitter:data1\" content=\"1 minute\" \/>\n<script type=\"application\/ld+json\" class=\"yoast-schema-graph\">{\"@context\":\"https:\/\/schema.org\",\"@graph\":[{\"@type\":\"WebPage\",\"@id\":\"https:\/\/biomol.umontreal.ca\/en\/student-guide\/plan-global-detudes\/\",\"url\":\"https:\/\/biomol.umontreal.ca\/en\/student-guide\/plan-global-detudes\/\",\"name\":\"Global Study Plan - Programmes de biologie mol\u00e9culaire\",\"isPartOf\":{\"@id\":\"https:\/\/biomol.umontreal.ca\/#website\"},\"datePublished\":\"2018-02-26T18:01:50+00:00\",\"dateModified\":\"2021-04-26T18:06:54+00:00\",\"breadcrumb\":{\"@id\":\"https:\/\/biomol.umontreal.ca\/en\/student-guide\/plan-global-detudes\/#breadcrumb\"},\"inLanguage\":\"en-US\",\"potentialAction\":[{\"@type\":\"ReadAction\",\"target\":[\"https:\/\/biomol.umontreal.ca\/en\/student-guide\/plan-global-detudes\/\"]}]},{\"@type\":\"BreadcrumbList\",\"@id\":\"https:\/\/biomol.umontreal.ca\/en\/student-guide\/plan-global-detudes\/#breadcrumb\",\"itemListElement\":[{\"@type\":\"ListItem\",\"position\":1,\"name\":\"Accueil\",\"item\":\"https:\/\/biomol.umontreal.ca\/en\/\"},{\"@type\":\"ListItem\",\"position\":2,\"name\":\"Student guide\",\"item\":\"https:\/\/biomol.umontreal.ca\/en\/student-guide\/\"},{\"@type\":\"ListItem\",\"position\":3,\"name\":\"Global Study Plan\"}]},{\"@type\":\"WebSite\",\"@id\":\"https:\/\/biomol.umontreal.ca\/#website\",\"url\":\"https:\/\/biomol.umontreal.ca\/\",\"name\":\"Programmes de biologie mol\u00e9culaire\",\"description\":\"\",\"potentialAction\":[{\"@type\":\"SearchAction\",\"target\":{\"@type\":\"EntryPoint\",\"urlTemplate\":\"https:\/\/biomol.umontreal.ca\/?s={search_term_string}\"},\"query-input\":{\"@type\":\"PropertyValueSpecification\",\"valueRequired\":true,\"valueName\":\"search_term_string\"}}],\"inLanguage\":\"en-US\"}]}<\/script>\n<!-- \/ Yoast SEO plugin. -->","yoast_head_json":{"title":"Global Study Plan - Programmes de biologie mol\u00e9culaire","robots":{"index":"index","follow":"follow","max-snippet":"max-snippet:-1","max-image-preview":"max-image-preview:large","max-video-preview":"max-video-preview:-1"},"canonical":"https:\/\/biomol.umontreal.ca\/en\/student-guide\/plan-global-detudes\/","og_locale":"en_US","og_type":"article","og_title":"Global Study Plan - Programmes de biologie mol\u00e9culaire","og_description":"The Universit\u00e9 de Montr\u00e9al&#8217;s Global Study Plan (PG\u00c9) has two parts, the Study Plan and the Support Plan for Success. The Study Plan is generated directly in Synchro from the [&hellip;]","og_url":"https:\/\/biomol.umontreal.ca\/en\/student-guide\/plan-global-detudes\/","og_site_name":"Programmes de biologie mol\u00e9culaire","article_modified_time":"2021-04-26T18:06:54+00:00","twitter_card":"summary_large_image","twitter_misc":{"Est. reading time":"1 minute"},"schema":{"@context":"https:\/\/schema.org","@graph":[{"@type":"WebPage","@id":"https:\/\/biomol.umontreal.ca\/en\/student-guide\/plan-global-detudes\/","url":"https:\/\/biomol.umontreal.ca\/en\/student-guide\/plan-global-detudes\/","name":"Global Study Plan - Programmes de biologie mol\u00e9culaire","isPartOf":{"@id":"https:\/\/biomol.umontreal.ca\/#website"},"datePublished":"2018-02-26T18:01:50+00:00","dateModified":"2021-04-26T18:06:54+00:00","breadcrumb":{"@id":"https:\/\/biomol.umontreal.ca\/en\/student-guide\/plan-global-detudes\/#breadcrumb"},"inLanguage":"en-US","potentialAction":[{"@type":"ReadAction","target":["https:\/\/biomol.umontreal.ca\/en\/student-guide\/plan-global-detudes\/"]}]},{"@type":"BreadcrumbList","@id":"https:\/\/biomol.umontreal.ca\/en\/student-guide\/plan-global-detudes\/#breadcrumb","itemListElement":[{"@type":"ListItem","position":1,"name":"Accueil","item":"https:\/\/biomol.umontreal.ca\/en\/"},{"@type":"ListItem","position":2,"name":"Student guide","item":"https:\/\/biomol.umontreal.ca\/en\/student-guide\/"},{"@type":"ListItem","position":3,"name":"Global Study Plan"}]},{"@type":"WebSite","@id":"https:\/\/biomol.umontreal.ca\/#website","url":"https:\/\/biomol.umontreal.ca\/","name":"Programmes de biologie mol\u00e9culaire","description":"","potentialAction":[{"@type":"SearchAction","target":{"@type":"EntryPoint","urlTemplate":"https:\/\/biomol.umontreal.ca\/?s={search_term_string}"},"query-input":{"@type":"PropertyValueSpecification","valueRequired":true,"valueName":"search_term_string"}}],"inLanguage":"en-US"}]}},"_links":{"self":[{"href":"https:\/\/biomol.umontreal.ca\/en\/wp-json\/wp\/v2\/pages\/4745","targetHints":{"allow":["GET"]}}],"collection":[{"href":"https:\/\/biomol.umontreal.ca\/en\/wp-json\/wp\/v2\/pages"}],"about":[{"href":"https:\/\/biomol.umontreal.ca\/en\/wp-json\/wp\/v2\/types\/page"}],"author":[{"embeddable":true,"href":"https:\/\/biomol.umontreal.ca\/en\/wp-json\/wp\/v2\/users\/25"}],"replies":[{"embeddable":true,"href":"https:\/\/biomol.umontreal.ca\/en\/wp-json\/wp\/v2\/comments?post=4745"}],"version-history":[{"count":7,"href":"https:\/\/biomol.umontreal.ca\/en\/wp-json\/wp\/v2\/pages\/4745\/revisions"}],"predecessor-version":[{"id":5376,"href":"https:\/\/biomol.umontreal.ca\/en\/wp-json\/wp\/v2\/pages\/4745\/revisions\/5376"}],"up":[{"embeddable":true,"href":"https:\/\/biomol.umontreal.ca\/en\/wp-json\/wp\/v2\/pages\/3508"}],"wp:attachment":[{"href":"https:\/\/biomol.umontreal.ca\/en\/wp-json\/wp\/v2\/media?parent=4745"}],"curies":[{"name":"wp","href":"https:\/\/api.w.org\/{rel}","templated":true}]}}