{"id":4731,"date":"2011-09-07T11:57:15","date_gmt":"2011-09-07T15:57:15","guid":{"rendered":"https:\/\/biomol.umontreal.ca\/research\/les-instituts-de-recherche\/"},"modified":"2026-01-22T16:45:45","modified_gmt":"2026-01-22T21:45:45","slug":"les-instituts-de-recherche","status":"publish","type":"page","link":"https:\/\/biomol.umontreal.ca\/en\/research\/les-instituts-de-recherche\/","title":{"rendered":"Les instituts de recherche"},"content":{"rendered":"<p>Our accredited professors\/researchers are located in different research institutes and hospitals affiliated with Universit\u00e9 de Montr\u00e9al.<\/p>\n<ul>\n<li><a href=\"http:\/\/crchum.chumontreal.qc.ca\/\" target=\"_blank\" rel=\"noopener noreferrer\">Centre de recherche du centre hospitalier de l&#8217;Universit\u00e9 de Montr\u00e9al<\/a><\/li>\n<li><a href=\"https:\/\/crhmr.ciusss-estmtl.gouv.qc.ca\/fr\" target=\"_blank\" rel=\"noopener noreferrer\">Centre de recherche de l&#8217;h\u00f4pital Maisonneuve-Rosemont<\/a><\/li>\n<li><a href=\"http:\/\/www.medvet.umontreal.ca\/CRRA\/\" target=\"_blank\" rel=\"noopener noreferrer\">Centre de recherche en reproduction animale<\/a><\/li>\n<li><a href=\"https:\/\/recherche.chusj.org\" target=\"_blank\" rel=\"noopener noreferrer\">Centre de recherche de l&#8217;h\u00f4pital Sainte-Justine<\/a><\/li>\n<li><a href=\"https:\/\/www.icm-mhi.org\/fr\/institut-de-cardiologie-de-montreal\">Institut de cardiologie de Montr\u00e9al<\/a><\/li>\n<li><a href=\"https:\/\/www.ircm.qc.ca\/fr\/accueil\">Institut de recherches cliniques de Montr\u00e9al<\/a><\/li>\n<li><a href=\"http:\/\/www.iric.ca\/\" target=\"_blank\" rel=\"noopener noreferrer\">Institut de recherche en immunologie et canc\u00e9rologie<\/a><\/li>\n<\/ul>\n<p>&nbsp;<\/p>\n<p>&nbsp;<\/p>\n<p>&nbsp;<\/p>\n<p>&nbsp;<\/p>\n","protected":false},"excerpt":{"rendered":"<p>Our accredited professors\/researchers are located in different research institutes and hospitals affiliated with Universit\u00e9 de Montr\u00e9al. Centre de recherche du centre hospitalier de l&#8217;Universit\u00e9 de Montr\u00e9al Centre de recherche de [&hellip;]<\/p>\n","protected":false},"author":25,"featured_media":0,"parent":3556,"menu_order":10,"comment_status":"closed","ping_status":"closed","template":"","meta":{"footnotes":""},"class_list":["post-4731","page","type-page","status-publish","hentry"],"yoast_head":"<!-- This site is optimized with the Yoast SEO plugin v25.0 - https:\/\/yoast.com\/wordpress\/plugins\/seo\/ -->\n<title>Les instituts de recherche - Programmes de biologie mol\u00e9culaire<\/title>\n<meta name=\"robots\" content=\"index, follow, max-snippet:-1, max-image-preview:large, max-video-preview:-1\" \/>\n<link rel=\"canonical\" href=\"https:\/\/biomol.umontreal.ca\/en\/research\/les-instituts-de-recherche\/\" \/>\n<meta property=\"og:locale\" content=\"en_US\" \/>\n<meta property=\"og:type\" content=\"article\" \/>\n<meta property=\"og:title\" content=\"Les instituts de recherche - Programmes de biologie mol\u00e9culaire\" \/>\n<meta property=\"og:description\" content=\"Our accredited professors\/researchers are located in different research institutes and hospitals affiliated with Universit\u00e9 de Montr\u00e9al. Centre de recherche du centre hospitalier de l&#8217;Universit\u00e9 de Montr\u00e9al Centre de recherche de [&hellip;]\" \/>\n<meta property=\"og:url\" content=\"https:\/\/biomol.umontreal.ca\/en\/research\/les-instituts-de-recherche\/\" \/>\n<meta property=\"og:site_name\" content=\"Programmes de biologie mol\u00e9culaire\" \/>\n<meta property=\"article:modified_time\" content=\"2026-01-22T21:45:45+00:00\" \/>\n<meta name=\"twitter:card\" content=\"summary_large_image\" \/>\n<meta name=\"twitter:label1\" content=\"Est. reading time\" \/>\n\t<meta name=\"twitter:data1\" content=\"1 minute\" \/>\n<script type=\"application\/ld+json\" class=\"yoast-schema-graph\">{\"@context\":\"https:\/\/schema.org\",\"@graph\":[{\"@type\":\"WebPage\",\"@id\":\"https:\/\/biomol.umontreal.ca\/en\/research\/les-instituts-de-recherche\/\",\"url\":\"https:\/\/biomol.umontreal.ca\/en\/research\/les-instituts-de-recherche\/\",\"name\":\"Les instituts de recherche - Programmes de biologie mol\u00e9culaire\",\"isPartOf\":{\"@id\":\"https:\/\/biomol.umontreal.ca\/#website\"},\"datePublished\":\"2011-09-07T15:57:15+00:00\",\"dateModified\":\"2026-01-22T21:45:45+00:00\",\"breadcrumb\":{\"@id\":\"https:\/\/biomol.umontreal.ca\/en\/research\/les-instituts-de-recherche\/#breadcrumb\"},\"inLanguage\":\"en-US\",\"potentialAction\":[{\"@type\":\"ReadAction\",\"target\":[\"https:\/\/biomol.umontreal.ca\/en\/research\/les-instituts-de-recherche\/\"]}]},{\"@type\":\"BreadcrumbList\",\"@id\":\"https:\/\/biomol.umontreal.ca\/en\/research\/les-instituts-de-recherche\/#breadcrumb\",\"itemListElement\":[{\"@type\":\"ListItem\",\"position\":1,\"name\":\"Accueil\",\"item\":\"https:\/\/biomol.umontreal.ca\/en\/\"},{\"@type\":\"ListItem\",\"position\":2,\"name\":\"Research\",\"item\":\"https:\/\/biomol.umontreal.ca\/en\/research\/\"},{\"@type\":\"ListItem\",\"position\":3,\"name\":\"Les instituts de recherche\"}]},{\"@type\":\"WebSite\",\"@id\":\"https:\/\/biomol.umontreal.ca\/#website\",\"url\":\"https:\/\/biomol.umontreal.ca\/\",\"name\":\"Programmes de biologie mol\u00e9culaire\",\"description\":\"\",\"potentialAction\":[{\"@type\":\"SearchAction\",\"target\":{\"@type\":\"EntryPoint\",\"urlTemplate\":\"https:\/\/biomol.umontreal.ca\/?s={search_term_string}\"},\"query-input\":{\"@type\":\"PropertyValueSpecification\",\"valueRequired\":true,\"valueName\":\"search_term_string\"}}],\"inLanguage\":\"en-US\"}]}<\/script>\n<!-- \/ Yoast SEO plugin. -->","yoast_head_json":{"title":"Les instituts de recherche - Programmes de biologie mol\u00e9culaire","robots":{"index":"index","follow":"follow","max-snippet":"max-snippet:-1","max-image-preview":"max-image-preview:large","max-video-preview":"max-video-preview:-1"},"canonical":"https:\/\/biomol.umontreal.ca\/en\/research\/les-instituts-de-recherche\/","og_locale":"en_US","og_type":"article","og_title":"Les instituts de recherche - Programmes de biologie mol\u00e9culaire","og_description":"Our accredited professors\/researchers are located in different research institutes and hospitals affiliated with Universit\u00e9 de Montr\u00e9al. Centre de recherche du centre hospitalier de l&#8217;Universit\u00e9 de Montr\u00e9al Centre de recherche de [&hellip;]","og_url":"https:\/\/biomol.umontreal.ca\/en\/research\/les-instituts-de-recherche\/","og_site_name":"Programmes de biologie mol\u00e9culaire","article_modified_time":"2026-01-22T21:45:45+00:00","twitter_card":"summary_large_image","twitter_misc":{"Est. reading time":"1 minute"},"schema":{"@context":"https:\/\/schema.org","@graph":[{"@type":"WebPage","@id":"https:\/\/biomol.umontreal.ca\/en\/research\/les-instituts-de-recherche\/","url":"https:\/\/biomol.umontreal.ca\/en\/research\/les-instituts-de-recherche\/","name":"Les instituts de recherche - Programmes de biologie mol\u00e9culaire","isPartOf":{"@id":"https:\/\/biomol.umontreal.ca\/#website"},"datePublished":"2011-09-07T15:57:15+00:00","dateModified":"2026-01-22T21:45:45+00:00","breadcrumb":{"@id":"https:\/\/biomol.umontreal.ca\/en\/research\/les-instituts-de-recherche\/#breadcrumb"},"inLanguage":"en-US","potentialAction":[{"@type":"ReadAction","target":["https:\/\/biomol.umontreal.ca\/en\/research\/les-instituts-de-recherche\/"]}]},{"@type":"BreadcrumbList","@id":"https:\/\/biomol.umontreal.ca\/en\/research\/les-instituts-de-recherche\/#breadcrumb","itemListElement":[{"@type":"ListItem","position":1,"name":"Accueil","item":"https:\/\/biomol.umontreal.ca\/en\/"},{"@type":"ListItem","position":2,"name":"Research","item":"https:\/\/biomol.umontreal.ca\/en\/research\/"},{"@type":"ListItem","position":3,"name":"Les instituts de recherche"}]},{"@type":"WebSite","@id":"https:\/\/biomol.umontreal.ca\/#website","url":"https:\/\/biomol.umontreal.ca\/","name":"Programmes de biologie mol\u00e9culaire","description":"","potentialAction":[{"@type":"SearchAction","target":{"@type":"EntryPoint","urlTemplate":"https:\/\/biomol.umontreal.ca\/?s={search_term_string}"},"query-input":{"@type":"PropertyValueSpecification","valueRequired":true,"valueName":"search_term_string"}}],"inLanguage":"en-US"}]}},"_links":{"self":[{"href":"https:\/\/biomol.umontreal.ca\/en\/wp-json\/wp\/v2\/pages\/4731","targetHints":{"allow":["GET"]}}],"collection":[{"href":"https:\/\/biomol.umontreal.ca\/en\/wp-json\/wp\/v2\/pages"}],"about":[{"href":"https:\/\/biomol.umontreal.ca\/en\/wp-json\/wp\/v2\/types\/page"}],"author":[{"embeddable":true,"href":"https:\/\/biomol.umontreal.ca\/en\/wp-json\/wp\/v2\/users\/25"}],"replies":[{"embeddable":true,"href":"https:\/\/biomol.umontreal.ca\/en\/wp-json\/wp\/v2\/comments?post=4731"}],"version-history":[{"count":6,"href":"https:\/\/biomol.umontreal.ca\/en\/wp-json\/wp\/v2\/pages\/4731\/revisions"}],"predecessor-version":[{"id":6492,"href":"https:\/\/biomol.umontreal.ca\/en\/wp-json\/wp\/v2\/pages\/4731\/revisions\/6492"}],"up":[{"embeddable":true,"href":"https:\/\/biomol.umontreal.ca\/en\/wp-json\/wp\/v2\/pages\/3556"}],"wp:attachment":[{"href":"https:\/\/biomol.umontreal.ca\/en\/wp-json\/wp\/v2\/media?parent=4731"}],"curies":[{"name":"wp","href":"https:\/\/api.w.org\/{rel}","templated":true}]}}