{"id":4725,"date":"2011-09-07T11:57:15","date_gmt":"2011-09-07T15:57:15","guid":{"rendered":"https:\/\/biomol.umontreal.ca\/academic-program\/option-maladies-complexes-chez-lhumain\/"},"modified":"2011-09-07T11:57:15","modified_gmt":"2011-09-07T15:57:15","slug":"option-maladies-complexes-chez-lhumain","status":"publish","type":"page","link":"https:\/\/biomol.umontreal.ca\/en\/academic-program\/option-maladies-complexes-chez-lhumain\/","title":{"rendered":"Option maladies complexes chez l&#8217;humain"},"content":{"rendered":"<p>L\u2019option maladies complexes chez l\u2019humain, cr\u00e9\u00e9e en 2011, vous offre un programme d&#8217;\u00e9tude cibl\u00e9 refl\u00e9tant et regroupant la recherche en biologie mol\u00e9culaire, g\u00e9n\u00e9tique et th\u00e9rapies nouvelles des maladies complexes humaines.<\/p>\n<p>La <a href=\"https:\/\/admission.umontreal.ca\/programmes\/maitrise-en-biologie-moleculaire\/\" target=\"_blank\" rel=\"noopener noreferrer\">ma\u00eetrise en biologie mol\u00e9culaire, option maladies complexes chez l\u2019humain<\/a>, vous offre une formation sp\u00e9cialis\u00e9e et pluridisciplinaire. Au cours de la premi\u00e8re ann\u00e9e vous serez amen\u00e9s \u00e0 suivre une vari\u00e9t\u00e9 de <a title=\"Les cours\" href=\"https:\/\/biomol.umontreal.ca\/programme-academique\/les-cours\/\">cours<\/a> li\u00e9s aux maladies complexes humaines permettant ainsi une formation sp\u00e9cialis\u00e9e. Vous r\u00e9aliserez en parall\u00e8le un projet de recherche dans un des <a title=\"Les professeurs\" href=\"https:\/\/biomol.umontreal.ca\/?page_id=1040\">laboratoires<\/a> comp\u00e9titifs des centres de recherche du CHUM et des centres hospitaliers affili\u00e9s \u00e0 l\u2019Universit\u00e9 de Montr\u00e9al.<\/p>\n<p>Le <a href=\"https:\/\/admission.umontreal.ca\/programmes\/doctorat-en-biologie-moleculaire\/\">doctorat en biologie mol\u00e9culaire, option maladies complexes chez l\u2019humain<\/a>, vous offre une solide formation dans le domaine de la recherche et permet l&#8217;apprentissage des m\u00e9thodes et techniques de base qui sont \u00e0 la fine pointe de l&#8217;\u00e9tude des macromol\u00e9cules biologiques.<\/p>\n<p><img loading=\"lazy\" decoding=\"async\" class=\"size-full wp-image-1333 alignnone\" title=\"cours_credits\" src=\"https:\/\/biomol.umontreal.ca\/wp-content\/uploads\/sites\/46\/cours_credits.jpg\" alt=\"\" width=\"292\" height=\"302\" srcset=\"https:\/\/biomol.umontreal.ca\/wp-content\/uploads\/sites\/46\/cours_credits.jpg 292w, https:\/\/biomol.umontreal.ca\/wp-content\/uploads\/sites\/46\/cours_credits-290x300.jpg 290w, https:\/\/biomol.umontreal.ca\/wp-content\/uploads\/sites\/46\/cours_credits-36x36.jpg 36w\" sizes=\"auto, (max-width: 292px) 100vw, 292px\" \/><!--:--><\/p>\n","protected":false},"excerpt":{"rendered":"<p>L\u2019option maladies complexes chez l\u2019humain, cr\u00e9\u00e9e en 2011, vous offre un programme d&#8217;\u00e9tude cibl\u00e9 refl\u00e9tant et regroupant la recherche en biologie mol\u00e9culaire, g\u00e9n\u00e9tique et th\u00e9rapies nouvelles des maladies complexes humaines. [&hellip;]<\/p>\n","protected":false},"author":216,"featured_media":0,"parent":3554,"menu_order":5,"comment_status":"closed","ping_status":"closed","template":"","meta":{"footnotes":""},"class_list":["post-4725","page","type-page","status-publish","hentry"],"yoast_head":"<!-- This site is optimized with the Yoast SEO plugin v25.0 - https:\/\/yoast.com\/wordpress\/plugins\/seo\/ -->\n<title>Option maladies complexes chez l&#039;humain - Programmes de biologie mol\u00e9culaire<\/title>\n<meta name=\"robots\" content=\"index, follow, max-snippet:-1, max-image-preview:large, max-video-preview:-1\" \/>\n<link rel=\"canonical\" href=\"https:\/\/biomol.umontreal.ca\/en\/academic-program\/option-maladies-complexes-chez-lhumain\/\" \/>\n<meta property=\"og:locale\" content=\"en_US\" \/>\n<meta property=\"og:type\" content=\"article\" \/>\n<meta property=\"og:title\" content=\"Option maladies complexes chez l&#039;humain - Programmes de biologie mol\u00e9culaire\" \/>\n<meta property=\"og:description\" content=\"L\u2019option maladies complexes chez l\u2019humain, cr\u00e9\u00e9e en 2011, vous offre un programme d&#8217;\u00e9tude cibl\u00e9 refl\u00e9tant et regroupant la recherche en biologie mol\u00e9culaire, g\u00e9n\u00e9tique et th\u00e9rapies nouvelles des maladies complexes humaines. [&hellip;]\" \/>\n<meta property=\"og:url\" content=\"https:\/\/biomol.umontreal.ca\/en\/academic-program\/option-maladies-complexes-chez-lhumain\/\" \/>\n<meta property=\"og:site_name\" content=\"Programmes de biologie mol\u00e9culaire\" \/>\n<meta property=\"og:image\" content=\"https:\/\/biomol.umontreal.ca\/wp-content\/uploads\/sites\/46\/cours_credits.jpg\" \/>\n<meta name=\"twitter:card\" content=\"summary_large_image\" \/>\n<meta name=\"twitter:label1\" content=\"Est. reading time\" \/>\n\t<meta name=\"twitter:data1\" content=\"1 minute\" \/>\n<script type=\"application\/ld+json\" class=\"yoast-schema-graph\">{\"@context\":\"https:\/\/schema.org\",\"@graph\":[{\"@type\":\"WebPage\",\"@id\":\"https:\/\/biomol.umontreal.ca\/en\/academic-program\/option-maladies-complexes-chez-lhumain\/\",\"url\":\"https:\/\/biomol.umontreal.ca\/en\/academic-program\/option-maladies-complexes-chez-lhumain\/\",\"name\":\"Option maladies complexes chez l'humain - Programmes de biologie mol\u00e9culaire\",\"isPartOf\":{\"@id\":\"https:\/\/biomol.umontreal.ca\/#website\"},\"primaryImageOfPage\":{\"@id\":\"https:\/\/biomol.umontreal.ca\/en\/academic-program\/option-maladies-complexes-chez-lhumain\/#primaryimage\"},\"image\":{\"@id\":\"https:\/\/biomol.umontreal.ca\/en\/academic-program\/option-maladies-complexes-chez-lhumain\/#primaryimage\"},\"thumbnailUrl\":\"https:\/\/biomol.umontreal.ca\/wp-content\/uploads\/sites\/46\/cours_credits.jpg\",\"datePublished\":\"2011-09-07T15:57:15+00:00\",\"breadcrumb\":{\"@id\":\"https:\/\/biomol.umontreal.ca\/en\/academic-program\/option-maladies-complexes-chez-lhumain\/#breadcrumb\"},\"inLanguage\":\"en-US\",\"potentialAction\":[{\"@type\":\"ReadAction\",\"target\":[\"https:\/\/biomol.umontreal.ca\/en\/academic-program\/option-maladies-complexes-chez-lhumain\/\"]}]},{\"@type\":\"ImageObject\",\"inLanguage\":\"en-US\",\"@id\":\"https:\/\/biomol.umontreal.ca\/en\/academic-program\/option-maladies-complexes-chez-lhumain\/#primaryimage\",\"url\":\"https:\/\/biomol.umontreal.ca\/wp-content\/uploads\/sites\/46\/cours_credits.jpg\",\"contentUrl\":\"https:\/\/biomol.umontreal.ca\/wp-content\/uploads\/sites\/46\/cours_credits.jpg\"},{\"@type\":\"BreadcrumbList\",\"@id\":\"https:\/\/biomol.umontreal.ca\/en\/academic-program\/option-maladies-complexes-chez-lhumain\/#breadcrumb\",\"itemListElement\":[{\"@type\":\"ListItem\",\"position\":1,\"name\":\"Accueil\",\"item\":\"https:\/\/biomol.umontreal.ca\/en\/\"},{\"@type\":\"ListItem\",\"position\":2,\"name\":\"Academic Program\",\"item\":\"https:\/\/biomol.umontreal.ca\/en\/academic-program\/\"},{\"@type\":\"ListItem\",\"position\":3,\"name\":\"Option maladies complexes chez l&#8217;humain\"}]},{\"@type\":\"WebSite\",\"@id\":\"https:\/\/biomol.umontreal.ca\/#website\",\"url\":\"https:\/\/biomol.umontreal.ca\/\",\"name\":\"Programmes de biologie mol\u00e9culaire\",\"description\":\"\",\"potentialAction\":[{\"@type\":\"SearchAction\",\"target\":{\"@type\":\"EntryPoint\",\"urlTemplate\":\"https:\/\/biomol.umontreal.ca\/?s={search_term_string}\"},\"query-input\":{\"@type\":\"PropertyValueSpecification\",\"valueRequired\":true,\"valueName\":\"search_term_string\"}}],\"inLanguage\":\"en-US\"}]}<\/script>\n<!-- \/ Yoast SEO plugin. -->","yoast_head_json":{"title":"Option maladies complexes chez l'humain - Programmes de biologie mol\u00e9culaire","robots":{"index":"index","follow":"follow","max-snippet":"max-snippet:-1","max-image-preview":"max-image-preview:large","max-video-preview":"max-video-preview:-1"},"canonical":"https:\/\/biomol.umontreal.ca\/en\/academic-program\/option-maladies-complexes-chez-lhumain\/","og_locale":"en_US","og_type":"article","og_title":"Option maladies complexes chez l'humain - Programmes de biologie mol\u00e9culaire","og_description":"L\u2019option maladies complexes chez l\u2019humain, cr\u00e9\u00e9e en 2011, vous offre un programme d&#8217;\u00e9tude cibl\u00e9 refl\u00e9tant et regroupant la recherche en biologie mol\u00e9culaire, g\u00e9n\u00e9tique et th\u00e9rapies nouvelles des maladies complexes humaines. [&hellip;]","og_url":"https:\/\/biomol.umontreal.ca\/en\/academic-program\/option-maladies-complexes-chez-lhumain\/","og_site_name":"Programmes de biologie mol\u00e9culaire","og_image":[{"url":"https:\/\/biomol.umontreal.ca\/wp-content\/uploads\/sites\/46\/cours_credits.jpg","type":"","width":"","height":""}],"twitter_card":"summary_large_image","twitter_misc":{"Est. reading time":"1 minute"},"schema":{"@context":"https:\/\/schema.org","@graph":[{"@type":"WebPage","@id":"https:\/\/biomol.umontreal.ca\/en\/academic-program\/option-maladies-complexes-chez-lhumain\/","url":"https:\/\/biomol.umontreal.ca\/en\/academic-program\/option-maladies-complexes-chez-lhumain\/","name":"Option maladies complexes chez l'humain - Programmes de biologie mol\u00e9culaire","isPartOf":{"@id":"https:\/\/biomol.umontreal.ca\/#website"},"primaryImageOfPage":{"@id":"https:\/\/biomol.umontreal.ca\/en\/academic-program\/option-maladies-complexes-chez-lhumain\/#primaryimage"},"image":{"@id":"https:\/\/biomol.umontreal.ca\/en\/academic-program\/option-maladies-complexes-chez-lhumain\/#primaryimage"},"thumbnailUrl":"https:\/\/biomol.umontreal.ca\/wp-content\/uploads\/sites\/46\/cours_credits.jpg","datePublished":"2011-09-07T15:57:15+00:00","breadcrumb":{"@id":"https:\/\/biomol.umontreal.ca\/en\/academic-program\/option-maladies-complexes-chez-lhumain\/#breadcrumb"},"inLanguage":"en-US","potentialAction":[{"@type":"ReadAction","target":["https:\/\/biomol.umontreal.ca\/en\/academic-program\/option-maladies-complexes-chez-lhumain\/"]}]},{"@type":"ImageObject","inLanguage":"en-US","@id":"https:\/\/biomol.umontreal.ca\/en\/academic-program\/option-maladies-complexes-chez-lhumain\/#primaryimage","url":"https:\/\/biomol.umontreal.ca\/wp-content\/uploads\/sites\/46\/cours_credits.jpg","contentUrl":"https:\/\/biomol.umontreal.ca\/wp-content\/uploads\/sites\/46\/cours_credits.jpg"},{"@type":"BreadcrumbList","@id":"https:\/\/biomol.umontreal.ca\/en\/academic-program\/option-maladies-complexes-chez-lhumain\/#breadcrumb","itemListElement":[{"@type":"ListItem","position":1,"name":"Accueil","item":"https:\/\/biomol.umontreal.ca\/en\/"},{"@type":"ListItem","position":2,"name":"Academic Program","item":"https:\/\/biomol.umontreal.ca\/en\/academic-program\/"},{"@type":"ListItem","position":3,"name":"Option maladies complexes chez l&#8217;humain"}]},{"@type":"WebSite","@id":"https:\/\/biomol.umontreal.ca\/#website","url":"https:\/\/biomol.umontreal.ca\/","name":"Programmes de biologie mol\u00e9culaire","description":"","potentialAction":[{"@type":"SearchAction","target":{"@type":"EntryPoint","urlTemplate":"https:\/\/biomol.umontreal.ca\/?s={search_term_string}"},"query-input":{"@type":"PropertyValueSpecification","valueRequired":true,"valueName":"search_term_string"}}],"inLanguage":"en-US"}]}},"_links":{"self":[{"href":"https:\/\/biomol.umontreal.ca\/en\/wp-json\/wp\/v2\/pages\/4725","targetHints":{"allow":["GET"]}}],"collection":[{"href":"https:\/\/biomol.umontreal.ca\/en\/wp-json\/wp\/v2\/pages"}],"about":[{"href":"https:\/\/biomol.umontreal.ca\/en\/wp-json\/wp\/v2\/types\/page"}],"author":[{"embeddable":true,"href":"https:\/\/biomol.umontreal.ca\/en\/wp-json\/wp\/v2\/users\/216"}],"replies":[{"embeddable":true,"href":"https:\/\/biomol.umontreal.ca\/en\/wp-json\/wp\/v2\/comments?post=4725"}],"version-history":[{"count":0,"href":"https:\/\/biomol.umontreal.ca\/en\/wp-json\/wp\/v2\/pages\/4725\/revisions"}],"up":[{"embeddable":true,"href":"https:\/\/biomol.umontreal.ca\/en\/wp-json\/wp\/v2\/pages\/3554"}],"wp:attachment":[{"href":"https:\/\/biomol.umontreal.ca\/en\/wp-json\/wp\/v2\/media?parent=4725"}],"curies":[{"name":"wp","href":"https:\/\/api.w.org\/{rel}","templated":true}]}}