{"id":4700,"date":"2018-02-26T11:39:26","date_gmt":"2018-02-26T16:39:26","guid":{"rendered":"https:\/\/biomol.umontreal.ca\/research\/professors\/chemtob-sylvain\/"},"modified":"2026-02-01T13:39:49","modified_gmt":"2026-02-01T18:39:49","slug":"chemtob-sylvain","status":"publish","type":"page","link":"https:\/\/biomol.umontreal.ca\/en\/research\/les-professeurs\/chemtob-sylvain\/","title":{"rendered":"Chemtob, Sylvain, Ph.D."},"content":{"rendered":"<h3>Coordonn\u00e9es<\/h3>\n<p>CHU Ste Justine<br \/>\n3175 Cote Ste Catherine<br \/>\nMontreal, Qc, H3T 1C5<\/p>\n<p><strong>T<\/strong> 514 345-4931 #2978<br \/>\n<a href=\"mailto:sylvain.chemtob@umontreal.ca\">sylvain.chemtob@umontreal.ca<br \/>\n<\/a><a href=\"mailto:Sylvain.chemtob@gmail.com\">Sylvain.chemtob@gmail.com<\/a><\/p>\n<hr\/>\n<h2>Axes de recherche<\/h2>\n<ul>\n<li>Biologie des syst\u00e8mes<\/li>\n<li>Approches th\u00e9rapeutiques<\/li>\n<li>Signalisation intracellulaire<\/li>\n<\/ul>\n<h2>Description de la recherche<\/h2>\n<p><strong><em><u>R\u00e9tinopathie du pr\u00e9matur\u00e9<\/u><\/em><\/strong>\u00a0: La naissance pr\u00e9matur\u00e9e d\u2019un enfant est associ\u00e9e \u00e0 un risque accru de r\u00e9tinopathie du pr\u00e9matur\u00e9. Au cours des 15 derni\u00e8res ann\u00e9es, nous avons tent\u00e9 de mieux comprendre les m\u00e9canismes impliqu\u00e9s dans la g\u00e9n\u00e8se de cette r\u00e9tinopathie du pr\u00e9matur\u00e9. La phase de d\u00e9g\u00e9n\u00e9rescence vasculaire repr\u00e9sente l\u2019\u00e9l\u00e9ment cl\u00e9 qui pr\u00e9c\u00e8de les dysfonctions r\u00e9tiniennes et la n\u00e9ovascularisation anormale.<\/p>\n<p>C\u2019est donc sur cette phase du d\u00e9veloppement de la maladie que nous avons concentr\u00e9 nos efforts. Nos travaux structuro-fonctionnels en collaboration avec le Dr Lachapelle ont permis de d\u00e9montrer l\u2019impact d\u2019une exposition relativement excessive \u00e0 l\u2019oxyg\u00e8ne en p\u00e9riode extra-ut\u00e9rine sur l\u2019involution de la couche plexiforme externe de la r\u00e9tine, et plus r\u00e9cemment sur l\u2019amincissement de la choroide, la source principale d\u2019O<sub>2<\/sub> et de nutriments aux photor\u00e9cepteurs. Ces dommages m\u00e8nent \u00e0 des atteintes s\u00e9rieuses sur les photor\u00e9cepteurs \u00e0 plus long-terme. Plusieurs m\u00e9canismes interactifs furent identifi\u00e9s \u00e9galement, ayant men\u00e9 \u00e0 la d\u00e9couverte d\u2019importantes cibles th\u00e9rapeutiques. Nous explorons actuellement les m\u00e9canismes li\u00e9s \u00e0 la s\u00e9n\u00e9scence de l\u2019endoth\u00e9lium choroidien.<\/p>\n<p>Nos travaux sur la r\u00e9tinopathie du pr\u00e9matur\u00e9\u00a0nous ont inspir\u00e9 \u00e0 explorer la d\u00e9g\u00e9n\u00e9rescence maculaire li\u00e9e \u00e0 l\u2019\u00e2ge (DMLA). Sur ce, nous nous sommes concentr\u00e9s sur le r\u00e9cepteur multi-modal, CD36, qui est exprim\u00e9 dans la sous-r\u00e9tine et comporte des fonctions li\u00e9s au d\u00e9veloppement de la DMLA. Nos travaux se poursuivrent \u00e0 mieux comprendre le lien entre les macrophages et la choroide vis-\u00e0-vis du CD36.<\/p>\n<p><strong><em>GPCR nucl\u00e9aire<\/em><\/strong>\u00a0: Nous avons \u00e9t\u00e9 les pionniers de la d\u00e9couverte de GPCR nucl\u00e9aire. Cette d\u00e9couverte fut confirm\u00e9e par plus de 30 laboratoires ind\u00e9pendants. Plus r\u00e9cemment nous avons d\u00e9montr\u00e9 que les GPCRs nucl\u00e9aires ont des fonctions in vivo qui se distinguent de celles aux GPCR \u00e0 la surface cellulaire. Nous avons \u00e9galement identifi\u00e9 divers m\u00e9canismes de translocation des GPCRs vers le noyau cellulaire. Plusieurs questions surgissent quant aux m\u00e9canismes de circulation intra-nucl\u00e9aire, interaction avec le g\u00e9nome, et la r\u00e9gulation de la transcription. Un nombre de ces aspects sont poursuivis dans nos laboratoires.<\/p>\n<p><strong><em>D\u00e9couverte de candidats th\u00e9rapeutiques<\/em><\/strong>\u00a0: Une des activit\u00e9s principales de nos laboratoires depuis 18 ans se situe dans la d\u00e9couverte de candidats th\u00e9rapeutiques, que nous entreprenons en collaboration avec Dr W Lubell (Chimie, UdeM). En utilisant une approche rationnelle nous avons d\u00e9couvert des petits peptides candidats th\u00e9rapeutiques pour divers r\u00e9cepteurs, entre autres\u00a0: FP, V2, CCR2, IL-1R, IL-23R. Notre antagoniste FP fut lisens\u00e9 \u00e0 une compagnie (PDC) qui a d\u00e9velopp\u00e9 le compos\u00e9 jusqu\u2019en phase 1B avec succ\u00e8s et qui est pr\u00e9sentement pr\u00eat pour phase 2. Des autres compos\u00e9s, l\u2019anti-IL-1R fut identifi\u00e9 parmi les 10 plus grandes d\u00e9couvertes de l\u2019ann\u00e9e 2015 et fut l\u2019objet de divers honneurs international (Bloomberg, Gates Foundation, BioWorld, Genetic Engineering and Biotech News, etc.). Cette activit\u00e9 se poursuit actuellement pour d\u2019autres cibles.<\/p>\n<hr\/>\n","protected":false},"excerpt":{"rendered":"<p>Coordonn\u00e9es CHU Ste Justine 3175 Cote Ste Catherine Montreal, Qc, H3T 1C5 T 514 345-4931 #2978 sylvain.chemtob@umontreal.ca Sylvain.chemtob@gmail.com Axes de recherche Biologie des syst\u00e8mes Approches th\u00e9rapeutiques Signalisation intracellulaire Description de [&hellip;]<\/p>\n","protected":false},"author":25,"featured_media":0,"parent":3557,"menu_order":0,"comment_status":"closed","ping_status":"closed","template":"","meta":{"footnotes":""},"class_list":["post-4700","page","type-page","status-publish","hentry"],"yoast_head":"<!-- This site is optimized with the Yoast SEO plugin v25.0 - https:\/\/yoast.com\/wordpress\/plugins\/seo\/ -->\n<title>Chemtob, Sylvain, Ph.D. - Programmes de biologie mol\u00e9culaire<\/title>\n<meta name=\"robots\" content=\"index, follow, max-snippet:-1, max-image-preview:large, max-video-preview:-1\" \/>\n<link rel=\"canonical\" href=\"https:\/\/biomol.umontreal.ca\/en\/research\/les-professeurs\/chemtob-sylvain\/\" \/>\n<meta property=\"og:locale\" content=\"en_US\" \/>\n<meta property=\"og:type\" content=\"article\" \/>\n<meta property=\"og:title\" content=\"Chemtob, Sylvain, Ph.D. - Programmes de biologie mol\u00e9culaire\" \/>\n<meta property=\"og:description\" content=\"Coordonn\u00e9es CHU Ste Justine 3175 Cote Ste Catherine Montreal, Qc, H3T 1C5 T 514 345-4931 #2978 sylvain.chemtob@umontreal.ca Sylvain.chemtob@gmail.com Axes de recherche Biologie des syst\u00e8mes Approches th\u00e9rapeutiques Signalisation intracellulaire Description de [&hellip;]\" \/>\n<meta property=\"og:url\" content=\"https:\/\/biomol.umontreal.ca\/en\/research\/les-professeurs\/chemtob-sylvain\/\" \/>\n<meta property=\"og:site_name\" content=\"Programmes de biologie mol\u00e9culaire\" \/>\n<meta property=\"article:modified_time\" content=\"2026-02-01T18:39:49+00:00\" \/>\n<meta name=\"twitter:card\" content=\"summary_large_image\" \/>\n<meta name=\"twitter:label1\" content=\"Est. reading time\" \/>\n\t<meta name=\"twitter:data1\" content=\"3 minutes\" \/>\n<script type=\"application\/ld+json\" class=\"yoast-schema-graph\">{\"@context\":\"https:\/\/schema.org\",\"@graph\":[{\"@type\":\"WebPage\",\"@id\":\"https:\/\/biomol.umontreal.ca\/en\/research\/les-professeurs\/chemtob-sylvain\/\",\"url\":\"https:\/\/biomol.umontreal.ca\/en\/research\/les-professeurs\/chemtob-sylvain\/\",\"name\":\"Chemtob, Sylvain, Ph.D. - Programmes de biologie mol\u00e9culaire\",\"isPartOf\":{\"@id\":\"https:\/\/biomol.umontreal.ca\/#website\"},\"datePublished\":\"2018-02-26T16:39:26+00:00\",\"dateModified\":\"2026-02-01T18:39:49+00:00\",\"breadcrumb\":{\"@id\":\"https:\/\/biomol.umontreal.ca\/en\/research\/les-professeurs\/chemtob-sylvain\/#breadcrumb\"},\"inLanguage\":\"en-US\",\"potentialAction\":[{\"@type\":\"ReadAction\",\"target\":[\"https:\/\/biomol.umontreal.ca\/en\/research\/les-professeurs\/chemtob-sylvain\/\"]}]},{\"@type\":\"BreadcrumbList\",\"@id\":\"https:\/\/biomol.umontreal.ca\/en\/research\/les-professeurs\/chemtob-sylvain\/#breadcrumb\",\"itemListElement\":[{\"@type\":\"ListItem\",\"position\":1,\"name\":\"Accueil\",\"item\":\"https:\/\/biomol.umontreal.ca\/en\/\"},{\"@type\":\"ListItem\",\"position\":2,\"name\":\"Research\",\"item\":\"https:\/\/biomol.umontreal.ca\/en\/research\/\"},{\"@type\":\"ListItem\",\"position\":3,\"name\":\"Our professors\",\"item\":\"https:\/\/biomol.umontreal.ca\/en\/research\/les-professeurs\/\"},{\"@type\":\"ListItem\",\"position\":4,\"name\":\"Chemtob, Sylvain, Ph.D.\"}]},{\"@type\":\"WebSite\",\"@id\":\"https:\/\/biomol.umontreal.ca\/#website\",\"url\":\"https:\/\/biomol.umontreal.ca\/\",\"name\":\"Programmes de biologie mol\u00e9culaire\",\"description\":\"\",\"potentialAction\":[{\"@type\":\"SearchAction\",\"target\":{\"@type\":\"EntryPoint\",\"urlTemplate\":\"https:\/\/biomol.umontreal.ca\/?s={search_term_string}\"},\"query-input\":{\"@type\":\"PropertyValueSpecification\",\"valueRequired\":true,\"valueName\":\"search_term_string\"}}],\"inLanguage\":\"en-US\"}]}<\/script>\n<!-- \/ Yoast SEO plugin. -->","yoast_head_json":{"title":"Chemtob, Sylvain, Ph.D. - Programmes de biologie mol\u00e9culaire","robots":{"index":"index","follow":"follow","max-snippet":"max-snippet:-1","max-image-preview":"max-image-preview:large","max-video-preview":"max-video-preview:-1"},"canonical":"https:\/\/biomol.umontreal.ca\/en\/research\/les-professeurs\/chemtob-sylvain\/","og_locale":"en_US","og_type":"article","og_title":"Chemtob, Sylvain, Ph.D. - Programmes de biologie mol\u00e9culaire","og_description":"Coordonn\u00e9es CHU Ste Justine 3175 Cote Ste Catherine Montreal, Qc, H3T 1C5 T 514 345-4931 #2978 sylvain.chemtob@umontreal.ca Sylvain.chemtob@gmail.com Axes de recherche Biologie des syst\u00e8mes Approches th\u00e9rapeutiques Signalisation intracellulaire Description de [&hellip;]","og_url":"https:\/\/biomol.umontreal.ca\/en\/research\/les-professeurs\/chemtob-sylvain\/","og_site_name":"Programmes de biologie mol\u00e9culaire","article_modified_time":"2026-02-01T18:39:49+00:00","twitter_card":"summary_large_image","twitter_misc":{"Est. reading time":"3 minutes"},"schema":{"@context":"https:\/\/schema.org","@graph":[{"@type":"WebPage","@id":"https:\/\/biomol.umontreal.ca\/en\/research\/les-professeurs\/chemtob-sylvain\/","url":"https:\/\/biomol.umontreal.ca\/en\/research\/les-professeurs\/chemtob-sylvain\/","name":"Chemtob, Sylvain, Ph.D. - Programmes de biologie mol\u00e9culaire","isPartOf":{"@id":"https:\/\/biomol.umontreal.ca\/#website"},"datePublished":"2018-02-26T16:39:26+00:00","dateModified":"2026-02-01T18:39:49+00:00","breadcrumb":{"@id":"https:\/\/biomol.umontreal.ca\/en\/research\/les-professeurs\/chemtob-sylvain\/#breadcrumb"},"inLanguage":"en-US","potentialAction":[{"@type":"ReadAction","target":["https:\/\/biomol.umontreal.ca\/en\/research\/les-professeurs\/chemtob-sylvain\/"]}]},{"@type":"BreadcrumbList","@id":"https:\/\/biomol.umontreal.ca\/en\/research\/les-professeurs\/chemtob-sylvain\/#breadcrumb","itemListElement":[{"@type":"ListItem","position":1,"name":"Accueil","item":"https:\/\/biomol.umontreal.ca\/en\/"},{"@type":"ListItem","position":2,"name":"Research","item":"https:\/\/biomol.umontreal.ca\/en\/research\/"},{"@type":"ListItem","position":3,"name":"Our professors","item":"https:\/\/biomol.umontreal.ca\/en\/research\/les-professeurs\/"},{"@type":"ListItem","position":4,"name":"Chemtob, Sylvain, Ph.D."}]},{"@type":"WebSite","@id":"https:\/\/biomol.umontreal.ca\/#website","url":"https:\/\/biomol.umontreal.ca\/","name":"Programmes de biologie mol\u00e9culaire","description":"","potentialAction":[{"@type":"SearchAction","target":{"@type":"EntryPoint","urlTemplate":"https:\/\/biomol.umontreal.ca\/?s={search_term_string}"},"query-input":{"@type":"PropertyValueSpecification","valueRequired":true,"valueName":"search_term_string"}}],"inLanguage":"en-US"}]}},"_links":{"self":[{"href":"https:\/\/biomol.umontreal.ca\/en\/wp-json\/wp\/v2\/pages\/4700","targetHints":{"allow":["GET"]}}],"collection":[{"href":"https:\/\/biomol.umontreal.ca\/en\/wp-json\/wp\/v2\/pages"}],"about":[{"href":"https:\/\/biomol.umontreal.ca\/en\/wp-json\/wp\/v2\/types\/page"}],"author":[{"embeddable":true,"href":"https:\/\/biomol.umontreal.ca\/en\/wp-json\/wp\/v2\/users\/25"}],"replies":[{"embeddable":true,"href":"https:\/\/biomol.umontreal.ca\/en\/wp-json\/wp\/v2\/comments?post=4700"}],"version-history":[{"count":1,"href":"https:\/\/biomol.umontreal.ca\/en\/wp-json\/wp\/v2\/pages\/4700\/revisions"}],"predecessor-version":[{"id":6698,"href":"https:\/\/biomol.umontreal.ca\/en\/wp-json\/wp\/v2\/pages\/4700\/revisions\/6698"}],"up":[{"embeddable":true,"href":"https:\/\/biomol.umontreal.ca\/en\/wp-json\/wp\/v2\/pages\/3557"}],"wp:attachment":[{"href":"https:\/\/biomol.umontreal.ca\/en\/wp-json\/wp\/v2\/media?parent=4700"}],"curies":[{"name":"wp","href":"https:\/\/api.w.org\/{rel}","templated":true}]}}