{"id":4576,"date":"2017-06-07T11:12:52","date_gmt":"2017-06-07T15:12:52","guid":{"rendered":"https:\/\/biomol.umontreal.ca\/?page_id=4576\/"},"modified":"2026-01-22T16:35:55","modified_gmt":"2026-01-22T21:35:55","slug":"contact-us","status":"publish","type":"page","link":"https:\/\/biomol.umontreal.ca\/en\/contact-us\/","title":{"rendered":"Contact us"},"content":{"rendered":"<div class=\"one-half first \">\n<p><strong>Information on the program<\/strong><a href=\"mailto:biologie-moleculaire@meddir.umontreal.ca\"><\/a><\/p>\n<p>Information on the Master&#8217;s programs : \u00a0<a href=\"mailto:msc-biologie-moleculaire@meddir.umontreal.ca\">msc-biologie-moleculaire@meddir.umontreal.ca<\/a><\/p>\n<p>Information on the Doctoral programs : <a href=\"mailto:phd-biologie-moleculaire@meddir.umontreal.ca\">phd-biologie-moleculaire@meddir.umontreal.ca<\/a><\/p>\n<\/div>\n<div class=\"one-half  \">\n<p><strong>Webmestre<\/strong><\/p>\n<p><a href=\"mailto:msc-biologie-moleculaire@meddir.umontreal.ca\">M. Rachid Moufti<\/a><\/p>\n<\/div>\n<hr\/>\n<p><strong>Representatives<\/strong><\/p>\n<div class=\"one-half first \"><a href=\"david.hipfner@ircm.qc.ca\"><\/a><\/p>\n<p><a href=\"mailto:david.hipfner@ircm.qc.ca\">Dr David Hipfner<\/a><br \/>\nIRCM, M\u00e9decine et sp\u00e9cialit\u00e9s m\u00e9dicales, Director of the Master&#8217;s and Doctoral Graduate Programs in Molecular Biology<\/p>\n<p><a href=\"mailto:francois.robert@ircm.qc.ca\">Dr Fran\u00e7ois Robert<\/a><br \/>\nIRCM, M\u00e9decine et sp\u00e9cialit\u00e9s m\u00e9dicales, Unit respresentative for IRCM and contact person for the Molecular and Cellular Medicine option<\/p>\n<p><a href=\"mailto:fa.mallette@umontreal.ca\">Dr Fr\u00e9d\u00e9rick Antoine Mallette<\/a><br \/>\nHMR, M\u00e9decine et sp\u00e9cialit\u00e9s m\u00e9dicales, Unit respresentative for HMR &#8211; Institut de cardiologie de Montr\u00e9al<\/p>\n<\/div>\n<div class=\"one-half  \">\n<p><a href=\"mailto:sebastien.carreno@umontreal.ca\">Dr S\u00e9bastien Carr\u00e9no<\/a><br \/>\nIRIC, Pathologie et biologie cellulaire, Unit respresentative for IRIC &#8211; Campus and contact person for the Systems Biology option<\/p>\n<p><a href=\"mailto:rodierf@mac.com\">Dr Francis Rodier<\/a><br \/>\nCRCHUM, Radiologie-Radio-oncologie, M\u00e9decine nucl\u00e9aire, Unit respresentative for CRCHUM<\/p>\n<p><a href=\"mailto:gilles.hickson@umontreal.ca\">Dr Gilles Hickson<\/a><br \/>\nCRHSJ, Pathologie et biologie cellulaire, Unit respresentative for CHU Ste-Justine<\/p>\n<\/div>\n<hr\/>\n<div class=\"one-half first \">\n<p><strong>Contact Addresses<\/strong><\/p>\n<p>Doctoral program:<br \/>\nLucie Yan Liu<br \/>\n514-343-6111, extension 27508<br \/>\nFacult\u00e9 de M\u00e9decine \u2013 Pavillon Roger-Gaudry<br \/>\nOffice P-710<\/p>\n<p>Master&#8217;s program:<br \/>\nRachid Moufti<br \/>\n514 343-6111, extension 38171<br \/>\nFacult\u00e9 de M\u00e9decine \u2013 Pavillon Roger-Gaudry<br \/>\nOffice N-703<\/p>\n<\/div>\n<div class=\"one-half  \">\n<p><strong>Mailing Address<br \/>\n<\/strong>Programmes de biologie mol\u00e9culaire &#8211; Facult\u00e9 de M\u00e9decine<br \/>\nUniversit\u00e9 de Montr\u00e9al<br \/>\nC.P. 6128, Succursale Centre-ville<br \/>\nMontr\u00e9al (Qu\u00e9bec), H3C 3J7, Canada<br \/>\n<\/div>\n<p>&nbsp;<\/p>\n<p><!--:--><br \/>\n<iframe loading=\"lazy\" width=\"600\" height=\"350\" frameborder=\"0\" scrolling=\"no\" marginheight=\"0\" marginwidth=\"0\" src=\"https:\/\/www.google.com\/maps\/embed?pb=!1m18!1m12!1m3!1d2796.3655009787144!2d-73.61742088444117!3d45.50272047910153!2m3!1f0!2f0!3f0!3m2!1i1024!2i768!4f13.1!3m3!1m2!1s0x4cc919f32a2e9b4b%3A0x5a196897f054342b!2s2900+Boulevard+Edouard-Montpetit%2C+Montr%C3%A9al%2C+QC+H3T+1J4!5e0!3m2!1sfr!2sca!4v1492546257571\" ><\/iframe><\/p>\n","protected":false},"excerpt":{"rendered":"<p>Representatives &nbsp;<\/p>\n","protected":false},"author":25,"featured_media":0,"parent":0,"menu_order":16,"comment_status":"closed","ping_status":"closed","template":"","meta":{"footnotes":""},"class_list":["post-4576","page","type-page","status-publish","hentry"],"yoast_head":"<!-- This site is optimized with the Yoast SEO plugin v25.0 - https:\/\/yoast.com\/wordpress\/plugins\/seo\/ -->\n<title>Contact us - Programmes de biologie mol\u00e9culaire<\/title>\n<meta name=\"robots\" content=\"index, follow, max-snippet:-1, max-image-preview:large, max-video-preview:-1\" \/>\n<link rel=\"canonical\" href=\"https:\/\/biomol.umontreal.ca\/en\/contact-us\/\" \/>\n<meta property=\"og:locale\" content=\"en_US\" \/>\n<meta property=\"og:type\" content=\"article\" \/>\n<meta property=\"og:title\" content=\"Contact us - Programmes de biologie mol\u00e9culaire\" \/>\n<meta property=\"og:description\" content=\"Representatives &nbsp;\" \/>\n<meta property=\"og:url\" content=\"https:\/\/biomol.umontreal.ca\/en\/contact-us\/\" \/>\n<meta property=\"og:site_name\" content=\"Programmes de biologie mol\u00e9culaire\" \/>\n<meta property=\"article:modified_time\" content=\"2026-01-22T21:35:55+00:00\" \/>\n<meta name=\"twitter:card\" content=\"summary_large_image\" \/>\n<meta name=\"twitter:label1\" content=\"Est. reading time\" \/>\n\t<meta name=\"twitter:data1\" content=\"2 minutes\" \/>\n<script type=\"application\/ld+json\" class=\"yoast-schema-graph\">{\"@context\":\"https:\/\/schema.org\",\"@graph\":[{\"@type\":\"WebPage\",\"@id\":\"https:\/\/biomol.umontreal.ca\/en\/contact-us\/\",\"url\":\"https:\/\/biomol.umontreal.ca\/en\/contact-us\/\",\"name\":\"Contact us - Programmes de biologie mol\u00e9culaire\",\"isPartOf\":{\"@id\":\"https:\/\/biomol.umontreal.ca\/#website\"},\"datePublished\":\"2017-06-07T15:12:52+00:00\",\"dateModified\":\"2026-01-22T21:35:55+00:00\",\"breadcrumb\":{\"@id\":\"https:\/\/biomol.umontreal.ca\/en\/contact-us\/#breadcrumb\"},\"inLanguage\":\"en-US\",\"potentialAction\":[{\"@type\":\"ReadAction\",\"target\":[\"https:\/\/biomol.umontreal.ca\/en\/contact-us\/\"]}]},{\"@type\":\"BreadcrumbList\",\"@id\":\"https:\/\/biomol.umontreal.ca\/en\/contact-us\/#breadcrumb\",\"itemListElement\":[{\"@type\":\"ListItem\",\"position\":1,\"name\":\"Accueil\",\"item\":\"https:\/\/biomol.umontreal.ca\/en\/\"},{\"@type\":\"ListItem\",\"position\":2,\"name\":\"Contact us\"}]},{\"@type\":\"WebSite\",\"@id\":\"https:\/\/biomol.umontreal.ca\/#website\",\"url\":\"https:\/\/biomol.umontreal.ca\/\",\"name\":\"Programmes de biologie mol\u00e9culaire\",\"description\":\"\",\"potentialAction\":[{\"@type\":\"SearchAction\",\"target\":{\"@type\":\"EntryPoint\",\"urlTemplate\":\"https:\/\/biomol.umontreal.ca\/?s={search_term_string}\"},\"query-input\":{\"@type\":\"PropertyValueSpecification\",\"valueRequired\":true,\"valueName\":\"search_term_string\"}}],\"inLanguage\":\"en-US\"}]}<\/script>\n<!-- \/ Yoast SEO plugin. -->","yoast_head_json":{"title":"Contact us - Programmes de biologie mol\u00e9culaire","robots":{"index":"index","follow":"follow","max-snippet":"max-snippet:-1","max-image-preview":"max-image-preview:large","max-video-preview":"max-video-preview:-1"},"canonical":"https:\/\/biomol.umontreal.ca\/en\/contact-us\/","og_locale":"en_US","og_type":"article","og_title":"Contact us - Programmes de biologie mol\u00e9culaire","og_description":"Representatives &nbsp;","og_url":"https:\/\/biomol.umontreal.ca\/en\/contact-us\/","og_site_name":"Programmes de biologie mol\u00e9culaire","article_modified_time":"2026-01-22T21:35:55+00:00","twitter_card":"summary_large_image","twitter_misc":{"Est. reading time":"2 minutes"},"schema":{"@context":"https:\/\/schema.org","@graph":[{"@type":"WebPage","@id":"https:\/\/biomol.umontreal.ca\/en\/contact-us\/","url":"https:\/\/biomol.umontreal.ca\/en\/contact-us\/","name":"Contact us - Programmes de biologie mol\u00e9culaire","isPartOf":{"@id":"https:\/\/biomol.umontreal.ca\/#website"},"datePublished":"2017-06-07T15:12:52+00:00","dateModified":"2026-01-22T21:35:55+00:00","breadcrumb":{"@id":"https:\/\/biomol.umontreal.ca\/en\/contact-us\/#breadcrumb"},"inLanguage":"en-US","potentialAction":[{"@type":"ReadAction","target":["https:\/\/biomol.umontreal.ca\/en\/contact-us\/"]}]},{"@type":"BreadcrumbList","@id":"https:\/\/biomol.umontreal.ca\/en\/contact-us\/#breadcrumb","itemListElement":[{"@type":"ListItem","position":1,"name":"Accueil","item":"https:\/\/biomol.umontreal.ca\/en\/"},{"@type":"ListItem","position":2,"name":"Contact us"}]},{"@type":"WebSite","@id":"https:\/\/biomol.umontreal.ca\/#website","url":"https:\/\/biomol.umontreal.ca\/","name":"Programmes de biologie mol\u00e9culaire","description":"","potentialAction":[{"@type":"SearchAction","target":{"@type":"EntryPoint","urlTemplate":"https:\/\/biomol.umontreal.ca\/?s={search_term_string}"},"query-input":{"@type":"PropertyValueSpecification","valueRequired":true,"valueName":"search_term_string"}}],"inLanguage":"en-US"}]}},"_links":{"self":[{"href":"https:\/\/biomol.umontreal.ca\/en\/wp-json\/wp\/v2\/pages\/4576","targetHints":{"allow":["GET"]}}],"collection":[{"href":"https:\/\/biomol.umontreal.ca\/en\/wp-json\/wp\/v2\/pages"}],"about":[{"href":"https:\/\/biomol.umontreal.ca\/en\/wp-json\/wp\/v2\/types\/page"}],"author":[{"embeddable":true,"href":"https:\/\/biomol.umontreal.ca\/en\/wp-json\/wp\/v2\/users\/25"}],"replies":[{"embeddable":true,"href":"https:\/\/biomol.umontreal.ca\/en\/wp-json\/wp\/v2\/comments?post=4576"}],"version-history":[{"count":10,"href":"https:\/\/biomol.umontreal.ca\/en\/wp-json\/wp\/v2\/pages\/4576\/revisions"}],"predecessor-version":[{"id":6490,"href":"https:\/\/biomol.umontreal.ca\/en\/wp-json\/wp\/v2\/pages\/4576\/revisions\/6490"}],"wp:attachment":[{"href":"https:\/\/biomol.umontreal.ca\/en\/wp-json\/wp\/v2\/media?parent=4576"}],"curies":[{"name":"wp","href":"https:\/\/api.w.org\/{rel}","templated":true}]}}