{"id":4156,"date":"2015-08-28T09:22:17","date_gmt":"2015-08-28T13:22:17","guid":{"rendered":"https:\/\/biomol.umontreal.ca\/research\/professors\/paganelli-paganelli-m-d-ph-d\/"},"modified":"2026-02-01T15:56:09","modified_gmt":"2026-02-01T20:56:09","slug":"paganelli-paganelli-m-d-ph-d","status":"publish","type":"page","link":"https:\/\/biomol.umontreal.ca\/en\/research\/les-professeurs\/paganelli-paganelli-m-d-ph-d\/","title":{"rendered":"Paganelli, Massimiliano, M.D., Ph.D."},"content":{"rendered":"<h3>Coordonn\u00e9es<\/h3>\n<p>Centre de Recherche du\u00a0CHU Ste-Justine<br \/>\n3175, Chemin de la C\u00f4te-Sainte-Catherine<br \/>\nMontr\u00e9al (Qu\u00e9bec) &#8211; H3T 1C5<br \/>\n<strong>T<\/strong> 514 345-4931, poste 4278<br \/>\n<strong>F<\/strong> 514 345-4999<\/p>\n<p><a href=\"mailto:m.paganelli@umontreal.ca\">m.paganelli@umontreal.ca<\/a><\/p>\n<hr\/>\n<div class=\"one-half first \">\n<h2>Axes de recherche<\/h2>\n<ul>\n<li>D\u00e9veloppement et diff\u00e9renciation tissulaire<\/li>\n<li>Cellules souches<\/li>\n<li>G\u00e9n\u00e9tique humaine et maladies g\u00e9n\u00e9tiques<\/li>\n<li>Approches th\u00e9rapeutiques<\/li>\n<\/ul>\n<h2>Description de la recherche<\/h2>\n<p>L\u2019objectif ultime de notre recherche est le traitement des maladies du\u00a0foie par le moyen de la th\u00e9rapie\u00a0cellulaire. Au laboratoire nous g\u00e9n\u00e9rons les\u00a0cellules souches pluripotentes induites (iPS) \u00e0 partir du sang des patients\u00a0avec\u00a0maladie h\u00e9patique, dans le but de les utiliser pour:<\/p>\n<p>1.\u00a0 \u00a0\u00a0\u00a0Diff\u00e9renciation\u00a0en h\u00e9patocytes\u00a0et cr\u00e9ation des mod\u00e8les\u00a0in vitro des maladies. Ces mod\u00e8les son pr\u00e9cieux pour\u00a0\u00e9tudier la\u00a0physiopathologie, essayer des nouveaux traitements, et tester\u00a0l\u2019effet des traitements\u00a0d\u00e9j\u00e0 connus avant de les administrer au patient donneur\u00a0des cellules (dans le but d\u2019une m\u00e9dicine\u00a0personnalis\u00e9e).<br \/>\n2.\u00a0 \u00a0\u00a0\u00a0Pour les maladies m\u00e9taboliques du foie, correction\u00a0de la mutation causant la maladie, expansion de la\u00a0population\u00a0corrig\u00e9e, diff\u00e9renciation en h\u00e9patocytes et transplantation chez le\u00a0patient. Cette technique vise \u00e0 corriger la\u00a0d\u00e9ficience enzymatique causant la\u00a0maladie par th\u00e9rapie cellulaire autologue, en \u00e9liminant la n\u00e9cessit\u00e9 de la\u00a0transplantation h\u00e9patique et la d\u00e9pendance de l\u2019immunosuppression.<br \/>\n3.\u00a0 \u00a0\u00a0\u00a0G\u00e9n\u00e9ration\u00a0d\u2019organo\u00efds h\u00e9patiques avec structure tridimensionnelle et fonction comparable\u00a0au foie humain.\u00a0Ces bourgeons h\u00e9patiques seront cr\u00e9\u00e9s \u00e0 partir des cellules iPS\u00a0corrig\u00e9es des patients avec maladie\u00a0m\u00e9tabolique. Une fois am\u00e9lior\u00e9e la\u00a0technologie de cr\u00e9ation et les condition de culture, et prouv\u00e9 leur\u00a0s\u00e9curit\u00e9, ces\u00a0organo\u00efds pourront \u00eatre transplant\u00e9s chez les patients pour remplacer leur foie\u00a0malade.<br \/>\nLes projets en cours au laboratoire impliquent l\u2019\u00e9tude\u00a0in vitro\u00a0de\u00a0tyrosin\u00e9mie de type I, la correction de la mutation causant cette maladie,\u00a0et\u00a0l\u2019\u00e9valuation de l\u2019efficacit\u00e9 et s\u00e9curit\u00e9 de la transplantation des h\u00e9patocytes\u00a0d\u00e9riv\u00e9s des cellules iPS corrig\u00e9es dans un\u00a0mod\u00e8le murin de tyrosin\u00e9mie.<\/p>\n<\/div>\n<div class=\"one-half  \">\n<h2>Research axis<\/h2>\n<ul>\n<li>Development and tissue differentiation<\/li>\n<li>Stem cells<\/li>\n<li>Human genetics and genetic diseases<\/li>\n<li>Therapeutic approaches<\/li>\n<\/ul>\n<h2>Research description<\/h2>\n<p>Research in the lab aims\u00a0at treating liver diseases by the means of cellular therapy. We generate\u00a0induced pluripotent stem (iPS) cells\u00a0from the blood of patients with liver\u00a0diseases in order to achieve the following objectives:<\/p>\n<p>1.\u00a0In vitro\u00a0differentiation to hepatocyte-like cells\u00a0and establishment of cellular models of the different diseases.\u00a0Such\u00a0models are used to study the pathophysiology of the disease, try new\u00a0treatments, and assess the effect of\u00a0known drugs in order to predict\u00a0in vivo\u00a0responses (personalized\u00a0medicine).<\/p>\n<p>2.\u00a0Genome editing to\u00a0correct the disease-causing mutation (for inborn errors of liver\u00a0metabolism), with subsequent expansion of the corrected population,\u00a0differentiation to hepatocyte-like cells\u00a0and transplantation. Such an\u00a0approach aims at restoring the deficient function eliminating the need for\u00a0liver\u00a0transplantation.<\/p>\n<p>3.\u00a0Generation of liver organoids with tridimensional\u00a0structure and function comparable to the human liver. Such\u00a0liver buds will\u00a0be created from corrected iPS obtained from patients with metabolic liver\u00a0disease. Once their\u00a0creation protocol and culture conditions improved and\u00a0their safety proven, liver organoids might be\u00a0transplanted to patients to\u00a0replace their diseased liver.<\/p>\n<p>The projects currently ongoing\u00a0in the lab imply the study of iPS cells-to-hepatocyte differentiation process,\u00a0the creation and validation of an in\u00a0vitro\u00a0model of hereditary tyrosinemia type I, the correction of the\u00a0disease-causing mutation in\u00a0such a model, and the assessment of the efficacy and\u00a0safety of the transplantation of hepatocytes derived form corrected\u00a0iPS cells\u00a0in a murine model of tyrosinemia.<\/p>\n<\/div>\n<hr\/>\n<h3><a href=\"https:\/\/www.chusj.org\/Biography?id=fef717b8-77ca-452a-8d73-17c7c092446c&amp;lang=en\" target=\"_blank\" rel=\"noopener\">Consultez le site web institutionnel du chercheur<\/a><\/h3>\n<hr\/>\n","protected":false},"excerpt":{"rendered":"<p>Coordonn\u00e9es Centre de Recherche du\u00a0CHU Ste-Justine 3175, Chemin de la C\u00f4te-Sainte-Catherine Montr\u00e9al (Qu\u00e9bec) &#8211; H3T 1C5 T 514 345-4931, poste 4278 F 514 345-4999 m.paganelli@umontreal.ca Consultez le site web institutionnel [&hellip;]<\/p>\n","protected":false},"author":2,"featured_media":0,"parent":3557,"menu_order":0,"comment_status":"closed","ping_status":"open","template":"","meta":{"footnotes":""},"class_list":["post-4156","page","type-page","status-publish","hentry"],"yoast_head":"<!-- This site is optimized with the Yoast SEO plugin v25.0 - https:\/\/yoast.com\/wordpress\/plugins\/seo\/ -->\n<title>Paganelli, Massimiliano, M.D., Ph.D. - Programmes de biologie mol\u00e9culaire<\/title>\n<meta name=\"robots\" content=\"index, follow, max-snippet:-1, max-image-preview:large, max-video-preview:-1\" \/>\n<link rel=\"canonical\" href=\"https:\/\/biomol.umontreal.ca\/en\/research\/les-professeurs\/paganelli-paganelli-m-d-ph-d\/\" \/>\n<meta property=\"og:locale\" content=\"en_US\" \/>\n<meta property=\"og:type\" content=\"article\" \/>\n<meta property=\"og:title\" content=\"Paganelli, Massimiliano, M.D., Ph.D. - Programmes de biologie mol\u00e9culaire\" \/>\n<meta property=\"og:description\" content=\"Coordonn\u00e9es Centre de Recherche du\u00a0CHU Ste-Justine 3175, Chemin de la C\u00f4te-Sainte-Catherine Montr\u00e9al (Qu\u00e9bec) &#8211; H3T 1C5 T 514 345-4931, poste 4278 F 514 345-4999 m.paganelli@umontreal.ca Consultez le site web institutionnel [&hellip;]\" \/>\n<meta property=\"og:url\" content=\"https:\/\/biomol.umontreal.ca\/en\/research\/les-professeurs\/paganelli-paganelli-m-d-ph-d\/\" \/>\n<meta property=\"og:site_name\" content=\"Programmes de biologie mol\u00e9culaire\" \/>\n<meta property=\"article:modified_time\" content=\"2026-02-01T20:56:09+00:00\" \/>\n<meta name=\"twitter:card\" content=\"summary_large_image\" \/>\n<meta name=\"twitter:label1\" content=\"Est. reading time\" \/>\n\t<meta name=\"twitter:data1\" content=\"3 minutes\" \/>\n<script type=\"application\/ld+json\" class=\"yoast-schema-graph\">{\"@context\":\"https:\/\/schema.org\",\"@graph\":[{\"@type\":\"WebPage\",\"@id\":\"https:\/\/biomol.umontreal.ca\/en\/research\/les-professeurs\/paganelli-paganelli-m-d-ph-d\/\",\"url\":\"https:\/\/biomol.umontreal.ca\/en\/research\/les-professeurs\/paganelli-paganelli-m-d-ph-d\/\",\"name\":\"Paganelli, Massimiliano, M.D., Ph.D. - Programmes de biologie mol\u00e9culaire\",\"isPartOf\":{\"@id\":\"https:\/\/biomol.umontreal.ca\/#website\"},\"datePublished\":\"2015-08-28T13:22:17+00:00\",\"dateModified\":\"2026-02-01T20:56:09+00:00\",\"breadcrumb\":{\"@id\":\"https:\/\/biomol.umontreal.ca\/en\/research\/les-professeurs\/paganelli-paganelli-m-d-ph-d\/#breadcrumb\"},\"inLanguage\":\"en-US\",\"potentialAction\":[{\"@type\":\"ReadAction\",\"target\":[\"https:\/\/biomol.umontreal.ca\/en\/research\/les-professeurs\/paganelli-paganelli-m-d-ph-d\/\"]}]},{\"@type\":\"BreadcrumbList\",\"@id\":\"https:\/\/biomol.umontreal.ca\/en\/research\/les-professeurs\/paganelli-paganelli-m-d-ph-d\/#breadcrumb\",\"itemListElement\":[{\"@type\":\"ListItem\",\"position\":1,\"name\":\"Accueil\",\"item\":\"https:\/\/biomol.umontreal.ca\/en\/\"},{\"@type\":\"ListItem\",\"position\":2,\"name\":\"Research\",\"item\":\"https:\/\/biomol.umontreal.ca\/en\/research\/\"},{\"@type\":\"ListItem\",\"position\":3,\"name\":\"Our professors\",\"item\":\"https:\/\/biomol.umontreal.ca\/en\/research\/les-professeurs\/\"},{\"@type\":\"ListItem\",\"position\":4,\"name\":\"Paganelli, Massimiliano, M.D., Ph.D.\"}]},{\"@type\":\"WebSite\",\"@id\":\"https:\/\/biomol.umontreal.ca\/#website\",\"url\":\"https:\/\/biomol.umontreal.ca\/\",\"name\":\"Programmes de biologie mol\u00e9culaire\",\"description\":\"\",\"potentialAction\":[{\"@type\":\"SearchAction\",\"target\":{\"@type\":\"EntryPoint\",\"urlTemplate\":\"https:\/\/biomol.umontreal.ca\/?s={search_term_string}\"},\"query-input\":{\"@type\":\"PropertyValueSpecification\",\"valueRequired\":true,\"valueName\":\"search_term_string\"}}],\"inLanguage\":\"en-US\"}]}<\/script>\n<!-- \/ Yoast SEO plugin. -->","yoast_head_json":{"title":"Paganelli, Massimiliano, M.D., Ph.D. - Programmes de biologie mol\u00e9culaire","robots":{"index":"index","follow":"follow","max-snippet":"max-snippet:-1","max-image-preview":"max-image-preview:large","max-video-preview":"max-video-preview:-1"},"canonical":"https:\/\/biomol.umontreal.ca\/en\/research\/les-professeurs\/paganelli-paganelli-m-d-ph-d\/","og_locale":"en_US","og_type":"article","og_title":"Paganelli, Massimiliano, M.D., Ph.D. - Programmes de biologie mol\u00e9culaire","og_description":"Coordonn\u00e9es Centre de Recherche du\u00a0CHU Ste-Justine 3175, Chemin de la C\u00f4te-Sainte-Catherine Montr\u00e9al (Qu\u00e9bec) &#8211; H3T 1C5 T 514 345-4931, poste 4278 F 514 345-4999 m.paganelli@umontreal.ca Consultez le site web institutionnel [&hellip;]","og_url":"https:\/\/biomol.umontreal.ca\/en\/research\/les-professeurs\/paganelli-paganelli-m-d-ph-d\/","og_site_name":"Programmes de biologie mol\u00e9culaire","article_modified_time":"2026-02-01T20:56:09+00:00","twitter_card":"summary_large_image","twitter_misc":{"Est. reading time":"3 minutes"},"schema":{"@context":"https:\/\/schema.org","@graph":[{"@type":"WebPage","@id":"https:\/\/biomol.umontreal.ca\/en\/research\/les-professeurs\/paganelli-paganelli-m-d-ph-d\/","url":"https:\/\/biomol.umontreal.ca\/en\/research\/les-professeurs\/paganelli-paganelli-m-d-ph-d\/","name":"Paganelli, Massimiliano, M.D., Ph.D. - Programmes de biologie mol\u00e9culaire","isPartOf":{"@id":"https:\/\/biomol.umontreal.ca\/#website"},"datePublished":"2015-08-28T13:22:17+00:00","dateModified":"2026-02-01T20:56:09+00:00","breadcrumb":{"@id":"https:\/\/biomol.umontreal.ca\/en\/research\/les-professeurs\/paganelli-paganelli-m-d-ph-d\/#breadcrumb"},"inLanguage":"en-US","potentialAction":[{"@type":"ReadAction","target":["https:\/\/biomol.umontreal.ca\/en\/research\/les-professeurs\/paganelli-paganelli-m-d-ph-d\/"]}]},{"@type":"BreadcrumbList","@id":"https:\/\/biomol.umontreal.ca\/en\/research\/les-professeurs\/paganelli-paganelli-m-d-ph-d\/#breadcrumb","itemListElement":[{"@type":"ListItem","position":1,"name":"Accueil","item":"https:\/\/biomol.umontreal.ca\/en\/"},{"@type":"ListItem","position":2,"name":"Research","item":"https:\/\/biomol.umontreal.ca\/en\/research\/"},{"@type":"ListItem","position":3,"name":"Our professors","item":"https:\/\/biomol.umontreal.ca\/en\/research\/les-professeurs\/"},{"@type":"ListItem","position":4,"name":"Paganelli, Massimiliano, M.D., Ph.D."}]},{"@type":"WebSite","@id":"https:\/\/biomol.umontreal.ca\/#website","url":"https:\/\/biomol.umontreal.ca\/","name":"Programmes de biologie mol\u00e9culaire","description":"","potentialAction":[{"@type":"SearchAction","target":{"@type":"EntryPoint","urlTemplate":"https:\/\/biomol.umontreal.ca\/?s={search_term_string}"},"query-input":{"@type":"PropertyValueSpecification","valueRequired":true,"valueName":"search_term_string"}}],"inLanguage":"en-US"}]}},"_links":{"self":[{"href":"https:\/\/biomol.umontreal.ca\/en\/wp-json\/wp\/v2\/pages\/4156","targetHints":{"allow":["GET"]}}],"collection":[{"href":"https:\/\/biomol.umontreal.ca\/en\/wp-json\/wp\/v2\/pages"}],"about":[{"href":"https:\/\/biomol.umontreal.ca\/en\/wp-json\/wp\/v2\/types\/page"}],"author":[{"embeddable":true,"href":"https:\/\/biomol.umontreal.ca\/en\/wp-json\/wp\/v2\/users\/2"}],"replies":[{"embeddable":true,"href":"https:\/\/biomol.umontreal.ca\/en\/wp-json\/wp\/v2\/comments?post=4156"}],"version-history":[{"count":4,"href":"https:\/\/biomol.umontreal.ca\/en\/wp-json\/wp\/v2\/pages\/4156\/revisions"}],"predecessor-version":[{"id":6847,"href":"https:\/\/biomol.umontreal.ca\/en\/wp-json\/wp\/v2\/pages\/4156\/revisions\/6847"}],"up":[{"embeddable":true,"href":"https:\/\/biomol.umontreal.ca\/en\/wp-json\/wp\/v2\/pages\/3557"}],"wp:attachment":[{"href":"https:\/\/biomol.umontreal.ca\/en\/wp-json\/wp\/v2\/media?parent=4156"}],"curies":[{"name":"wp","href":"https:\/\/api.w.org\/{rel}","templated":true}]}}