{"id":4069,"date":"2014-12-08T09:53:28","date_gmt":"2014-12-08T14:53:28","guid":{"rendered":"https:\/\/biomol.umontreal.ca\/research\/professors\/moroy-tarik-ph-d\/"},"modified":"2026-02-01T15:44:04","modified_gmt":"2026-02-01T20:44:04","slug":"moroy-tarik-ph-d","status":"publish","type":"page","link":"https:\/\/biomol.umontreal.ca\/en\/research\/les-professeurs\/moroy-tarik-ph-d\/","title":{"rendered":"M\u00f6r\u00f6y, Tarik, Ph.D."},"content":{"rendered":"<h3>Coordonn\u00e9es<\/h3>\n<p>Institut de recherches cliniques de Montr\u00e9al (IRCM)<br \/>\n<strong>T<\/strong> 514 987 5776<br \/>\n<a href=\"mailto:Tarik.Moroy@ircm.qc.ca\">Tarik.Moroy@ircm.qc.ca<\/a><\/p>\n<hr\/>\n<div class=\"one-half first \">\n<h2>Axes de recherche<\/h2>\n<ul>\n<li>D\u00e9veloppement et diff\u00e9renciation tissulaire<\/li>\n<li>Immunologie et H\u00e9matopo\u00ef\u00e8se<\/li>\n<li>Cellules souches<\/li>\n<li>Canc\u00e9rologie<\/li>\n<\/ul>\n<h2>Description de la recherche<\/h2>\n<p>Notre recherche vise \u00e0 clarifier la fa\u00e7on dont les cellules souches h\u00e9matopo\u00ef\u00e9tiques sont programm\u00e9es pour maintenir leur capacit\u00e9 d&#8217;auto-renouvellement et de diff\u00e9renciation dans multiples lign\u00e9es de cellules sanguines. Nous cherchons \u00e0 comprendre comment les d\u00e9fauts de ce processus biologique peuvent provoquer un d\u00e9veloppement des cancers du sang mortelles telles que la leuc\u00e9mie et le lymphome, pour am\u00e9liorer les traitement existantes par une th\u00e9rapie plus cibl\u00e9es et plus efficace. Notre recherche se concentre en particulier sur les m\u00e9canismes mol\u00e9culaires qui contr\u00f4lent la transcription par modification \u00e9pig\u00e9n\u00e9tique de la chromatine. Nous avons choisi d&#8217;\u00e9tudier la fonction des r\u00e9gulateurs de transcription Gfi1 et Gfi1b (\u201c<b>G<\/b>rowth <b>f<\/b>actor <b>i<\/b>ndependence <b>1<\/b> and &#8211;<b>1b<\/b>\u201d), Miz-1 (\u201c<b>M<\/b>yc <b>i<\/b>nteracting <b>z<\/b>inc finger protein <b>1\u201d<\/b>) et plus r\u00e9cemment hnRNP L (\u201c<b>h<\/b>eteroge<b>n<\/b>ous <b>R<\/b>ibo<b>n<\/b>ucleo<b>p<\/b>rotein <b>L<\/b>\u201d). Gfi1 et Gfi1b sont mut\u00e9s dans certaines maladies humaines affectant l&#8217;h\u00e9matopo\u00ef\u00e8se comme la neutrop\u00e9nie cong\u00e9nitale s\u00e9v\u00e8re ou de troubles h\u00e9r\u00e9ditaires de la coagulation. Gfi1 et Gfi1b sont aussi impliqu\u00e9s dans le d\u00e9veloppement ou la progression des leuc\u00e9mies aigu\u00ebs de type my\u00e9lo\u00efde ou lympho\u00efde (LMA ou LLA) et Gfi1 a un r\u00f4le particulier dans le contr\u00f4le du stress oncog\u00e9nique dans les cellules leuc\u00e9miques. Miz-1 est n\u00e9cessaire aux stades pr\u00e9coces de la diff\u00e9renciation lympho\u00efde, mais est \u00e9galement un co-facteur important de l&#8217;oncoprot\u00e9ine c-Myc, qui joue un r\u00f4le dans nombreux types de leuc\u00e9mies et de lymphomes humaines. Finalement, la prot\u00e9ine hnRNP L a r\u00e9cemment, qui est aussi \u00e9tudi\u00e9e dans notre laboratoire, a \u00e9t\u00e9 reconnue comme un r\u00e9gulateur de d\u00e9veloppement pr\u00e9coce des cellules T et comme un facteur important tr\u00e8s r\u00e9cemment dans la r\u00e9ponse des cellules souches h\u00e9matopo\u00ef\u00e9tiques au stress.<\/p>\n<\/div>\n<div class=\"one-half  \">\n<h2>Research axis<\/h2>\n<ul>\n<li>Development and cellular differentiation<\/li>\n<li>Immunology and Hematopoiesis<\/li>\n<li>Stem Cells<\/li>\n<li>Cancer<\/li>\n<\/ul>\n<h2>Research description<\/h2>\n<p>Our research aims to clarify how hematopoietic stem cells are programmed to maintain their ability for self renewal and at the same time to enable multi-lineage differentiation through the generation of lineage restricted progenitor cells. Further, we aim to understand how defects in this biological process can cause fatal blood cancers such as leukemia and lymphoma, for which improved and targeted therapies are urgently needed. Our research is focused on the molecular mechanisms that control transcription through epigenetic modification of chromatin. We have chosen to study the function of the transcriptional regulators Gfi1 and Gfi1b (\u201c<b>G<\/b>rowth <b>f<\/b>actor <b>i<\/b>ndependence <b>1<\/b> and &#8211;<b>1b<\/b>\u201d), Miz-1 (\u201c<b>M<\/b>yc <b>i<\/b>nteracting <b>z<\/b>inc finger protein <b>1\u201d<\/b>) and more recently hnRNP L (\u201c<b>h<\/b>eteroge<b>n<\/b>ous <b>R<\/b>ibo<b>n<\/b>ucleo<b>p<\/b>rotein <b>L<\/b>\u201d). Gfi1 and Gfi1b are mutated in certain human diseases affecting hematopoiesis such as severe congenital neutropenia or inherited bleeding disorders. Both Gfi1 and Gfi1b are implicated in the development or progression of human myeloid leukemia and Gfi1 has a particular role in antagonizing the effects of oncogenic stress in lymphoid leukemia. Miz-1 is required for early lymphoid differentiation, but is also an important co-factor of the oncoprotein c-Myc, which plays a role in many different types of human leukemia and lymphoma. The hnRNP L protein, which is also under investigation in our lab, has recently been recognized as a regulator of early T cell development and as an important factor in the response of hematopoietic stem cells to external stress.<\/p>\n<\/div>\n<hr\/>\n<h3><a href=\"https:\/\/www.ircm.qc.ca\/en\/researchers\/tarik-moroy\" target=\"_blank\" rel=\"noopener\">Consultez le site web du chercheur<\/a><\/h3>\n<hr\/>\n","protected":false},"excerpt":{"rendered":"<p>Coordonn\u00e9es Institut de recherches cliniques de Montr\u00e9al (IRCM) T 514 987 5776 Tarik.Moroy@ircm.qc.ca Consultez le site web du chercheur<\/p>\n","protected":false},"author":2,"featured_media":0,"parent":3557,"menu_order":0,"comment_status":"closed","ping_status":"open","template":"","meta":{"footnotes":""},"class_list":["post-4069","page","type-page","status-publish","hentry"],"yoast_head":"<!-- This site is optimized with the Yoast SEO plugin v25.0 - https:\/\/yoast.com\/wordpress\/plugins\/seo\/ -->\n<title>M\u00f6r\u00f6y, Tarik, Ph.D. - Programmes de biologie mol\u00e9culaire<\/title>\n<meta name=\"robots\" content=\"index, follow, max-snippet:-1, max-image-preview:large, max-video-preview:-1\" \/>\n<link rel=\"canonical\" href=\"https:\/\/biomol.umontreal.ca\/en\/research\/les-professeurs\/moroy-tarik-ph-d\/\" \/>\n<meta property=\"og:locale\" content=\"en_US\" \/>\n<meta property=\"og:type\" content=\"article\" \/>\n<meta property=\"og:title\" content=\"M\u00f6r\u00f6y, Tarik, Ph.D. - Programmes de biologie mol\u00e9culaire\" \/>\n<meta property=\"og:description\" content=\"Coordonn\u00e9es Institut de recherches cliniques de Montr\u00e9al (IRCM) T 514 987 5776 Tarik.Moroy@ircm.qc.ca Consultez le site web du chercheur\" \/>\n<meta property=\"og:url\" content=\"https:\/\/biomol.umontreal.ca\/en\/research\/les-professeurs\/moroy-tarik-ph-d\/\" \/>\n<meta property=\"og:site_name\" content=\"Programmes de biologie mol\u00e9culaire\" \/>\n<meta property=\"article:modified_time\" content=\"2026-02-01T20:44:04+00:00\" \/>\n<meta name=\"twitter:card\" content=\"summary_large_image\" \/>\n<meta name=\"twitter:label1\" content=\"Est. reading time\" \/>\n\t<meta name=\"twitter:data1\" content=\"3 minutes\" \/>\n<script type=\"application\/ld+json\" class=\"yoast-schema-graph\">{\"@context\":\"https:\/\/schema.org\",\"@graph\":[{\"@type\":\"WebPage\",\"@id\":\"https:\/\/biomol.umontreal.ca\/en\/research\/les-professeurs\/moroy-tarik-ph-d\/\",\"url\":\"https:\/\/biomol.umontreal.ca\/en\/research\/les-professeurs\/moroy-tarik-ph-d\/\",\"name\":\"M\u00f6r\u00f6y, Tarik, Ph.D. - Programmes de biologie mol\u00e9culaire\",\"isPartOf\":{\"@id\":\"https:\/\/biomol.umontreal.ca\/#website\"},\"datePublished\":\"2014-12-08T14:53:28+00:00\",\"dateModified\":\"2026-02-01T20:44:04+00:00\",\"breadcrumb\":{\"@id\":\"https:\/\/biomol.umontreal.ca\/en\/research\/les-professeurs\/moroy-tarik-ph-d\/#breadcrumb\"},\"inLanguage\":\"en-US\",\"potentialAction\":[{\"@type\":\"ReadAction\",\"target\":[\"https:\/\/biomol.umontreal.ca\/en\/research\/les-professeurs\/moroy-tarik-ph-d\/\"]}]},{\"@type\":\"BreadcrumbList\",\"@id\":\"https:\/\/biomol.umontreal.ca\/en\/research\/les-professeurs\/moroy-tarik-ph-d\/#breadcrumb\",\"itemListElement\":[{\"@type\":\"ListItem\",\"position\":1,\"name\":\"Accueil\",\"item\":\"https:\/\/biomol.umontreal.ca\/en\/\"},{\"@type\":\"ListItem\",\"position\":2,\"name\":\"Research\",\"item\":\"https:\/\/biomol.umontreal.ca\/en\/research\/\"},{\"@type\":\"ListItem\",\"position\":3,\"name\":\"Our professors\",\"item\":\"https:\/\/biomol.umontreal.ca\/en\/research\/les-professeurs\/\"},{\"@type\":\"ListItem\",\"position\":4,\"name\":\"M\u00f6r\u00f6y, Tarik, Ph.D.\"}]},{\"@type\":\"WebSite\",\"@id\":\"https:\/\/biomol.umontreal.ca\/#website\",\"url\":\"https:\/\/biomol.umontreal.ca\/\",\"name\":\"Programmes de biologie mol\u00e9culaire\",\"description\":\"\",\"potentialAction\":[{\"@type\":\"SearchAction\",\"target\":{\"@type\":\"EntryPoint\",\"urlTemplate\":\"https:\/\/biomol.umontreal.ca\/?s={search_term_string}\"},\"query-input\":{\"@type\":\"PropertyValueSpecification\",\"valueRequired\":true,\"valueName\":\"search_term_string\"}}],\"inLanguage\":\"en-US\"}]}<\/script>\n<!-- \/ Yoast SEO plugin. -->","yoast_head_json":{"title":"M\u00f6r\u00f6y, Tarik, Ph.D. - Programmes de biologie mol\u00e9culaire","robots":{"index":"index","follow":"follow","max-snippet":"max-snippet:-1","max-image-preview":"max-image-preview:large","max-video-preview":"max-video-preview:-1"},"canonical":"https:\/\/biomol.umontreal.ca\/en\/research\/les-professeurs\/moroy-tarik-ph-d\/","og_locale":"en_US","og_type":"article","og_title":"M\u00f6r\u00f6y, Tarik, Ph.D. - Programmes de biologie mol\u00e9culaire","og_description":"Coordonn\u00e9es Institut de recherches cliniques de Montr\u00e9al (IRCM) T 514 987 5776 Tarik.Moroy@ircm.qc.ca Consultez le site web du chercheur","og_url":"https:\/\/biomol.umontreal.ca\/en\/research\/les-professeurs\/moroy-tarik-ph-d\/","og_site_name":"Programmes de biologie mol\u00e9culaire","article_modified_time":"2026-02-01T20:44:04+00:00","twitter_card":"summary_large_image","twitter_misc":{"Est. reading time":"3 minutes"},"schema":{"@context":"https:\/\/schema.org","@graph":[{"@type":"WebPage","@id":"https:\/\/biomol.umontreal.ca\/en\/research\/les-professeurs\/moroy-tarik-ph-d\/","url":"https:\/\/biomol.umontreal.ca\/en\/research\/les-professeurs\/moroy-tarik-ph-d\/","name":"M\u00f6r\u00f6y, Tarik, Ph.D. - Programmes de biologie mol\u00e9culaire","isPartOf":{"@id":"https:\/\/biomol.umontreal.ca\/#website"},"datePublished":"2014-12-08T14:53:28+00:00","dateModified":"2026-02-01T20:44:04+00:00","breadcrumb":{"@id":"https:\/\/biomol.umontreal.ca\/en\/research\/les-professeurs\/moroy-tarik-ph-d\/#breadcrumb"},"inLanguage":"en-US","potentialAction":[{"@type":"ReadAction","target":["https:\/\/biomol.umontreal.ca\/en\/research\/les-professeurs\/moroy-tarik-ph-d\/"]}]},{"@type":"BreadcrumbList","@id":"https:\/\/biomol.umontreal.ca\/en\/research\/les-professeurs\/moroy-tarik-ph-d\/#breadcrumb","itemListElement":[{"@type":"ListItem","position":1,"name":"Accueil","item":"https:\/\/biomol.umontreal.ca\/en\/"},{"@type":"ListItem","position":2,"name":"Research","item":"https:\/\/biomol.umontreal.ca\/en\/research\/"},{"@type":"ListItem","position":3,"name":"Our professors","item":"https:\/\/biomol.umontreal.ca\/en\/research\/les-professeurs\/"},{"@type":"ListItem","position":4,"name":"M\u00f6r\u00f6y, Tarik, Ph.D."}]},{"@type":"WebSite","@id":"https:\/\/biomol.umontreal.ca\/#website","url":"https:\/\/biomol.umontreal.ca\/","name":"Programmes de biologie mol\u00e9culaire","description":"","potentialAction":[{"@type":"SearchAction","target":{"@type":"EntryPoint","urlTemplate":"https:\/\/biomol.umontreal.ca\/?s={search_term_string}"},"query-input":{"@type":"PropertyValueSpecification","valueRequired":true,"valueName":"search_term_string"}}],"inLanguage":"en-US"}]}},"_links":{"self":[{"href":"https:\/\/biomol.umontreal.ca\/en\/wp-json\/wp\/v2\/pages\/4069","targetHints":{"allow":["GET"]}}],"collection":[{"href":"https:\/\/biomol.umontreal.ca\/en\/wp-json\/wp\/v2\/pages"}],"about":[{"href":"https:\/\/biomol.umontreal.ca\/en\/wp-json\/wp\/v2\/types\/page"}],"author":[{"embeddable":true,"href":"https:\/\/biomol.umontreal.ca\/en\/wp-json\/wp\/v2\/users\/2"}],"replies":[{"embeddable":true,"href":"https:\/\/biomol.umontreal.ca\/en\/wp-json\/wp\/v2\/comments?post=4069"}],"version-history":[{"count":1,"href":"https:\/\/biomol.umontreal.ca\/en\/wp-json\/wp\/v2\/pages\/4069\/revisions"}],"predecessor-version":[{"id":6833,"href":"https:\/\/biomol.umontreal.ca\/en\/wp-json\/wp\/v2\/pages\/4069\/revisions\/6833"}],"up":[{"embeddable":true,"href":"https:\/\/biomol.umontreal.ca\/en\/wp-json\/wp\/v2\/pages\/3557"}],"wp:attachment":[{"href":"https:\/\/biomol.umontreal.ca\/en\/wp-json\/wp\/v2\/media?parent=4069"}],"curies":[{"name":"wp","href":"https:\/\/api.w.org\/{rel}","templated":true}]}}