{"id":3980,"date":"2014-08-07T11:47:55","date_gmt":"2014-08-07T15:47:55","guid":{"rendered":"https:\/\/biomol.umontreal.ca\/research\/professors\/campeau-philippe-m-d\/"},"modified":"2026-02-01T12:35:28","modified_gmt":"2026-02-01T17:35:28","slug":"campeau-philippe-m-d","status":"publish","type":"page","link":"https:\/\/biomol.umontreal.ca\/en\/research\/les-professeurs\/campeau-philippe-m-d\/","title":{"rendered":"Campeau, Philippe, M.D."},"content":{"rendered":"<h3>Coordonn\u00e9es<\/h3>\n<p>Centre de Recherche<br \/>\nCHU Ste-Justine<br \/>\n3175, Chemin de la C\u00f4te-Sainte-Catherine<br \/>\nMontr\u00e9al (Qu\u00e9bec) &#8211; H3T 1C5<br \/>\n<strong>T<\/strong> 514 345-4691, poste 7146<br \/>\n<strong>F<\/strong> 514 345-4766<br \/>\n<a href=\"mailto: p.campeau@umontreal.ca \">p.campeau@umontreal.ca <\/a><\/p>\n<hr\/>\n<div class=\"one-half first \">\n<h2>Axes de recherche<\/h2>\n<ul>\n<li>G\u00e9nomique<\/li>\n<li>G\u00e9n\u00e9tique humaine et maladies g\u00e9n\u00e9tiques<\/li>\n<li>Neurobiologie<\/li>\n<li>Syst\u00e8mes mod\u00e8les en biologie mol\u00e9culaire<\/li>\n<\/ul>\n<h2>Description de la recherche<\/h2>\n<p>Mes int\u00e9r\u00eats de recherche de longue date portent sur l\u2019am\u00e9lioration du traitement des erreurs inn\u00e9es du m\u00e9tabolisme, entre autre par th\u00e9rapie cellulaire et th\u00e9rapie g\u00e9nique. J\u2019ai travaill\u00e9 \u00e0 mieux comprendre le r\u00f4le de l\u2019oxyde nitrique dans les anomalies du cycle de l\u2019ur\u00e9e, et mes recherches actuelles portent sur les voies de signalisation activ\u00e9es par le ph\u00e9nylbutyrate, un m\u00e9dicament utilis\u00e9 pour \u00e9viter les hyperammoni\u00e9mies.<\/p>\n<p>Mes int\u00e9r\u00eats de recherches plus r\u00e9cents portent sur les dysplasies squelettiques. Par s\u00e9quen\u00e7age de l\u2019exome (l\u2019ensemble des g\u00e8nes de notre g\u00e9nome), nous avons identifi\u00e9 la cause g\u00e9n\u00e9tique du syndrome G\u00e9nitopatellaire (KAT6B), d\u2019une forme d\u2019ost\u00e9op\u00e9trose, la dysost\u00e9oscl\u00e9rose (SLC29A3), d\u2019une forme d\u2019ost\u00e9og\u00e9n\u00e8se imparfaite et d\u2019ost\u00e9oporose pr\u00e9coce (WNT1), du syndrome de Yunis-Var\u00f3n (FIG4) et du syndrome DOORS (ou DOOR) qui combine une surdit\u00e9 avec \u00e9pilepsie et atteinte squelettique (TBC1D24). Nous travaillons maintenant \u00e0 mieux comprendre la fonction de ces g\u00e8nes gr\u00e2ce \u00e0 des mod\u00e8les murins.<\/p>\n<\/div>\n<div class=\"one-half  \">\n<h2>Research axis<\/h2>\n<ul>\n<li>Genomics<\/li>\n<li>Human Genetic and Genetic Deseases<\/li>\n<li>Neurobiology<\/li>\n<li>Model Systems in Molecular Biology<\/li>\n<\/ul>\n<h2>Research description<\/h2>\n<p>Philippe Campeau\u2019s research interests have for a long time focused on improving the treatment of inborn errors of metabolism through, among other things, cell and gene therapy. He has worked toward a better understanding of the role of nitric oxide in urea cycle disorders and his present research concerns signaling pathways activated by phenylbutyrate, a drug used to prevent hyperammonemia.<\/p>\n<p>His most recent research interests deal with skeletal dysplasia. Through exome sequencing (all of the genes in the genome), he and his colleagues have identified the genetic cause of genitopatellar syndrome (KAT6B), a form of osteopetrosis, dysosteosclerosis (SLC29A3), a form of osteogenesis imperfecta and early onset osteoporosis (WNT1), Yunis-Varon syndrome (FIG4) and DOORS (or DOOR syndrome), which associates deafness with epilepsy and skeletal abnormalities (TBC1D24). Their current work with murine models is aimed at a better understanding of the function of these genes.<\/p>\n<\/div>\n<hr\/>\n","protected":false},"excerpt":{"rendered":"<p>Coordonn\u00e9es Centre de Recherche CHU Ste-Justine 3175, Chemin de la C\u00f4te-Sainte-Catherine Montr\u00e9al (Qu\u00e9bec) &#8211; H3T 1C5 T 514 345-4691, poste 7146 F 514 345-4766 p.campeau@umontreal.ca<\/p>\n","protected":false},"author":2,"featured_media":0,"parent":3557,"menu_order":0,"comment_status":"closed","ping_status":"open","template":"","meta":{"footnotes":""},"class_list":["post-3980","page","type-page","status-publish","hentry"],"yoast_head":"<!-- This site is optimized with the Yoast SEO plugin v25.0 - https:\/\/yoast.com\/wordpress\/plugins\/seo\/ -->\n<title>Campeau, Philippe, M.D. - Programmes de biologie mol\u00e9culaire<\/title>\n<meta name=\"robots\" content=\"index, follow, max-snippet:-1, max-image-preview:large, max-video-preview:-1\" \/>\n<link rel=\"canonical\" href=\"https:\/\/biomol.umontreal.ca\/en\/research\/les-professeurs\/campeau-philippe-m-d\/\" \/>\n<meta property=\"og:locale\" content=\"en_US\" \/>\n<meta property=\"og:type\" content=\"article\" \/>\n<meta property=\"og:title\" content=\"Campeau, Philippe, M.D. - Programmes de biologie mol\u00e9culaire\" \/>\n<meta property=\"og:description\" content=\"Coordonn\u00e9es Centre de Recherche CHU Ste-Justine 3175, Chemin de la C\u00f4te-Sainte-Catherine Montr\u00e9al (Qu\u00e9bec) &#8211; H3T 1C5 T 514 345-4691, poste 7146 F 514 345-4766 p.campeau@umontreal.ca\" \/>\n<meta property=\"og:url\" content=\"https:\/\/biomol.umontreal.ca\/en\/research\/les-professeurs\/campeau-philippe-m-d\/\" \/>\n<meta property=\"og:site_name\" content=\"Programmes de biologie mol\u00e9culaire\" \/>\n<meta property=\"article:modified_time\" content=\"2026-02-01T17:35:28+00:00\" \/>\n<meta name=\"twitter:card\" content=\"summary_large_image\" \/>\n<meta name=\"twitter:label1\" content=\"Est. reading time\" \/>\n\t<meta name=\"twitter:data1\" content=\"2 minutes\" \/>\n<script type=\"application\/ld+json\" class=\"yoast-schema-graph\">{\"@context\":\"https:\/\/schema.org\",\"@graph\":[{\"@type\":\"WebPage\",\"@id\":\"https:\/\/biomol.umontreal.ca\/en\/research\/les-professeurs\/campeau-philippe-m-d\/\",\"url\":\"https:\/\/biomol.umontreal.ca\/en\/research\/les-professeurs\/campeau-philippe-m-d\/\",\"name\":\"Campeau, Philippe, M.D. - Programmes de biologie mol\u00e9culaire\",\"isPartOf\":{\"@id\":\"https:\/\/biomol.umontreal.ca\/#website\"},\"datePublished\":\"2014-08-07T15:47:55+00:00\",\"dateModified\":\"2026-02-01T17:35:28+00:00\",\"breadcrumb\":{\"@id\":\"https:\/\/biomol.umontreal.ca\/en\/research\/les-professeurs\/campeau-philippe-m-d\/#breadcrumb\"},\"inLanguage\":\"en-US\",\"potentialAction\":[{\"@type\":\"ReadAction\",\"target\":[\"https:\/\/biomol.umontreal.ca\/en\/research\/les-professeurs\/campeau-philippe-m-d\/\"]}]},{\"@type\":\"BreadcrumbList\",\"@id\":\"https:\/\/biomol.umontreal.ca\/en\/research\/les-professeurs\/campeau-philippe-m-d\/#breadcrumb\",\"itemListElement\":[{\"@type\":\"ListItem\",\"position\":1,\"name\":\"Accueil\",\"item\":\"https:\/\/biomol.umontreal.ca\/en\/\"},{\"@type\":\"ListItem\",\"position\":2,\"name\":\"Research\",\"item\":\"https:\/\/biomol.umontreal.ca\/en\/research\/\"},{\"@type\":\"ListItem\",\"position\":3,\"name\":\"Our professors\",\"item\":\"https:\/\/biomol.umontreal.ca\/en\/research\/les-professeurs\/\"},{\"@type\":\"ListItem\",\"position\":4,\"name\":\"Campeau, Philippe, M.D.\"}]},{\"@type\":\"WebSite\",\"@id\":\"https:\/\/biomol.umontreal.ca\/#website\",\"url\":\"https:\/\/biomol.umontreal.ca\/\",\"name\":\"Programmes de biologie mol\u00e9culaire\",\"description\":\"\",\"potentialAction\":[{\"@type\":\"SearchAction\",\"target\":{\"@type\":\"EntryPoint\",\"urlTemplate\":\"https:\/\/biomol.umontreal.ca\/?s={search_term_string}\"},\"query-input\":{\"@type\":\"PropertyValueSpecification\",\"valueRequired\":true,\"valueName\":\"search_term_string\"}}],\"inLanguage\":\"en-US\"}]}<\/script>\n<!-- \/ Yoast SEO plugin. -->","yoast_head_json":{"title":"Campeau, Philippe, M.D. - Programmes de biologie mol\u00e9culaire","robots":{"index":"index","follow":"follow","max-snippet":"max-snippet:-1","max-image-preview":"max-image-preview:large","max-video-preview":"max-video-preview:-1"},"canonical":"https:\/\/biomol.umontreal.ca\/en\/research\/les-professeurs\/campeau-philippe-m-d\/","og_locale":"en_US","og_type":"article","og_title":"Campeau, Philippe, M.D. - Programmes de biologie mol\u00e9culaire","og_description":"Coordonn\u00e9es Centre de Recherche CHU Ste-Justine 3175, Chemin de la C\u00f4te-Sainte-Catherine Montr\u00e9al (Qu\u00e9bec) &#8211; H3T 1C5 T 514 345-4691, poste 7146 F 514 345-4766 p.campeau@umontreal.ca","og_url":"https:\/\/biomol.umontreal.ca\/en\/research\/les-professeurs\/campeau-philippe-m-d\/","og_site_name":"Programmes de biologie mol\u00e9culaire","article_modified_time":"2026-02-01T17:35:28+00:00","twitter_card":"summary_large_image","twitter_misc":{"Est. reading time":"2 minutes"},"schema":{"@context":"https:\/\/schema.org","@graph":[{"@type":"WebPage","@id":"https:\/\/biomol.umontreal.ca\/en\/research\/les-professeurs\/campeau-philippe-m-d\/","url":"https:\/\/biomol.umontreal.ca\/en\/research\/les-professeurs\/campeau-philippe-m-d\/","name":"Campeau, Philippe, M.D. - Programmes de biologie mol\u00e9culaire","isPartOf":{"@id":"https:\/\/biomol.umontreal.ca\/#website"},"datePublished":"2014-08-07T15:47:55+00:00","dateModified":"2026-02-01T17:35:28+00:00","breadcrumb":{"@id":"https:\/\/biomol.umontreal.ca\/en\/research\/les-professeurs\/campeau-philippe-m-d\/#breadcrumb"},"inLanguage":"en-US","potentialAction":[{"@type":"ReadAction","target":["https:\/\/biomol.umontreal.ca\/en\/research\/les-professeurs\/campeau-philippe-m-d\/"]}]},{"@type":"BreadcrumbList","@id":"https:\/\/biomol.umontreal.ca\/en\/research\/les-professeurs\/campeau-philippe-m-d\/#breadcrumb","itemListElement":[{"@type":"ListItem","position":1,"name":"Accueil","item":"https:\/\/biomol.umontreal.ca\/en\/"},{"@type":"ListItem","position":2,"name":"Research","item":"https:\/\/biomol.umontreal.ca\/en\/research\/"},{"@type":"ListItem","position":3,"name":"Our professors","item":"https:\/\/biomol.umontreal.ca\/en\/research\/les-professeurs\/"},{"@type":"ListItem","position":4,"name":"Campeau, Philippe, M.D."}]},{"@type":"WebSite","@id":"https:\/\/biomol.umontreal.ca\/#website","url":"https:\/\/biomol.umontreal.ca\/","name":"Programmes de biologie mol\u00e9culaire","description":"","potentialAction":[{"@type":"SearchAction","target":{"@type":"EntryPoint","urlTemplate":"https:\/\/biomol.umontreal.ca\/?s={search_term_string}"},"query-input":{"@type":"PropertyValueSpecification","valueRequired":true,"valueName":"search_term_string"}}],"inLanguage":"en-US"}]}},"_links":{"self":[{"href":"https:\/\/biomol.umontreal.ca\/en\/wp-json\/wp\/v2\/pages\/3980","targetHints":{"allow":["GET"]}}],"collection":[{"href":"https:\/\/biomol.umontreal.ca\/en\/wp-json\/wp\/v2\/pages"}],"about":[{"href":"https:\/\/biomol.umontreal.ca\/en\/wp-json\/wp\/v2\/types\/page"}],"author":[{"embeddable":true,"href":"https:\/\/biomol.umontreal.ca\/en\/wp-json\/wp\/v2\/users\/2"}],"replies":[{"embeddable":true,"href":"https:\/\/biomol.umontreal.ca\/en\/wp-json\/wp\/v2\/comments?post=3980"}],"version-history":[{"count":1,"href":"https:\/\/biomol.umontreal.ca\/en\/wp-json\/wp\/v2\/pages\/3980\/revisions"}],"predecessor-version":[{"id":6653,"href":"https:\/\/biomol.umontreal.ca\/en\/wp-json\/wp\/v2\/pages\/3980\/revisions\/6653"}],"up":[{"embeddable":true,"href":"https:\/\/biomol.umontreal.ca\/en\/wp-json\/wp\/v2\/pages\/3557"}],"wp:attachment":[{"href":"https:\/\/biomol.umontreal.ca\/en\/wp-json\/wp\/v2\/media?parent=3980"}],"curies":[{"name":"wp","href":"https:\/\/api.w.org\/{rel}","templated":true}]}}