{"id":3718,"date":"2012-07-11T10:02:05","date_gmt":"2012-07-11T14:02:05","guid":{"rendered":"https:\/\/biomol.umontreal.ca\/research\/professors\/wurtele-hugo-ph-d\/"},"modified":"2026-02-01T16:48:37","modified_gmt":"2026-02-01T21:48:37","slug":"wurtele-hugo-ph-d","status":"publish","type":"page","link":"https:\/\/biomol.umontreal.ca\/en\/research\/les-professeurs\/wurtele-hugo-ph-d\/","title":{"rendered":"Wurtele, Hugo, Ph.D."},"content":{"rendered":"<h3>Coordonn\u00e9es<\/h3>\n<p>Centre de recherche H\u00f4pital Maisonneuve Rosemont<br \/>\n5415, boulevard de l&#8217;Assomption<br \/>\nMontr\u00e9al (Qu\u00e9bec) H1T 2M4 Canada<br \/>\n<strong>T<\/strong> 514 252-3400 #7288<br \/>\n<strong>T<\/strong> (labo) 514 252-3400 #4302<br \/>\n<strong>F<\/strong> 514 252-3430<br \/>\n<a href=\"mailto:hugo.wurtele@umontreal.ca\" title=\"mailto:hugo.wurtele@umontreal.ca\">hugo.wurtele@umontreal.ca<\/a><\/p>\n<p><a href=\"https:\/\/crhmr.ciusss-estmtl.gouv.qc.ca\/en\/researcher\/hugo-wurtele\">https:\/\/crhmr.ciusss-estmtl.gouv.qc.ca\/en\/researcher\/hugo-wurtele<\/a><\/p>\n<hr\/>\n<div class=\"one-half first \">\n<h2>Axes de recherche<\/h2>\n<ul>\n<li>Interactions prot\u00e9iques<\/li>\n<li>Syst\u00e8mes mod\u00e8les en biologie mol\u00e9culaire<\/li>\n<li>Canc\u00e9rologie<\/li>\n<\/ul>\n<h2>Description de la recherche<\/h2>\n<p>Les dommages \u00e0 l&#8217;ADN peuvent conduire \u00e0 l&#8217;inactivation ou \u00e0 la d\u00e9r\u00e9gulation de g\u00e8nes et causer diverses maladies comme le cancer. Plusieurs m\u00e9canismes de r\u00e9paration de l&#8217;ADN permettent aux cellules de survivre \u00e0 ces dommages. Par contre, ces m\u00e9canismes peuvent aussi compromettre l&#8217;efficacit\u00e9 des traitements de chimioth\u00e9rapie qui tuent les cellules canc\u00e9reuses en induisant des dommages massifs \u00e0 l&#8217;ADN. La recherche sur la r\u00e9ponse cellulaire aux dommages \u00e0 l&#8217;ADN est donc cruciale pour mieux comprendre le cancer et pour le d\u00e9veloppement de nouvelles modalit\u00e9s de traitements. Pour pouvoir s&#8217;ajuster \u00e0 la taille r\u00e9duite des cellules, l&#8217;ADN est empaquet\u00e9 sous la forme d&#8217;une structure appel\u00e9e chromatine. Nous utilisons la levure comme syst\u00e8me mod\u00e8le pour comprendre comment la structure de la chromatine participe \u00e0 la r\u00e9ponse cellulaire \u00e0 des agents qui endommagent l&#8217;ADN similaires \u00e0 ceux utilis\u00e9s en clinique.<\/p>\n<p>Plus sp\u00e9cifiquement, nous nous int\u00e9ressons aux modifications post-traductionnelles des histones nouvellement synth\u00e9tis\u00e9es qui sont incorpor\u00e9es dans la chromatine durant la r\u00e9plication de l&#8217;ADN. Plusieurs \u00e9vidences relient ces modifications \u00e0 la r\u00e9gulation de certaines ubiquitine ligases et \u00e0 la r\u00e9paration de l&#8217;ADN par recombinaison homologue. Nous utilisons donc des approches de microscopie par fluorescence, de biochimie et de g\u00e9n\u00e9tique pour d\u00e9terminer l&#8217;impact de la structure de la chromatine sur les m\u00e9canismes de r\u00e9paration de l&#8217;ADN coupl\u00e9s \u00e0 la r\u00e9plication.<\/p>\n<p>Une meilleure compr\u00e9hension de ces ph\u00e9nom\u00e8nes pourrait conduire \u00e0 la mise au point de nouveaux traitements contre le cancer et mener \u00e0 l&#8217;identification de\u00a0 marqueurs mol\u00e9culaires pour cat\u00e9goriser les tumeurs et mieux d\u00e9finir le traitement appropri\u00e9.<\/p>\n<\/div>\n<div class=\"one-half  \">\n<h2>Research axis<\/h2>\n<ul>\n<li>Protein interaction<\/li>\n<li>Model systems in molecular biology<\/li>\n<li>Cancer<\/li>\n<\/ul>\n<h2>Research description<\/h2>\n<p>DNA damage can lead to the inactivation or misregulation of important genes and to diseases such as cancer. DNA repair mechanisms allow cells to survive to these lesions. On the other hand, repair processes can also compromise the efficacy of chemotherapy treatments which kill cancer cells by inducing lethal DNA damage. Investigation the cellular response to DNA damage is thus crucial for our understanding of cancer and for the development of new therapeutic strategies.<\/p>\n<p>In order to fit into the tiny confines of the cell, DNA is packaged into a structure called chromatin. We are using yeast as a model system to understand how chromatin structure influences the cellular response to genotoxic drugs that are similar to those used in cancer chemotherapy. More specifically, we are interested in post-translational modifications that are specifically found in newly synthesized histones that are incorporated into chromatin during DNA replication. Many lines of evidence link these modifications to the regulation of ubiquitin ligase complexes and to homologous recombination repair of DNA replication damage. We are thus using approaches such as fluorescence microscopy, biochemistry and genetics to characterize the role of chromatin structure in the repair of DNA damage during replication.<\/p>\n<p>We anticipate that a better understanding of these processes could lead to novel cancer treatments and to the identification of new molecular markers for cancer prognosis.<\/p>\n<\/div>\n<hr\/>\n<p>&nbsp;<\/p>\n","protected":false},"excerpt":{"rendered":"<p>Coordonn\u00e9es Centre de recherche H\u00f4pital Maisonneuve Rosemont 5415, boulevard de l&#8217;Assomption Montr\u00e9al (Qu\u00e9bec) H1T 2M4 Canada T 514 252-3400 #7288 T (labo) 514 252-3400 #4302 F 514 252-3430 hugo.wurtele@umontreal.ca https:\/\/crhmr.ciusss-estmtl.gouv.qc.ca\/en\/researcher\/hugo-wurtele [&hellip;]<\/p>\n","protected":false},"author":216,"featured_media":0,"parent":3557,"menu_order":0,"comment_status":"closed","ping_status":"open","template":"","meta":{"footnotes":""},"class_list":["post-3718","page","type-page","status-publish","hentry"],"yoast_head":"<!-- This site is optimized with the Yoast SEO plugin v25.0 - https:\/\/yoast.com\/wordpress\/plugins\/seo\/ -->\n<title>Wurtele, Hugo, Ph.D. - Programmes de biologie mol\u00e9culaire<\/title>\n<meta name=\"robots\" content=\"index, follow, max-snippet:-1, max-image-preview:large, max-video-preview:-1\" \/>\n<link rel=\"canonical\" href=\"https:\/\/biomol.umontreal.ca\/en\/research\/les-professeurs\/wurtele-hugo-ph-d\/\" \/>\n<meta property=\"og:locale\" content=\"en_US\" \/>\n<meta property=\"og:type\" content=\"article\" \/>\n<meta property=\"og:title\" content=\"Wurtele, Hugo, Ph.D. - Programmes de biologie mol\u00e9culaire\" \/>\n<meta property=\"og:description\" content=\"Coordonn\u00e9es Centre de recherche H\u00f4pital Maisonneuve Rosemont 5415, boulevard de l&#8217;Assomption Montr\u00e9al (Qu\u00e9bec) H1T 2M4 Canada T 514 252-3400 #7288 T (labo) 514 252-3400 #4302 F 514 252-3430 hugo.wurtele@umontreal.ca https:\/\/crhmr.ciusss-estmtl.gouv.qc.ca\/en\/researcher\/hugo-wurtele [&hellip;]\" \/>\n<meta property=\"og:url\" content=\"https:\/\/biomol.umontreal.ca\/en\/research\/les-professeurs\/wurtele-hugo-ph-d\/\" \/>\n<meta property=\"og:site_name\" content=\"Programmes de biologie mol\u00e9culaire\" \/>\n<meta property=\"article:modified_time\" content=\"2026-02-01T21:48:37+00:00\" \/>\n<meta name=\"twitter:card\" content=\"summary_large_image\" \/>\n<meta name=\"twitter:label1\" content=\"Est. reading time\" \/>\n\t<meta name=\"twitter:data1\" content=\"3 minutes\" \/>\n<script type=\"application\/ld+json\" class=\"yoast-schema-graph\">{\"@context\":\"https:\/\/schema.org\",\"@graph\":[{\"@type\":\"WebPage\",\"@id\":\"https:\/\/biomol.umontreal.ca\/en\/research\/les-professeurs\/wurtele-hugo-ph-d\/\",\"url\":\"https:\/\/biomol.umontreal.ca\/en\/research\/les-professeurs\/wurtele-hugo-ph-d\/\",\"name\":\"Wurtele, Hugo, Ph.D. - Programmes de biologie mol\u00e9culaire\",\"isPartOf\":{\"@id\":\"https:\/\/biomol.umontreal.ca\/#website\"},\"datePublished\":\"2012-07-11T14:02:05+00:00\",\"dateModified\":\"2026-02-01T21:48:37+00:00\",\"breadcrumb\":{\"@id\":\"https:\/\/biomol.umontreal.ca\/en\/research\/les-professeurs\/wurtele-hugo-ph-d\/#breadcrumb\"},\"inLanguage\":\"en-US\",\"potentialAction\":[{\"@type\":\"ReadAction\",\"target\":[\"https:\/\/biomol.umontreal.ca\/en\/research\/les-professeurs\/wurtele-hugo-ph-d\/\"]}]},{\"@type\":\"BreadcrumbList\",\"@id\":\"https:\/\/biomol.umontreal.ca\/en\/research\/les-professeurs\/wurtele-hugo-ph-d\/#breadcrumb\",\"itemListElement\":[{\"@type\":\"ListItem\",\"position\":1,\"name\":\"Accueil\",\"item\":\"https:\/\/biomol.umontreal.ca\/en\/\"},{\"@type\":\"ListItem\",\"position\":2,\"name\":\"Research\",\"item\":\"https:\/\/biomol.umontreal.ca\/en\/research\/\"},{\"@type\":\"ListItem\",\"position\":3,\"name\":\"Our professors\",\"item\":\"https:\/\/biomol.umontreal.ca\/en\/research\/les-professeurs\/\"},{\"@type\":\"ListItem\",\"position\":4,\"name\":\"Wurtele, Hugo, Ph.D.\"}]},{\"@type\":\"WebSite\",\"@id\":\"https:\/\/biomol.umontreal.ca\/#website\",\"url\":\"https:\/\/biomol.umontreal.ca\/\",\"name\":\"Programmes de biologie mol\u00e9culaire\",\"description\":\"\",\"potentialAction\":[{\"@type\":\"SearchAction\",\"target\":{\"@type\":\"EntryPoint\",\"urlTemplate\":\"https:\/\/biomol.umontreal.ca\/?s={search_term_string}\"},\"query-input\":{\"@type\":\"PropertyValueSpecification\",\"valueRequired\":true,\"valueName\":\"search_term_string\"}}],\"inLanguage\":\"en-US\"}]}<\/script>\n<!-- \/ Yoast SEO plugin. -->","yoast_head_json":{"title":"Wurtele, Hugo, Ph.D. - Programmes de biologie mol\u00e9culaire","robots":{"index":"index","follow":"follow","max-snippet":"max-snippet:-1","max-image-preview":"max-image-preview:large","max-video-preview":"max-video-preview:-1"},"canonical":"https:\/\/biomol.umontreal.ca\/en\/research\/les-professeurs\/wurtele-hugo-ph-d\/","og_locale":"en_US","og_type":"article","og_title":"Wurtele, Hugo, Ph.D. - Programmes de biologie mol\u00e9culaire","og_description":"Coordonn\u00e9es Centre de recherche H\u00f4pital Maisonneuve Rosemont 5415, boulevard de l&#8217;Assomption Montr\u00e9al (Qu\u00e9bec) H1T 2M4 Canada T 514 252-3400 #7288 T (labo) 514 252-3400 #4302 F 514 252-3430 hugo.wurtele@umontreal.ca https:\/\/crhmr.ciusss-estmtl.gouv.qc.ca\/en\/researcher\/hugo-wurtele [&hellip;]","og_url":"https:\/\/biomol.umontreal.ca\/en\/research\/les-professeurs\/wurtele-hugo-ph-d\/","og_site_name":"Programmes de biologie mol\u00e9culaire","article_modified_time":"2026-02-01T21:48:37+00:00","twitter_card":"summary_large_image","twitter_misc":{"Est. reading time":"3 minutes"},"schema":{"@context":"https:\/\/schema.org","@graph":[{"@type":"WebPage","@id":"https:\/\/biomol.umontreal.ca\/en\/research\/les-professeurs\/wurtele-hugo-ph-d\/","url":"https:\/\/biomol.umontreal.ca\/en\/research\/les-professeurs\/wurtele-hugo-ph-d\/","name":"Wurtele, Hugo, Ph.D. - Programmes de biologie mol\u00e9culaire","isPartOf":{"@id":"https:\/\/biomol.umontreal.ca\/#website"},"datePublished":"2012-07-11T14:02:05+00:00","dateModified":"2026-02-01T21:48:37+00:00","breadcrumb":{"@id":"https:\/\/biomol.umontreal.ca\/en\/research\/les-professeurs\/wurtele-hugo-ph-d\/#breadcrumb"},"inLanguage":"en-US","potentialAction":[{"@type":"ReadAction","target":["https:\/\/biomol.umontreal.ca\/en\/research\/les-professeurs\/wurtele-hugo-ph-d\/"]}]},{"@type":"BreadcrumbList","@id":"https:\/\/biomol.umontreal.ca\/en\/research\/les-professeurs\/wurtele-hugo-ph-d\/#breadcrumb","itemListElement":[{"@type":"ListItem","position":1,"name":"Accueil","item":"https:\/\/biomol.umontreal.ca\/en\/"},{"@type":"ListItem","position":2,"name":"Research","item":"https:\/\/biomol.umontreal.ca\/en\/research\/"},{"@type":"ListItem","position":3,"name":"Our professors","item":"https:\/\/biomol.umontreal.ca\/en\/research\/les-professeurs\/"},{"@type":"ListItem","position":4,"name":"Wurtele, Hugo, Ph.D."}]},{"@type":"WebSite","@id":"https:\/\/biomol.umontreal.ca\/#website","url":"https:\/\/biomol.umontreal.ca\/","name":"Programmes de biologie mol\u00e9culaire","description":"","potentialAction":[{"@type":"SearchAction","target":{"@type":"EntryPoint","urlTemplate":"https:\/\/biomol.umontreal.ca\/?s={search_term_string}"},"query-input":{"@type":"PropertyValueSpecification","valueRequired":true,"valueName":"search_term_string"}}],"inLanguage":"en-US"}]}},"_links":{"self":[{"href":"https:\/\/biomol.umontreal.ca\/en\/wp-json\/wp\/v2\/pages\/3718","targetHints":{"allow":["GET"]}}],"collection":[{"href":"https:\/\/biomol.umontreal.ca\/en\/wp-json\/wp\/v2\/pages"}],"about":[{"href":"https:\/\/biomol.umontreal.ca\/en\/wp-json\/wp\/v2\/types\/page"}],"author":[{"embeddable":true,"href":"https:\/\/biomol.umontreal.ca\/en\/wp-json\/wp\/v2\/users\/216"}],"replies":[{"embeddable":true,"href":"https:\/\/biomol.umontreal.ca\/en\/wp-json\/wp\/v2\/comments?post=3718"}],"version-history":[{"count":5,"href":"https:\/\/biomol.umontreal.ca\/en\/wp-json\/wp\/v2\/pages\/3718\/revisions"}],"predecessor-version":[{"id":6911,"href":"https:\/\/biomol.umontreal.ca\/en\/wp-json\/wp\/v2\/pages\/3718\/revisions\/6911"}],"up":[{"embeddable":true,"href":"https:\/\/biomol.umontreal.ca\/en\/wp-json\/wp\/v2\/pages\/3557"}],"wp:attachment":[{"href":"https:\/\/biomol.umontreal.ca\/en\/wp-json\/wp\/v2\/media?parent=3718"}],"curies":[{"name":"wp","href":"https:\/\/api.w.org\/{rel}","templated":true}]}}