{"id":3711,"date":"2012-01-24T10:44:46","date_gmt":"2012-01-24T15:44:46","guid":{"rendered":"https:\/\/biomol.umontreal.ca\/research\/professors\/trudel-marie-d-sc\/"},"modified":"2014-03-10T11:05:22","modified_gmt":"2014-03-10T15:05:22","slug":"trudel-marie-d-sc","status":"publish","type":"page","link":"https:\/\/biomol.umontreal.ca\/en\/research\/les-professeurs\/trudel-marie-d-sc\/","title":{"rendered":"Trudel, Marie, D.Sc."},"content":{"rendered":"<h3>Coordonn\u00e9es<\/h3>\n<p>IRCM<br \/>\n<strong>T<\/strong> 514 987-5712<br \/>\n<strong>F<\/strong> 514 987-5585<br \/>\n<a href=\"mailto:marie.trudel@ircm.qc.ca\">marie.trudel@ircm.qc.ca<\/a><br \/>\n<hr\/><\/p>\n<div class=\"one-half first \">\n<h2>Axes de recherche<\/h2>\n<ul>\n<li>Approches th\u00e9rapeutiques<\/li>\n<li>D\u00e9veloppement et diff\u00e9renciation tissulaire<\/li>\n<li>G\u00e9n\u00e9tique humaine et maladies g\u00e9n\u00e9tiques<\/li>\n<li>Immunologie et h\u00e9matopo\u00ef\u00e8se<\/li>\n<li>Signalisation intracellulaire<\/li>\n<\/ul>\n<h2>Description de la recherche<\/h2>\n<p>\u00c9tude de g\u00e9n\u00e9tique mol\u00e9culaire sur le d\u00e9veloppement in vivo. Caract\u00e9risation des m\u00e9canismes mol\u00e9culaires r\u00e9gulant l\u2019h\u00e9matopoi\u00e8se normale et anormale e.g. la leuc\u00e9mie; plus particuli\u00e8rement, nous \u00e9tudions le r\u00f4le de certains facteurs transcriptionnels et la r\u00e9gulation des g\u00e8nes de globines en utilisant l\u2019approche des souris transg\u00e9niques et knock-out. Gr\u00e2ce \u00e0 la cr\u00e9ation de notre mod\u00e8le murin d\u2019an\u00e9mie falciforme, nous d\u00e9veloppons et \u00e9valuons de nouvelles approches de th\u00e9rapie g\u00e9nique \u00e0 partir de techniques optimis\u00e9es de transplantation de moelle osseuse, de transfert de g\u00e8nes et de nouveaux vecteurs. Analyse mol\u00e9culaire du d\u00e9veloppement et de l\u2019induction de la diff\u00e9renciation cellulaire du rein, un syst\u00e8me mod\u00e8le pour de nombreux ph\u00e9nom\u00e8nes ontog\u00e9niques. D\u00e9finir in vivo les interactions mol\u00e9culaires de certains protooncog\u00e8nes nucl\u00e9aires et du g\u00e8ne de la polykystose r\u00e9nale PKDI et leurs voies de signalisation.<\/p>\n<\/div>\n<div class=\"one-half  \">\n<h2>Research axis<\/h2>\n<ul>\n<li>Therapeutic approaches<\/li>\n<li>Development and tissue differentiation<\/li>\n<li>Immunology and Haematopoiesis<\/li>\n<li>Human genetics and genetic diseases<\/li>\n<li>Intracellular signaling<\/li>\n<\/ul>\n<h2>Research description<\/h2>\n<p>Study of molecular genetic in development in vivo. Characterization of the molecular mechanisms regulating normal and abnormal (e.g. leukemia) hematopoiesis; particularly, we are studying the role of certain transcription factors and globin gene regulation by using transgenic and knock-out mice approaches. Due to the creation of our mouse model of sickle cell disease, we are developing and evaluating novel approaches of gene therapy from optimized techniques of bone marrow transplantation, gene transfer and new vectors. Molecular analysis of development and induction of kidney cellular differentiation, the model system for numerous ontogenic phenomena. Define the molecular interactions of certain nuclear protooncogenes and of PKDI, the gene of polycystic disease, and their signal transduction pathways.<\/p>\n<\/div>\n","protected":false},"excerpt":{"rendered":"<p>Coordonn\u00e9es IRCM T 514 987-5712 F 514 987-5585 marie.trudel@ircm.qc.ca<\/p>\n","protected":false},"author":1,"featured_media":0,"parent":3557,"menu_order":0,"comment_status":"closed","ping_status":"open","template":"","meta":{"footnotes":""},"class_list":["post-3711","page","type-page","status-publish","hentry"],"yoast_head":"<!-- This site is optimized with the Yoast SEO plugin v25.0 - https:\/\/yoast.com\/wordpress\/plugins\/seo\/ -->\n<title>Trudel, Marie, D.Sc. - Programmes de biologie mol\u00e9culaire<\/title>\n<meta name=\"robots\" content=\"index, follow, max-snippet:-1, max-image-preview:large, max-video-preview:-1\" \/>\n<link rel=\"canonical\" href=\"https:\/\/biomol.umontreal.ca\/en\/research\/les-professeurs\/trudel-marie-d-sc\/\" \/>\n<meta property=\"og:locale\" content=\"en_US\" \/>\n<meta property=\"og:type\" content=\"article\" \/>\n<meta property=\"og:title\" content=\"Trudel, Marie, D.Sc. - Programmes de biologie mol\u00e9culaire\" \/>\n<meta property=\"og:description\" content=\"Coordonn\u00e9es IRCM T 514 987-5712 F 514 987-5585 marie.trudel@ircm.qc.ca\" \/>\n<meta property=\"og:url\" content=\"https:\/\/biomol.umontreal.ca\/en\/research\/les-professeurs\/trudel-marie-d-sc\/\" \/>\n<meta property=\"og:site_name\" content=\"Programmes de biologie mol\u00e9culaire\" \/>\n<meta property=\"article:modified_time\" content=\"2014-03-10T15:05:22+00:00\" \/>\n<meta name=\"twitter:card\" content=\"summary_large_image\" \/>\n<meta name=\"twitter:label1\" content=\"Est. reading time\" \/>\n\t<meta name=\"twitter:data1\" content=\"2 minutes\" \/>\n<script type=\"application\/ld+json\" class=\"yoast-schema-graph\">{\"@context\":\"https:\/\/schema.org\",\"@graph\":[{\"@type\":\"WebPage\",\"@id\":\"https:\/\/biomol.umontreal.ca\/en\/research\/les-professeurs\/trudel-marie-d-sc\/\",\"url\":\"https:\/\/biomol.umontreal.ca\/en\/research\/les-professeurs\/trudel-marie-d-sc\/\",\"name\":\"Trudel, Marie, D.Sc. - Programmes de biologie mol\u00e9culaire\",\"isPartOf\":{\"@id\":\"https:\/\/biomol.umontreal.ca\/#website\"},\"datePublished\":\"2012-01-24T15:44:46+00:00\",\"dateModified\":\"2014-03-10T15:05:22+00:00\",\"breadcrumb\":{\"@id\":\"https:\/\/biomol.umontreal.ca\/en\/research\/les-professeurs\/trudel-marie-d-sc\/#breadcrumb\"},\"inLanguage\":\"en-US\",\"potentialAction\":[{\"@type\":\"ReadAction\",\"target\":[\"https:\/\/biomol.umontreal.ca\/en\/research\/les-professeurs\/trudel-marie-d-sc\/\"]}]},{\"@type\":\"BreadcrumbList\",\"@id\":\"https:\/\/biomol.umontreal.ca\/en\/research\/les-professeurs\/trudel-marie-d-sc\/#breadcrumb\",\"itemListElement\":[{\"@type\":\"ListItem\",\"position\":1,\"name\":\"Accueil\",\"item\":\"https:\/\/biomol.umontreal.ca\/en\/\"},{\"@type\":\"ListItem\",\"position\":2,\"name\":\"Research\",\"item\":\"https:\/\/biomol.umontreal.ca\/en\/research\/\"},{\"@type\":\"ListItem\",\"position\":3,\"name\":\"Our professors\",\"item\":\"https:\/\/biomol.umontreal.ca\/en\/research\/les-professeurs\/\"},{\"@type\":\"ListItem\",\"position\":4,\"name\":\"Trudel, Marie, D.Sc.\"}]},{\"@type\":\"WebSite\",\"@id\":\"https:\/\/biomol.umontreal.ca\/#website\",\"url\":\"https:\/\/biomol.umontreal.ca\/\",\"name\":\"Programmes de biologie mol\u00e9culaire\",\"description\":\"\",\"potentialAction\":[{\"@type\":\"SearchAction\",\"target\":{\"@type\":\"EntryPoint\",\"urlTemplate\":\"https:\/\/biomol.umontreal.ca\/?s={search_term_string}\"},\"query-input\":{\"@type\":\"PropertyValueSpecification\",\"valueRequired\":true,\"valueName\":\"search_term_string\"}}],\"inLanguage\":\"en-US\"}]}<\/script>\n<!-- \/ Yoast SEO plugin. -->","yoast_head_json":{"title":"Trudel, Marie, D.Sc. - Programmes de biologie mol\u00e9culaire","robots":{"index":"index","follow":"follow","max-snippet":"max-snippet:-1","max-image-preview":"max-image-preview:large","max-video-preview":"max-video-preview:-1"},"canonical":"https:\/\/biomol.umontreal.ca\/en\/research\/les-professeurs\/trudel-marie-d-sc\/","og_locale":"en_US","og_type":"article","og_title":"Trudel, Marie, D.Sc. - Programmes de biologie mol\u00e9culaire","og_description":"Coordonn\u00e9es IRCM T 514 987-5712 F 514 987-5585 marie.trudel@ircm.qc.ca","og_url":"https:\/\/biomol.umontreal.ca\/en\/research\/les-professeurs\/trudel-marie-d-sc\/","og_site_name":"Programmes de biologie mol\u00e9culaire","article_modified_time":"2014-03-10T15:05:22+00:00","twitter_card":"summary_large_image","twitter_misc":{"Est. reading time":"2 minutes"},"schema":{"@context":"https:\/\/schema.org","@graph":[{"@type":"WebPage","@id":"https:\/\/biomol.umontreal.ca\/en\/research\/les-professeurs\/trudel-marie-d-sc\/","url":"https:\/\/biomol.umontreal.ca\/en\/research\/les-professeurs\/trudel-marie-d-sc\/","name":"Trudel, Marie, D.Sc. - Programmes de biologie mol\u00e9culaire","isPartOf":{"@id":"https:\/\/biomol.umontreal.ca\/#website"},"datePublished":"2012-01-24T15:44:46+00:00","dateModified":"2014-03-10T15:05:22+00:00","breadcrumb":{"@id":"https:\/\/biomol.umontreal.ca\/en\/research\/les-professeurs\/trudel-marie-d-sc\/#breadcrumb"},"inLanguage":"en-US","potentialAction":[{"@type":"ReadAction","target":["https:\/\/biomol.umontreal.ca\/en\/research\/les-professeurs\/trudel-marie-d-sc\/"]}]},{"@type":"BreadcrumbList","@id":"https:\/\/biomol.umontreal.ca\/en\/research\/les-professeurs\/trudel-marie-d-sc\/#breadcrumb","itemListElement":[{"@type":"ListItem","position":1,"name":"Accueil","item":"https:\/\/biomol.umontreal.ca\/en\/"},{"@type":"ListItem","position":2,"name":"Research","item":"https:\/\/biomol.umontreal.ca\/en\/research\/"},{"@type":"ListItem","position":3,"name":"Our professors","item":"https:\/\/biomol.umontreal.ca\/en\/research\/les-professeurs\/"},{"@type":"ListItem","position":4,"name":"Trudel, Marie, D.Sc."}]},{"@type":"WebSite","@id":"https:\/\/biomol.umontreal.ca\/#website","url":"https:\/\/biomol.umontreal.ca\/","name":"Programmes de biologie mol\u00e9culaire","description":"","potentialAction":[{"@type":"SearchAction","target":{"@type":"EntryPoint","urlTemplate":"https:\/\/biomol.umontreal.ca\/?s={search_term_string}"},"query-input":{"@type":"PropertyValueSpecification","valueRequired":true,"valueName":"search_term_string"}}],"inLanguage":"en-US"}]}},"_links":{"self":[{"href":"https:\/\/biomol.umontreal.ca\/en\/wp-json\/wp\/v2\/pages\/3711","targetHints":{"allow":["GET"]}}],"collection":[{"href":"https:\/\/biomol.umontreal.ca\/en\/wp-json\/wp\/v2\/pages"}],"about":[{"href":"https:\/\/biomol.umontreal.ca\/en\/wp-json\/wp\/v2\/types\/page"}],"author":[{"embeddable":true,"href":"https:\/\/biomol.umontreal.ca\/en\/wp-json\/wp\/v2\/users\/1"}],"replies":[{"embeddable":true,"href":"https:\/\/biomol.umontreal.ca\/en\/wp-json\/wp\/v2\/comments?post=3711"}],"version-history":[{"count":2,"href":"https:\/\/biomol.umontreal.ca\/en\/wp-json\/wp\/v2\/pages\/3711\/revisions"}],"predecessor-version":[{"id":3852,"href":"https:\/\/biomol.umontreal.ca\/en\/wp-json\/wp\/v2\/pages\/3711\/revisions\/3852"}],"up":[{"embeddable":true,"href":"https:\/\/biomol.umontreal.ca\/en\/wp-json\/wp\/v2\/pages\/3557"}],"wp:attachment":[{"href":"https:\/\/biomol.umontreal.ca\/en\/wp-json\/wp\/v2\/media?parent=3711"}],"curies":[{"name":"wp","href":"https:\/\/api.w.org\/{rel}","templated":true}]}}