{"id":3710,"date":"2012-01-24T10:20:06","date_gmt":"2012-01-24T15:20:06","guid":{"rendered":"https:\/\/biomol.umontreal.ca\/research\/professors\/thibault-pierre-ph-d\/"},"modified":"2026-02-01T16:41:58","modified_gmt":"2026-02-01T21:41:58","slug":"thibault-pierre-ph-d","status":"publish","type":"page","link":"https:\/\/biomol.umontreal.ca\/en\/research\/les-professeurs\/thibault-pierre-ph-d\/","title":{"rendered":"Thibault, Pierre, Ph.D."},"content":{"rendered":"<p>Professeur et Chaire de recherche du Canada en prot\u00e9omique<\/p>\n<h3>Coordonn\u00e9es<\/h3>\n<p>D\u00e9partement de chimie et<br \/>\nInstitut de Recherche en Immunologie et Canc\u00e9rologie<br \/>\nUniversit\u00e9 de Montreal<br \/>\nC.P. 6128, Station Centre-ville<br \/>\nMontreal (Qu\u00e9bec) H3C 3J7<br \/>\n<strong>T<\/strong> 514 343-6910<strong><br \/>\nF<\/strong> 514 343-6843<br \/>\n<a href=\"mailto:pierre.thibault@umontreal.ca\">pierre.thibault@umontreal.ca<\/a><\/p>\n<hr\/>\n<div class=\"one-half first \">\n<h2>Axes de recherche<\/h2>\n<ul>\n<li>Signalisation intracellulaire<\/li>\n<li>Immunologie et H\u00e9matopo\u00ef\u00e8se<\/li>\n<li>Prot\u00e9omique<\/li>\n<li>Biologie des syst\u00e8mes<\/li>\n<\/ul>\n<h2>Description de la recherche<\/h2>\n<p>Notre programme de recherche porte principalement dans l\u2019application de la prot\u00e9omique et de la spectrom\u00e9trie de masse bioanalytique dans le but d\u2019obtenir une meilleure compr\u00e9hension des processus cellulaires tels la biogen\u00e8se d\u2019organites (phagolysosome et endosome), la signalisation (phosphorylation et sumoylation) chez les cellules canc\u00e9reuses ou encore l\u2019identification de peptides issus de complexes majeur d&#8217;histocompatibilit\u00e9.<\/p>\n<\/div>\n<div class=\"one-half  \">\n<h2>Research axis<\/h2>\n<ul>\n<li>Intracellular signaling<\/li>\n<li>Immunology and haematopoiesis<\/li>\n<li>Proteomic<\/li>\n<li>Systems biology<\/li>\n<\/ul>\n<h2>Research description<\/h2>\n<p>Our research program is focused primarily on the application of proteomics and bioanalytical mass spectrometry to gain further insights to complex cell biology paradigms such as organelle biogenesis (phagosome and endosome), cell signaling (phosphorylation and sumoylation) in cancer, and the identification of peptides presented by the major histocompatibility complex proteins.<\/p>\n<\/div>\n<hr\/>\n<p>&nbsp;<\/p>\n","protected":false},"excerpt":{"rendered":"<p>Professeur et Chaire de recherche du Canada en prot\u00e9omique Coordonn\u00e9es D\u00e9partement de chimie et Institut de Recherche en Immunologie et Canc\u00e9rologie Universit\u00e9 de Montreal C.P. 6128, Station Centre-ville Montreal (Qu\u00e9bec) [&hellip;]<\/p>\n","protected":false},"author":1,"featured_media":0,"parent":3557,"menu_order":0,"comment_status":"closed","ping_status":"open","template":"","meta":{"footnotes":""},"class_list":["post-3710","page","type-page","status-publish","hentry"],"yoast_head":"<!-- This site is optimized with the Yoast SEO plugin v25.0 - https:\/\/yoast.com\/wordpress\/plugins\/seo\/ -->\n<title>Thibault, Pierre, Ph.D. - Programmes de biologie mol\u00e9culaire<\/title>\n<meta name=\"robots\" content=\"index, follow, max-snippet:-1, max-image-preview:large, max-video-preview:-1\" \/>\n<link rel=\"canonical\" href=\"https:\/\/biomol.umontreal.ca\/en\/research\/les-professeurs\/thibault-pierre-ph-d\/\" \/>\n<meta property=\"og:locale\" content=\"en_US\" \/>\n<meta property=\"og:type\" content=\"article\" \/>\n<meta property=\"og:title\" content=\"Thibault, Pierre, Ph.D. - Programmes de biologie mol\u00e9culaire\" \/>\n<meta property=\"og:description\" content=\"Professeur et Chaire de recherche du Canada en prot\u00e9omique Coordonn\u00e9es D\u00e9partement de chimie et Institut de Recherche en Immunologie et Canc\u00e9rologie Universit\u00e9 de Montreal C.P. 6128, Station Centre-ville Montreal (Qu\u00e9bec) [&hellip;]\" \/>\n<meta property=\"og:url\" content=\"https:\/\/biomol.umontreal.ca\/en\/research\/les-professeurs\/thibault-pierre-ph-d\/\" \/>\n<meta property=\"og:site_name\" content=\"Programmes de biologie mol\u00e9culaire\" \/>\n<meta property=\"article:modified_time\" content=\"2026-02-01T21:41:58+00:00\" \/>\n<meta name=\"twitter:card\" content=\"summary_large_image\" \/>\n<meta name=\"twitter:label1\" content=\"Est. reading time\" \/>\n\t<meta name=\"twitter:data1\" content=\"1 minute\" \/>\n<script type=\"application\/ld+json\" class=\"yoast-schema-graph\">{\"@context\":\"https:\/\/schema.org\",\"@graph\":[{\"@type\":\"WebPage\",\"@id\":\"https:\/\/biomol.umontreal.ca\/en\/research\/les-professeurs\/thibault-pierre-ph-d\/\",\"url\":\"https:\/\/biomol.umontreal.ca\/en\/research\/les-professeurs\/thibault-pierre-ph-d\/\",\"name\":\"Thibault, Pierre, Ph.D. - Programmes de biologie mol\u00e9culaire\",\"isPartOf\":{\"@id\":\"https:\/\/biomol.umontreal.ca\/#website\"},\"datePublished\":\"2012-01-24T15:20:06+00:00\",\"dateModified\":\"2026-02-01T21:41:58+00:00\",\"breadcrumb\":{\"@id\":\"https:\/\/biomol.umontreal.ca\/en\/research\/les-professeurs\/thibault-pierre-ph-d\/#breadcrumb\"},\"inLanguage\":\"en-US\",\"potentialAction\":[{\"@type\":\"ReadAction\",\"target\":[\"https:\/\/biomol.umontreal.ca\/en\/research\/les-professeurs\/thibault-pierre-ph-d\/\"]}]},{\"@type\":\"BreadcrumbList\",\"@id\":\"https:\/\/biomol.umontreal.ca\/en\/research\/les-professeurs\/thibault-pierre-ph-d\/#breadcrumb\",\"itemListElement\":[{\"@type\":\"ListItem\",\"position\":1,\"name\":\"Accueil\",\"item\":\"https:\/\/biomol.umontreal.ca\/en\/\"},{\"@type\":\"ListItem\",\"position\":2,\"name\":\"Research\",\"item\":\"https:\/\/biomol.umontreal.ca\/en\/research\/\"},{\"@type\":\"ListItem\",\"position\":3,\"name\":\"Our professors\",\"item\":\"https:\/\/biomol.umontreal.ca\/en\/research\/les-professeurs\/\"},{\"@type\":\"ListItem\",\"position\":4,\"name\":\"Thibault, Pierre, Ph.D.\"}]},{\"@type\":\"WebSite\",\"@id\":\"https:\/\/biomol.umontreal.ca\/#website\",\"url\":\"https:\/\/biomol.umontreal.ca\/\",\"name\":\"Programmes de biologie mol\u00e9culaire\",\"description\":\"\",\"potentialAction\":[{\"@type\":\"SearchAction\",\"target\":{\"@type\":\"EntryPoint\",\"urlTemplate\":\"https:\/\/biomol.umontreal.ca\/?s={search_term_string}\"},\"query-input\":{\"@type\":\"PropertyValueSpecification\",\"valueRequired\":true,\"valueName\":\"search_term_string\"}}],\"inLanguage\":\"en-US\"}]}<\/script>\n<!-- \/ Yoast SEO plugin. -->","yoast_head_json":{"title":"Thibault, Pierre, Ph.D. - Programmes de biologie mol\u00e9culaire","robots":{"index":"index","follow":"follow","max-snippet":"max-snippet:-1","max-image-preview":"max-image-preview:large","max-video-preview":"max-video-preview:-1"},"canonical":"https:\/\/biomol.umontreal.ca\/en\/research\/les-professeurs\/thibault-pierre-ph-d\/","og_locale":"en_US","og_type":"article","og_title":"Thibault, Pierre, Ph.D. - Programmes de biologie mol\u00e9culaire","og_description":"Professeur et Chaire de recherche du Canada en prot\u00e9omique Coordonn\u00e9es D\u00e9partement de chimie et Institut de Recherche en Immunologie et Canc\u00e9rologie Universit\u00e9 de Montreal C.P. 6128, Station Centre-ville Montreal (Qu\u00e9bec) [&hellip;]","og_url":"https:\/\/biomol.umontreal.ca\/en\/research\/les-professeurs\/thibault-pierre-ph-d\/","og_site_name":"Programmes de biologie mol\u00e9culaire","article_modified_time":"2026-02-01T21:41:58+00:00","twitter_card":"summary_large_image","twitter_misc":{"Est. reading time":"1 minute"},"schema":{"@context":"https:\/\/schema.org","@graph":[{"@type":"WebPage","@id":"https:\/\/biomol.umontreal.ca\/en\/research\/les-professeurs\/thibault-pierre-ph-d\/","url":"https:\/\/biomol.umontreal.ca\/en\/research\/les-professeurs\/thibault-pierre-ph-d\/","name":"Thibault, Pierre, Ph.D. - Programmes de biologie mol\u00e9culaire","isPartOf":{"@id":"https:\/\/biomol.umontreal.ca\/#website"},"datePublished":"2012-01-24T15:20:06+00:00","dateModified":"2026-02-01T21:41:58+00:00","breadcrumb":{"@id":"https:\/\/biomol.umontreal.ca\/en\/research\/les-professeurs\/thibault-pierre-ph-d\/#breadcrumb"},"inLanguage":"en-US","potentialAction":[{"@type":"ReadAction","target":["https:\/\/biomol.umontreal.ca\/en\/research\/les-professeurs\/thibault-pierre-ph-d\/"]}]},{"@type":"BreadcrumbList","@id":"https:\/\/biomol.umontreal.ca\/en\/research\/les-professeurs\/thibault-pierre-ph-d\/#breadcrumb","itemListElement":[{"@type":"ListItem","position":1,"name":"Accueil","item":"https:\/\/biomol.umontreal.ca\/en\/"},{"@type":"ListItem","position":2,"name":"Research","item":"https:\/\/biomol.umontreal.ca\/en\/research\/"},{"@type":"ListItem","position":3,"name":"Our professors","item":"https:\/\/biomol.umontreal.ca\/en\/research\/les-professeurs\/"},{"@type":"ListItem","position":4,"name":"Thibault, Pierre, Ph.D."}]},{"@type":"WebSite","@id":"https:\/\/biomol.umontreal.ca\/#website","url":"https:\/\/biomol.umontreal.ca\/","name":"Programmes de biologie mol\u00e9culaire","description":"","potentialAction":[{"@type":"SearchAction","target":{"@type":"EntryPoint","urlTemplate":"https:\/\/biomol.umontreal.ca\/?s={search_term_string}"},"query-input":{"@type":"PropertyValueSpecification","valueRequired":true,"valueName":"search_term_string"}}],"inLanguage":"en-US"}]}},"_links":{"self":[{"href":"https:\/\/biomol.umontreal.ca\/en\/wp-json\/wp\/v2\/pages\/3710","targetHints":{"allow":["GET"]}}],"collection":[{"href":"https:\/\/biomol.umontreal.ca\/en\/wp-json\/wp\/v2\/pages"}],"about":[{"href":"https:\/\/biomol.umontreal.ca\/en\/wp-json\/wp\/v2\/types\/page"}],"author":[{"embeddable":true,"href":"https:\/\/biomol.umontreal.ca\/en\/wp-json\/wp\/v2\/users\/1"}],"replies":[{"embeddable":true,"href":"https:\/\/biomol.umontreal.ca\/en\/wp-json\/wp\/v2\/comments?post=3710"}],"version-history":[{"count":2,"href":"https:\/\/biomol.umontreal.ca\/en\/wp-json\/wp\/v2\/pages\/3710\/revisions"}],"predecessor-version":[{"id":6901,"href":"https:\/\/biomol.umontreal.ca\/en\/wp-json\/wp\/v2\/pages\/3710\/revisions\/6901"}],"up":[{"embeddable":true,"href":"https:\/\/biomol.umontreal.ca\/en\/wp-json\/wp\/v2\/pages\/3557"}],"wp:attachment":[{"href":"https:\/\/biomol.umontreal.ca\/en\/wp-json\/wp\/v2\/media?parent=3710"}],"curies":[{"name":"wp","href":"https:\/\/api.w.org\/{rel}","templated":true}]}}