{"id":3709,"date":"2012-01-24T09:41:39","date_gmt":"2012-01-24T14:41:39","guid":{"rendered":"https:\/\/biomol.umontreal.ca\/research\/professors\/therrien-marc-ph-d\/"},"modified":"2013-08-16T16:22:12","modified_gmt":"2013-08-16T20:22:12","slug":"therrien-marc-ph-d","status":"publish","type":"page","link":"https:\/\/biomol.umontreal.ca\/en\/research\/les-professeurs\/therrien-marc-ph-d\/","title":{"rendered":"Therrien, Marc, Ph.D."},"content":{"rendered":"<h3>Coordonn\u00e9es<\/h3>\n<p>IRIC &#8211; Universit\u00e9 de Montr\u00e9al<br \/>\n<strong>T<\/strong> 514 343-7837<br \/>\n<strong>F<\/strong> 514\u00a0343-6843<br \/>\n<a href=\"mailto:marc.therrien@umontreal.ca\">marc.therrien@umontreal.ca<\/a><\/p>\n<hr\/>\n<div class=\"one-half first \">\n<h2>Axes de recherche<\/h2>\n<ul>\n<li>Signalisation intracellulaire<\/li>\n<li>Canc\u00e9rologie<\/li>\n<li>Approches th\u00e9rapeutiques<\/li>\n<li>Syst\u00e8mes mod\u00e8les en biologie mol\u00e9culaire<\/li>\n<\/ul>\n<h2>Description de la recherche<\/h2>\n<p>\u00c9tude des voies de signalisation requises pour la prolif\u00e9ration, la diff\u00e9rentiation et la survie cellulaire. Caract\u00e9risation biochimique et mol\u00e9culaire des m\u00e9canismes de signalisation induit par divers g\u00e8nes impliqu\u00e9s dans le cancer. D\u00e9veloppement de biosenseurs permettant la d\u00e9tection de processus de signalisation de la voie Ras\/MAPK et applications en vue d\u2019identifier de nouvelles classes de compos\u00e9s chimiques aux propri\u00e9t\u00e9s anticanc\u00e9reuses.<\/p>\n<\/div>\n<div class=\"one-half  \">\n<h2>Research axis<\/h2>\n<ul>\n<li>Intracellular signaling<\/li>\n<li>Cancer<\/li>\n<li>Therapeutic approaches<\/li>\n<li>Model systems in molecular biology<\/li>\n<\/ul>\n<h2>Research description<\/h2>\n<p>Study of signaling pathways required for cell proliferation, differentiation and survival. Biochemical and molecular characterization of signaling mechanisms induced by cancer-causing genes. Biosensor development for monitoring Ras\/MAPK signaling and their applications to uncover new classes of small compound inhibitors with anticancer properties.<\/p>\n<\/div>\n","protected":false},"excerpt":{"rendered":"<p>Coordonn\u00e9es IRIC &#8211; Universit\u00e9 de Montr\u00e9al T 514 343-7837 F 514\u00a0343-6843 marc.therrien@umontreal.ca<\/p>\n","protected":false},"author":1,"featured_media":0,"parent":3557,"menu_order":0,"comment_status":"closed","ping_status":"open","template":"","meta":{"footnotes":""},"class_list":["post-3709","page","type-page","status-publish","hentry"],"yoast_head":"<!-- This site is optimized with the Yoast SEO plugin v25.0 - https:\/\/yoast.com\/wordpress\/plugins\/seo\/ -->\n<title>Therrien, Marc, Ph.D. - Programmes de biologie mol\u00e9culaire<\/title>\n<meta name=\"robots\" content=\"index, follow, max-snippet:-1, max-image-preview:large, max-video-preview:-1\" \/>\n<link rel=\"canonical\" href=\"https:\/\/biomol.umontreal.ca\/en\/research\/les-professeurs\/therrien-marc-ph-d\/\" \/>\n<meta property=\"og:locale\" content=\"en_US\" \/>\n<meta property=\"og:type\" content=\"article\" \/>\n<meta property=\"og:title\" content=\"Therrien, Marc, Ph.D. - Programmes de biologie mol\u00e9culaire\" \/>\n<meta property=\"og:description\" content=\"Coordonn\u00e9es IRIC &#8211; Universit\u00e9 de Montr\u00e9al T 514 343-7837 F 514\u00a0343-6843 marc.therrien@umontreal.ca\" \/>\n<meta property=\"og:url\" content=\"https:\/\/biomol.umontreal.ca\/en\/research\/les-professeurs\/therrien-marc-ph-d\/\" \/>\n<meta property=\"og:site_name\" content=\"Programmes de biologie mol\u00e9culaire\" \/>\n<meta property=\"article:modified_time\" content=\"2013-08-16T20:22:12+00:00\" \/>\n<meta name=\"twitter:card\" content=\"summary_large_image\" \/>\n<meta name=\"twitter:label1\" content=\"Est. reading time\" \/>\n\t<meta name=\"twitter:data1\" content=\"1 minute\" \/>\n<script type=\"application\/ld+json\" class=\"yoast-schema-graph\">{\"@context\":\"https:\/\/schema.org\",\"@graph\":[{\"@type\":\"WebPage\",\"@id\":\"https:\/\/biomol.umontreal.ca\/en\/research\/les-professeurs\/therrien-marc-ph-d\/\",\"url\":\"https:\/\/biomol.umontreal.ca\/en\/research\/les-professeurs\/therrien-marc-ph-d\/\",\"name\":\"Therrien, Marc, Ph.D. - Programmes de biologie mol\u00e9culaire\",\"isPartOf\":{\"@id\":\"https:\/\/biomol.umontreal.ca\/#website\"},\"datePublished\":\"2012-01-24T14:41:39+00:00\",\"dateModified\":\"2013-08-16T20:22:12+00:00\",\"breadcrumb\":{\"@id\":\"https:\/\/biomol.umontreal.ca\/en\/research\/les-professeurs\/therrien-marc-ph-d\/#breadcrumb\"},\"inLanguage\":\"en-US\",\"potentialAction\":[{\"@type\":\"ReadAction\",\"target\":[\"https:\/\/biomol.umontreal.ca\/en\/research\/les-professeurs\/therrien-marc-ph-d\/\"]}]},{\"@type\":\"BreadcrumbList\",\"@id\":\"https:\/\/biomol.umontreal.ca\/en\/research\/les-professeurs\/therrien-marc-ph-d\/#breadcrumb\",\"itemListElement\":[{\"@type\":\"ListItem\",\"position\":1,\"name\":\"Accueil\",\"item\":\"https:\/\/biomol.umontreal.ca\/en\/\"},{\"@type\":\"ListItem\",\"position\":2,\"name\":\"Research\",\"item\":\"https:\/\/biomol.umontreal.ca\/en\/research\/\"},{\"@type\":\"ListItem\",\"position\":3,\"name\":\"Our professors\",\"item\":\"https:\/\/biomol.umontreal.ca\/en\/research\/les-professeurs\/\"},{\"@type\":\"ListItem\",\"position\":4,\"name\":\"Therrien, Marc, Ph.D.\"}]},{\"@type\":\"WebSite\",\"@id\":\"https:\/\/biomol.umontreal.ca\/#website\",\"url\":\"https:\/\/biomol.umontreal.ca\/\",\"name\":\"Programmes de biologie mol\u00e9culaire\",\"description\":\"\",\"potentialAction\":[{\"@type\":\"SearchAction\",\"target\":{\"@type\":\"EntryPoint\",\"urlTemplate\":\"https:\/\/biomol.umontreal.ca\/?s={search_term_string}\"},\"query-input\":{\"@type\":\"PropertyValueSpecification\",\"valueRequired\":true,\"valueName\":\"search_term_string\"}}],\"inLanguage\":\"en-US\"}]}<\/script>\n<!-- \/ Yoast SEO plugin. -->","yoast_head_json":{"title":"Therrien, Marc, Ph.D. - Programmes de biologie mol\u00e9culaire","robots":{"index":"index","follow":"follow","max-snippet":"max-snippet:-1","max-image-preview":"max-image-preview:large","max-video-preview":"max-video-preview:-1"},"canonical":"https:\/\/biomol.umontreal.ca\/en\/research\/les-professeurs\/therrien-marc-ph-d\/","og_locale":"en_US","og_type":"article","og_title":"Therrien, Marc, Ph.D. - Programmes de biologie mol\u00e9culaire","og_description":"Coordonn\u00e9es IRIC &#8211; Universit\u00e9 de Montr\u00e9al T 514 343-7837 F 514\u00a0343-6843 marc.therrien@umontreal.ca","og_url":"https:\/\/biomol.umontreal.ca\/en\/research\/les-professeurs\/therrien-marc-ph-d\/","og_site_name":"Programmes de biologie mol\u00e9culaire","article_modified_time":"2013-08-16T20:22:12+00:00","twitter_card":"summary_large_image","twitter_misc":{"Est. reading time":"1 minute"},"schema":{"@context":"https:\/\/schema.org","@graph":[{"@type":"WebPage","@id":"https:\/\/biomol.umontreal.ca\/en\/research\/les-professeurs\/therrien-marc-ph-d\/","url":"https:\/\/biomol.umontreal.ca\/en\/research\/les-professeurs\/therrien-marc-ph-d\/","name":"Therrien, Marc, Ph.D. - Programmes de biologie mol\u00e9culaire","isPartOf":{"@id":"https:\/\/biomol.umontreal.ca\/#website"},"datePublished":"2012-01-24T14:41:39+00:00","dateModified":"2013-08-16T20:22:12+00:00","breadcrumb":{"@id":"https:\/\/biomol.umontreal.ca\/en\/research\/les-professeurs\/therrien-marc-ph-d\/#breadcrumb"},"inLanguage":"en-US","potentialAction":[{"@type":"ReadAction","target":["https:\/\/biomol.umontreal.ca\/en\/research\/les-professeurs\/therrien-marc-ph-d\/"]}]},{"@type":"BreadcrumbList","@id":"https:\/\/biomol.umontreal.ca\/en\/research\/les-professeurs\/therrien-marc-ph-d\/#breadcrumb","itemListElement":[{"@type":"ListItem","position":1,"name":"Accueil","item":"https:\/\/biomol.umontreal.ca\/en\/"},{"@type":"ListItem","position":2,"name":"Research","item":"https:\/\/biomol.umontreal.ca\/en\/research\/"},{"@type":"ListItem","position":3,"name":"Our professors","item":"https:\/\/biomol.umontreal.ca\/en\/research\/les-professeurs\/"},{"@type":"ListItem","position":4,"name":"Therrien, Marc, Ph.D."}]},{"@type":"WebSite","@id":"https:\/\/biomol.umontreal.ca\/#website","url":"https:\/\/biomol.umontreal.ca\/","name":"Programmes de biologie mol\u00e9culaire","description":"","potentialAction":[{"@type":"SearchAction","target":{"@type":"EntryPoint","urlTemplate":"https:\/\/biomol.umontreal.ca\/?s={search_term_string}"},"query-input":{"@type":"PropertyValueSpecification","valueRequired":true,"valueName":"search_term_string"}}],"inLanguage":"en-US"}]}},"_links":{"self":[{"href":"https:\/\/biomol.umontreal.ca\/en\/wp-json\/wp\/v2\/pages\/3709","targetHints":{"allow":["GET"]}}],"collection":[{"href":"https:\/\/biomol.umontreal.ca\/en\/wp-json\/wp\/v2\/pages"}],"about":[{"href":"https:\/\/biomol.umontreal.ca\/en\/wp-json\/wp\/v2\/types\/page"}],"author":[{"embeddable":true,"href":"https:\/\/biomol.umontreal.ca\/en\/wp-json\/wp\/v2\/users\/1"}],"replies":[{"embeddable":true,"href":"https:\/\/biomol.umontreal.ca\/en\/wp-json\/wp\/v2\/comments?post=3709"}],"version-history":[{"count":1,"href":"https:\/\/biomol.umontreal.ca\/en\/wp-json\/wp\/v2\/pages\/3709\/revisions"}],"predecessor-version":[{"id":3712,"href":"https:\/\/biomol.umontreal.ca\/en\/wp-json\/wp\/v2\/pages\/3709\/revisions\/3712"}],"up":[{"embeddable":true,"href":"https:\/\/biomol.umontreal.ca\/en\/wp-json\/wp\/v2\/pages\/3557"}],"wp:attachment":[{"href":"https:\/\/biomol.umontreal.ca\/en\/wp-json\/wp\/v2\/media?parent=3709"}],"curies":[{"name":"wp","href":"https:\/\/api.w.org\/{rel}","templated":true}]}}