{"id":3705,"date":"2012-01-24T09:32:51","date_gmt":"2012-01-24T14:32:51","guid":{"rendered":"https:\/\/biomol.umontreal.ca\/research\/professors\/sinnett-daniel-ph-d\/"},"modified":"2013-08-16T16:21:04","modified_gmt":"2013-08-16T20:21:04","slug":"sinnett-daniel-ph-d","status":"publish","type":"page","link":"https:\/\/biomol.umontreal.ca\/en\/research\/les-professeurs\/sinnett-daniel-ph-d\/","title":{"rendered":"Sinnett, Daniel, Ph.D."},"content":{"rendered":"<p>Professeur<br \/>\nD\u00e9partement de p\u00e9diatrie<br \/>\nChercheur<\/p>\n<h3>Coordonn\u00e9es<\/h3>\n<p>Centre de canc\u00e9rologie Charles-Bruneau<br \/>\nH\u00f4pital Ste-Justine<br \/>\n<strong>T<\/strong> 514 345-4931 #2990<br \/>\n<strong>T<\/strong> 345-4931 #6142 (labo)<br \/>\n<strong>F<\/strong> 514 345-4731<br \/>\n<a href=\"mailto:daniel.sinnett@umontreal.ca\">daniel.sinnett@umontreal.ca<\/a><br \/>\n<hr\/><\/p>\n<div class=\"one-half first \">\n<h2>Axes de recherche<\/h2>\n<ul>\n<li>G\u00e9nomique<\/li>\n<li>Bioinformatique<\/li>\n<li>Canc\u00e9rologie<\/li>\n<li>G\u00e9n\u00e9tique humaine et maladies g\u00e9n\u00e9tiques<\/li>\n<\/ul>\n<h2>Description de la recherche<\/h2>\n<ul>\n<li>Caract\u00e9risation du r\u00e9seau de r\u00e9gulation du factor de transcription ETV6<\/li>\n<li>\u00c9tude des facteurs de susceptibilit\u00e9 g\u00e9n\u00e9tique \u00e0 la leuc\u00e9mie de l\u2019enfant<\/li>\n<li>D\u00e9terminants g\u00e9nomique de la leuc\u00e9mie de l\u2019enfant.<\/li>\n<\/ul>\n<\/div>\n<div class=\"one-half  \">\n<h2>Research axis<\/h2>\n<ul>\n<li>genomic<\/li>\n<li>bioinformatics<\/li>\n<li>cancer<\/li>\n<li>human genetics and genetic diseases<\/li>\n<\/ul>\n<h2>Research description<\/h2>\n<ul>\n<li>Characterization of the regulatory network of the transcription factor ETV6<\/li>\n<li>Study of genetic susceptibility factors to childhood leukemia<\/li>\n<li>Genomic determinants of childhood leukemia.<\/li>\n<\/ul>\n<\/div>\n","protected":false},"excerpt":{"rendered":"<p>Professeur D\u00e9partement de p\u00e9diatrie Chercheur Coordonn\u00e9es Centre de canc\u00e9rologie Charles-Bruneau H\u00f4pital Ste-Justine T 514 345-4931 #2990 T 345-4931 #6142 (labo) F 514 345-4731 daniel.sinnett@umontreal.ca<\/p>\n","protected":false},"author":1,"featured_media":0,"parent":3557,"menu_order":0,"comment_status":"closed","ping_status":"open","template":"","meta":{"footnotes":""},"class_list":["post-3705","page","type-page","status-publish","hentry"],"yoast_head":"<!-- This site is optimized with the Yoast SEO plugin v25.0 - https:\/\/yoast.com\/wordpress\/plugins\/seo\/ -->\n<title>Sinnett, Daniel, Ph.D. - Programmes de biologie mol\u00e9culaire<\/title>\n<meta name=\"robots\" content=\"index, follow, max-snippet:-1, max-image-preview:large, max-video-preview:-1\" \/>\n<link rel=\"canonical\" href=\"https:\/\/biomol.umontreal.ca\/en\/research\/les-professeurs\/sinnett-daniel-ph-d\/\" \/>\n<meta property=\"og:locale\" content=\"en_US\" \/>\n<meta property=\"og:type\" content=\"article\" \/>\n<meta property=\"og:title\" content=\"Sinnett, Daniel, Ph.D. - Programmes de biologie mol\u00e9culaire\" \/>\n<meta property=\"og:description\" content=\"Professeur D\u00e9partement de p\u00e9diatrie Chercheur Coordonn\u00e9es Centre de canc\u00e9rologie Charles-Bruneau H\u00f4pital Ste-Justine T 514 345-4931 #2990 T 345-4931 #6142 (labo) F 514 345-4731 daniel.sinnett@umontreal.ca\" \/>\n<meta property=\"og:url\" content=\"https:\/\/biomol.umontreal.ca\/en\/research\/les-professeurs\/sinnett-daniel-ph-d\/\" \/>\n<meta property=\"og:site_name\" content=\"Programmes de biologie mol\u00e9culaire\" \/>\n<meta property=\"article:modified_time\" content=\"2013-08-16T20:21:04+00:00\" \/>\n<meta name=\"twitter:card\" content=\"summary_large_image\" \/>\n<meta name=\"twitter:label1\" content=\"Est. reading time\" \/>\n\t<meta name=\"twitter:data1\" content=\"1 minute\" \/>\n<script type=\"application\/ld+json\" class=\"yoast-schema-graph\">{\"@context\":\"https:\/\/schema.org\",\"@graph\":[{\"@type\":\"WebPage\",\"@id\":\"https:\/\/biomol.umontreal.ca\/en\/research\/les-professeurs\/sinnett-daniel-ph-d\/\",\"url\":\"https:\/\/biomol.umontreal.ca\/en\/research\/les-professeurs\/sinnett-daniel-ph-d\/\",\"name\":\"Sinnett, Daniel, Ph.D. - Programmes de biologie mol\u00e9culaire\",\"isPartOf\":{\"@id\":\"https:\/\/biomol.umontreal.ca\/#website\"},\"datePublished\":\"2012-01-24T14:32:51+00:00\",\"dateModified\":\"2013-08-16T20:21:04+00:00\",\"breadcrumb\":{\"@id\":\"https:\/\/biomol.umontreal.ca\/en\/research\/les-professeurs\/sinnett-daniel-ph-d\/#breadcrumb\"},\"inLanguage\":\"en-US\",\"potentialAction\":[{\"@type\":\"ReadAction\",\"target\":[\"https:\/\/biomol.umontreal.ca\/en\/research\/les-professeurs\/sinnett-daniel-ph-d\/\"]}]},{\"@type\":\"BreadcrumbList\",\"@id\":\"https:\/\/biomol.umontreal.ca\/en\/research\/les-professeurs\/sinnett-daniel-ph-d\/#breadcrumb\",\"itemListElement\":[{\"@type\":\"ListItem\",\"position\":1,\"name\":\"Accueil\",\"item\":\"https:\/\/biomol.umontreal.ca\/en\/\"},{\"@type\":\"ListItem\",\"position\":2,\"name\":\"Research\",\"item\":\"https:\/\/biomol.umontreal.ca\/en\/research\/\"},{\"@type\":\"ListItem\",\"position\":3,\"name\":\"Our professors\",\"item\":\"https:\/\/biomol.umontreal.ca\/en\/research\/les-professeurs\/\"},{\"@type\":\"ListItem\",\"position\":4,\"name\":\"Sinnett, Daniel, Ph.D.\"}]},{\"@type\":\"WebSite\",\"@id\":\"https:\/\/biomol.umontreal.ca\/#website\",\"url\":\"https:\/\/biomol.umontreal.ca\/\",\"name\":\"Programmes de biologie mol\u00e9culaire\",\"description\":\"\",\"potentialAction\":[{\"@type\":\"SearchAction\",\"target\":{\"@type\":\"EntryPoint\",\"urlTemplate\":\"https:\/\/biomol.umontreal.ca\/?s={search_term_string}\"},\"query-input\":{\"@type\":\"PropertyValueSpecification\",\"valueRequired\":true,\"valueName\":\"search_term_string\"}}],\"inLanguage\":\"en-US\"}]}<\/script>\n<!-- \/ Yoast SEO plugin. -->","yoast_head_json":{"title":"Sinnett, Daniel, Ph.D. - Programmes de biologie mol\u00e9culaire","robots":{"index":"index","follow":"follow","max-snippet":"max-snippet:-1","max-image-preview":"max-image-preview:large","max-video-preview":"max-video-preview:-1"},"canonical":"https:\/\/biomol.umontreal.ca\/en\/research\/les-professeurs\/sinnett-daniel-ph-d\/","og_locale":"en_US","og_type":"article","og_title":"Sinnett, Daniel, Ph.D. - Programmes de biologie mol\u00e9culaire","og_description":"Professeur D\u00e9partement de p\u00e9diatrie Chercheur Coordonn\u00e9es Centre de canc\u00e9rologie Charles-Bruneau H\u00f4pital Ste-Justine T 514 345-4931 #2990 T 345-4931 #6142 (labo) F 514 345-4731 daniel.sinnett@umontreal.ca","og_url":"https:\/\/biomol.umontreal.ca\/en\/research\/les-professeurs\/sinnett-daniel-ph-d\/","og_site_name":"Programmes de biologie mol\u00e9culaire","article_modified_time":"2013-08-16T20:21:04+00:00","twitter_card":"summary_large_image","twitter_misc":{"Est. reading time":"1 minute"},"schema":{"@context":"https:\/\/schema.org","@graph":[{"@type":"WebPage","@id":"https:\/\/biomol.umontreal.ca\/en\/research\/les-professeurs\/sinnett-daniel-ph-d\/","url":"https:\/\/biomol.umontreal.ca\/en\/research\/les-professeurs\/sinnett-daniel-ph-d\/","name":"Sinnett, Daniel, Ph.D. - Programmes de biologie mol\u00e9culaire","isPartOf":{"@id":"https:\/\/biomol.umontreal.ca\/#website"},"datePublished":"2012-01-24T14:32:51+00:00","dateModified":"2013-08-16T20:21:04+00:00","breadcrumb":{"@id":"https:\/\/biomol.umontreal.ca\/en\/research\/les-professeurs\/sinnett-daniel-ph-d\/#breadcrumb"},"inLanguage":"en-US","potentialAction":[{"@type":"ReadAction","target":["https:\/\/biomol.umontreal.ca\/en\/research\/les-professeurs\/sinnett-daniel-ph-d\/"]}]},{"@type":"BreadcrumbList","@id":"https:\/\/biomol.umontreal.ca\/en\/research\/les-professeurs\/sinnett-daniel-ph-d\/#breadcrumb","itemListElement":[{"@type":"ListItem","position":1,"name":"Accueil","item":"https:\/\/biomol.umontreal.ca\/en\/"},{"@type":"ListItem","position":2,"name":"Research","item":"https:\/\/biomol.umontreal.ca\/en\/research\/"},{"@type":"ListItem","position":3,"name":"Our professors","item":"https:\/\/biomol.umontreal.ca\/en\/research\/les-professeurs\/"},{"@type":"ListItem","position":4,"name":"Sinnett, Daniel, Ph.D."}]},{"@type":"WebSite","@id":"https:\/\/biomol.umontreal.ca\/#website","url":"https:\/\/biomol.umontreal.ca\/","name":"Programmes de biologie mol\u00e9culaire","description":"","potentialAction":[{"@type":"SearchAction","target":{"@type":"EntryPoint","urlTemplate":"https:\/\/biomol.umontreal.ca\/?s={search_term_string}"},"query-input":{"@type":"PropertyValueSpecification","valueRequired":true,"valueName":"search_term_string"}}],"inLanguage":"en-US"}]}},"_links":{"self":[{"href":"https:\/\/biomol.umontreal.ca\/en\/wp-json\/wp\/v2\/pages\/3705","targetHints":{"allow":["GET"]}}],"collection":[{"href":"https:\/\/biomol.umontreal.ca\/en\/wp-json\/wp\/v2\/pages"}],"about":[{"href":"https:\/\/biomol.umontreal.ca\/en\/wp-json\/wp\/v2\/types\/page"}],"author":[{"embeddable":true,"href":"https:\/\/biomol.umontreal.ca\/en\/wp-json\/wp\/v2\/users\/1"}],"replies":[{"embeddable":true,"href":"https:\/\/biomol.umontreal.ca\/en\/wp-json\/wp\/v2\/comments?post=3705"}],"version-history":[{"count":1,"href":"https:\/\/biomol.umontreal.ca\/en\/wp-json\/wp\/v2\/pages\/3705\/revisions"}],"predecessor-version":[{"id":3708,"href":"https:\/\/biomol.umontreal.ca\/en\/wp-json\/wp\/v2\/pages\/3705\/revisions\/3708"}],"up":[{"embeddable":true,"href":"https:\/\/biomol.umontreal.ca\/en\/wp-json\/wp\/v2\/pages\/3557"}],"wp:attachment":[{"href":"https:\/\/biomol.umontreal.ca\/en\/wp-json\/wp\/v2\/media?parent=3705"}],"curies":[{"name":"wp","href":"https:\/\/api.w.org\/{rel}","templated":true}]}}