{"id":3695,"date":"2012-01-23T16:39:04","date_gmt":"2012-01-23T21:39:04","guid":{"rendered":"https:\/\/biomol.umontreal.ca\/research\/professors\/royal-isabelle-ph-d\/"},"modified":"2013-08-16T16:12:44","modified_gmt":"2013-08-16T20:12:44","slug":"royal-isabelle-ph-d","status":"publish","type":"page","link":"https:\/\/biomol.umontreal.ca\/en\/research\/les-professeurs\/royal-isabelle-ph-d\/","title":{"rendered":"Royal, Isabelle, Ph.D."},"content":{"rendered":"<h3>Coordonn\u00e9es<\/h3>\n<p>Centre de recherche du CHUM<br \/>\nH\u00f4pital Notre-Dame<br \/>\nPavillon J.A. de S\u00e8ve, Y4605<br \/>\n<strong>T<\/strong> 514 890-8000 #25497<br \/>\n<strong>F<\/strong> 514 412-7591<br \/>\n<a href=\"mailto:isabelle.royal@ymontreal.ca\">isabelle.royal@umontreal.ca<\/a><br \/>\n<hr\/><\/p>\n<div class=\"one-half first \">\n<h2>Axes de recherche<\/h2>\n<ul>\n<li>Signalisation intracellulaire<\/li>\n<li>Canc\u00e9rologie<\/li>\n<li>Interactions prot\u00e9iques<\/li>\n<li>Syst\u00e8mes mod\u00e8les en biologie mol\u00e9culaire.<\/li>\n<\/ul>\n<h2>Description de la recherche<\/h2>\n<p>La formation de nouveaux vaisseaux sanguins (angiogen\u00e8se) dans les tumeurs est essentielle \u00e0 leur croissance agressive et facilite le d\u00e9veloppement de m\u00e9tastases. Dans ce contexte, les travaux du laboratoire se concentrent sur l&#8217;identification de m\u00e9canismes mol\u00e9culaires impliqu\u00e9s dans la r\u00e9gulation de la r\u00e9ponse des cellules des vaisseaux sanguins au VEGF, un des plus puissants inducteurs de l&#8217;angiogen\u00e8se tumorale. Plus particuli\u00e8rement, nous nous int\u00e9ressons \u00e0 la d\u00e9finition des voies de signalisation qui contr\u00f4lent la survie, la perm\u00e9abilit\u00e9, la migration et l\u2019invasion des cellules de l&#8217;endoth\u00e9lium, ainsi que la formation de nouveaux vaisseaux in vitro et in vivo. Le but ultime de ces travaux est l&#8217;identification de m\u00e9canismes-cl\u00e9s qui pourraient \u00e9ventuellement permettre le d\u00e9veloppement d&#8217;outils th\u00e9rapeutiques pour contrer l&#8217;angiogen\u00e8se associ\u00e9e aux tumeurs, et par cons\u00e9quent, la progression tumorale. Les projets actuels du laboratoire se concentrent sur:<\/p>\n<ol>\n<li>l\u2019\u00e9tude des \u00e9v\u00e9nements mol\u00e9culaires en aval des prot\u00e9ines d\u2019\u00e9chafaudage Gab1 et Gab2 qui sont impliqu\u00e9es dans l\u2019angiogen\u00e8se;<\/li>\n<li>l\u2019\u00e9lucidation du r\u00f4le de la prot\u00e9ine tyrosine phosphatase DEP-1 dans la r\u00e9gulation de la r\u00e9ponse angiog\u00e9nique et la progression tumorale; et<\/li>\n<li>l\u2019identification des modifications post-traductionnelles contr\u00f4lant la fonction de la phosphatase DEP-1 dans les cellules endoth\u00e9liales et canc\u00e9reuses.<\/li>\n<\/ol>\n<\/div>\n<div class=\"one-half  \">\n<h2>Research axis<\/h2>\n<ul>\n<li>intracellular signalling<\/li>\n<li>cancer<\/li>\n<li>protein interactions<\/li>\n<li>model systems in molecular biology<\/li>\n<\/ul>\n<h2>Research description<\/h2>\n<p>The formation of new blood vessels in tumors, a process called angiogenesis, is essential for their aggressive growth and facilitates the development of metastases. In this context, research from our laboratory is focused on the identification of molecular mechanisms regulating the response of blood vessel cells (endothelial cells) to VEGF, one of the most potent inducer of tumor-associated angiogenesis. In particular, we are interested in defining VEGF-dependent signaling pathways that control the survival, permeability, migration and invasion of endothelial cells, as well as the formation of new capillaries in vitro and in vivo. The ultimate goal of our research is to identify key regulatory events that may lead to the development of new therapeutic avenues to block tumor-associated angiogenesis, and consequently, tumor progression. Our major ongoing\u00a0research projects are focused on:<\/p>\n<ol>\n<li>the identification of the signaling pathways controlled by the scaffolding adapters Gab1 and Gab2 that regulate VEGF-induced angiogenesis;<\/li>\n<li>the elucidation of the role of the protein tyrosine-phosphatase DEP-1 in the regulation of angiogenesis and tumor progression; and<\/li>\n<li>the identification of the post-translational modifications controlling the function of the protein tyrosine-phosphatase DEP-1 in endothelial and cancer cells.<\/li>\n<\/ol>\n<\/div>\n<hr\/>\n<h3>Publications<\/h3>\n<ul>\n<li>Labrecque, L., Royal, I., Surprenant, D. S., Patterson, C., Gingras, D., and B\u00e9liveau, R. (2003) Regulation of vascular endothelial growth factor receptor-2 activity by caveolin-1 and plasma membrane cholesterol. Mol. Biol. Cell 14: 334-347.<\/li>\n<li>Laram\u00e9e, M., Chabot, C., Cloutier, M., Stenne, R., Holgado-Madruga, M., Wong, A. and Royal, I. (2007) The scaffolding adapter Gab1 mediates vascular endothelial growth factor signaling and is required for endothelial cell migration and capillary formation. J. Biol. Chem. 282: 7758-7769.<\/li>\n<li>Chabot, C., Spring, K., Gratton, J.P., Elchebly, M. and Royal, I. (2009) New role for the protein tyrosine phosphatase DEP-1 in Akt activation and endothelial cell survival. Mol. Cell. Biol. 29: 241-253.<\/li>\n<li>Caron, C., Spring, K., Laram\u00e9e, M., Chabot, C., Cloutier, M., Gu, H., and Royal, I. (2009) Non-redundant roles of the Gab1 and Gab2 scaffolding adapters in VEGF-mediated signaling, migration, and survival of endothelial cells. Cell. Signal. 21: 943-953.<\/li>\n<li>Spring, K., Chabot, C., Langlois, S., Trinh, T.N., Lapointe, L., Gavard, J., Elchebly, M. and Royal, I. (2011) Tyrosine phosphorylation of the carboxy-terminal tail of the protein tyrosine phosphatase DEP-1 as a mechanism controlling Src kinase activation, endothelial cell invasion, capillary formation and permeability. (En r\u00e9vision)<\/li>\n<\/ul>\n","protected":false},"excerpt":{"rendered":"<p>Coordonn\u00e9es Centre de recherche du CHUM H\u00f4pital Notre-Dame Pavillon J.A. de S\u00e8ve, Y4605 T 514 890-8000 #25497 F 514 412-7591 isabelle.royal@umontreal.ca Publications Labrecque, L., Royal, I., Surprenant, D. S., Patterson, [&hellip;]<\/p>\n","protected":false},"author":1,"featured_media":0,"parent":3557,"menu_order":0,"comment_status":"closed","ping_status":"open","template":"","meta":{"footnotes":""},"class_list":["post-3695","page","type-page","status-publish","hentry"],"yoast_head":"<!-- This site is optimized with the Yoast SEO plugin v25.0 - https:\/\/yoast.com\/wordpress\/plugins\/seo\/ -->\n<title>Royal, Isabelle, Ph.D. - Programmes de biologie mol\u00e9culaire<\/title>\n<meta name=\"robots\" content=\"index, follow, max-snippet:-1, max-image-preview:large, max-video-preview:-1\" \/>\n<link rel=\"canonical\" href=\"https:\/\/biomol.umontreal.ca\/en\/research\/les-professeurs\/royal-isabelle-ph-d\/\" \/>\n<meta property=\"og:locale\" content=\"en_US\" \/>\n<meta property=\"og:type\" content=\"article\" \/>\n<meta property=\"og:title\" content=\"Royal, Isabelle, Ph.D. - Programmes de biologie mol\u00e9culaire\" \/>\n<meta property=\"og:description\" content=\"Coordonn\u00e9es Centre de recherche du CHUM H\u00f4pital Notre-Dame Pavillon J.A. de S\u00e8ve, Y4605 T 514 890-8000 #25497 F 514 412-7591 isabelle.royal@umontreal.ca Publications Labrecque, L., Royal, I., Surprenant, D. S., Patterson, [&hellip;]\" \/>\n<meta property=\"og:url\" content=\"https:\/\/biomol.umontreal.ca\/en\/research\/les-professeurs\/royal-isabelle-ph-d\/\" \/>\n<meta property=\"og:site_name\" content=\"Programmes de biologie mol\u00e9culaire\" \/>\n<meta property=\"article:modified_time\" content=\"2013-08-16T20:12:44+00:00\" \/>\n<meta name=\"twitter:card\" content=\"summary_large_image\" \/>\n<meta name=\"twitter:label1\" content=\"Est. reading time\" \/>\n\t<meta name=\"twitter:data1\" content=\"3 minutes\" \/>\n<script type=\"application\/ld+json\" class=\"yoast-schema-graph\">{\"@context\":\"https:\/\/schema.org\",\"@graph\":[{\"@type\":\"WebPage\",\"@id\":\"https:\/\/biomol.umontreal.ca\/en\/research\/les-professeurs\/royal-isabelle-ph-d\/\",\"url\":\"https:\/\/biomol.umontreal.ca\/en\/research\/les-professeurs\/royal-isabelle-ph-d\/\",\"name\":\"Royal, Isabelle, Ph.D. - Programmes de biologie mol\u00e9culaire\",\"isPartOf\":{\"@id\":\"https:\/\/biomol.umontreal.ca\/#website\"},\"datePublished\":\"2012-01-23T21:39:04+00:00\",\"dateModified\":\"2013-08-16T20:12:44+00:00\",\"breadcrumb\":{\"@id\":\"https:\/\/biomol.umontreal.ca\/en\/research\/les-professeurs\/royal-isabelle-ph-d\/#breadcrumb\"},\"inLanguage\":\"en-US\",\"potentialAction\":[{\"@type\":\"ReadAction\",\"target\":[\"https:\/\/biomol.umontreal.ca\/en\/research\/les-professeurs\/royal-isabelle-ph-d\/\"]}]},{\"@type\":\"BreadcrumbList\",\"@id\":\"https:\/\/biomol.umontreal.ca\/en\/research\/les-professeurs\/royal-isabelle-ph-d\/#breadcrumb\",\"itemListElement\":[{\"@type\":\"ListItem\",\"position\":1,\"name\":\"Accueil\",\"item\":\"https:\/\/biomol.umontreal.ca\/en\/\"},{\"@type\":\"ListItem\",\"position\":2,\"name\":\"Research\",\"item\":\"https:\/\/biomol.umontreal.ca\/en\/research\/\"},{\"@type\":\"ListItem\",\"position\":3,\"name\":\"Our professors\",\"item\":\"https:\/\/biomol.umontreal.ca\/en\/research\/les-professeurs\/\"},{\"@type\":\"ListItem\",\"position\":4,\"name\":\"Royal, Isabelle, Ph.D.\"}]},{\"@type\":\"WebSite\",\"@id\":\"https:\/\/biomol.umontreal.ca\/#website\",\"url\":\"https:\/\/biomol.umontreal.ca\/\",\"name\":\"Programmes de biologie mol\u00e9culaire\",\"description\":\"\",\"potentialAction\":[{\"@type\":\"SearchAction\",\"target\":{\"@type\":\"EntryPoint\",\"urlTemplate\":\"https:\/\/biomol.umontreal.ca\/?s={search_term_string}\"},\"query-input\":{\"@type\":\"PropertyValueSpecification\",\"valueRequired\":true,\"valueName\":\"search_term_string\"}}],\"inLanguage\":\"en-US\"}]}<\/script>\n<!-- \/ Yoast SEO plugin. -->","yoast_head_json":{"title":"Royal, Isabelle, Ph.D. - Programmes de biologie mol\u00e9culaire","robots":{"index":"index","follow":"follow","max-snippet":"max-snippet:-1","max-image-preview":"max-image-preview:large","max-video-preview":"max-video-preview:-1"},"canonical":"https:\/\/biomol.umontreal.ca\/en\/research\/les-professeurs\/royal-isabelle-ph-d\/","og_locale":"en_US","og_type":"article","og_title":"Royal, Isabelle, Ph.D. - Programmes de biologie mol\u00e9culaire","og_description":"Coordonn\u00e9es Centre de recherche du CHUM H\u00f4pital Notre-Dame Pavillon J.A. de S\u00e8ve, Y4605 T 514 890-8000 #25497 F 514 412-7591 isabelle.royal@umontreal.ca Publications Labrecque, L., Royal, I., Surprenant, D. S., Patterson, [&hellip;]","og_url":"https:\/\/biomol.umontreal.ca\/en\/research\/les-professeurs\/royal-isabelle-ph-d\/","og_site_name":"Programmes de biologie mol\u00e9culaire","article_modified_time":"2013-08-16T20:12:44+00:00","twitter_card":"summary_large_image","twitter_misc":{"Est. reading time":"3 minutes"},"schema":{"@context":"https:\/\/schema.org","@graph":[{"@type":"WebPage","@id":"https:\/\/biomol.umontreal.ca\/en\/research\/les-professeurs\/royal-isabelle-ph-d\/","url":"https:\/\/biomol.umontreal.ca\/en\/research\/les-professeurs\/royal-isabelle-ph-d\/","name":"Royal, Isabelle, Ph.D. - Programmes de biologie mol\u00e9culaire","isPartOf":{"@id":"https:\/\/biomol.umontreal.ca\/#website"},"datePublished":"2012-01-23T21:39:04+00:00","dateModified":"2013-08-16T20:12:44+00:00","breadcrumb":{"@id":"https:\/\/biomol.umontreal.ca\/en\/research\/les-professeurs\/royal-isabelle-ph-d\/#breadcrumb"},"inLanguage":"en-US","potentialAction":[{"@type":"ReadAction","target":["https:\/\/biomol.umontreal.ca\/en\/research\/les-professeurs\/royal-isabelle-ph-d\/"]}]},{"@type":"BreadcrumbList","@id":"https:\/\/biomol.umontreal.ca\/en\/research\/les-professeurs\/royal-isabelle-ph-d\/#breadcrumb","itemListElement":[{"@type":"ListItem","position":1,"name":"Accueil","item":"https:\/\/biomol.umontreal.ca\/en\/"},{"@type":"ListItem","position":2,"name":"Research","item":"https:\/\/biomol.umontreal.ca\/en\/research\/"},{"@type":"ListItem","position":3,"name":"Our professors","item":"https:\/\/biomol.umontreal.ca\/en\/research\/les-professeurs\/"},{"@type":"ListItem","position":4,"name":"Royal, Isabelle, Ph.D."}]},{"@type":"WebSite","@id":"https:\/\/biomol.umontreal.ca\/#website","url":"https:\/\/biomol.umontreal.ca\/","name":"Programmes de biologie mol\u00e9culaire","description":"","potentialAction":[{"@type":"SearchAction","target":{"@type":"EntryPoint","urlTemplate":"https:\/\/biomol.umontreal.ca\/?s={search_term_string}"},"query-input":{"@type":"PropertyValueSpecification","valueRequired":true,"valueName":"search_term_string"}}],"inLanguage":"en-US"}]}},"_links":{"self":[{"href":"https:\/\/biomol.umontreal.ca\/en\/wp-json\/wp\/v2\/pages\/3695","targetHints":{"allow":["GET"]}}],"collection":[{"href":"https:\/\/biomol.umontreal.ca\/en\/wp-json\/wp\/v2\/pages"}],"about":[{"href":"https:\/\/biomol.umontreal.ca\/en\/wp-json\/wp\/v2\/types\/page"}],"author":[{"embeddable":true,"href":"https:\/\/biomol.umontreal.ca\/en\/wp-json\/wp\/v2\/users\/1"}],"replies":[{"embeddable":true,"href":"https:\/\/biomol.umontreal.ca\/en\/wp-json\/wp\/v2\/comments?post=3695"}],"version-history":[{"count":1,"href":"https:\/\/biomol.umontreal.ca\/en\/wp-json\/wp\/v2\/pages\/3695\/revisions"}],"predecessor-version":[{"id":3699,"href":"https:\/\/biomol.umontreal.ca\/en\/wp-json\/wp\/v2\/pages\/3695\/revisions\/3699"}],"up":[{"embeddable":true,"href":"https:\/\/biomol.umontreal.ca\/en\/wp-json\/wp\/v2\/pages\/3557"}],"wp:attachment":[{"href":"https:\/\/biomol.umontreal.ca\/en\/wp-json\/wp\/v2\/media?parent=3695"}],"curies":[{"name":"wp","href":"https:\/\/api.w.org\/{rel}","templated":true}]}}