{"id":3691,"date":"2012-01-23T16:31:34","date_gmt":"2012-01-23T21:31:34","guid":{"rendered":"https:\/\/biomol.umontreal.ca\/research\/professors\/roux-philippe-ph-d\/"},"modified":"2026-02-01T16:32:16","modified_gmt":"2026-02-01T21:32:16","slug":"roux-philippe-ph-d","status":"publish","type":"page","link":"https:\/\/biomol.umontreal.ca\/en\/research\/les-professeurs\/roux-philippe-ph-d\/","title":{"rendered":"Roux, Philippe, Ph.D."},"content":{"rendered":"<h3>Coordonn\u00e9es<\/h3>\n<p>IRIC &#8211; Universit\u00e9 de Montr\u00e9al<br \/>\n<strong>T<\/strong> 514 343-6399<br \/>\n<strong>F<\/strong> 514 343-5839<br \/>\n<a href=\"mailto:philippe.roux@umontreal.ca\">philippe.roux@umontreal.ca<\/a><br \/>\n<hr\/><\/p>\n<div class=\"one-half first \">\n<h2>Axes de recherche<\/h2>\n<ul>\n<li>Interactions prot\u00e9iques<\/li>\n<li>Signalisation intracellulaire<\/li>\n<li>Prot\u00e9omique<\/li>\n<li>Canc\u00e9rologie<\/li>\n<\/ul>\n<h2>Description de la recherche<\/h2>\n<p>L\u2019int\u00e9r\u00eat principal de notre laboratoire est de mieux comprendre la fa\u00e7on par laquelle les oncog\u00e8nes, et les g\u00e8nes suppresseurs de tumeurs, supportent la croissance, prolif\u00e9ration, et survie cellulaire. Nous nous int\u00e9ressons particuli\u00e8rement aux voies de signalisation souvent d\u00e9r\u00e9gul\u00e9es dans les maladies m\u00e9taboliques ou le cancer. Nous utilisons la g\u00e9n\u00e9tique chez la souris, des techniques en biologie mol\u00e9culaire et cellulaire, ainsi que la prot\u00e9omique, pour \u00e9tudier la signalisation oncog\u00e9nique dans les cellules canc\u00e9reuses<\/p>\n<\/div>\n<div class=\"one-half  \">\n<h2>Research axis<\/h2>\n<ul>\n<li>Protein interactions<\/li>\n<li>Intracellular signaling<\/li>\n<li>Proteomic<\/li>\n<li>Cancer<\/li>\n<\/ul>\n<h2>Research description<\/h2>\n<p>Our main interest is to understand how oncogenes and deregulated tumour suppressors promote cell growth, proliferation and survival. We focus our research on signal transduction pathways often deregulated in metabolic diseases and cancer. We use mouse genetics, molecular and cellular biological techniques, as well as proteomics, to study oncogenic signalling in cancer cells.<\/div>\n<hr\/>\n","protected":false},"excerpt":{"rendered":"<p>Coordonn\u00e9es IRIC &#8211; Universit\u00e9 de Montr\u00e9al T 514 343-6399 F 514 343-5839 philippe.roux@umontreal.ca<\/p>\n","protected":false},"author":1,"featured_media":0,"parent":3557,"menu_order":0,"comment_status":"closed","ping_status":"open","template":"","meta":{"footnotes":""},"class_list":["post-3691","page","type-page","status-publish","hentry"],"yoast_head":"<!-- This site is optimized with the Yoast SEO plugin v25.0 - https:\/\/yoast.com\/wordpress\/plugins\/seo\/ -->\n<title>Roux, Philippe, Ph.D. - Programmes de biologie mol\u00e9culaire<\/title>\n<meta name=\"robots\" content=\"index, follow, max-snippet:-1, max-image-preview:large, max-video-preview:-1\" \/>\n<link rel=\"canonical\" href=\"https:\/\/biomol.umontreal.ca\/en\/research\/les-professeurs\/roux-philippe-ph-d\/\" \/>\n<meta property=\"og:locale\" content=\"en_US\" \/>\n<meta property=\"og:type\" content=\"article\" \/>\n<meta property=\"og:title\" content=\"Roux, Philippe, Ph.D. - Programmes de biologie mol\u00e9culaire\" \/>\n<meta property=\"og:description\" content=\"Coordonn\u00e9es IRIC &#8211; Universit\u00e9 de Montr\u00e9al T 514 343-6399 F 514 343-5839 philippe.roux@umontreal.ca\" \/>\n<meta property=\"og:url\" content=\"https:\/\/biomol.umontreal.ca\/en\/research\/les-professeurs\/roux-philippe-ph-d\/\" \/>\n<meta property=\"og:site_name\" content=\"Programmes de biologie mol\u00e9culaire\" \/>\n<meta property=\"article:modified_time\" content=\"2026-02-01T21:32:16+00:00\" \/>\n<meta name=\"twitter:card\" content=\"summary_large_image\" \/>\n<meta name=\"twitter:label1\" content=\"Est. reading time\" \/>\n\t<meta name=\"twitter:data1\" content=\"1 minute\" \/>\n<script type=\"application\/ld+json\" class=\"yoast-schema-graph\">{\"@context\":\"https:\/\/schema.org\",\"@graph\":[{\"@type\":\"WebPage\",\"@id\":\"https:\/\/biomol.umontreal.ca\/en\/research\/les-professeurs\/roux-philippe-ph-d\/\",\"url\":\"https:\/\/biomol.umontreal.ca\/en\/research\/les-professeurs\/roux-philippe-ph-d\/\",\"name\":\"Roux, Philippe, Ph.D. - Programmes de biologie mol\u00e9culaire\",\"isPartOf\":{\"@id\":\"https:\/\/biomol.umontreal.ca\/#website\"},\"datePublished\":\"2012-01-23T21:31:34+00:00\",\"dateModified\":\"2026-02-01T21:32:16+00:00\",\"breadcrumb\":{\"@id\":\"https:\/\/biomol.umontreal.ca\/en\/research\/les-professeurs\/roux-philippe-ph-d\/#breadcrumb\"},\"inLanguage\":\"en-US\",\"potentialAction\":[{\"@type\":\"ReadAction\",\"target\":[\"https:\/\/biomol.umontreal.ca\/en\/research\/les-professeurs\/roux-philippe-ph-d\/\"]}]},{\"@type\":\"BreadcrumbList\",\"@id\":\"https:\/\/biomol.umontreal.ca\/en\/research\/les-professeurs\/roux-philippe-ph-d\/#breadcrumb\",\"itemListElement\":[{\"@type\":\"ListItem\",\"position\":1,\"name\":\"Accueil\",\"item\":\"https:\/\/biomol.umontreal.ca\/en\/\"},{\"@type\":\"ListItem\",\"position\":2,\"name\":\"Research\",\"item\":\"https:\/\/biomol.umontreal.ca\/en\/research\/\"},{\"@type\":\"ListItem\",\"position\":3,\"name\":\"Our professors\",\"item\":\"https:\/\/biomol.umontreal.ca\/en\/research\/les-professeurs\/\"},{\"@type\":\"ListItem\",\"position\":4,\"name\":\"Roux, Philippe, Ph.D.\"}]},{\"@type\":\"WebSite\",\"@id\":\"https:\/\/biomol.umontreal.ca\/#website\",\"url\":\"https:\/\/biomol.umontreal.ca\/\",\"name\":\"Programmes de biologie mol\u00e9culaire\",\"description\":\"\",\"potentialAction\":[{\"@type\":\"SearchAction\",\"target\":{\"@type\":\"EntryPoint\",\"urlTemplate\":\"https:\/\/biomol.umontreal.ca\/?s={search_term_string}\"},\"query-input\":{\"@type\":\"PropertyValueSpecification\",\"valueRequired\":true,\"valueName\":\"search_term_string\"}}],\"inLanguage\":\"en-US\"}]}<\/script>\n<!-- \/ Yoast SEO plugin. -->","yoast_head_json":{"title":"Roux, Philippe, Ph.D. - Programmes de biologie mol\u00e9culaire","robots":{"index":"index","follow":"follow","max-snippet":"max-snippet:-1","max-image-preview":"max-image-preview:large","max-video-preview":"max-video-preview:-1"},"canonical":"https:\/\/biomol.umontreal.ca\/en\/research\/les-professeurs\/roux-philippe-ph-d\/","og_locale":"en_US","og_type":"article","og_title":"Roux, Philippe, Ph.D. - Programmes de biologie mol\u00e9culaire","og_description":"Coordonn\u00e9es IRIC &#8211; Universit\u00e9 de Montr\u00e9al T 514 343-6399 F 514 343-5839 philippe.roux@umontreal.ca","og_url":"https:\/\/biomol.umontreal.ca\/en\/research\/les-professeurs\/roux-philippe-ph-d\/","og_site_name":"Programmes de biologie mol\u00e9culaire","article_modified_time":"2026-02-01T21:32:16+00:00","twitter_card":"summary_large_image","twitter_misc":{"Est. reading time":"1 minute"},"schema":{"@context":"https:\/\/schema.org","@graph":[{"@type":"WebPage","@id":"https:\/\/biomol.umontreal.ca\/en\/research\/les-professeurs\/roux-philippe-ph-d\/","url":"https:\/\/biomol.umontreal.ca\/en\/research\/les-professeurs\/roux-philippe-ph-d\/","name":"Roux, Philippe, Ph.D. - Programmes de biologie mol\u00e9culaire","isPartOf":{"@id":"https:\/\/biomol.umontreal.ca\/#website"},"datePublished":"2012-01-23T21:31:34+00:00","dateModified":"2026-02-01T21:32:16+00:00","breadcrumb":{"@id":"https:\/\/biomol.umontreal.ca\/en\/research\/les-professeurs\/roux-philippe-ph-d\/#breadcrumb"},"inLanguage":"en-US","potentialAction":[{"@type":"ReadAction","target":["https:\/\/biomol.umontreal.ca\/en\/research\/les-professeurs\/roux-philippe-ph-d\/"]}]},{"@type":"BreadcrumbList","@id":"https:\/\/biomol.umontreal.ca\/en\/research\/les-professeurs\/roux-philippe-ph-d\/#breadcrumb","itemListElement":[{"@type":"ListItem","position":1,"name":"Accueil","item":"https:\/\/biomol.umontreal.ca\/en\/"},{"@type":"ListItem","position":2,"name":"Research","item":"https:\/\/biomol.umontreal.ca\/en\/research\/"},{"@type":"ListItem","position":3,"name":"Our professors","item":"https:\/\/biomol.umontreal.ca\/en\/research\/les-professeurs\/"},{"@type":"ListItem","position":4,"name":"Roux, Philippe, Ph.D."}]},{"@type":"WebSite","@id":"https:\/\/biomol.umontreal.ca\/#website","url":"https:\/\/biomol.umontreal.ca\/","name":"Programmes de biologie mol\u00e9culaire","description":"","potentialAction":[{"@type":"SearchAction","target":{"@type":"EntryPoint","urlTemplate":"https:\/\/biomol.umontreal.ca\/?s={search_term_string}"},"query-input":{"@type":"PropertyValueSpecification","valueRequired":true,"valueName":"search_term_string"}}],"inLanguage":"en-US"}]}},"_links":{"self":[{"href":"https:\/\/biomol.umontreal.ca\/en\/wp-json\/wp\/v2\/pages\/3691","targetHints":{"allow":["GET"]}}],"collection":[{"href":"https:\/\/biomol.umontreal.ca\/en\/wp-json\/wp\/v2\/pages"}],"about":[{"href":"https:\/\/biomol.umontreal.ca\/en\/wp-json\/wp\/v2\/types\/page"}],"author":[{"embeddable":true,"href":"https:\/\/biomol.umontreal.ca\/en\/wp-json\/wp\/v2\/users\/1"}],"replies":[{"embeddable":true,"href":"https:\/\/biomol.umontreal.ca\/en\/wp-json\/wp\/v2\/comments?post=3691"}],"version-history":[{"count":3,"href":"https:\/\/biomol.umontreal.ca\/en\/wp-json\/wp\/v2\/pages\/3691\/revisions"}],"predecessor-version":[{"id":6881,"href":"https:\/\/biomol.umontreal.ca\/en\/wp-json\/wp\/v2\/pages\/3691\/revisions\/6881"}],"up":[{"embeddable":true,"href":"https:\/\/biomol.umontreal.ca\/en\/wp-json\/wp\/v2\/pages\/3557"}],"wp:attachment":[{"href":"https:\/\/biomol.umontreal.ca\/en\/wp-json\/wp\/v2\/media?parent=3691"}],"curies":[{"name":"wp","href":"https:\/\/api.w.org\/{rel}","templated":true}]}}