{"id":3681,"date":"2012-01-23T15:01:48","date_gmt":"2012-01-23T20:01:48","guid":{"rendered":"https:\/\/biomol.umontreal.ca\/research\/professors\/ramotar-dindial\/"},"modified":"2013-08-16T16:07:49","modified_gmt":"2013-08-16T20:07:49","slug":"ramotar-dindial","status":"publish","type":"page","link":"https:\/\/biomol.umontreal.ca\/en\/research\/les-professeurs\/ramotar-dindial\/","title":{"rendered":"Ramotar, Dindial"},"content":{"rendered":"<h3>Coordonn\u00e9es<\/h3>\n<p>Centre de recherche<br \/>\nH\u00f4pital Maisonneuve-Rosemont<br \/>\n<strong>T<\/strong> 514 252-3400 #4684<br \/>\n<strong>F<\/strong>\u00a0514 252-3430<br \/>\n<a href=\"mailto:dramotar@hmr.qc.ca\">dramotar@hmr.qc.ca<\/a><\/p>\n<hr\/>\n<div class=\"one-half first \">\n<h2>Description de la recherche<\/h2>\n<p>Caract\u00e9risation structurale et fonctionnelle des prot\u00e9ines d&#8217;eucaryotes qui r\u00e9parent sp\u00e9cifiquement les dommages \u00e0 l&#8217;ADN caus\u00e9s par les esp\u00e8ces r\u00e9actives oxyg\u00e9n\u00e9es. La prot\u00e9ine AP endonucl\u00e9ase\/3&#8242;- diesterase, Apn1, est une enzyme cl\u00e9 dans la voie de r\u00e9paration des dommages oxydatifs \u00e0 l&#8217;ADN de S. cerevisiae. Apn1 est n\u00e9cessaire pour r\u00e9parer les l\u00e9sions spontan\u00e9es \u00e0 l&#8217;ADN pour \u00e9liminer les alt\u00e9rations g\u00e9niques.<br \/>\n<\/div>\n<div class=\"one-half  \">\n<h2>Research description<\/h2>\n<p>Structural and functional characterization of protein that specifically repair DNA lesions that are caused by reactive oxygen species. The protein Apn1, with Ap endonuclease\/3&#8242;-diesterase activities, is a key enzyme in the repair of oxidative DNA lesions in S. cerevisiae. Apn1 is necessary to repair spontaneous DNA lesions to prevent genetic alterations.<br \/>\n<\/div>\n","protected":false},"excerpt":{"rendered":"<p>Coordonn\u00e9es Centre de recherche H\u00f4pital Maisonneuve-Rosemont T 514 252-3400 #4684 F\u00a0514 252-3430 dramotar@hmr.qc.ca<\/p>\n","protected":false},"author":1,"featured_media":0,"parent":3557,"menu_order":0,"comment_status":"closed","ping_status":"open","template":"","meta":{"footnotes":""},"class_list":["post-3681","page","type-page","status-publish","hentry"],"yoast_head":"<!-- This site is optimized with the Yoast SEO plugin v25.0 - https:\/\/yoast.com\/wordpress\/plugins\/seo\/ -->\n<title>Ramotar, Dindial - Programmes de biologie mol\u00e9culaire<\/title>\n<meta name=\"robots\" content=\"index, follow, max-snippet:-1, max-image-preview:large, max-video-preview:-1\" \/>\n<link rel=\"canonical\" href=\"https:\/\/biomol.umontreal.ca\/en\/research\/les-professeurs\/ramotar-dindial\/\" \/>\n<meta property=\"og:locale\" content=\"en_US\" \/>\n<meta property=\"og:type\" content=\"article\" \/>\n<meta property=\"og:title\" content=\"Ramotar, Dindial - Programmes de biologie mol\u00e9culaire\" \/>\n<meta property=\"og:description\" content=\"Coordonn\u00e9es Centre de recherche H\u00f4pital Maisonneuve-Rosemont T 514 252-3400 #4684 F\u00a0514 252-3430 dramotar@hmr.qc.ca\" \/>\n<meta property=\"og:url\" content=\"https:\/\/biomol.umontreal.ca\/en\/research\/les-professeurs\/ramotar-dindial\/\" \/>\n<meta property=\"og:site_name\" content=\"Programmes de biologie mol\u00e9culaire\" \/>\n<meta property=\"article:modified_time\" content=\"2013-08-16T20:07:49+00:00\" \/>\n<meta name=\"twitter:card\" content=\"summary_large_image\" \/>\n<meta name=\"twitter:label1\" content=\"Est. reading time\" \/>\n\t<meta name=\"twitter:data1\" content=\"1 minute\" \/>\n<script type=\"application\/ld+json\" class=\"yoast-schema-graph\">{\"@context\":\"https:\/\/schema.org\",\"@graph\":[{\"@type\":\"WebPage\",\"@id\":\"https:\/\/biomol.umontreal.ca\/en\/research\/les-professeurs\/ramotar-dindial\/\",\"url\":\"https:\/\/biomol.umontreal.ca\/en\/research\/les-professeurs\/ramotar-dindial\/\",\"name\":\"Ramotar, Dindial - Programmes de biologie mol\u00e9culaire\",\"isPartOf\":{\"@id\":\"https:\/\/biomol.umontreal.ca\/#website\"},\"datePublished\":\"2012-01-23T20:01:48+00:00\",\"dateModified\":\"2013-08-16T20:07:49+00:00\",\"breadcrumb\":{\"@id\":\"https:\/\/biomol.umontreal.ca\/en\/research\/les-professeurs\/ramotar-dindial\/#breadcrumb\"},\"inLanguage\":\"en-US\",\"potentialAction\":[{\"@type\":\"ReadAction\",\"target\":[\"https:\/\/biomol.umontreal.ca\/en\/research\/les-professeurs\/ramotar-dindial\/\"]}]},{\"@type\":\"BreadcrumbList\",\"@id\":\"https:\/\/biomol.umontreal.ca\/en\/research\/les-professeurs\/ramotar-dindial\/#breadcrumb\",\"itemListElement\":[{\"@type\":\"ListItem\",\"position\":1,\"name\":\"Accueil\",\"item\":\"https:\/\/biomol.umontreal.ca\/en\/\"},{\"@type\":\"ListItem\",\"position\":2,\"name\":\"Research\",\"item\":\"https:\/\/biomol.umontreal.ca\/en\/research\/\"},{\"@type\":\"ListItem\",\"position\":3,\"name\":\"Our professors\",\"item\":\"https:\/\/biomol.umontreal.ca\/en\/research\/les-professeurs\/\"},{\"@type\":\"ListItem\",\"position\":4,\"name\":\"Ramotar, Dindial\"}]},{\"@type\":\"WebSite\",\"@id\":\"https:\/\/biomol.umontreal.ca\/#website\",\"url\":\"https:\/\/biomol.umontreal.ca\/\",\"name\":\"Programmes de biologie mol\u00e9culaire\",\"description\":\"\",\"potentialAction\":[{\"@type\":\"SearchAction\",\"target\":{\"@type\":\"EntryPoint\",\"urlTemplate\":\"https:\/\/biomol.umontreal.ca\/?s={search_term_string}\"},\"query-input\":{\"@type\":\"PropertyValueSpecification\",\"valueRequired\":true,\"valueName\":\"search_term_string\"}}],\"inLanguage\":\"en-US\"}]}<\/script>\n<!-- \/ Yoast SEO plugin. -->","yoast_head_json":{"title":"Ramotar, Dindial - Programmes de biologie mol\u00e9culaire","robots":{"index":"index","follow":"follow","max-snippet":"max-snippet:-1","max-image-preview":"max-image-preview:large","max-video-preview":"max-video-preview:-1"},"canonical":"https:\/\/biomol.umontreal.ca\/en\/research\/les-professeurs\/ramotar-dindial\/","og_locale":"en_US","og_type":"article","og_title":"Ramotar, Dindial - Programmes de biologie mol\u00e9culaire","og_description":"Coordonn\u00e9es Centre de recherche H\u00f4pital Maisonneuve-Rosemont T 514 252-3400 #4684 F\u00a0514 252-3430 dramotar@hmr.qc.ca","og_url":"https:\/\/biomol.umontreal.ca\/en\/research\/les-professeurs\/ramotar-dindial\/","og_site_name":"Programmes de biologie mol\u00e9culaire","article_modified_time":"2013-08-16T20:07:49+00:00","twitter_card":"summary_large_image","twitter_misc":{"Est. reading time":"1 minute"},"schema":{"@context":"https:\/\/schema.org","@graph":[{"@type":"WebPage","@id":"https:\/\/biomol.umontreal.ca\/en\/research\/les-professeurs\/ramotar-dindial\/","url":"https:\/\/biomol.umontreal.ca\/en\/research\/les-professeurs\/ramotar-dindial\/","name":"Ramotar, Dindial - Programmes de biologie mol\u00e9culaire","isPartOf":{"@id":"https:\/\/biomol.umontreal.ca\/#website"},"datePublished":"2012-01-23T20:01:48+00:00","dateModified":"2013-08-16T20:07:49+00:00","breadcrumb":{"@id":"https:\/\/biomol.umontreal.ca\/en\/research\/les-professeurs\/ramotar-dindial\/#breadcrumb"},"inLanguage":"en-US","potentialAction":[{"@type":"ReadAction","target":["https:\/\/biomol.umontreal.ca\/en\/research\/les-professeurs\/ramotar-dindial\/"]}]},{"@type":"BreadcrumbList","@id":"https:\/\/biomol.umontreal.ca\/en\/research\/les-professeurs\/ramotar-dindial\/#breadcrumb","itemListElement":[{"@type":"ListItem","position":1,"name":"Accueil","item":"https:\/\/biomol.umontreal.ca\/en\/"},{"@type":"ListItem","position":2,"name":"Research","item":"https:\/\/biomol.umontreal.ca\/en\/research\/"},{"@type":"ListItem","position":3,"name":"Our professors","item":"https:\/\/biomol.umontreal.ca\/en\/research\/les-professeurs\/"},{"@type":"ListItem","position":4,"name":"Ramotar, Dindial"}]},{"@type":"WebSite","@id":"https:\/\/biomol.umontreal.ca\/#website","url":"https:\/\/biomol.umontreal.ca\/","name":"Programmes de biologie mol\u00e9culaire","description":"","potentialAction":[{"@type":"SearchAction","target":{"@type":"EntryPoint","urlTemplate":"https:\/\/biomol.umontreal.ca\/?s={search_term_string}"},"query-input":{"@type":"PropertyValueSpecification","valueRequired":true,"valueName":"search_term_string"}}],"inLanguage":"en-US"}]}},"_links":{"self":[{"href":"https:\/\/biomol.umontreal.ca\/en\/wp-json\/wp\/v2\/pages\/3681","targetHints":{"allow":["GET"]}}],"collection":[{"href":"https:\/\/biomol.umontreal.ca\/en\/wp-json\/wp\/v2\/pages"}],"about":[{"href":"https:\/\/biomol.umontreal.ca\/en\/wp-json\/wp\/v2\/types\/page"}],"author":[{"embeddable":true,"href":"https:\/\/biomol.umontreal.ca\/en\/wp-json\/wp\/v2\/users\/1"}],"replies":[{"embeddable":true,"href":"https:\/\/biomol.umontreal.ca\/en\/wp-json\/wp\/v2\/comments?post=3681"}],"version-history":[{"count":1,"href":"https:\/\/biomol.umontreal.ca\/en\/wp-json\/wp\/v2\/pages\/3681\/revisions"}],"predecessor-version":[{"id":3684,"href":"https:\/\/biomol.umontreal.ca\/en\/wp-json\/wp\/v2\/pages\/3681\/revisions\/3684"}],"up":[{"embeddable":true,"href":"https:\/\/biomol.umontreal.ca\/en\/wp-json\/wp\/v2\/pages\/3557"}],"wp:attachment":[{"href":"https:\/\/biomol.umontreal.ca\/en\/wp-json\/wp\/v2\/media?parent=3681"}],"curies":[{"name":"wp","href":"https:\/\/api.w.org\/{rel}","templated":true}]}}