{"id":3680,"date":"2012-01-23T14:56:11","date_gmt":"2012-01-23T19:56:11","guid":{"rendered":"https:\/\/biomol.umontreal.ca\/research\/professors\/prentki-marc\/"},"modified":"2026-02-01T16:24:47","modified_gmt":"2026-02-01T21:24:47","slug":"prentki-marc","status":"publish","type":"page","link":"https:\/\/biomol.umontreal.ca\/en\/research\/les-professeurs\/prentki-marc\/","title":{"rendered":"Prentki, Marc"},"content":{"rendered":"<h3>Coordonn\u00e9es<\/h3>\n<p>Centre de recherche &#8211; CHUM<br \/>\nInstitut du cancer de Montr\u00e9al<br \/>\n<strong>T<\/strong> 514 89-8000 #26811<br \/>\n<strong>F<\/strong>\u00a0514 412-7858<br \/>\n<a href=\"mailto:prentkim@ere.umontreal.ca\">marc.prentki@umontreal.ca<\/a><\/p>\n<hr\/>\n<div class=\"one-half first \">\n<h2>Description de la recherche<\/h2>\n<p>Transduction de signaux dans la cellule pancr\u00e9atique B en r\u00e9ponse au glucose, acides gras et facteurs de croissance.\u00a0 R\u00e9gulation de la s\u00e9cr\u00e9tion de l\u2019insuline par le glucose.\u00a0 \u00c9tude du m\u00e9canisme de la &#8220;glucolipotoxicit\u00e9&#8221; et de la d\u00e9compensation de la cellule \u00df- dans l&#8217;\u00e9tiologie des diab\u00e8tes de type 1 et 2.<\/p>\n<\/div>\n<div class=\"one-half  \">\n<h2>Research description<\/h2>\n<p>Nutrient signaling and the regulation of insulin secretion in the pancreatic B cell.\u00a0 Control of pancreatic\u00a0 \u00df-cell growth and apoptosis by glucose, fatty acids and peptide growth factors.\u00a0 Study of the mechanism of\u00a0 \u00df-cell &#8220;glucolipotoxicity&#8221; in the etiology of adipogenic type 2 diabetes as well as type 1 diabetes.<br \/>\n<\/div>\n<hr\/>\n<p>&nbsp;<\/p>\n","protected":false},"excerpt":{"rendered":"<p>Coordonn\u00e9es Centre de recherche &#8211; CHUM Institut du cancer de Montr\u00e9al T 514 89-8000 #26811 F\u00a0514 412-7858 marc.prentki@umontreal.ca &nbsp;<\/p>\n","protected":false},"author":1,"featured_media":0,"parent":3557,"menu_order":0,"comment_status":"closed","ping_status":"open","template":"","meta":{"footnotes":""},"class_list":["post-3680","page","type-page","status-publish","hentry"],"yoast_head":"<!-- This site is optimized with the Yoast SEO plugin v25.0 - https:\/\/yoast.com\/wordpress\/plugins\/seo\/ -->\n<title>Prentki, Marc - Programmes de biologie mol\u00e9culaire<\/title>\n<meta name=\"robots\" content=\"index, follow, max-snippet:-1, max-image-preview:large, max-video-preview:-1\" \/>\n<link rel=\"canonical\" href=\"https:\/\/biomol.umontreal.ca\/en\/research\/les-professeurs\/prentki-marc\/\" \/>\n<meta property=\"og:locale\" content=\"en_US\" \/>\n<meta property=\"og:type\" content=\"article\" \/>\n<meta property=\"og:title\" content=\"Prentki, Marc - Programmes de biologie mol\u00e9culaire\" \/>\n<meta property=\"og:description\" content=\"Coordonn\u00e9es Centre de recherche &#8211; CHUM Institut du cancer de Montr\u00e9al T 514 89-8000 #26811 F\u00a0514 412-7858 marc.prentki@umontreal.ca &nbsp;\" \/>\n<meta property=\"og:url\" content=\"https:\/\/biomol.umontreal.ca\/en\/research\/les-professeurs\/prentki-marc\/\" \/>\n<meta property=\"og:site_name\" content=\"Programmes de biologie mol\u00e9culaire\" \/>\n<meta property=\"article:modified_time\" content=\"2026-02-01T21:24:47+00:00\" \/>\n<meta name=\"twitter:card\" content=\"summary_large_image\" \/>\n<meta name=\"twitter:label1\" content=\"Est. reading time\" \/>\n\t<meta name=\"twitter:data1\" content=\"1 minute\" \/>\n<script type=\"application\/ld+json\" class=\"yoast-schema-graph\">{\"@context\":\"https:\/\/schema.org\",\"@graph\":[{\"@type\":\"WebPage\",\"@id\":\"https:\/\/biomol.umontreal.ca\/en\/research\/les-professeurs\/prentki-marc\/\",\"url\":\"https:\/\/biomol.umontreal.ca\/en\/research\/les-professeurs\/prentki-marc\/\",\"name\":\"Prentki, Marc - Programmes de biologie mol\u00e9culaire\",\"isPartOf\":{\"@id\":\"https:\/\/biomol.umontreal.ca\/#website\"},\"datePublished\":\"2012-01-23T19:56:11+00:00\",\"dateModified\":\"2026-02-01T21:24:47+00:00\",\"breadcrumb\":{\"@id\":\"https:\/\/biomol.umontreal.ca\/en\/research\/les-professeurs\/prentki-marc\/#breadcrumb\"},\"inLanguage\":\"en-US\",\"potentialAction\":[{\"@type\":\"ReadAction\",\"target\":[\"https:\/\/biomol.umontreal.ca\/en\/research\/les-professeurs\/prentki-marc\/\"]}]},{\"@type\":\"BreadcrumbList\",\"@id\":\"https:\/\/biomol.umontreal.ca\/en\/research\/les-professeurs\/prentki-marc\/#breadcrumb\",\"itemListElement\":[{\"@type\":\"ListItem\",\"position\":1,\"name\":\"Accueil\",\"item\":\"https:\/\/biomol.umontreal.ca\/en\/\"},{\"@type\":\"ListItem\",\"position\":2,\"name\":\"Research\",\"item\":\"https:\/\/biomol.umontreal.ca\/en\/research\/\"},{\"@type\":\"ListItem\",\"position\":3,\"name\":\"Our professors\",\"item\":\"https:\/\/biomol.umontreal.ca\/en\/research\/les-professeurs\/\"},{\"@type\":\"ListItem\",\"position\":4,\"name\":\"Prentki, Marc\"}]},{\"@type\":\"WebSite\",\"@id\":\"https:\/\/biomol.umontreal.ca\/#website\",\"url\":\"https:\/\/biomol.umontreal.ca\/\",\"name\":\"Programmes de biologie mol\u00e9culaire\",\"description\":\"\",\"potentialAction\":[{\"@type\":\"SearchAction\",\"target\":{\"@type\":\"EntryPoint\",\"urlTemplate\":\"https:\/\/biomol.umontreal.ca\/?s={search_term_string}\"},\"query-input\":{\"@type\":\"PropertyValueSpecification\",\"valueRequired\":true,\"valueName\":\"search_term_string\"}}],\"inLanguage\":\"en-US\"}]}<\/script>\n<!-- \/ Yoast SEO plugin. -->","yoast_head_json":{"title":"Prentki, Marc - Programmes de biologie mol\u00e9culaire","robots":{"index":"index","follow":"follow","max-snippet":"max-snippet:-1","max-image-preview":"max-image-preview:large","max-video-preview":"max-video-preview:-1"},"canonical":"https:\/\/biomol.umontreal.ca\/en\/research\/les-professeurs\/prentki-marc\/","og_locale":"en_US","og_type":"article","og_title":"Prentki, Marc - Programmes de biologie mol\u00e9culaire","og_description":"Coordonn\u00e9es Centre de recherche &#8211; CHUM Institut du cancer de Montr\u00e9al T 514 89-8000 #26811 F\u00a0514 412-7858 marc.prentki@umontreal.ca &nbsp;","og_url":"https:\/\/biomol.umontreal.ca\/en\/research\/les-professeurs\/prentki-marc\/","og_site_name":"Programmes de biologie mol\u00e9culaire","article_modified_time":"2026-02-01T21:24:47+00:00","twitter_card":"summary_large_image","twitter_misc":{"Est. reading time":"1 minute"},"schema":{"@context":"https:\/\/schema.org","@graph":[{"@type":"WebPage","@id":"https:\/\/biomol.umontreal.ca\/en\/research\/les-professeurs\/prentki-marc\/","url":"https:\/\/biomol.umontreal.ca\/en\/research\/les-professeurs\/prentki-marc\/","name":"Prentki, Marc - Programmes de biologie mol\u00e9culaire","isPartOf":{"@id":"https:\/\/biomol.umontreal.ca\/#website"},"datePublished":"2012-01-23T19:56:11+00:00","dateModified":"2026-02-01T21:24:47+00:00","breadcrumb":{"@id":"https:\/\/biomol.umontreal.ca\/en\/research\/les-professeurs\/prentki-marc\/#breadcrumb"},"inLanguage":"en-US","potentialAction":[{"@type":"ReadAction","target":["https:\/\/biomol.umontreal.ca\/en\/research\/les-professeurs\/prentki-marc\/"]}]},{"@type":"BreadcrumbList","@id":"https:\/\/biomol.umontreal.ca\/en\/research\/les-professeurs\/prentki-marc\/#breadcrumb","itemListElement":[{"@type":"ListItem","position":1,"name":"Accueil","item":"https:\/\/biomol.umontreal.ca\/en\/"},{"@type":"ListItem","position":2,"name":"Research","item":"https:\/\/biomol.umontreal.ca\/en\/research\/"},{"@type":"ListItem","position":3,"name":"Our professors","item":"https:\/\/biomol.umontreal.ca\/en\/research\/les-professeurs\/"},{"@type":"ListItem","position":4,"name":"Prentki, Marc"}]},{"@type":"WebSite","@id":"https:\/\/biomol.umontreal.ca\/#website","url":"https:\/\/biomol.umontreal.ca\/","name":"Programmes de biologie mol\u00e9culaire","description":"","potentialAction":[{"@type":"SearchAction","target":{"@type":"EntryPoint","urlTemplate":"https:\/\/biomol.umontreal.ca\/?s={search_term_string}"},"query-input":{"@type":"PropertyValueSpecification","valueRequired":true,"valueName":"search_term_string"}}],"inLanguage":"en-US"}]}},"_links":{"self":[{"href":"https:\/\/biomol.umontreal.ca\/en\/wp-json\/wp\/v2\/pages\/3680","targetHints":{"allow":["GET"]}}],"collection":[{"href":"https:\/\/biomol.umontreal.ca\/en\/wp-json\/wp\/v2\/pages"}],"about":[{"href":"https:\/\/biomol.umontreal.ca\/en\/wp-json\/wp\/v2\/types\/page"}],"author":[{"embeddable":true,"href":"https:\/\/biomol.umontreal.ca\/en\/wp-json\/wp\/v2\/users\/1"}],"replies":[{"embeddable":true,"href":"https:\/\/biomol.umontreal.ca\/en\/wp-json\/wp\/v2\/comments?post=3680"}],"version-history":[{"count":2,"href":"https:\/\/biomol.umontreal.ca\/en\/wp-json\/wp\/v2\/pages\/3680\/revisions"}],"predecessor-version":[{"id":6870,"href":"https:\/\/biomol.umontreal.ca\/en\/wp-json\/wp\/v2\/pages\/3680\/revisions\/6870"}],"up":[{"embeddable":true,"href":"https:\/\/biomol.umontreal.ca\/en\/wp-json\/wp\/v2\/pages\/3557"}],"wp:attachment":[{"href":"https:\/\/biomol.umontreal.ca\/en\/wp-json\/wp\/v2\/media?parent=3680"}],"curies":[{"name":"wp","href":"https:\/\/api.w.org\/{rel}","templated":true}]}}