{"id":3679,"date":"2013-07-26T13:34:49","date_gmt":"2013-07-26T17:34:49","guid":{"rendered":"https:\/\/biomol.umontreal.ca\/research\/professors\/pilon-nicolas-ph-d\/"},"modified":"2026-02-01T16:14:24","modified_gmt":"2026-02-01T21:14:24","slug":"pilon-nicolas-ph-d","status":"publish","type":"page","link":"https:\/\/biomol.umontreal.ca\/en\/research\/les-professeurs\/pilon-nicolas-ph-d\/","title":{"rendered":"Pilon, Nicolas, Ph.D."},"content":{"rendered":"<h3>Coordonn\u00e9es<\/h3>\n<p>Laboratoire de G\u00e9n\u00e9tique mol\u00e9culaire du d\u00e9veloppement<br \/>\nCentre de recherche BioMed<br \/>\nUniversit\u00e9 du Qu\u00e9bec \u00e0 Montr\u00e9al (UQAM)<br \/>\n141 avenue Pr\u00e9sident-Kennedy<br \/>\nMontr\u00e9al, Qc, H2X 3Y7<br \/>\n<strong>T<\/strong> 514 987-3000 #3342<br \/>\n<strong>F<\/strong> 514 987-4647<br \/>\n<a href=\"mailto:pilon.nicolas@uqam.ca\">pilon.nicolas@uqam.ca<\/a><\/p>\n<hr\/>\n<div class=\"one-half first \">\n<h2>Axes de recherche<\/h2>\n<ul>\n<li>Cellules souches<\/li>\n<li>D\u00e9veloppement et diff\u00e9renciation tissulaire<\/li>\n<li>G\u00e9n\u00e9tique humaine et maladies g\u00e9n\u00e9tiques<\/li>\n<li>Neurobiologie<\/li>\n<\/ul>\n<h2>Description de la recherche<\/h2>\n<p>Notre laboratoire s\u2019int\u00e9resse \u00e0 la g\u00e9n\u00e9tique mol\u00e9culaire du d\u00e9veloppement et plus particuli\u00e8rement aux cellules de la cr\u00eate neurale. Cette population de cellules souches engendre une multitude de types cellulaires diff\u00e9rents incluant\u00a0: neurones et glies p\u00e9riph\u00e9riques, m\u00e9lanocytes, ost\u00e9oblastes et chondrocytes cranio-faciaux ou encore certaines cellules sensorielles de l\u2019oreille interne. Nous utilisons la souris comme mod\u00e8le d\u2019\u00e9tude afin de d\u00e9cortiquer les m\u00e9canismes cellulaires et mol\u00e9culaires contr\u00f4lant la formation et la destin\u00e9e des cellules de la cr\u00eate neurale au cours du d\u00e9veloppement embryonnaire normal et pathologique. Nos travaux sont principalement regroup\u00e9s sous les deux axes suivants\u00a0:<\/p>\n<p>1)\u00a0\u00a0\u00a0\u00a0\u00a0 Analyse du contr\u00f4le transcriptionnel de l\u2019induction des cellules de la cr\u00eate neurale.<\/p>\n<p>2)\u00a0\u00a0\u00a0\u00a0\u00a0 Caract\u00e9risation de nouveaux mod\u00e8les de souris avec des d\u00e9fauts des cellules de la cr\u00eate neurale qui affectent les m\u00e9lanocytes, le syst\u00e8me nerveux ent\u00e9rique et\/ou l\u2019oreille interne.<\/p>\n<p>Chaque projet implique l\u2019utilisation d\u2019un large \u00e9ventail de techniques de pointe en biologie mol\u00e9culaire et cellulaire ainsi que d\u2019approches <i>ex vivo<\/i> et <i>in vivo<\/i>.<\/p>\n<\/div>\n<div class=\"one-half  \">\n<h2>Research axis<\/h2>\n<ul>\n<li>Stem cells<\/li>\n<li>Development and tissue differentiation<\/li>\n<li>Human genetics and genetic diseases<\/li>\n<li>Neurobiology<\/li>\n<\/ul>\n<h2>Research description<\/h2>\n<p>Our laboratory is interested in the molecular genetics of development and most especially in neural crest cells. This particular stem cell population generates multiple different cell types including among others: peripheral neurons et glia, melanocytes, cranio-facial osteoblasts and chondrocytes as well as a subset of inner ear sensory cells. Using the mouse as a model organism, our goal is to decipher the molecular and cellular mechanisms underlying neural crest cell formation and fate during normal and pathological embryonic development. Our work is subdivided into two main projects:<\/p>\n<p>1)\u00a0\u00a0\u00a0\u00a0\u00a0 Analyze the transcription control of neural crest cell induction.<\/p>\n<p>2)\u00a0\u00a0\u00a0\u00a0\u00a0 Characterize new mouse models having neural crest cell defects affecting the melanocytes, the enteric nervous system and\/or the inner ear.<\/p>\n<p>Each project involves a wide range of cutting edge molecular and cellular assays as well as ex vivo and in vivo approaches.<\/p>\n<\/div>\n<h3><hr\/><\/h3>\n","protected":false},"excerpt":{"rendered":"<p>Coordonn\u00e9es Laboratoire de G\u00e9n\u00e9tique mol\u00e9culaire du d\u00e9veloppement Centre de recherche BioMed Universit\u00e9 du Qu\u00e9bec \u00e0 Montr\u00e9al (UQAM) 141 avenue Pr\u00e9sident-Kennedy Montr\u00e9al, Qc, H2X 3Y7 T 514 987-3000 #3342 F 514 [&hellip;]<\/p>\n","protected":false},"author":2,"featured_media":0,"parent":3557,"menu_order":0,"comment_status":"closed","ping_status":"open","template":"","meta":{"footnotes":""},"class_list":["post-3679","page","type-page","status-publish","hentry"],"yoast_head":"<!-- This site is optimized with the Yoast SEO plugin v25.0 - https:\/\/yoast.com\/wordpress\/plugins\/seo\/ -->\n<title>Pilon, Nicolas, Ph.D. - Programmes de biologie mol\u00e9culaire<\/title>\n<meta name=\"robots\" content=\"index, follow, max-snippet:-1, max-image-preview:large, max-video-preview:-1\" \/>\n<link rel=\"canonical\" href=\"https:\/\/biomol.umontreal.ca\/en\/research\/les-professeurs\/pilon-nicolas-ph-d\/\" \/>\n<meta property=\"og:locale\" content=\"en_US\" \/>\n<meta property=\"og:type\" content=\"article\" \/>\n<meta property=\"og:title\" content=\"Pilon, Nicolas, Ph.D. - Programmes de biologie mol\u00e9culaire\" \/>\n<meta property=\"og:description\" content=\"Coordonn\u00e9es Laboratoire de G\u00e9n\u00e9tique mol\u00e9culaire du d\u00e9veloppement Centre de recherche BioMed Universit\u00e9 du Qu\u00e9bec \u00e0 Montr\u00e9al (UQAM) 141 avenue Pr\u00e9sident-Kennedy Montr\u00e9al, Qc, H2X 3Y7 T 514 987-3000 #3342 F 514 [&hellip;]\" \/>\n<meta property=\"og:url\" content=\"https:\/\/biomol.umontreal.ca\/en\/research\/les-professeurs\/pilon-nicolas-ph-d\/\" \/>\n<meta property=\"og:site_name\" content=\"Programmes de biologie mol\u00e9culaire\" \/>\n<meta property=\"article:modified_time\" content=\"2026-02-01T21:14:24+00:00\" \/>\n<meta name=\"twitter:card\" content=\"summary_large_image\" \/>\n<meta name=\"twitter:label1\" content=\"Est. reading time\" \/>\n\t<meta name=\"twitter:data1\" content=\"2 minutes\" \/>\n<script type=\"application\/ld+json\" class=\"yoast-schema-graph\">{\"@context\":\"https:\/\/schema.org\",\"@graph\":[{\"@type\":\"WebPage\",\"@id\":\"https:\/\/biomol.umontreal.ca\/en\/research\/les-professeurs\/pilon-nicolas-ph-d\/\",\"url\":\"https:\/\/biomol.umontreal.ca\/en\/research\/les-professeurs\/pilon-nicolas-ph-d\/\",\"name\":\"Pilon, Nicolas, Ph.D. - Programmes de biologie mol\u00e9culaire\",\"isPartOf\":{\"@id\":\"https:\/\/biomol.umontreal.ca\/#website\"},\"datePublished\":\"2013-07-26T17:34:49+00:00\",\"dateModified\":\"2026-02-01T21:14:24+00:00\",\"breadcrumb\":{\"@id\":\"https:\/\/biomol.umontreal.ca\/en\/research\/les-professeurs\/pilon-nicolas-ph-d\/#breadcrumb\"},\"inLanguage\":\"en-US\",\"potentialAction\":[{\"@type\":\"ReadAction\",\"target\":[\"https:\/\/biomol.umontreal.ca\/en\/research\/les-professeurs\/pilon-nicolas-ph-d\/\"]}]},{\"@type\":\"BreadcrumbList\",\"@id\":\"https:\/\/biomol.umontreal.ca\/en\/research\/les-professeurs\/pilon-nicolas-ph-d\/#breadcrumb\",\"itemListElement\":[{\"@type\":\"ListItem\",\"position\":1,\"name\":\"Accueil\",\"item\":\"https:\/\/biomol.umontreal.ca\/en\/\"},{\"@type\":\"ListItem\",\"position\":2,\"name\":\"Research\",\"item\":\"https:\/\/biomol.umontreal.ca\/en\/research\/\"},{\"@type\":\"ListItem\",\"position\":3,\"name\":\"Our professors\",\"item\":\"https:\/\/biomol.umontreal.ca\/en\/research\/les-professeurs\/\"},{\"@type\":\"ListItem\",\"position\":4,\"name\":\"Pilon, Nicolas, Ph.D.\"}]},{\"@type\":\"WebSite\",\"@id\":\"https:\/\/biomol.umontreal.ca\/#website\",\"url\":\"https:\/\/biomol.umontreal.ca\/\",\"name\":\"Programmes de biologie mol\u00e9culaire\",\"description\":\"\",\"potentialAction\":[{\"@type\":\"SearchAction\",\"target\":{\"@type\":\"EntryPoint\",\"urlTemplate\":\"https:\/\/biomol.umontreal.ca\/?s={search_term_string}\"},\"query-input\":{\"@type\":\"PropertyValueSpecification\",\"valueRequired\":true,\"valueName\":\"search_term_string\"}}],\"inLanguage\":\"en-US\"}]}<\/script>\n<!-- \/ Yoast SEO plugin. -->","yoast_head_json":{"title":"Pilon, Nicolas, Ph.D. - Programmes de biologie mol\u00e9culaire","robots":{"index":"index","follow":"follow","max-snippet":"max-snippet:-1","max-image-preview":"max-image-preview:large","max-video-preview":"max-video-preview:-1"},"canonical":"https:\/\/biomol.umontreal.ca\/en\/research\/les-professeurs\/pilon-nicolas-ph-d\/","og_locale":"en_US","og_type":"article","og_title":"Pilon, Nicolas, Ph.D. - Programmes de biologie mol\u00e9culaire","og_description":"Coordonn\u00e9es Laboratoire de G\u00e9n\u00e9tique mol\u00e9culaire du d\u00e9veloppement Centre de recherche BioMed Universit\u00e9 du Qu\u00e9bec \u00e0 Montr\u00e9al (UQAM) 141 avenue Pr\u00e9sident-Kennedy Montr\u00e9al, Qc, H2X 3Y7 T 514 987-3000 #3342 F 514 [&hellip;]","og_url":"https:\/\/biomol.umontreal.ca\/en\/research\/les-professeurs\/pilon-nicolas-ph-d\/","og_site_name":"Programmes de biologie mol\u00e9culaire","article_modified_time":"2026-02-01T21:14:24+00:00","twitter_card":"summary_large_image","twitter_misc":{"Est. reading time":"2 minutes"},"schema":{"@context":"https:\/\/schema.org","@graph":[{"@type":"WebPage","@id":"https:\/\/biomol.umontreal.ca\/en\/research\/les-professeurs\/pilon-nicolas-ph-d\/","url":"https:\/\/biomol.umontreal.ca\/en\/research\/les-professeurs\/pilon-nicolas-ph-d\/","name":"Pilon, Nicolas, Ph.D. - Programmes de biologie mol\u00e9culaire","isPartOf":{"@id":"https:\/\/biomol.umontreal.ca\/#website"},"datePublished":"2013-07-26T17:34:49+00:00","dateModified":"2026-02-01T21:14:24+00:00","breadcrumb":{"@id":"https:\/\/biomol.umontreal.ca\/en\/research\/les-professeurs\/pilon-nicolas-ph-d\/#breadcrumb"},"inLanguage":"en-US","potentialAction":[{"@type":"ReadAction","target":["https:\/\/biomol.umontreal.ca\/en\/research\/les-professeurs\/pilon-nicolas-ph-d\/"]}]},{"@type":"BreadcrumbList","@id":"https:\/\/biomol.umontreal.ca\/en\/research\/les-professeurs\/pilon-nicolas-ph-d\/#breadcrumb","itemListElement":[{"@type":"ListItem","position":1,"name":"Accueil","item":"https:\/\/biomol.umontreal.ca\/en\/"},{"@type":"ListItem","position":2,"name":"Research","item":"https:\/\/biomol.umontreal.ca\/en\/research\/"},{"@type":"ListItem","position":3,"name":"Our professors","item":"https:\/\/biomol.umontreal.ca\/en\/research\/les-professeurs\/"},{"@type":"ListItem","position":4,"name":"Pilon, Nicolas, Ph.D."}]},{"@type":"WebSite","@id":"https:\/\/biomol.umontreal.ca\/#website","url":"https:\/\/biomol.umontreal.ca\/","name":"Programmes de biologie mol\u00e9culaire","description":"","potentialAction":[{"@type":"SearchAction","target":{"@type":"EntryPoint","urlTemplate":"https:\/\/biomol.umontreal.ca\/?s={search_term_string}"},"query-input":{"@type":"PropertyValueSpecification","valueRequired":true,"valueName":"search_term_string"}}],"inLanguage":"en-US"}]}},"_links":{"self":[{"href":"https:\/\/biomol.umontreal.ca\/en\/wp-json\/wp\/v2\/pages\/3679","targetHints":{"allow":["GET"]}}],"collection":[{"href":"https:\/\/biomol.umontreal.ca\/en\/wp-json\/wp\/v2\/pages"}],"about":[{"href":"https:\/\/biomol.umontreal.ca\/en\/wp-json\/wp\/v2\/types\/page"}],"author":[{"embeddable":true,"href":"https:\/\/biomol.umontreal.ca\/en\/wp-json\/wp\/v2\/users\/2"}],"replies":[{"embeddable":true,"href":"https:\/\/biomol.umontreal.ca\/en\/wp-json\/wp\/v2\/comments?post=3679"}],"version-history":[{"count":4,"href":"https:\/\/biomol.umontreal.ca\/en\/wp-json\/wp\/v2\/pages\/3679\/revisions"}],"predecessor-version":[{"id":6861,"href":"https:\/\/biomol.umontreal.ca\/en\/wp-json\/wp\/v2\/pages\/3679\/revisions\/6861"}],"up":[{"embeddable":true,"href":"https:\/\/biomol.umontreal.ca\/en\/wp-json\/wp\/v2\/pages\/3557"}],"wp:attachment":[{"href":"https:\/\/biomol.umontreal.ca\/en\/wp-json\/wp\/v2\/media?parent=3679"}],"curies":[{"name":"wp","href":"https:\/\/api.w.org\/{rel}","templated":true}]}}