{"id":3674,"date":"2012-01-23T14:37:46","date_gmt":"2012-01-23T19:37:46","guid":{"rendered":"https:\/\/biomol.umontreal.ca\/research\/professors\/moreau-alain\/"},"modified":"2026-02-01T15:41:17","modified_gmt":"2026-02-01T20:41:17","slug":"moreau-alain","status":"publish","type":"page","link":"https:\/\/biomol.umontreal.ca\/en\/research\/les-professeurs\/moreau-alain\/","title":{"rendered":"Moreau, Alain"},"content":{"rendered":"<h3>Coordonn\u00e9es<\/h3>\n<p>Centre de recherche<br \/>\nH\u00f4pital Ste-Justine<br \/>\n<strong>T<\/strong> 514 345-4691 #3476<br \/>\n<strong>F<\/strong>\u00a0514 345-4801<br \/>\namoreau@justine.umontreal.ca<a href=\"https:\/\/www.chusj.org\/Biography?id=0cc915e6-0f9f-4b4b-bdf4-ac7087c2317c&amp;lang=en\"><strong><\/strong><\/a><a href=\"https:\/\/www.chusj.org\/Biography?id=0cc915e6-0f9f-4b4b-bdf4-ac7087c2317c&amp;lang=en\"><strong><\/strong><\/a><\/p>\n<hr\/>\n<div class=\"one-half first \">\n<h2>Description de la recherche<\/h2>\n<p>Maladies neuro musculo-squelettiques.<br \/>\n<\/div>\n<div class=\"one-half  \">\n<h2>Research description<\/h2>\n<p>Neuro-musculosketetal diseases.<br \/>\n<\/div>\n<hr\/>\n<h3><a href=\"https:\/\/www.chusj.org\/Biography?id=0cc915e6-0f9f-4b4b-bdf4-ac7087c2317c&amp;lang=en\" target=\"_blank\" rel=\"noopener\"><strong>Consultez le site web du chercheur<\/strong><\/a><\/h3>\n<hr\/>\n","protected":false},"excerpt":{"rendered":"<p>Coordonn\u00e9es Centre de recherche H\u00f4pital Ste-Justine T 514 345-4691 #3476 F\u00a0514 345-4801 amoreau@justine.umontreal.ca Consultez le site web du chercheur<\/p>\n","protected":false},"author":1,"featured_media":0,"parent":3557,"menu_order":0,"comment_status":"closed","ping_status":"open","template":"","meta":{"footnotes":""},"class_list":["post-3674","page","type-page","status-publish","hentry"],"yoast_head":"<!-- This site is optimized with the Yoast SEO plugin v25.0 - https:\/\/yoast.com\/wordpress\/plugins\/seo\/ -->\n<title>Moreau, Alain - Programmes de biologie mol\u00e9culaire<\/title>\n<meta name=\"robots\" content=\"index, follow, max-snippet:-1, max-image-preview:large, max-video-preview:-1\" \/>\n<link rel=\"canonical\" href=\"https:\/\/biomol.umontreal.ca\/en\/research\/les-professeurs\/moreau-alain\/\" \/>\n<meta property=\"og:locale\" content=\"en_US\" \/>\n<meta property=\"og:type\" content=\"article\" \/>\n<meta property=\"og:title\" content=\"Moreau, Alain - Programmes de biologie mol\u00e9culaire\" \/>\n<meta property=\"og:description\" content=\"Coordonn\u00e9es Centre de recherche H\u00f4pital Ste-Justine T 514 345-4691 #3476 F\u00a0514 345-4801 amoreau@justine.umontreal.ca Consultez le site web du chercheur\" \/>\n<meta property=\"og:url\" content=\"https:\/\/biomol.umontreal.ca\/en\/research\/les-professeurs\/moreau-alain\/\" \/>\n<meta property=\"og:site_name\" content=\"Programmes de biologie mol\u00e9culaire\" \/>\n<meta property=\"article:modified_time\" content=\"2026-02-01T20:41:17+00:00\" \/>\n<meta name=\"twitter:card\" content=\"summary_large_image\" \/>\n<meta name=\"twitter:label1\" content=\"Est. reading time\" \/>\n\t<meta name=\"twitter:data1\" content=\"1 minute\" \/>\n<script type=\"application\/ld+json\" class=\"yoast-schema-graph\">{\"@context\":\"https:\/\/schema.org\",\"@graph\":[{\"@type\":\"WebPage\",\"@id\":\"https:\/\/biomol.umontreal.ca\/en\/research\/les-professeurs\/moreau-alain\/\",\"url\":\"https:\/\/biomol.umontreal.ca\/en\/research\/les-professeurs\/moreau-alain\/\",\"name\":\"Moreau, Alain - Programmes de biologie mol\u00e9culaire\",\"isPartOf\":{\"@id\":\"https:\/\/biomol.umontreal.ca\/#website\"},\"datePublished\":\"2012-01-23T19:37:46+00:00\",\"dateModified\":\"2026-02-01T20:41:17+00:00\",\"breadcrumb\":{\"@id\":\"https:\/\/biomol.umontreal.ca\/en\/research\/les-professeurs\/moreau-alain\/#breadcrumb\"},\"inLanguage\":\"en-US\",\"potentialAction\":[{\"@type\":\"ReadAction\",\"target\":[\"https:\/\/biomol.umontreal.ca\/en\/research\/les-professeurs\/moreau-alain\/\"]}]},{\"@type\":\"BreadcrumbList\",\"@id\":\"https:\/\/biomol.umontreal.ca\/en\/research\/les-professeurs\/moreau-alain\/#breadcrumb\",\"itemListElement\":[{\"@type\":\"ListItem\",\"position\":1,\"name\":\"Accueil\",\"item\":\"https:\/\/biomol.umontreal.ca\/en\/\"},{\"@type\":\"ListItem\",\"position\":2,\"name\":\"Research\",\"item\":\"https:\/\/biomol.umontreal.ca\/en\/research\/\"},{\"@type\":\"ListItem\",\"position\":3,\"name\":\"Our professors\",\"item\":\"https:\/\/biomol.umontreal.ca\/en\/research\/les-professeurs\/\"},{\"@type\":\"ListItem\",\"position\":4,\"name\":\"Moreau, Alain\"}]},{\"@type\":\"WebSite\",\"@id\":\"https:\/\/biomol.umontreal.ca\/#website\",\"url\":\"https:\/\/biomol.umontreal.ca\/\",\"name\":\"Programmes de biologie mol\u00e9culaire\",\"description\":\"\",\"potentialAction\":[{\"@type\":\"SearchAction\",\"target\":{\"@type\":\"EntryPoint\",\"urlTemplate\":\"https:\/\/biomol.umontreal.ca\/?s={search_term_string}\"},\"query-input\":{\"@type\":\"PropertyValueSpecification\",\"valueRequired\":true,\"valueName\":\"search_term_string\"}}],\"inLanguage\":\"en-US\"}]}<\/script>\n<!-- \/ Yoast SEO plugin. -->","yoast_head_json":{"title":"Moreau, Alain - Programmes de biologie mol\u00e9culaire","robots":{"index":"index","follow":"follow","max-snippet":"max-snippet:-1","max-image-preview":"max-image-preview:large","max-video-preview":"max-video-preview:-1"},"canonical":"https:\/\/biomol.umontreal.ca\/en\/research\/les-professeurs\/moreau-alain\/","og_locale":"en_US","og_type":"article","og_title":"Moreau, Alain - Programmes de biologie mol\u00e9culaire","og_description":"Coordonn\u00e9es Centre de recherche H\u00f4pital Ste-Justine T 514 345-4691 #3476 F\u00a0514 345-4801 amoreau@justine.umontreal.ca Consultez le site web du chercheur","og_url":"https:\/\/biomol.umontreal.ca\/en\/research\/les-professeurs\/moreau-alain\/","og_site_name":"Programmes de biologie mol\u00e9culaire","article_modified_time":"2026-02-01T20:41:17+00:00","twitter_card":"summary_large_image","twitter_misc":{"Est. reading time":"1 minute"},"schema":{"@context":"https:\/\/schema.org","@graph":[{"@type":"WebPage","@id":"https:\/\/biomol.umontreal.ca\/en\/research\/les-professeurs\/moreau-alain\/","url":"https:\/\/biomol.umontreal.ca\/en\/research\/les-professeurs\/moreau-alain\/","name":"Moreau, Alain - Programmes de biologie mol\u00e9culaire","isPartOf":{"@id":"https:\/\/biomol.umontreal.ca\/#website"},"datePublished":"2012-01-23T19:37:46+00:00","dateModified":"2026-02-01T20:41:17+00:00","breadcrumb":{"@id":"https:\/\/biomol.umontreal.ca\/en\/research\/les-professeurs\/moreau-alain\/#breadcrumb"},"inLanguage":"en-US","potentialAction":[{"@type":"ReadAction","target":["https:\/\/biomol.umontreal.ca\/en\/research\/les-professeurs\/moreau-alain\/"]}]},{"@type":"BreadcrumbList","@id":"https:\/\/biomol.umontreal.ca\/en\/research\/les-professeurs\/moreau-alain\/#breadcrumb","itemListElement":[{"@type":"ListItem","position":1,"name":"Accueil","item":"https:\/\/biomol.umontreal.ca\/en\/"},{"@type":"ListItem","position":2,"name":"Research","item":"https:\/\/biomol.umontreal.ca\/en\/research\/"},{"@type":"ListItem","position":3,"name":"Our professors","item":"https:\/\/biomol.umontreal.ca\/en\/research\/les-professeurs\/"},{"@type":"ListItem","position":4,"name":"Moreau, Alain"}]},{"@type":"WebSite","@id":"https:\/\/biomol.umontreal.ca\/#website","url":"https:\/\/biomol.umontreal.ca\/","name":"Programmes de biologie mol\u00e9culaire","description":"","potentialAction":[{"@type":"SearchAction","target":{"@type":"EntryPoint","urlTemplate":"https:\/\/biomol.umontreal.ca\/?s={search_term_string}"},"query-input":{"@type":"PropertyValueSpecification","valueRequired":true,"valueName":"search_term_string"}}],"inLanguage":"en-US"}]}},"_links":{"self":[{"href":"https:\/\/biomol.umontreal.ca\/en\/wp-json\/wp\/v2\/pages\/3674","targetHints":{"allow":["GET"]}}],"collection":[{"href":"https:\/\/biomol.umontreal.ca\/en\/wp-json\/wp\/v2\/pages"}],"about":[{"href":"https:\/\/biomol.umontreal.ca\/en\/wp-json\/wp\/v2\/types\/page"}],"author":[{"embeddable":true,"href":"https:\/\/biomol.umontreal.ca\/en\/wp-json\/wp\/v2\/users\/1"}],"replies":[{"embeddable":true,"href":"https:\/\/biomol.umontreal.ca\/en\/wp-json\/wp\/v2\/comments?post=3674"}],"version-history":[{"count":14,"href":"https:\/\/biomol.umontreal.ca\/en\/wp-json\/wp\/v2\/pages\/3674\/revisions"}],"predecessor-version":[{"id":6828,"href":"https:\/\/biomol.umontreal.ca\/en\/wp-json\/wp\/v2\/pages\/3674\/revisions\/6828"}],"up":[{"embeddable":true,"href":"https:\/\/biomol.umontreal.ca\/en\/wp-json\/wp\/v2\/pages\/3557"}],"wp:attachment":[{"href":"https:\/\/biomol.umontreal.ca\/en\/wp-json\/wp\/v2\/media?parent=3674"}],"curies":[{"name":"wp","href":"https:\/\/api.w.org\/{rel}","templated":true}]}}