{"id":3673,"date":"2012-01-23T14:32:51","date_gmt":"2012-01-23T19:32:51","guid":{"rendered":"https:\/\/biomol.umontreal.ca\/research\/professors\/milot-eric-ph-d\/"},"modified":"2026-02-01T15:39:00","modified_gmt":"2026-02-01T20:39:00","slug":"milot-eric-ph-d","status":"publish","type":"page","link":"https:\/\/biomol.umontreal.ca\/en\/research\/les-professeurs\/milot-eric-ph-d\/","title":{"rendered":"Milot, \u00c9ric, Ph.D."},"content":{"rendered":"<h3>Coordonn\u00e9es<\/h3>\n<p>Centre de recherche<br \/>\nH\u00f4pital Maisonneuve-Rosemont<br \/>\n<strong>T<\/strong> 514 252-3551<br \/>\n<strong>F<\/strong> 514 252-3569<br \/>\n<a href=\"mailto:e.milot.1@umontreal.ca\">e.milot.1@umontreal.ca<\/a><a href=\"https:\/\/crhmr.ciusss-estmtl.gouv.qc.ca\/en\/researcher\/eric-milot\" target=\"_blank\" rel=\"noopener\"><\/a><\/p>\n<hr\/>\n<div class=\"one-half first \">\n<h2>Axes de recherche<\/h2>\n<ul>\n<li>D\u00e9veloppement et diff\u00e9renciation tissulaire<\/li>\n<li>Immunologie et h\u00e9matopo\u00ef\u00e8se<\/li>\n<li>Cellules souches<\/li>\n<li>Canc\u00e9rologie<\/li>\n<\/ul>\n<h2>Description de la recherche<\/h2>\n<p>Nous \u00e9tudions les m\u00e9canismes de r\u00e9gulation \u00e9pig\u00e9n\u00e9tique de l&#8217;expression des g\u00e8nes lors de l&#8217;h\u00e9matopo\u00ef\u00e8se. Plus sp\u00e9cifiquement, nos travaux portent sur l&#8217;identification des facteurs et des m\u00e9canismes mol\u00e9culaires impliqu\u00e9s dans la programmation et la r\u00e9gulation \u00e9pig\u00e9n\u00e9tique de l&#8217;expression des g\u00e8nes. Des souris ayant une g\u00e9n\u00e9tique modifi\u00e9e, des cellules souches embryonnaires et des cellules h\u00e9matopo\u00ef\u00e9tiques humaines sont utilis\u00e9es pour nos travaux. Un autre aspect de nos travaux porte sur la caract\u00e9risation de facteurs favorisant le d\u00e9veloppement de leuc\u00e9mies. Pour ces travaux, nous \u00e9tudions comment certains facteurs influencent les voies de r\u00e9gulation de la prolif\u00e9ration cellulaire ainsi que la\u00a0mort cellulaire.<\/p>\n<\/div>\n<div class=\"one-half  \">\n<h2>Research axis<\/h2>\n<ul>\n<li>Development and tissue differentiation<\/li>\n<li>Immunology and haematopoiesis<\/li>\n<li>Stem cells<\/li>\n<li>Cancer<\/li>\n<\/ul>\n<h2>Research description<\/h2>\n<p>We are investigating mechanisms involved in the epigenetic regulation of gene expression during hematopoiesis. More specifically, we investigate how epigenetic mechanisms and transcription factors influence gene priming\/programming during hematopoiesis. Genetically modified mice, embryonic stem cells and human hematopoietic cells are used for our researches. We also study the function of different hematopoietic factors that are abnormally regulated in leukemia. For this part of the work, we are investigating how some of these factors influence the regulation of cellular proliferation and\/or programmed cell death.<\/p>\n<\/div>\n<hr\/>\n<h3><a href=\"https:\/\/crhmr.ciusss-estmtl.gouv.qc.ca\/en\/researcher\/eric-milot\" target=\"_blank\" rel=\"noopener\">Consultez le site web du chercheur<\/a><\/h3>\n<hr\/>\n","protected":false},"excerpt":{"rendered":"<p>Coordonn\u00e9es Centre de recherche H\u00f4pital Maisonneuve-Rosemont T 514 252-3551 F 514 252-3569 e.milot.1@umontreal.ca Consultez le site web du chercheur<\/p>\n","protected":false},"author":1,"featured_media":0,"parent":3557,"menu_order":0,"comment_status":"closed","ping_status":"open","template":"","meta":{"footnotes":""},"class_list":["post-3673","page","type-page","status-publish","hentry"],"yoast_head":"<!-- This site is optimized with the Yoast SEO plugin v25.0 - https:\/\/yoast.com\/wordpress\/plugins\/seo\/ -->\n<title>Milot, \u00c9ric, Ph.D. - Programmes de biologie mol\u00e9culaire<\/title>\n<meta name=\"robots\" content=\"index, follow, max-snippet:-1, max-image-preview:large, max-video-preview:-1\" \/>\n<link rel=\"canonical\" href=\"https:\/\/biomol.umontreal.ca\/en\/research\/les-professeurs\/milot-eric-ph-d\/\" \/>\n<meta property=\"og:locale\" content=\"en_US\" \/>\n<meta property=\"og:type\" content=\"article\" \/>\n<meta property=\"og:title\" content=\"Milot, \u00c9ric, Ph.D. - Programmes de biologie mol\u00e9culaire\" \/>\n<meta property=\"og:description\" content=\"Coordonn\u00e9es Centre de recherche H\u00f4pital Maisonneuve-Rosemont T 514 252-3551 F 514 252-3569 e.milot.1@umontreal.ca Consultez le site web du chercheur\" \/>\n<meta property=\"og:url\" content=\"https:\/\/biomol.umontreal.ca\/en\/research\/les-professeurs\/milot-eric-ph-d\/\" \/>\n<meta property=\"og:site_name\" content=\"Programmes de biologie mol\u00e9culaire\" \/>\n<meta property=\"article:modified_time\" content=\"2026-02-01T20:39:00+00:00\" \/>\n<meta name=\"twitter:card\" content=\"summary_large_image\" \/>\n<meta name=\"twitter:label1\" content=\"Est. reading time\" \/>\n\t<meta name=\"twitter:data1\" content=\"2 minutes\" \/>\n<script type=\"application\/ld+json\" class=\"yoast-schema-graph\">{\"@context\":\"https:\/\/schema.org\",\"@graph\":[{\"@type\":\"WebPage\",\"@id\":\"https:\/\/biomol.umontreal.ca\/en\/research\/les-professeurs\/milot-eric-ph-d\/\",\"url\":\"https:\/\/biomol.umontreal.ca\/en\/research\/les-professeurs\/milot-eric-ph-d\/\",\"name\":\"Milot, \u00c9ric, Ph.D. - Programmes de biologie mol\u00e9culaire\",\"isPartOf\":{\"@id\":\"https:\/\/biomol.umontreal.ca\/#website\"},\"datePublished\":\"2012-01-23T19:32:51+00:00\",\"dateModified\":\"2026-02-01T20:39:00+00:00\",\"breadcrumb\":{\"@id\":\"https:\/\/biomol.umontreal.ca\/en\/research\/les-professeurs\/milot-eric-ph-d\/#breadcrumb\"},\"inLanguage\":\"en-US\",\"potentialAction\":[{\"@type\":\"ReadAction\",\"target\":[\"https:\/\/biomol.umontreal.ca\/en\/research\/les-professeurs\/milot-eric-ph-d\/\"]}]},{\"@type\":\"BreadcrumbList\",\"@id\":\"https:\/\/biomol.umontreal.ca\/en\/research\/les-professeurs\/milot-eric-ph-d\/#breadcrumb\",\"itemListElement\":[{\"@type\":\"ListItem\",\"position\":1,\"name\":\"Accueil\",\"item\":\"https:\/\/biomol.umontreal.ca\/en\/\"},{\"@type\":\"ListItem\",\"position\":2,\"name\":\"Research\",\"item\":\"https:\/\/biomol.umontreal.ca\/en\/research\/\"},{\"@type\":\"ListItem\",\"position\":3,\"name\":\"Our professors\",\"item\":\"https:\/\/biomol.umontreal.ca\/en\/research\/les-professeurs\/\"},{\"@type\":\"ListItem\",\"position\":4,\"name\":\"Milot, \u00c9ric, Ph.D.\"}]},{\"@type\":\"WebSite\",\"@id\":\"https:\/\/biomol.umontreal.ca\/#website\",\"url\":\"https:\/\/biomol.umontreal.ca\/\",\"name\":\"Programmes de biologie mol\u00e9culaire\",\"description\":\"\",\"potentialAction\":[{\"@type\":\"SearchAction\",\"target\":{\"@type\":\"EntryPoint\",\"urlTemplate\":\"https:\/\/biomol.umontreal.ca\/?s={search_term_string}\"},\"query-input\":{\"@type\":\"PropertyValueSpecification\",\"valueRequired\":true,\"valueName\":\"search_term_string\"}}],\"inLanguage\":\"en-US\"}]}<\/script>\n<!-- \/ Yoast SEO plugin. -->","yoast_head_json":{"title":"Milot, \u00c9ric, Ph.D. - Programmes de biologie mol\u00e9culaire","robots":{"index":"index","follow":"follow","max-snippet":"max-snippet:-1","max-image-preview":"max-image-preview:large","max-video-preview":"max-video-preview:-1"},"canonical":"https:\/\/biomol.umontreal.ca\/en\/research\/les-professeurs\/milot-eric-ph-d\/","og_locale":"en_US","og_type":"article","og_title":"Milot, \u00c9ric, Ph.D. - Programmes de biologie mol\u00e9culaire","og_description":"Coordonn\u00e9es Centre de recherche H\u00f4pital Maisonneuve-Rosemont T 514 252-3551 F 514 252-3569 e.milot.1@umontreal.ca Consultez le site web du chercheur","og_url":"https:\/\/biomol.umontreal.ca\/en\/research\/les-professeurs\/milot-eric-ph-d\/","og_site_name":"Programmes de biologie mol\u00e9culaire","article_modified_time":"2026-02-01T20:39:00+00:00","twitter_card":"summary_large_image","twitter_misc":{"Est. reading time":"2 minutes"},"schema":{"@context":"https:\/\/schema.org","@graph":[{"@type":"WebPage","@id":"https:\/\/biomol.umontreal.ca\/en\/research\/les-professeurs\/milot-eric-ph-d\/","url":"https:\/\/biomol.umontreal.ca\/en\/research\/les-professeurs\/milot-eric-ph-d\/","name":"Milot, \u00c9ric, Ph.D. - Programmes de biologie mol\u00e9culaire","isPartOf":{"@id":"https:\/\/biomol.umontreal.ca\/#website"},"datePublished":"2012-01-23T19:32:51+00:00","dateModified":"2026-02-01T20:39:00+00:00","breadcrumb":{"@id":"https:\/\/biomol.umontreal.ca\/en\/research\/les-professeurs\/milot-eric-ph-d\/#breadcrumb"},"inLanguage":"en-US","potentialAction":[{"@type":"ReadAction","target":["https:\/\/biomol.umontreal.ca\/en\/research\/les-professeurs\/milot-eric-ph-d\/"]}]},{"@type":"BreadcrumbList","@id":"https:\/\/biomol.umontreal.ca\/en\/research\/les-professeurs\/milot-eric-ph-d\/#breadcrumb","itemListElement":[{"@type":"ListItem","position":1,"name":"Accueil","item":"https:\/\/biomol.umontreal.ca\/en\/"},{"@type":"ListItem","position":2,"name":"Research","item":"https:\/\/biomol.umontreal.ca\/en\/research\/"},{"@type":"ListItem","position":3,"name":"Our professors","item":"https:\/\/biomol.umontreal.ca\/en\/research\/les-professeurs\/"},{"@type":"ListItem","position":4,"name":"Milot, \u00c9ric, Ph.D."}]},{"@type":"WebSite","@id":"https:\/\/biomol.umontreal.ca\/#website","url":"https:\/\/biomol.umontreal.ca\/","name":"Programmes de biologie mol\u00e9culaire","description":"","potentialAction":[{"@type":"SearchAction","target":{"@type":"EntryPoint","urlTemplate":"https:\/\/biomol.umontreal.ca\/?s={search_term_string}"},"query-input":{"@type":"PropertyValueSpecification","valueRequired":true,"valueName":"search_term_string"}}],"inLanguage":"en-US"}]}},"_links":{"self":[{"href":"https:\/\/biomol.umontreal.ca\/en\/wp-json\/wp\/v2\/pages\/3673","targetHints":{"allow":["GET"]}}],"collection":[{"href":"https:\/\/biomol.umontreal.ca\/en\/wp-json\/wp\/v2\/pages"}],"about":[{"href":"https:\/\/biomol.umontreal.ca\/en\/wp-json\/wp\/v2\/types\/page"}],"author":[{"embeddable":true,"href":"https:\/\/biomol.umontreal.ca\/en\/wp-json\/wp\/v2\/users\/1"}],"replies":[{"embeddable":true,"href":"https:\/\/biomol.umontreal.ca\/en\/wp-json\/wp\/v2\/comments?post=3673"}],"version-history":[{"count":8,"href":"https:\/\/biomol.umontreal.ca\/en\/wp-json\/wp\/v2\/pages\/3673\/revisions"}],"predecessor-version":[{"id":6826,"href":"https:\/\/biomol.umontreal.ca\/en\/wp-json\/wp\/v2\/pages\/3673\/revisions\/6826"}],"up":[{"embeddable":true,"href":"https:\/\/biomol.umontreal.ca\/en\/wp-json\/wp\/v2\/pages\/3557"}],"wp:attachment":[{"href":"https:\/\/biomol.umontreal.ca\/en\/wp-json\/wp\/v2\/media?parent=3673"}],"curies":[{"name":"wp","href":"https:\/\/api.w.org\/{rel}","templated":true}]}}