{"id":3650,"date":"2012-02-02T14:21:17","date_gmt":"2012-02-02T19:21:17","guid":{"rendered":"https:\/\/biomol.umontreal.ca\/research\/professors\/mader-sylvie-ph-d\/"},"modified":"2013-08-16T16:01:44","modified_gmt":"2013-08-16T20:01:44","slug":"mader-sylvie-ph-d","status":"publish","type":"page","link":"https:\/\/biomol.umontreal.ca\/en\/research\/les-professeurs\/mader-sylvie-ph-d\/","title":{"rendered":"Mader, Sylvie, Ph.D."},"content":{"rendered":"<p>Chercheure principale<\/p>\n<h3>Coordonn\u00e9es<\/h3>\n<p>IRIC<\/p>\n<p><strong>T<\/strong> 514 343-7166<br \/>\n<strong>F<\/strong> 514 343-6843<br \/>\n<a href=\"mailto:sylvie.mader@umontreal.ca\">sylvie.mader@umontreal.ca<\/a><\/p>\n<hr\/>\n<div class=\"one-half first \">\n<h2>Description de la recherche<\/h2>\n<p>Notre \u00e9quipe exploite des approches de g\u00e9nomique, prot\u00e9omique et bio-informatique pour identifier les voies de signalisation impliqu\u00e9es dans la tumorig\u00e9n\u00e8se de la glande mammaire gr\u00e2ce \u00e0 des mod\u00e8les de cellules en culture et de formation de tumeurs <em>in vivo<\/em>. Nous utilisons \u00e9galement des approches de mod\u00e9lisation mol\u00e9culaire et d\u2019\u00e9tudes structurales pour concevoir de nouveaux m\u00e9dicaments dirig\u00e9s contre des cibles mol\u00e9culaires sp\u00e9cifiques. L\u2019activit\u00e9 de nouvelles mol\u00e9cules synth\u00e9tis\u00e9es par chimie m\u00e9dicinale en fonction des r\u00e9sultats de ces recherches peut ainsi \u00eatre test\u00e9e dans les mod\u00e8les exp\u00e9rimentaux utilis\u00e9s au laboratoire, qui incluent l\u2019isolation de cellules souches du cancer du sein. Des collaborations avec des chercheurs cliniciens, dont en particulier le Groupe de recherche en cancer du sein (GRCS) du Centre de recherche du CHUM (CRCHUM), nous permettent ultimement de tester les r\u00e9sultats de notre recherche fondamentale dans le cadre clinique de mani\u00e8re r\u00e9troactive ou prospective.<\/p>\n<\/div>\n<div class=\"one-half  \">\n<p>Nous \u00e9tudions en particulier les voies de signalisation des r\u00e9cepteurs nucl\u00e9aires, des facteurs de transcription ligand-d\u00e9pendants qui sont des cibles id\u00e9ales pour le d\u00e9veloppement de m\u00e9dicaments. La dissection des m\u00e9canismes d\u2019action des r\u00e9cepteurs de oestrog\u00e8nes et de l\u2019acide r\u00e9tino\u00efque a permis de mieux comprendre les m\u00e9canismes de r\u00e9gulation de la structure de la chromatine et de la transcription par les ligands de ces r\u00e9cepteurs et de caract\u00e9riser les r\u00e9seaux de g\u00e8nes qu\u2019ils r\u00e9gulent ainsi que leurs r\u00f4les dans le contr\u00f4le de la diff\u00e9renciation et de la prolif\u00e9ration des cellules mammaires. Nos \u00e9tudes nous ont aussi permis de mieux comprendre les m\u00e9canismes d&#8217;action des compos\u00e9s utilis\u00e9s dans la th\u00e9rapie hormonale du cancer du sein, d\u2019identifier des marqueurs d\u2019efficacit\u00e9 de ces traitements et de concevoir de nouveaux compos\u00e9s th\u00e9rapeutiques plus performants dans des mod\u00e8les pr\u00e9-cliniques.<\/p>\n<\/div>\n<p>&nbsp;<\/p>\n","protected":false},"excerpt":{"rendered":"<p>Chercheure principale Coordonn\u00e9es IRIC T 514 343-7166 F 514 343-6843 sylvie.mader@umontreal.ca &nbsp;<\/p>\n","protected":false},"author":1,"featured_media":0,"parent":3557,"menu_order":0,"comment_status":"closed","ping_status":"open","template":"","meta":{"footnotes":""},"class_list":["post-3650","page","type-page","status-publish","hentry"],"yoast_head":"<!-- This site is optimized with the Yoast SEO plugin v25.0 - https:\/\/yoast.com\/wordpress\/plugins\/seo\/ -->\n<title>Mader, Sylvie, Ph.D. - Programmes de biologie mol\u00e9culaire<\/title>\n<meta name=\"robots\" content=\"index, follow, max-snippet:-1, max-image-preview:large, max-video-preview:-1\" \/>\n<link rel=\"canonical\" href=\"https:\/\/biomol.umontreal.ca\/en\/research\/les-professeurs\/mader-sylvie-ph-d\/\" \/>\n<meta property=\"og:locale\" content=\"en_US\" \/>\n<meta property=\"og:type\" content=\"article\" \/>\n<meta property=\"og:title\" content=\"Mader, Sylvie, Ph.D. - Programmes de biologie mol\u00e9culaire\" \/>\n<meta property=\"og:description\" content=\"Chercheure principale Coordonn\u00e9es IRIC T 514 343-7166 F 514 343-6843 sylvie.mader@umontreal.ca &nbsp;\" \/>\n<meta property=\"og:url\" content=\"https:\/\/biomol.umontreal.ca\/en\/research\/les-professeurs\/mader-sylvie-ph-d\/\" \/>\n<meta property=\"og:site_name\" content=\"Programmes de biologie mol\u00e9culaire\" \/>\n<meta property=\"article:modified_time\" content=\"2013-08-16T20:01:44+00:00\" \/>\n<meta name=\"twitter:card\" content=\"summary_large_image\" \/>\n<meta name=\"twitter:label1\" content=\"Est. reading time\" \/>\n\t<meta name=\"twitter:data1\" content=\"2 minutes\" \/>\n<script type=\"application\/ld+json\" class=\"yoast-schema-graph\">{\"@context\":\"https:\/\/schema.org\",\"@graph\":[{\"@type\":\"WebPage\",\"@id\":\"https:\/\/biomol.umontreal.ca\/en\/research\/les-professeurs\/mader-sylvie-ph-d\/\",\"url\":\"https:\/\/biomol.umontreal.ca\/en\/research\/les-professeurs\/mader-sylvie-ph-d\/\",\"name\":\"Mader, Sylvie, Ph.D. - Programmes de biologie mol\u00e9culaire\",\"isPartOf\":{\"@id\":\"https:\/\/biomol.umontreal.ca\/#website\"},\"datePublished\":\"2012-02-02T19:21:17+00:00\",\"dateModified\":\"2013-08-16T20:01:44+00:00\",\"breadcrumb\":{\"@id\":\"https:\/\/biomol.umontreal.ca\/en\/research\/les-professeurs\/mader-sylvie-ph-d\/#breadcrumb\"},\"inLanguage\":\"en-US\",\"potentialAction\":[{\"@type\":\"ReadAction\",\"target\":[\"https:\/\/biomol.umontreal.ca\/en\/research\/les-professeurs\/mader-sylvie-ph-d\/\"]}]},{\"@type\":\"BreadcrumbList\",\"@id\":\"https:\/\/biomol.umontreal.ca\/en\/research\/les-professeurs\/mader-sylvie-ph-d\/#breadcrumb\",\"itemListElement\":[{\"@type\":\"ListItem\",\"position\":1,\"name\":\"Accueil\",\"item\":\"https:\/\/biomol.umontreal.ca\/en\/\"},{\"@type\":\"ListItem\",\"position\":2,\"name\":\"Research\",\"item\":\"https:\/\/biomol.umontreal.ca\/en\/research\/\"},{\"@type\":\"ListItem\",\"position\":3,\"name\":\"Our professors\",\"item\":\"https:\/\/biomol.umontreal.ca\/en\/research\/les-professeurs\/\"},{\"@type\":\"ListItem\",\"position\":4,\"name\":\"Mader, Sylvie, Ph.D.\"}]},{\"@type\":\"WebSite\",\"@id\":\"https:\/\/biomol.umontreal.ca\/#website\",\"url\":\"https:\/\/biomol.umontreal.ca\/\",\"name\":\"Programmes de biologie mol\u00e9culaire\",\"description\":\"\",\"potentialAction\":[{\"@type\":\"SearchAction\",\"target\":{\"@type\":\"EntryPoint\",\"urlTemplate\":\"https:\/\/biomol.umontreal.ca\/?s={search_term_string}\"},\"query-input\":{\"@type\":\"PropertyValueSpecification\",\"valueRequired\":true,\"valueName\":\"search_term_string\"}}],\"inLanguage\":\"en-US\"}]}<\/script>\n<!-- \/ Yoast SEO plugin. -->","yoast_head_json":{"title":"Mader, Sylvie, Ph.D. - Programmes de biologie mol\u00e9culaire","robots":{"index":"index","follow":"follow","max-snippet":"max-snippet:-1","max-image-preview":"max-image-preview:large","max-video-preview":"max-video-preview:-1"},"canonical":"https:\/\/biomol.umontreal.ca\/en\/research\/les-professeurs\/mader-sylvie-ph-d\/","og_locale":"en_US","og_type":"article","og_title":"Mader, Sylvie, Ph.D. - Programmes de biologie mol\u00e9culaire","og_description":"Chercheure principale Coordonn\u00e9es IRIC T 514 343-7166 F 514 343-6843 sylvie.mader@umontreal.ca &nbsp;","og_url":"https:\/\/biomol.umontreal.ca\/en\/research\/les-professeurs\/mader-sylvie-ph-d\/","og_site_name":"Programmes de biologie mol\u00e9culaire","article_modified_time":"2013-08-16T20:01:44+00:00","twitter_card":"summary_large_image","twitter_misc":{"Est. reading time":"2 minutes"},"schema":{"@context":"https:\/\/schema.org","@graph":[{"@type":"WebPage","@id":"https:\/\/biomol.umontreal.ca\/en\/research\/les-professeurs\/mader-sylvie-ph-d\/","url":"https:\/\/biomol.umontreal.ca\/en\/research\/les-professeurs\/mader-sylvie-ph-d\/","name":"Mader, Sylvie, Ph.D. - Programmes de biologie mol\u00e9culaire","isPartOf":{"@id":"https:\/\/biomol.umontreal.ca\/#website"},"datePublished":"2012-02-02T19:21:17+00:00","dateModified":"2013-08-16T20:01:44+00:00","breadcrumb":{"@id":"https:\/\/biomol.umontreal.ca\/en\/research\/les-professeurs\/mader-sylvie-ph-d\/#breadcrumb"},"inLanguage":"en-US","potentialAction":[{"@type":"ReadAction","target":["https:\/\/biomol.umontreal.ca\/en\/research\/les-professeurs\/mader-sylvie-ph-d\/"]}]},{"@type":"BreadcrumbList","@id":"https:\/\/biomol.umontreal.ca\/en\/research\/les-professeurs\/mader-sylvie-ph-d\/#breadcrumb","itemListElement":[{"@type":"ListItem","position":1,"name":"Accueil","item":"https:\/\/biomol.umontreal.ca\/en\/"},{"@type":"ListItem","position":2,"name":"Research","item":"https:\/\/biomol.umontreal.ca\/en\/research\/"},{"@type":"ListItem","position":3,"name":"Our professors","item":"https:\/\/biomol.umontreal.ca\/en\/research\/les-professeurs\/"},{"@type":"ListItem","position":4,"name":"Mader, Sylvie, Ph.D."}]},{"@type":"WebSite","@id":"https:\/\/biomol.umontreal.ca\/#website","url":"https:\/\/biomol.umontreal.ca\/","name":"Programmes de biologie mol\u00e9culaire","description":"","potentialAction":[{"@type":"SearchAction","target":{"@type":"EntryPoint","urlTemplate":"https:\/\/biomol.umontreal.ca\/?s={search_term_string}"},"query-input":{"@type":"PropertyValueSpecification","valueRequired":true,"valueName":"search_term_string"}}],"inLanguage":"en-US"}]}},"_links":{"self":[{"href":"https:\/\/biomol.umontreal.ca\/en\/wp-json\/wp\/v2\/pages\/3650","targetHints":{"allow":["GET"]}}],"collection":[{"href":"https:\/\/biomol.umontreal.ca\/en\/wp-json\/wp\/v2\/pages"}],"about":[{"href":"https:\/\/biomol.umontreal.ca\/en\/wp-json\/wp\/v2\/types\/page"}],"author":[{"embeddable":true,"href":"https:\/\/biomol.umontreal.ca\/en\/wp-json\/wp\/v2\/users\/1"}],"replies":[{"embeddable":true,"href":"https:\/\/biomol.umontreal.ca\/en\/wp-json\/wp\/v2\/comments?post=3650"}],"version-history":[{"count":1,"href":"https:\/\/biomol.umontreal.ca\/en\/wp-json\/wp\/v2\/pages\/3650\/revisions"}],"predecessor-version":[{"id":3653,"href":"https:\/\/biomol.umontreal.ca\/en\/wp-json\/wp\/v2\/pages\/3650\/revisions\/3653"}],"up":[{"embeddable":true,"href":"https:\/\/biomol.umontreal.ca\/en\/wp-json\/wp\/v2\/pages\/3557"}],"wp:attachment":[{"href":"https:\/\/biomol.umontreal.ca\/en\/wp-json\/wp\/v2\/media?parent=3650"}],"curies":[{"name":"wp","href":"https:\/\/api.w.org\/{rel}","templated":true}]}}