{"id":3642,"date":"2012-01-23T12:07:32","date_gmt":"2012-01-23T17:07:32","guid":{"rendered":"https:\/\/biomol.umontreal.ca\/research\/professors\/labuda-damian-ph-d\/"},"modified":"2013-08-16T16:00:03","modified_gmt":"2013-08-16T20:00:03","slug":"labuda-damian-ph-d","status":"publish","type":"page","link":"https:\/\/biomol.umontreal.ca\/en\/research\/les-professeurs\/labuda-damian-ph-d\/","title":{"rendered":"Labuda, Damian, Ph.D."},"content":{"rendered":"<h3>Coordonn\u00e9es<\/h3>\n<p>Centre de recherche, CHU Sainte-Justine<br \/>\n<strong>T<\/strong> 514 345-4931 #3586<br \/>\n345-4931 #3282 (sec.)<br \/>\n<strong>F<\/strong> 514 345-4731<br \/>\n<a href=\"mailto:labuda@ere.umontreal.ca\">damian.labuda@umontreal.ca<\/a><br \/>\n<hr\/><\/p>\n<div class=\"one-half first \">\n<h2>Axes de recherche<\/h2>\n<ul>\n<li>G\u00e9nomique<\/li>\n<li>Bioinformatique<\/li>\n<li>G\u00e9n\u00e9tique humaine et maladies g\u00e9n\u00e9tiques<\/li>\n<\/ul>\n<h2>Description de la recherche<\/h2>\n<ul>\n<li>G\u00e9n\u00e9tique des populations et g\u00e9n\u00e9tique \u00e9volutionnaire<\/li>\n<li>L&#8217;\u00e9volution et la diversit\u00e9 du g\u00e9nome humain &#8211; l&#8217;origine et l&#8217;histoire g\u00e9n\u00e9tique des populations humaines<\/li>\n<li>Analyse exp\u00e9rimentale et statistique &#8211; \u00a0approches formelles en g\u00e9n\u00e9tique des populations et en \u00e9volution g\u00e9nomique &#8211; la bioinformatique.<\/li>\n<\/ul>\n<\/div>\n<div class=\"one-half  \">\n<h2>Research axis<\/h2>\n<ul>\n<li>Genomic<\/li>\n<li>Bioinformatics<\/li>\n<li>Human genetics and genetic diseases<\/li>\n<\/ul>\n<h2>Research description<\/h2>\n<ul>\n<li>Evolutionary and population genetics<\/li>\n<li>Evolution and variability of the human genome &#8211; origins and genetic history of human populations<\/li>\n<li>Experimental and statistical analysis &#8211; formal approaches in population genetics and in evolutionary genomics \u2013 bioinformatics<\/li>\n<\/ul>\n<\/div>\n<hr\/>\n<h3>Publications<\/h3>\n<ul>\n<li>Moreau C, Bherer C, V\u00e9zina H, Jomphe M, Labuda D, Excoffier L (2011) Deep human genealogies reveal a selective advantage to be on an expanding wave front. Science\u00a0 334 (6059):1148-50. Epub 2011 Nov 3.<\/li>\n<li>Yotova V, Lefebvre J F, Moreau C, Gbeha E, Hovhannesyan K, Bourgeois S, B\u00e9darida S,\u00a0 Azevedo L, Amorim A, Sarkisian T, Avogbe P, Chabi N, Dicko M H, Kou E S, Amouzou S, Sanni A, Roberts-Thomson J, Boettcher B, Scott RJ, Labuda D (2011) Modern Humans Encounter with Neandertals at the Gate of their out of-Africa Migration. Mol Biol Evol 2011 28(7):1957-62<\/li>\n<li>Labuda D, Lefebvre JF, Nadeau P and Roy-Gagnon M-H (2009) Female to male breeding ratio in modern humans. Am J Hum Genet. 2010 86(3):353-63 and 86(6): 982<\/li>\n<li>Zietkiewicz E, Yotova V, Gehl D, Wambach T, Arrieta I, Batzer M, Cole DEC, Hechtman P, Kaplan F, Modiano D, Moisan J-P, Michalski R and Labuda D (2003) Haplotypes in the dystrophin DNA segment point to a mosaic origin of modern humans\u2019 diversity. Am J Hum Genet. 73:994-1015<\/li>\n<li>Gilbert N and Labuda D (1999) CORE-SINEs: Eukaryotic short interspersed retroposing elements with common sequence motif. Proc Natl Acad Sci USA 96:2869-2874.<\/li>\n<\/ul>\n","protected":false},"excerpt":{"rendered":"<p>Coordonn\u00e9es Centre de recherche, CHU Sainte-Justine T 514 345-4931 #3586 345-4931 #3282 (sec.) F 514 345-4731 damian.labuda@umontreal.ca Publications Moreau C, Bherer C, V\u00e9zina H, Jomphe M, Labuda D, Excoffier L [&hellip;]<\/p>\n","protected":false},"author":1,"featured_media":0,"parent":3557,"menu_order":0,"comment_status":"closed","ping_status":"open","template":"","meta":{"footnotes":""},"class_list":["post-3642","page","type-page","status-publish","hentry"],"yoast_head":"<!-- This site is optimized with the Yoast SEO plugin v25.0 - https:\/\/yoast.com\/wordpress\/plugins\/seo\/ -->\n<title>Labuda, Damian, Ph.D. - Programmes de biologie mol\u00e9culaire<\/title>\n<meta name=\"robots\" content=\"index, follow, max-snippet:-1, max-image-preview:large, max-video-preview:-1\" \/>\n<link rel=\"canonical\" href=\"https:\/\/biomol.umontreal.ca\/en\/research\/les-professeurs\/labuda-damian-ph-d\/\" \/>\n<meta property=\"og:locale\" content=\"en_US\" \/>\n<meta property=\"og:type\" content=\"article\" \/>\n<meta property=\"og:title\" content=\"Labuda, Damian, Ph.D. - Programmes de biologie mol\u00e9culaire\" \/>\n<meta property=\"og:description\" content=\"Coordonn\u00e9es Centre de recherche, CHU Sainte-Justine T 514 345-4931 #3586 345-4931 #3282 (sec.) F 514 345-4731 damian.labuda@umontreal.ca Publications Moreau C, Bherer C, V\u00e9zina H, Jomphe M, Labuda D, Excoffier L [&hellip;]\" \/>\n<meta property=\"og:url\" content=\"https:\/\/biomol.umontreal.ca\/en\/research\/les-professeurs\/labuda-damian-ph-d\/\" \/>\n<meta property=\"og:site_name\" content=\"Programmes de biologie mol\u00e9culaire\" \/>\n<meta property=\"article:modified_time\" content=\"2013-08-16T20:00:03+00:00\" \/>\n<meta name=\"twitter:card\" content=\"summary_large_image\" \/>\n<meta name=\"twitter:label1\" content=\"Est. reading time\" \/>\n\t<meta name=\"twitter:data1\" content=\"2 minutes\" \/>\n<script type=\"application\/ld+json\" class=\"yoast-schema-graph\">{\"@context\":\"https:\/\/schema.org\",\"@graph\":[{\"@type\":\"WebPage\",\"@id\":\"https:\/\/biomol.umontreal.ca\/en\/research\/les-professeurs\/labuda-damian-ph-d\/\",\"url\":\"https:\/\/biomol.umontreal.ca\/en\/research\/les-professeurs\/labuda-damian-ph-d\/\",\"name\":\"Labuda, Damian, Ph.D. - Programmes de biologie mol\u00e9culaire\",\"isPartOf\":{\"@id\":\"https:\/\/biomol.umontreal.ca\/#website\"},\"datePublished\":\"2012-01-23T17:07:32+00:00\",\"dateModified\":\"2013-08-16T20:00:03+00:00\",\"breadcrumb\":{\"@id\":\"https:\/\/biomol.umontreal.ca\/en\/research\/les-professeurs\/labuda-damian-ph-d\/#breadcrumb\"},\"inLanguage\":\"en-US\",\"potentialAction\":[{\"@type\":\"ReadAction\",\"target\":[\"https:\/\/biomol.umontreal.ca\/en\/research\/les-professeurs\/labuda-damian-ph-d\/\"]}]},{\"@type\":\"BreadcrumbList\",\"@id\":\"https:\/\/biomol.umontreal.ca\/en\/research\/les-professeurs\/labuda-damian-ph-d\/#breadcrumb\",\"itemListElement\":[{\"@type\":\"ListItem\",\"position\":1,\"name\":\"Accueil\",\"item\":\"https:\/\/biomol.umontreal.ca\/en\/\"},{\"@type\":\"ListItem\",\"position\":2,\"name\":\"Research\",\"item\":\"https:\/\/biomol.umontreal.ca\/en\/research\/\"},{\"@type\":\"ListItem\",\"position\":3,\"name\":\"Our professors\",\"item\":\"https:\/\/biomol.umontreal.ca\/en\/research\/les-professeurs\/\"},{\"@type\":\"ListItem\",\"position\":4,\"name\":\"Labuda, Damian, Ph.D.\"}]},{\"@type\":\"WebSite\",\"@id\":\"https:\/\/biomol.umontreal.ca\/#website\",\"url\":\"https:\/\/biomol.umontreal.ca\/\",\"name\":\"Programmes de biologie mol\u00e9culaire\",\"description\":\"\",\"potentialAction\":[{\"@type\":\"SearchAction\",\"target\":{\"@type\":\"EntryPoint\",\"urlTemplate\":\"https:\/\/biomol.umontreal.ca\/?s={search_term_string}\"},\"query-input\":{\"@type\":\"PropertyValueSpecification\",\"valueRequired\":true,\"valueName\":\"search_term_string\"}}],\"inLanguage\":\"en-US\"}]}<\/script>\n<!-- \/ Yoast SEO plugin. -->","yoast_head_json":{"title":"Labuda, Damian, Ph.D. - Programmes de biologie mol\u00e9culaire","robots":{"index":"index","follow":"follow","max-snippet":"max-snippet:-1","max-image-preview":"max-image-preview:large","max-video-preview":"max-video-preview:-1"},"canonical":"https:\/\/biomol.umontreal.ca\/en\/research\/les-professeurs\/labuda-damian-ph-d\/","og_locale":"en_US","og_type":"article","og_title":"Labuda, Damian, Ph.D. - Programmes de biologie mol\u00e9culaire","og_description":"Coordonn\u00e9es Centre de recherche, CHU Sainte-Justine T 514 345-4931 #3586 345-4931 #3282 (sec.) F 514 345-4731 damian.labuda@umontreal.ca Publications Moreau C, Bherer C, V\u00e9zina H, Jomphe M, Labuda D, Excoffier L [&hellip;]","og_url":"https:\/\/biomol.umontreal.ca\/en\/research\/les-professeurs\/labuda-damian-ph-d\/","og_site_name":"Programmes de biologie mol\u00e9culaire","article_modified_time":"2013-08-16T20:00:03+00:00","twitter_card":"summary_large_image","twitter_misc":{"Est. reading time":"2 minutes"},"schema":{"@context":"https:\/\/schema.org","@graph":[{"@type":"WebPage","@id":"https:\/\/biomol.umontreal.ca\/en\/research\/les-professeurs\/labuda-damian-ph-d\/","url":"https:\/\/biomol.umontreal.ca\/en\/research\/les-professeurs\/labuda-damian-ph-d\/","name":"Labuda, Damian, Ph.D. - Programmes de biologie mol\u00e9culaire","isPartOf":{"@id":"https:\/\/biomol.umontreal.ca\/#website"},"datePublished":"2012-01-23T17:07:32+00:00","dateModified":"2013-08-16T20:00:03+00:00","breadcrumb":{"@id":"https:\/\/biomol.umontreal.ca\/en\/research\/les-professeurs\/labuda-damian-ph-d\/#breadcrumb"},"inLanguage":"en-US","potentialAction":[{"@type":"ReadAction","target":["https:\/\/biomol.umontreal.ca\/en\/research\/les-professeurs\/labuda-damian-ph-d\/"]}]},{"@type":"BreadcrumbList","@id":"https:\/\/biomol.umontreal.ca\/en\/research\/les-professeurs\/labuda-damian-ph-d\/#breadcrumb","itemListElement":[{"@type":"ListItem","position":1,"name":"Accueil","item":"https:\/\/biomol.umontreal.ca\/en\/"},{"@type":"ListItem","position":2,"name":"Research","item":"https:\/\/biomol.umontreal.ca\/en\/research\/"},{"@type":"ListItem","position":3,"name":"Our professors","item":"https:\/\/biomol.umontreal.ca\/en\/research\/les-professeurs\/"},{"@type":"ListItem","position":4,"name":"Labuda, Damian, Ph.D."}]},{"@type":"WebSite","@id":"https:\/\/biomol.umontreal.ca\/#website","url":"https:\/\/biomol.umontreal.ca\/","name":"Programmes de biologie mol\u00e9culaire","description":"","potentialAction":[{"@type":"SearchAction","target":{"@type":"EntryPoint","urlTemplate":"https:\/\/biomol.umontreal.ca\/?s={search_term_string}"},"query-input":{"@type":"PropertyValueSpecification","valueRequired":true,"valueName":"search_term_string"}}],"inLanguage":"en-US"}]}},"_links":{"self":[{"href":"https:\/\/biomol.umontreal.ca\/en\/wp-json\/wp\/v2\/pages\/3642","targetHints":{"allow":["GET"]}}],"collection":[{"href":"https:\/\/biomol.umontreal.ca\/en\/wp-json\/wp\/v2\/pages"}],"about":[{"href":"https:\/\/biomol.umontreal.ca\/en\/wp-json\/wp\/v2\/types\/page"}],"author":[{"embeddable":true,"href":"https:\/\/biomol.umontreal.ca\/en\/wp-json\/wp\/v2\/users\/1"}],"replies":[{"embeddable":true,"href":"https:\/\/biomol.umontreal.ca\/en\/wp-json\/wp\/v2\/comments?post=3642"}],"version-history":[{"count":1,"href":"https:\/\/biomol.umontreal.ca\/en\/wp-json\/wp\/v2\/pages\/3642\/revisions"}],"predecessor-version":[{"id":3645,"href":"https:\/\/biomol.umontreal.ca\/en\/wp-json\/wp\/v2\/pages\/3642\/revisions\/3645"}],"up":[{"embeddable":true,"href":"https:\/\/biomol.umontreal.ca\/en\/wp-json\/wp\/v2\/pages\/3557"}],"wp:attachment":[{"href":"https:\/\/biomol.umontreal.ca\/en\/wp-json\/wp\/v2\/media?parent=3642"}],"curies":[{"name":"wp","href":"https:\/\/api.w.org\/{rel}","templated":true}]}}