{"id":3639,"date":"2012-01-23T11:32:19","date_gmt":"2012-01-23T16:32:19","guid":{"rendered":"https:\/\/biomol.umontreal.ca\/research\/professors\/labbe-jean-claude-ph-d\/"},"modified":"2026-02-01T14:33:48","modified_gmt":"2026-02-01T19:33:48","slug":"labbe-jean-claude-ph-d","status":"publish","type":"page","link":"https:\/\/biomol.umontreal.ca\/en\/research\/les-professeurs\/labbe-jean-claude-ph-d\/","title":{"rendered":"Labb\u00e9, Jean-Claude, Ph.D."},"content":{"rendered":"<h3>Coordonn\u00e9es<\/h3>\n<p>IRIC &#8211; Universit\u00e9 de Montr\u00e9al<br \/>\n<strong>T<\/strong> 514 343-7893<br \/>\n<strong>F<\/strong> 514 343-6843<br \/>\n<a href=\"mailto:jc.labbe@umontreal.ca\">jc.labbe@umontreal.ca<\/a><br \/>\n<hr\/><\/p>\n<div class=\"one-half first \">\n<h2>Axes de recherche<\/h2>\n<ul>\n<li>Signalisation intracellulaire<\/li>\n<li>Mitose<\/li>\n<li>Cellules souches<\/li>\n<li>Syst\u00e8mes mod\u00e8les en biologie mol\u00e9culaire<\/li>\n<\/ul>\n<h2>Description de la recherche<\/h2>\n<p><strong>Division et diff\u00e9renciation cellulaire.<\/strong> Notre \u00e9quipe de recherche utilise l&#8217;embryon du n\u00e9matode <em>Caenorhabditis elegans<\/em> comme mod\u00e8le pour comprendre comment les ph\u00e9nom\u00e8nes de polarisation cellulaire peuvent conduire \u00e0 la division cellulaire asym\u00e9trique et \u00e0 la sp\u00e9cification de la diversit\u00e9 cellulaire. <em>C. elegans<\/em> est un mod\u00e8le id\u00e9al pour \u00e9tudier ces probl\u00e8mes en raison des nombreux outils mol\u00e9culaires et g\u00e9n\u00e9tiques disponibles. \u00c9tant donn\u00e9 que la perte de polarit\u00e9 cellulaire peut mener au d\u00e9veloppement de m\u00e9tastases dans certaines conditions, ce travail permettra de mieux comprendre les voies de signalisation mol\u00e9culaires impliqu\u00e9es dans ce processus. De plus, la polarit\u00e9 cellulaire \u00e9tant cruciale pour la division de plusieurs types de cellules souches, ce travail procurera de nouvelles informations sur les m\u00e9canismes de renouvellement et de r\u00e9g\u00e9n\u00e9ration\u00a0cellulaires.<\/p>\n<\/div>\n<div class=\"one-half  \">\n<h2>Research axis<\/h2>\n<ul>\n<li>Intracellular signaling<\/li>\n<li>Mitosis<\/li>\n<li>Stem cells<\/li>\n<li>Model systems in molecular biology<\/li>\n<\/ul>\n<h2>Research description<\/h2>\n<p><strong>Cell Division and differentiation.<\/strong> Our research team uses the <em>Caenorhabditis elegans<\/em> 1-cell embryo as a model to understand how establishment of polarity can lead to asymmetric cell division and specification of cell fates. <em>C. elegans<\/em> is an ideal model to study these problems because of the numerous molecular and genetic tools available. Since loss of cell polarity can lead to metastasis in certain conditions, this work will allow a better understanding of the molecular pathways that prevent metastasis. Likewise, because polarity establishment and maintenance is crucial for stem cell division, this will provide new information on the processes of stem cell renewal and\u00a0regeneration.<\/div>\n<hr\/>\n","protected":false},"excerpt":{"rendered":"<p>Coordonn\u00e9es IRIC &#8211; Universit\u00e9 de Montr\u00e9al T 514 343-7893 F 514 343-6843 jc.labbe@umontreal.ca<\/p>\n","protected":false},"author":1,"featured_media":0,"parent":3557,"menu_order":0,"comment_status":"closed","ping_status":"open","template":"","meta":{"footnotes":""},"class_list":["post-3639","page","type-page","status-publish","hentry"],"yoast_head":"<!-- This site is optimized with the Yoast SEO plugin v25.0 - https:\/\/yoast.com\/wordpress\/plugins\/seo\/ -->\n<title>Labb\u00e9, Jean-Claude, Ph.D. - Programmes de biologie mol\u00e9culaire<\/title>\n<meta name=\"robots\" content=\"index, follow, max-snippet:-1, max-image-preview:large, max-video-preview:-1\" \/>\n<link rel=\"canonical\" href=\"https:\/\/biomol.umontreal.ca\/en\/research\/les-professeurs\/labbe-jean-claude-ph-d\/\" \/>\n<meta property=\"og:locale\" content=\"en_US\" \/>\n<meta property=\"og:type\" content=\"article\" \/>\n<meta property=\"og:title\" content=\"Labb\u00e9, Jean-Claude, Ph.D. - Programmes de biologie mol\u00e9culaire\" \/>\n<meta property=\"og:description\" content=\"Coordonn\u00e9es IRIC &#8211; Universit\u00e9 de Montr\u00e9al T 514 343-7893 F 514 343-6843 jc.labbe@umontreal.ca\" \/>\n<meta property=\"og:url\" content=\"https:\/\/biomol.umontreal.ca\/en\/research\/les-professeurs\/labbe-jean-claude-ph-d\/\" \/>\n<meta property=\"og:site_name\" content=\"Programmes de biologie mol\u00e9culaire\" \/>\n<meta property=\"article:modified_time\" content=\"2026-02-01T19:33:48+00:00\" \/>\n<meta name=\"twitter:card\" content=\"summary_large_image\" \/>\n<meta name=\"twitter:label1\" content=\"Est. reading time\" \/>\n\t<meta name=\"twitter:data1\" content=\"2 minutes\" \/>\n<script type=\"application\/ld+json\" class=\"yoast-schema-graph\">{\"@context\":\"https:\/\/schema.org\",\"@graph\":[{\"@type\":\"WebPage\",\"@id\":\"https:\/\/biomol.umontreal.ca\/en\/research\/les-professeurs\/labbe-jean-claude-ph-d\/\",\"url\":\"https:\/\/biomol.umontreal.ca\/en\/research\/les-professeurs\/labbe-jean-claude-ph-d\/\",\"name\":\"Labb\u00e9, Jean-Claude, Ph.D. - Programmes de biologie mol\u00e9culaire\",\"isPartOf\":{\"@id\":\"https:\/\/biomol.umontreal.ca\/#website\"},\"datePublished\":\"2012-01-23T16:32:19+00:00\",\"dateModified\":\"2026-02-01T19:33:48+00:00\",\"breadcrumb\":{\"@id\":\"https:\/\/biomol.umontreal.ca\/en\/research\/les-professeurs\/labbe-jean-claude-ph-d\/#breadcrumb\"},\"inLanguage\":\"en-US\",\"potentialAction\":[{\"@type\":\"ReadAction\",\"target\":[\"https:\/\/biomol.umontreal.ca\/en\/research\/les-professeurs\/labbe-jean-claude-ph-d\/\"]}]},{\"@type\":\"BreadcrumbList\",\"@id\":\"https:\/\/biomol.umontreal.ca\/en\/research\/les-professeurs\/labbe-jean-claude-ph-d\/#breadcrumb\",\"itemListElement\":[{\"@type\":\"ListItem\",\"position\":1,\"name\":\"Accueil\",\"item\":\"https:\/\/biomol.umontreal.ca\/en\/\"},{\"@type\":\"ListItem\",\"position\":2,\"name\":\"Research\",\"item\":\"https:\/\/biomol.umontreal.ca\/en\/research\/\"},{\"@type\":\"ListItem\",\"position\":3,\"name\":\"Our professors\",\"item\":\"https:\/\/biomol.umontreal.ca\/en\/research\/les-professeurs\/\"},{\"@type\":\"ListItem\",\"position\":4,\"name\":\"Labb\u00e9, Jean-Claude, Ph.D.\"}]},{\"@type\":\"WebSite\",\"@id\":\"https:\/\/biomol.umontreal.ca\/#website\",\"url\":\"https:\/\/biomol.umontreal.ca\/\",\"name\":\"Programmes de biologie mol\u00e9culaire\",\"description\":\"\",\"potentialAction\":[{\"@type\":\"SearchAction\",\"target\":{\"@type\":\"EntryPoint\",\"urlTemplate\":\"https:\/\/biomol.umontreal.ca\/?s={search_term_string}\"},\"query-input\":{\"@type\":\"PropertyValueSpecification\",\"valueRequired\":true,\"valueName\":\"search_term_string\"}}],\"inLanguage\":\"en-US\"}]}<\/script>\n<!-- \/ Yoast SEO plugin. -->","yoast_head_json":{"title":"Labb\u00e9, Jean-Claude, Ph.D. - Programmes de biologie mol\u00e9culaire","robots":{"index":"index","follow":"follow","max-snippet":"max-snippet:-1","max-image-preview":"max-image-preview:large","max-video-preview":"max-video-preview:-1"},"canonical":"https:\/\/biomol.umontreal.ca\/en\/research\/les-professeurs\/labbe-jean-claude-ph-d\/","og_locale":"en_US","og_type":"article","og_title":"Labb\u00e9, Jean-Claude, Ph.D. - Programmes de biologie mol\u00e9culaire","og_description":"Coordonn\u00e9es IRIC &#8211; Universit\u00e9 de Montr\u00e9al T 514 343-7893 F 514 343-6843 jc.labbe@umontreal.ca","og_url":"https:\/\/biomol.umontreal.ca\/en\/research\/les-professeurs\/labbe-jean-claude-ph-d\/","og_site_name":"Programmes de biologie mol\u00e9culaire","article_modified_time":"2026-02-01T19:33:48+00:00","twitter_card":"summary_large_image","twitter_misc":{"Est. reading time":"2 minutes"},"schema":{"@context":"https:\/\/schema.org","@graph":[{"@type":"WebPage","@id":"https:\/\/biomol.umontreal.ca\/en\/research\/les-professeurs\/labbe-jean-claude-ph-d\/","url":"https:\/\/biomol.umontreal.ca\/en\/research\/les-professeurs\/labbe-jean-claude-ph-d\/","name":"Labb\u00e9, Jean-Claude, Ph.D. - Programmes de biologie mol\u00e9culaire","isPartOf":{"@id":"https:\/\/biomol.umontreal.ca\/#website"},"datePublished":"2012-01-23T16:32:19+00:00","dateModified":"2026-02-01T19:33:48+00:00","breadcrumb":{"@id":"https:\/\/biomol.umontreal.ca\/en\/research\/les-professeurs\/labbe-jean-claude-ph-d\/#breadcrumb"},"inLanguage":"en-US","potentialAction":[{"@type":"ReadAction","target":["https:\/\/biomol.umontreal.ca\/en\/research\/les-professeurs\/labbe-jean-claude-ph-d\/"]}]},{"@type":"BreadcrumbList","@id":"https:\/\/biomol.umontreal.ca\/en\/research\/les-professeurs\/labbe-jean-claude-ph-d\/#breadcrumb","itemListElement":[{"@type":"ListItem","position":1,"name":"Accueil","item":"https:\/\/biomol.umontreal.ca\/en\/"},{"@type":"ListItem","position":2,"name":"Research","item":"https:\/\/biomol.umontreal.ca\/en\/research\/"},{"@type":"ListItem","position":3,"name":"Our professors","item":"https:\/\/biomol.umontreal.ca\/en\/research\/les-professeurs\/"},{"@type":"ListItem","position":4,"name":"Labb\u00e9, Jean-Claude, Ph.D."}]},{"@type":"WebSite","@id":"https:\/\/biomol.umontreal.ca\/#website","url":"https:\/\/biomol.umontreal.ca\/","name":"Programmes de biologie mol\u00e9culaire","description":"","potentialAction":[{"@type":"SearchAction","target":{"@type":"EntryPoint","urlTemplate":"https:\/\/biomol.umontreal.ca\/?s={search_term_string}"},"query-input":{"@type":"PropertyValueSpecification","valueRequired":true,"valueName":"search_term_string"}}],"inLanguage":"en-US"}]}},"_links":{"self":[{"href":"https:\/\/biomol.umontreal.ca\/en\/wp-json\/wp\/v2\/pages\/3639","targetHints":{"allow":["GET"]}}],"collection":[{"href":"https:\/\/biomol.umontreal.ca\/en\/wp-json\/wp\/v2\/pages"}],"about":[{"href":"https:\/\/biomol.umontreal.ca\/en\/wp-json\/wp\/v2\/types\/page"}],"author":[{"embeddable":true,"href":"https:\/\/biomol.umontreal.ca\/en\/wp-json\/wp\/v2\/users\/1"}],"replies":[{"embeddable":true,"href":"https:\/\/biomol.umontreal.ca\/en\/wp-json\/wp\/v2\/comments?post=3639"}],"version-history":[{"count":2,"href":"https:\/\/biomol.umontreal.ca\/en\/wp-json\/wp\/v2\/pages\/3639\/revisions"}],"predecessor-version":[{"id":6745,"href":"https:\/\/biomol.umontreal.ca\/en\/wp-json\/wp\/v2\/pages\/3639\/revisions\/6745"}],"up":[{"embeddable":true,"href":"https:\/\/biomol.umontreal.ca\/en\/wp-json\/wp\/v2\/pages\/3557"}],"wp:attachment":[{"href":"https:\/\/biomol.umontreal.ca\/en\/wp-json\/wp\/v2\/media?parent=3639"}],"curies":[{"name":"wp","href":"https:\/\/api.w.org\/{rel}","templated":true}]}}