{"id":3638,"date":"2012-01-23T11:22:47","date_gmt":"2012-01-23T16:22:47","guid":{"rendered":"https:\/\/biomol.umontreal.ca\/research\/professors\/kwok-benjamin-ph-d\/"},"modified":"2013-08-16T15:58:52","modified_gmt":"2013-08-16T19:58:52","slug":"kwok-benjamin-ph-d","status":"publish","type":"page","link":"https:\/\/biomol.umontreal.ca\/en\/research\/les-professeurs\/kwok-benjamin-ph-d\/","title":{"rendered":"Kwok, Benjamin, Ph.D."},"content":{"rendered":"<p>Principal Investigator<br \/>\nChemical Biology of Cell Division Research Unit<br \/>\nInstitute for Research in Immunology and\u00a0Cancer<\/p>\n<p>Research Assistant Professor<br \/>\nDepartment of medicine<br \/>\nFaculty of medicine<br \/>\nUniversit\u00e9 de Montr\u00e9al<\/p>\n<h3>Coordonn\u00e9es<\/h3>\n<p>IRIC<br \/>\n<strong>T<\/strong> 514 343-6111 #0871<br \/>\n<a href=\"mailto:benjamin.kwok@umontreal.ca\">benjamin.kwok@umontreal.ca<\/a><br \/>\n<hr\/><\/p>\n<div class=\"one-half first \">\n<h2>Axes de recherche<\/h2>\n<ul>\n<li>Mitose<\/li>\n<li>Canc\u00e9rologie<\/li>\n<li>Approches th\u00e9rapeutiques<\/li>\n<li>Biologie des syst\u00e8mes<\/li>\n<\/ul>\n<h2>Description de la recherche<\/h2>\n<p>La survie et le d\u00e9veloppement d\u2019organismes comme l\u2019\u00eatre humain d\u00e9pendent de multiples divisions cellulaires r\u00e9ussies; en fait, dans le cas de l\u2019\u00eatre humain, des centaines de billions de divisions. Les chercheurs observent la division cellulaire depuis plus d\u2019un si\u00e8cle et continuent d\u2019explorer les d\u00e9tails mol\u00e9culaires de ce processus fascinant. Lors de la division cellulaire, l\u2019un des grands objectifs consiste \u00e0 r\u00e9partir de fa\u00e7on \u00e9gale notre mat\u00e9riel h\u00e9r\u00e9ditaire entre deux cellules-filles. Cette t\u00e2che est assur\u00e9e par une machine complexe form\u00e9e de nombreux \u00e9l\u00e9ments, que l\u2019on appelle le fuseau mitotique. Comprendre les m\u00e9canismes mol\u00e9culaires qui sous-tendent les assemblages de cette machine est la base de notre recherche. Nous utilisons une approche multi-disciplinaire qui associe la biochimie des prot\u00e9ines, la biologie cellulaire et la microscopie \u00e0 haute r\u00e9solution pour \u00e9tudier la formation du fuseau dans les cultures de cellules de vert\u00e9br\u00e9s et dans des essais de reconstitution <em>in vitro<\/em>.<\/p>\n<p>L\u2019inhibition de l\u2019assemblage du fuseau mitotique bloque la progression du cycle des cellules et repr\u00e9sente une strat\u00e9gie efficace dans le traitement du cancer. Les prot\u00e9ines motrices de la superfamille de la kin\u00e9sine jouent des r\u00f4les importants dans l\u2019orchestration de la formation du fuseau. Leur capacit\u00e9 de contr\u00f4ler directement la structure des microtubules et la dynamique de la polym\u00e9risation les place dans une nouvelle cat\u00e9gorie de cibles chimioth\u00e9rapeutiques. Notre unit\u00e9 de recherche se concentre sur:<\/p>\n<ol>\n<li>l\u2019\u00e9claircissement des m\u00e9canismes mol\u00e9culaires par lesquels les moteurs de la kin\u00e9sine et autres prot\u00e9ines associ\u00e9es aux microtubules contribuent au maintien du fuseau mitotique et<\/li>\n<li>le d\u00e9veloppement de petits outils chimiques mol\u00e9culaires qui peuvent \u00eatre utilis\u00e9s dans la recherche biom\u00e9dicale et \u00e9ventuellement comme produits chimioth\u00e9rapeutiques dans la lutte contre le cancer.<\/li>\n<\/ol>\n<\/div>\n<div class=\"one-half  \">\n<h2>Research axis<\/h2>\n<ul>\n<li>Mitosis<\/li>\n<li>Cancer<\/li>\n<li>Therapeutic Approaches<\/li>\n<li>Systems Biology<\/li>\n<\/ul>\n<h2>Research description<\/h2>\n<p>The survival and development of organisms like humans rely on multiple rounds of successful cell divisions; in fact hundreds of trillion rounds for humans. Scientists have observed cell division for over a century and are still exploring the molecular details of this intriguing process. During cell division, a major goal is to partition our genetic material equally into two daughter cells. This task is carried by a complex, multi-component machine, called the mitotic spindle. Understanding the molecular mechanisms underlying the assembly of this machine is the basis of our research program. We use a multi-disciplinary approach that combines protein biochemistry, cell biology and high resolution microscopy to study spindle formation in cultured vertebrate cells and in <em>in vitro<\/em> reconstitution assays.<\/p>\n<p>Inhibition of mitotic spindle assembly blocks cell cycle progression and is an effective strategy to treat cancer. Motor proteins in the kinesin superfamily play important roles in orchestrating spindle formation. Their ability to directly regulate microtubule organization and polymerization dynamics places them in a new class of chemotherapeutic targets.\u00a0 Our research unit focuses on the following two themes:<\/p>\n<ol>\n<li>elucidating the molecular mechanisms by which kinesin motors and other microtubule-associated proteins contribute to mitotic spindle assembly, and<\/li>\n<li>\u00a0developing small molecule chemical tools that can be used in biomedical research and potentially as anti-cancer chemotherapeutics.<\/li>\n<\/ol>\n<\/div>\n","protected":false},"excerpt":{"rendered":"<p>Principal Investigator Chemical Biology of Cell Division Research Unit Institute for Research in Immunology and\u00a0Cancer Research Assistant Professor Department of medicine Faculty of medicine Universit\u00e9 de Montr\u00e9al Coordonn\u00e9es IRIC T [&hellip;]<\/p>\n","protected":false},"author":1,"featured_media":0,"parent":3557,"menu_order":0,"comment_status":"closed","ping_status":"open","template":"","meta":{"footnotes":""},"class_list":["post-3638","page","type-page","status-publish","hentry"],"yoast_head":"<!-- This site is optimized with the Yoast SEO plugin v25.0 - https:\/\/yoast.com\/wordpress\/plugins\/seo\/ -->\n<title>Kwok, Benjamin, Ph.D. - Programmes de biologie mol\u00e9culaire<\/title>\n<meta name=\"robots\" content=\"index, follow, max-snippet:-1, max-image-preview:large, max-video-preview:-1\" \/>\n<link rel=\"canonical\" href=\"https:\/\/biomol.umontreal.ca\/en\/research\/les-professeurs\/kwok-benjamin-ph-d\/\" \/>\n<meta property=\"og:locale\" content=\"en_US\" \/>\n<meta property=\"og:type\" content=\"article\" \/>\n<meta property=\"og:title\" content=\"Kwok, Benjamin, Ph.D. - Programmes de biologie mol\u00e9culaire\" \/>\n<meta property=\"og:description\" content=\"Principal Investigator Chemical Biology of Cell Division Research Unit Institute for Research in Immunology and\u00a0Cancer Research Assistant Professor Department of medicine Faculty of medicine Universit\u00e9 de Montr\u00e9al Coordonn\u00e9es IRIC T [&hellip;]\" \/>\n<meta property=\"og:url\" content=\"https:\/\/biomol.umontreal.ca\/en\/research\/les-professeurs\/kwok-benjamin-ph-d\/\" \/>\n<meta property=\"og:site_name\" content=\"Programmes de biologie mol\u00e9culaire\" \/>\n<meta property=\"article:modified_time\" content=\"2013-08-16T19:58:52+00:00\" \/>\n<meta name=\"twitter:card\" content=\"summary_large_image\" \/>\n<meta name=\"twitter:label1\" content=\"Est. reading time\" \/>\n\t<meta name=\"twitter:data1\" content=\"3 minutes\" \/>\n<script type=\"application\/ld+json\" class=\"yoast-schema-graph\">{\"@context\":\"https:\/\/schema.org\",\"@graph\":[{\"@type\":\"WebPage\",\"@id\":\"https:\/\/biomol.umontreal.ca\/en\/research\/les-professeurs\/kwok-benjamin-ph-d\/\",\"url\":\"https:\/\/biomol.umontreal.ca\/en\/research\/les-professeurs\/kwok-benjamin-ph-d\/\",\"name\":\"Kwok, Benjamin, Ph.D. - Programmes de biologie mol\u00e9culaire\",\"isPartOf\":{\"@id\":\"https:\/\/biomol.umontreal.ca\/#website\"},\"datePublished\":\"2012-01-23T16:22:47+00:00\",\"dateModified\":\"2013-08-16T19:58:52+00:00\",\"breadcrumb\":{\"@id\":\"https:\/\/biomol.umontreal.ca\/en\/research\/les-professeurs\/kwok-benjamin-ph-d\/#breadcrumb\"},\"inLanguage\":\"en-US\",\"potentialAction\":[{\"@type\":\"ReadAction\",\"target\":[\"https:\/\/biomol.umontreal.ca\/en\/research\/les-professeurs\/kwok-benjamin-ph-d\/\"]}]},{\"@type\":\"BreadcrumbList\",\"@id\":\"https:\/\/biomol.umontreal.ca\/en\/research\/les-professeurs\/kwok-benjamin-ph-d\/#breadcrumb\",\"itemListElement\":[{\"@type\":\"ListItem\",\"position\":1,\"name\":\"Accueil\",\"item\":\"https:\/\/biomol.umontreal.ca\/en\/\"},{\"@type\":\"ListItem\",\"position\":2,\"name\":\"Research\",\"item\":\"https:\/\/biomol.umontreal.ca\/en\/research\/\"},{\"@type\":\"ListItem\",\"position\":3,\"name\":\"Our professors\",\"item\":\"https:\/\/biomol.umontreal.ca\/en\/research\/les-professeurs\/\"},{\"@type\":\"ListItem\",\"position\":4,\"name\":\"Kwok, Benjamin, Ph.D.\"}]},{\"@type\":\"WebSite\",\"@id\":\"https:\/\/biomol.umontreal.ca\/#website\",\"url\":\"https:\/\/biomol.umontreal.ca\/\",\"name\":\"Programmes de biologie mol\u00e9culaire\",\"description\":\"\",\"potentialAction\":[{\"@type\":\"SearchAction\",\"target\":{\"@type\":\"EntryPoint\",\"urlTemplate\":\"https:\/\/biomol.umontreal.ca\/?s={search_term_string}\"},\"query-input\":{\"@type\":\"PropertyValueSpecification\",\"valueRequired\":true,\"valueName\":\"search_term_string\"}}],\"inLanguage\":\"en-US\"}]}<\/script>\n<!-- \/ Yoast SEO plugin. -->","yoast_head_json":{"title":"Kwok, Benjamin, Ph.D. - Programmes de biologie mol\u00e9culaire","robots":{"index":"index","follow":"follow","max-snippet":"max-snippet:-1","max-image-preview":"max-image-preview:large","max-video-preview":"max-video-preview:-1"},"canonical":"https:\/\/biomol.umontreal.ca\/en\/research\/les-professeurs\/kwok-benjamin-ph-d\/","og_locale":"en_US","og_type":"article","og_title":"Kwok, Benjamin, Ph.D. - Programmes de biologie mol\u00e9culaire","og_description":"Principal Investigator Chemical Biology of Cell Division Research Unit Institute for Research in Immunology and\u00a0Cancer Research Assistant Professor Department of medicine Faculty of medicine Universit\u00e9 de Montr\u00e9al Coordonn\u00e9es IRIC T [&hellip;]","og_url":"https:\/\/biomol.umontreal.ca\/en\/research\/les-professeurs\/kwok-benjamin-ph-d\/","og_site_name":"Programmes de biologie mol\u00e9culaire","article_modified_time":"2013-08-16T19:58:52+00:00","twitter_card":"summary_large_image","twitter_misc":{"Est. reading time":"3 minutes"},"schema":{"@context":"https:\/\/schema.org","@graph":[{"@type":"WebPage","@id":"https:\/\/biomol.umontreal.ca\/en\/research\/les-professeurs\/kwok-benjamin-ph-d\/","url":"https:\/\/biomol.umontreal.ca\/en\/research\/les-professeurs\/kwok-benjamin-ph-d\/","name":"Kwok, Benjamin, Ph.D. - Programmes de biologie mol\u00e9culaire","isPartOf":{"@id":"https:\/\/biomol.umontreal.ca\/#website"},"datePublished":"2012-01-23T16:22:47+00:00","dateModified":"2013-08-16T19:58:52+00:00","breadcrumb":{"@id":"https:\/\/biomol.umontreal.ca\/en\/research\/les-professeurs\/kwok-benjamin-ph-d\/#breadcrumb"},"inLanguage":"en-US","potentialAction":[{"@type":"ReadAction","target":["https:\/\/biomol.umontreal.ca\/en\/research\/les-professeurs\/kwok-benjamin-ph-d\/"]}]},{"@type":"BreadcrumbList","@id":"https:\/\/biomol.umontreal.ca\/en\/research\/les-professeurs\/kwok-benjamin-ph-d\/#breadcrumb","itemListElement":[{"@type":"ListItem","position":1,"name":"Accueil","item":"https:\/\/biomol.umontreal.ca\/en\/"},{"@type":"ListItem","position":2,"name":"Research","item":"https:\/\/biomol.umontreal.ca\/en\/research\/"},{"@type":"ListItem","position":3,"name":"Our professors","item":"https:\/\/biomol.umontreal.ca\/en\/research\/les-professeurs\/"},{"@type":"ListItem","position":4,"name":"Kwok, Benjamin, Ph.D."}]},{"@type":"WebSite","@id":"https:\/\/biomol.umontreal.ca\/#website","url":"https:\/\/biomol.umontreal.ca\/","name":"Programmes de biologie mol\u00e9culaire","description":"","potentialAction":[{"@type":"SearchAction","target":{"@type":"EntryPoint","urlTemplate":"https:\/\/biomol.umontreal.ca\/?s={search_term_string}"},"query-input":{"@type":"PropertyValueSpecification","valueRequired":true,"valueName":"search_term_string"}}],"inLanguage":"en-US"}]}},"_links":{"self":[{"href":"https:\/\/biomol.umontreal.ca\/en\/wp-json\/wp\/v2\/pages\/3638","targetHints":{"allow":["GET"]}}],"collection":[{"href":"https:\/\/biomol.umontreal.ca\/en\/wp-json\/wp\/v2\/pages"}],"about":[{"href":"https:\/\/biomol.umontreal.ca\/en\/wp-json\/wp\/v2\/types\/page"}],"author":[{"embeddable":true,"href":"https:\/\/biomol.umontreal.ca\/en\/wp-json\/wp\/v2\/users\/1"}],"replies":[{"embeddable":true,"href":"https:\/\/biomol.umontreal.ca\/en\/wp-json\/wp\/v2\/comments?post=3638"}],"version-history":[{"count":1,"href":"https:\/\/biomol.umontreal.ca\/en\/wp-json\/wp\/v2\/pages\/3638\/revisions"}],"predecessor-version":[{"id":3640,"href":"https:\/\/biomol.umontreal.ca\/en\/wp-json\/wp\/v2\/pages\/3638\/revisions\/3640"}],"up":[{"embeddable":true,"href":"https:\/\/biomol.umontreal.ca\/en\/wp-json\/wp\/v2\/pages\/3557"}],"wp:attachment":[{"href":"https:\/\/biomol.umontreal.ca\/en\/wp-json\/wp\/v2\/media?parent=3638"}],"curies":[{"name":"wp","href":"https:\/\/api.w.org\/{rel}","templated":true}]}}