{"id":3634,"date":"2012-01-23T11:16:08","date_gmt":"2012-01-23T16:16:08","guid":{"rendered":"https:\/\/biomol.umontreal.ca\/research\/professors\/kmita-marie-phd\/"},"modified":"2013-08-16T15:57:45","modified_gmt":"2013-08-16T19:57:45","slug":"kmita-marie-phd","status":"publish","type":"page","link":"https:\/\/biomol.umontreal.ca\/en\/research\/les-professeurs\/kmita-marie-phd\/","title":{"rendered":"Kmita, Marie, Ph.D."},"content":{"rendered":"<p>Directrice de l\u2019unit\u00e9 de Recherche en G\u00e9n\u00e9tique et D\u00e9veloppement<\/p>\n<h3>Coordonn\u00e9es<\/h3>\n<p>Institut de Recherches Cliniques de Montr\u00e9al<br \/>\n110, avenue des Pins Ouest<br \/>\nMontr\u00e9al (Qu\u00e9bec) H2W1R7<br \/>\n<a href=\"mailto:marie.kmita@ircm.qc.ca\">marie.kmita@ircm.qc.ca<\/a><strong><br \/>\nT<\/strong> 514 987-5749<strong><br \/>\nF<\/strong> 514-987-5740<\/p>\n<hr\/>\n<div class=\"one-half first \">\n<h2>Axes de recherche<\/h2>\n<ul>\n<li>D\u00e9veloppement et diff\u00e9rentiation tissulaire<\/li>\n<li>G\u00e9nomique<\/li>\n<li>G\u00e9n\u00e9tique humaine et maladies g\u00e9n\u00e9tiques<\/li>\n<\/ul>\n<h2>Description de la recherche<\/h2>\n<p>Les travaux du laboratoire visent \u00e0 identifier les m\u00e9canismes g\u00e9n\u00e9tiques qui assurent le d\u00e9veloppement de l\u2019embryon en utilisant la souris comme mod\u00e8le. Nous cherchons en particulier caract\u00e9riser les fonctions de la famille des g\u00e8nes Hox ainsi que les m\u00e9canismes qui sont impliqu\u00e9s dans la r\u00e9gulation transcriptionnelle de ces g\u00e8nes. Nos \u00e9tudes sont bas\u00e9es sur des approches g\u00e9n\u00e9tiques chez la souris et impliquent \u00e9galement des techniques de pointe en g\u00e9nomique. Par ces \u00e9tudes nous cherchons \u00e0 contribuer \u00e0 une meilleure compr\u00e9hension des causes de malformations cong\u00e9nitales chez l\u2019homme.<br \/>\n<\/div>\n<div class=\"one-half  \">\n<h2>Research axis<\/h2>\n<ul>\n<li>Development and tissue differentiation<\/li>\n<li>Genomic<\/li>\n<li>Human genetics and genetic diseases<\/li>\n<\/ul>\n<h2>Research description<\/h2>\n<p>The research focus of the lab is to identify genetics mechanisms ensuring proper embryonic development using mice as model system. In particular, our work is aimed at characterizing the function of the Hox gene family as well as transcriptional regulatory mechanisms controlling Hox genes\u2019 expression. Our studies are based on mouse genetics and also involve state-of-the-art genomic techniques. Through these studies, our aim is to help unraveling molecular events responsible for congenital malformations in humans.<\/p>\n<\/div>\n<p>&nbsp;<\/p>\n","protected":false},"excerpt":{"rendered":"<p>Directrice de l\u2019unit\u00e9 de Recherche en G\u00e9n\u00e9tique et D\u00e9veloppement Coordonn\u00e9es Institut de Recherches Cliniques de Montr\u00e9al 110, avenue des Pins Ouest Montr\u00e9al (Qu\u00e9bec) H2W1R7 marie.kmita@ircm.qc.ca T 514 987-5749 F 514-987-5740 [&hellip;]<\/p>\n","protected":false},"author":1,"featured_media":0,"parent":3557,"menu_order":0,"comment_status":"closed","ping_status":"open","template":"","meta":{"footnotes":""},"class_list":["post-3634","page","type-page","status-publish","hentry"],"yoast_head":"<!-- This site is optimized with the Yoast SEO plugin v25.0 - https:\/\/yoast.com\/wordpress\/plugins\/seo\/ -->\n<title>Kmita, Marie, Ph.D. - Programmes de biologie mol\u00e9culaire<\/title>\n<meta name=\"robots\" content=\"index, follow, max-snippet:-1, max-image-preview:large, max-video-preview:-1\" \/>\n<link rel=\"canonical\" href=\"https:\/\/biomol.umontreal.ca\/en\/research\/les-professeurs\/kmita-marie-phd\/\" \/>\n<meta property=\"og:locale\" content=\"en_US\" \/>\n<meta property=\"og:type\" content=\"article\" \/>\n<meta property=\"og:title\" content=\"Kmita, Marie, Ph.D. - Programmes de biologie mol\u00e9culaire\" \/>\n<meta property=\"og:description\" content=\"Directrice de l\u2019unit\u00e9 de Recherche en G\u00e9n\u00e9tique et D\u00e9veloppement Coordonn\u00e9es Institut de Recherches Cliniques de Montr\u00e9al 110, avenue des Pins Ouest Montr\u00e9al (Qu\u00e9bec) H2W1R7 marie.kmita@ircm.qc.ca T 514 987-5749 F 514-987-5740 [&hellip;]\" \/>\n<meta property=\"og:url\" content=\"https:\/\/biomol.umontreal.ca\/en\/research\/les-professeurs\/kmita-marie-phd\/\" \/>\n<meta property=\"og:site_name\" content=\"Programmes de biologie mol\u00e9culaire\" \/>\n<meta property=\"article:modified_time\" content=\"2013-08-16T19:57:45+00:00\" \/>\n<meta name=\"twitter:card\" content=\"summary_large_image\" \/>\n<meta name=\"twitter:label1\" content=\"Est. reading time\" \/>\n\t<meta name=\"twitter:data1\" content=\"1 minute\" \/>\n<script type=\"application\/ld+json\" class=\"yoast-schema-graph\">{\"@context\":\"https:\/\/schema.org\",\"@graph\":[{\"@type\":\"WebPage\",\"@id\":\"https:\/\/biomol.umontreal.ca\/en\/research\/les-professeurs\/kmita-marie-phd\/\",\"url\":\"https:\/\/biomol.umontreal.ca\/en\/research\/les-professeurs\/kmita-marie-phd\/\",\"name\":\"Kmita, Marie, Ph.D. - Programmes de biologie mol\u00e9culaire\",\"isPartOf\":{\"@id\":\"https:\/\/biomol.umontreal.ca\/#website\"},\"datePublished\":\"2012-01-23T16:16:08+00:00\",\"dateModified\":\"2013-08-16T19:57:45+00:00\",\"breadcrumb\":{\"@id\":\"https:\/\/biomol.umontreal.ca\/en\/research\/les-professeurs\/kmita-marie-phd\/#breadcrumb\"},\"inLanguage\":\"en-US\",\"potentialAction\":[{\"@type\":\"ReadAction\",\"target\":[\"https:\/\/biomol.umontreal.ca\/en\/research\/les-professeurs\/kmita-marie-phd\/\"]}]},{\"@type\":\"BreadcrumbList\",\"@id\":\"https:\/\/biomol.umontreal.ca\/en\/research\/les-professeurs\/kmita-marie-phd\/#breadcrumb\",\"itemListElement\":[{\"@type\":\"ListItem\",\"position\":1,\"name\":\"Accueil\",\"item\":\"https:\/\/biomol.umontreal.ca\/en\/\"},{\"@type\":\"ListItem\",\"position\":2,\"name\":\"Research\",\"item\":\"https:\/\/biomol.umontreal.ca\/en\/research\/\"},{\"@type\":\"ListItem\",\"position\":3,\"name\":\"Our professors\",\"item\":\"https:\/\/biomol.umontreal.ca\/en\/research\/les-professeurs\/\"},{\"@type\":\"ListItem\",\"position\":4,\"name\":\"Kmita, Marie, Ph.D.\"}]},{\"@type\":\"WebSite\",\"@id\":\"https:\/\/biomol.umontreal.ca\/#website\",\"url\":\"https:\/\/biomol.umontreal.ca\/\",\"name\":\"Programmes de biologie mol\u00e9culaire\",\"description\":\"\",\"potentialAction\":[{\"@type\":\"SearchAction\",\"target\":{\"@type\":\"EntryPoint\",\"urlTemplate\":\"https:\/\/biomol.umontreal.ca\/?s={search_term_string}\"},\"query-input\":{\"@type\":\"PropertyValueSpecification\",\"valueRequired\":true,\"valueName\":\"search_term_string\"}}],\"inLanguage\":\"en-US\"}]}<\/script>\n<!-- \/ Yoast SEO plugin. -->","yoast_head_json":{"title":"Kmita, Marie, Ph.D. - Programmes de biologie mol\u00e9culaire","robots":{"index":"index","follow":"follow","max-snippet":"max-snippet:-1","max-image-preview":"max-image-preview:large","max-video-preview":"max-video-preview:-1"},"canonical":"https:\/\/biomol.umontreal.ca\/en\/research\/les-professeurs\/kmita-marie-phd\/","og_locale":"en_US","og_type":"article","og_title":"Kmita, Marie, Ph.D. - Programmes de biologie mol\u00e9culaire","og_description":"Directrice de l\u2019unit\u00e9 de Recherche en G\u00e9n\u00e9tique et D\u00e9veloppement Coordonn\u00e9es Institut de Recherches Cliniques de Montr\u00e9al 110, avenue des Pins Ouest Montr\u00e9al (Qu\u00e9bec) H2W1R7 marie.kmita@ircm.qc.ca T 514 987-5749 F 514-987-5740 [&hellip;]","og_url":"https:\/\/biomol.umontreal.ca\/en\/research\/les-professeurs\/kmita-marie-phd\/","og_site_name":"Programmes de biologie mol\u00e9culaire","article_modified_time":"2013-08-16T19:57:45+00:00","twitter_card":"summary_large_image","twitter_misc":{"Est. reading time":"1 minute"},"schema":{"@context":"https:\/\/schema.org","@graph":[{"@type":"WebPage","@id":"https:\/\/biomol.umontreal.ca\/en\/research\/les-professeurs\/kmita-marie-phd\/","url":"https:\/\/biomol.umontreal.ca\/en\/research\/les-professeurs\/kmita-marie-phd\/","name":"Kmita, Marie, Ph.D. - Programmes de biologie mol\u00e9culaire","isPartOf":{"@id":"https:\/\/biomol.umontreal.ca\/#website"},"datePublished":"2012-01-23T16:16:08+00:00","dateModified":"2013-08-16T19:57:45+00:00","breadcrumb":{"@id":"https:\/\/biomol.umontreal.ca\/en\/research\/les-professeurs\/kmita-marie-phd\/#breadcrumb"},"inLanguage":"en-US","potentialAction":[{"@type":"ReadAction","target":["https:\/\/biomol.umontreal.ca\/en\/research\/les-professeurs\/kmita-marie-phd\/"]}]},{"@type":"BreadcrumbList","@id":"https:\/\/biomol.umontreal.ca\/en\/research\/les-professeurs\/kmita-marie-phd\/#breadcrumb","itemListElement":[{"@type":"ListItem","position":1,"name":"Accueil","item":"https:\/\/biomol.umontreal.ca\/en\/"},{"@type":"ListItem","position":2,"name":"Research","item":"https:\/\/biomol.umontreal.ca\/en\/research\/"},{"@type":"ListItem","position":3,"name":"Our professors","item":"https:\/\/biomol.umontreal.ca\/en\/research\/les-professeurs\/"},{"@type":"ListItem","position":4,"name":"Kmita, Marie, Ph.D."}]},{"@type":"WebSite","@id":"https:\/\/biomol.umontreal.ca\/#website","url":"https:\/\/biomol.umontreal.ca\/","name":"Programmes de biologie mol\u00e9culaire","description":"","potentialAction":[{"@type":"SearchAction","target":{"@type":"EntryPoint","urlTemplate":"https:\/\/biomol.umontreal.ca\/?s={search_term_string}"},"query-input":{"@type":"PropertyValueSpecification","valueRequired":true,"valueName":"search_term_string"}}],"inLanguage":"en-US"}]}},"_links":{"self":[{"href":"https:\/\/biomol.umontreal.ca\/en\/wp-json\/wp\/v2\/pages\/3634","targetHints":{"allow":["GET"]}}],"collection":[{"href":"https:\/\/biomol.umontreal.ca\/en\/wp-json\/wp\/v2\/pages"}],"about":[{"href":"https:\/\/biomol.umontreal.ca\/en\/wp-json\/wp\/v2\/types\/page"}],"author":[{"embeddable":true,"href":"https:\/\/biomol.umontreal.ca\/en\/wp-json\/wp\/v2\/users\/1"}],"replies":[{"embeddable":true,"href":"https:\/\/biomol.umontreal.ca\/en\/wp-json\/wp\/v2\/comments?post=3634"}],"version-history":[{"count":1,"href":"https:\/\/biomol.umontreal.ca\/en\/wp-json\/wp\/v2\/pages\/3634\/revisions"}],"predecessor-version":[{"id":3637,"href":"https:\/\/biomol.umontreal.ca\/en\/wp-json\/wp\/v2\/pages\/3634\/revisions\/3637"}],"up":[{"embeddable":true,"href":"https:\/\/biomol.umontreal.ca\/en\/wp-json\/wp\/v2\/pages\/3557"}],"wp:attachment":[{"href":"https:\/\/biomol.umontreal.ca\/en\/wp-json\/wp\/v2\/media?parent=3634"}],"curies":[{"name":"wp","href":"https:\/\/api.w.org\/{rel}","templated":true}]}}