{"id":3628,"date":"2012-01-20T09:01:08","date_gmt":"2012-01-20T14:01:08","guid":{"rendered":"https:\/\/biomol.umontreal.ca\/research\/professors\/hoang-trang-ph-d\/"},"modified":"2026-02-01T14:23:37","modified_gmt":"2026-02-01T19:23:37","slug":"hoang-trang-ph-d","status":"publish","type":"page","link":"https:\/\/biomol.umontreal.ca\/en\/research\/les-professeurs\/hoang-trang-ph-d\/","title":{"rendered":"Hoang, Trang, Ph.D."},"content":{"rendered":"<h3>Coordonn\u00e9es<\/h3>\n<p>IRIC &#8211; Universit\u00e9 de Montr\u00e9al<br \/>\n<strong>T<\/strong> 514 343-6970<br \/>\n<strong>F<\/strong> 514 343-6945<br \/>\n<a href=\"mailto:trang.hoang@umontreal.ca\">trang.hoang@umontreal.ca<\/a><\/p>\n<p><a href=\"http:\/\/www.hoanglab.org\" title=\"http:\/\/www.hoanglab.org\/\">www.hoanglab.org<\/a><br \/>\n<hr\/><\/p>\n<div class=\"one-half first \">\n<h2>Axes de recherche<\/h2>\n<ul>\n<li>Interactions prot\u00e9iques<\/li>\n<li>Immunologie et H\u00e9matopo\u00ef\u00e8se<\/li>\n<li>Cellules souches<\/li>\n<li>Canc\u00e9rologie<\/li>\n<li>Syst\u00e8mes mod\u00e8les en biologie mol\u00e9culaire<\/li>\n<li>Biologie des syst\u00e8mes<\/li>\n<\/ul>\n<h2>Description de la recherche<\/h2>\n<p>Notre objectif est de d\u00e9finir les interactions mol\u00e9culaires d\u00e9terminantes pour le devenir des cellules h\u00e9matopo\u00ef\u00e9tiques par des approches fonctionnelles, g\u00e9n\u00e9tiques et prot\u00e9omiques.\u00a0 Nous nous int\u00e9ressons en particulier aux processus mol\u00e9culaires de leuc\u00e9mogen\u00e8se induits par les facteurs de transcription oncog\u00e9niques ainsi qu\u2019\u00e0 la biologie des cellules souches h\u00e9matopo\u00ef\u00e9tiques normales et leuc\u00e9miques. Nous avons d\u00e9fini les complexes prot\u00e9iques fonctionnels assembl\u00e9s par les facteurs de transcription oncog\u00e9niques au niveau mol\u00e9culaire ainsi que les \u00e9v\u00e9nements g\u00e9n\u00e9tiques requis pour transformer une cellule normale en cellule initiatrice de leuc\u00e9mie. Nous avons adopt\u00e9 une approche pluridisciplinaire bas\u00e9e sur l\u2019\u00e9tude des souris transg\u00e9niques et des souris g\u00e9n\u00e9tiquement d\u00e9ficientes (knock-out) comme mod\u00e8le g\u00e9n\u00e9tique du cancer. Les approches exp\u00e9rimentales incluent des techniques de prot\u00e9omiques et g\u00e9nomiques, de transfert g\u00e9nique, de transplantation et de cytom\u00e9trie en flux.<\/p>\n<\/div>\n<div class=\"one-half  \">\n<h2>Research axis<\/h2>\n<ul>\n<li>Protein interactions<\/li>\n<li>Immunology and hematopoiesis<\/li>\n<li>Stem cells<\/li>\n<li>Cancer<\/li>\n<li>Model systems in molecular biology<\/li>\n<li>Systems biology<\/li>\n<\/ul>\n<h2>Research description<\/h2>\n<p>The objective of our work is to define key molecular interactions that control cell fate in the hematopoietic system by functional, genetic and proteomic approaches and how these interactions are subverted in leukemia. In particular, we are interested in oncogenic transcription factors and the biology of hematopoietic stem cells (HSC) as well as leukemic stem cells. We have defined protein complexes that are assembled by oncogenic transcription factors at the molecular level as well as the set of transforming events that are required to turn a normal cell into a leukemia-initating cells at the genetic level.\u00a0 We have adopted a multidisciplinary approach based on studies of transgenic and knock-out mice as genetic models of cancer. Experimental approaches include proteomics, genomics, gene transfer, stem cell transplantation and flow cytometry.<\/p>\n<\/div>\n<hr\/>\n","protected":false},"excerpt":{"rendered":"<p>Coordonn\u00e9es IRIC &#8211; Universit\u00e9 de Montr\u00e9al T 514 343-6970 F 514 343-6945 trang.hoang@umontreal.ca www.hoanglab.org<\/p>\n","protected":false},"author":25,"featured_media":0,"parent":3557,"menu_order":0,"comment_status":"closed","ping_status":"open","template":"","meta":{"footnotes":""},"class_list":["post-3628","page","type-page","status-publish","hentry"],"yoast_head":"<!-- This site is optimized with the Yoast SEO plugin v25.0 - https:\/\/yoast.com\/wordpress\/plugins\/seo\/ -->\n<title>Hoang, Trang, Ph.D. - Programmes de biologie mol\u00e9culaire<\/title>\n<meta name=\"robots\" content=\"index, follow, max-snippet:-1, max-image-preview:large, max-video-preview:-1\" \/>\n<link rel=\"canonical\" href=\"https:\/\/biomol.umontreal.ca\/en\/research\/les-professeurs\/hoang-trang-ph-d\/\" \/>\n<meta property=\"og:locale\" content=\"en_US\" \/>\n<meta property=\"og:type\" content=\"article\" \/>\n<meta property=\"og:title\" content=\"Hoang, Trang, Ph.D. - Programmes de biologie mol\u00e9culaire\" \/>\n<meta property=\"og:description\" content=\"Coordonn\u00e9es IRIC &#8211; Universit\u00e9 de Montr\u00e9al T 514 343-6970 F 514 343-6945 trang.hoang@umontreal.ca www.hoanglab.org\" \/>\n<meta property=\"og:url\" content=\"https:\/\/biomol.umontreal.ca\/en\/research\/les-professeurs\/hoang-trang-ph-d\/\" \/>\n<meta property=\"og:site_name\" content=\"Programmes de biologie mol\u00e9culaire\" \/>\n<meta property=\"article:modified_time\" content=\"2026-02-01T19:23:37+00:00\" \/>\n<meta name=\"twitter:card\" content=\"summary_large_image\" \/>\n<meta name=\"twitter:label1\" content=\"Est. reading time\" \/>\n\t<meta name=\"twitter:data1\" content=\"2 minutes\" \/>\n<script type=\"application\/ld+json\" class=\"yoast-schema-graph\">{\"@context\":\"https:\/\/schema.org\",\"@graph\":[{\"@type\":\"WebPage\",\"@id\":\"https:\/\/biomol.umontreal.ca\/en\/research\/les-professeurs\/hoang-trang-ph-d\/\",\"url\":\"https:\/\/biomol.umontreal.ca\/en\/research\/les-professeurs\/hoang-trang-ph-d\/\",\"name\":\"Hoang, Trang, Ph.D. - Programmes de biologie mol\u00e9culaire\",\"isPartOf\":{\"@id\":\"https:\/\/biomol.umontreal.ca\/#website\"},\"datePublished\":\"2012-01-20T14:01:08+00:00\",\"dateModified\":\"2026-02-01T19:23:37+00:00\",\"breadcrumb\":{\"@id\":\"https:\/\/biomol.umontreal.ca\/en\/research\/les-professeurs\/hoang-trang-ph-d\/#breadcrumb\"},\"inLanguage\":\"en-US\",\"potentialAction\":[{\"@type\":\"ReadAction\",\"target\":[\"https:\/\/biomol.umontreal.ca\/en\/research\/les-professeurs\/hoang-trang-ph-d\/\"]}]},{\"@type\":\"BreadcrumbList\",\"@id\":\"https:\/\/biomol.umontreal.ca\/en\/research\/les-professeurs\/hoang-trang-ph-d\/#breadcrumb\",\"itemListElement\":[{\"@type\":\"ListItem\",\"position\":1,\"name\":\"Accueil\",\"item\":\"https:\/\/biomol.umontreal.ca\/en\/\"},{\"@type\":\"ListItem\",\"position\":2,\"name\":\"Research\",\"item\":\"https:\/\/biomol.umontreal.ca\/en\/research\/\"},{\"@type\":\"ListItem\",\"position\":3,\"name\":\"Our professors\",\"item\":\"https:\/\/biomol.umontreal.ca\/en\/research\/les-professeurs\/\"},{\"@type\":\"ListItem\",\"position\":4,\"name\":\"Hoang, Trang, Ph.D.\"}]},{\"@type\":\"WebSite\",\"@id\":\"https:\/\/biomol.umontreal.ca\/#website\",\"url\":\"https:\/\/biomol.umontreal.ca\/\",\"name\":\"Programmes de biologie mol\u00e9culaire\",\"description\":\"\",\"potentialAction\":[{\"@type\":\"SearchAction\",\"target\":{\"@type\":\"EntryPoint\",\"urlTemplate\":\"https:\/\/biomol.umontreal.ca\/?s={search_term_string}\"},\"query-input\":{\"@type\":\"PropertyValueSpecification\",\"valueRequired\":true,\"valueName\":\"search_term_string\"}}],\"inLanguage\":\"en-US\"}]}<\/script>\n<!-- \/ Yoast SEO plugin. -->","yoast_head_json":{"title":"Hoang, Trang, Ph.D. - Programmes de biologie mol\u00e9culaire","robots":{"index":"index","follow":"follow","max-snippet":"max-snippet:-1","max-image-preview":"max-image-preview:large","max-video-preview":"max-video-preview:-1"},"canonical":"https:\/\/biomol.umontreal.ca\/en\/research\/les-professeurs\/hoang-trang-ph-d\/","og_locale":"en_US","og_type":"article","og_title":"Hoang, Trang, Ph.D. - Programmes de biologie mol\u00e9culaire","og_description":"Coordonn\u00e9es IRIC &#8211; Universit\u00e9 de Montr\u00e9al T 514 343-6970 F 514 343-6945 trang.hoang@umontreal.ca www.hoanglab.org","og_url":"https:\/\/biomol.umontreal.ca\/en\/research\/les-professeurs\/hoang-trang-ph-d\/","og_site_name":"Programmes de biologie mol\u00e9culaire","article_modified_time":"2026-02-01T19:23:37+00:00","twitter_card":"summary_large_image","twitter_misc":{"Est. reading time":"2 minutes"},"schema":{"@context":"https:\/\/schema.org","@graph":[{"@type":"WebPage","@id":"https:\/\/biomol.umontreal.ca\/en\/research\/les-professeurs\/hoang-trang-ph-d\/","url":"https:\/\/biomol.umontreal.ca\/en\/research\/les-professeurs\/hoang-trang-ph-d\/","name":"Hoang, Trang, Ph.D. - Programmes de biologie mol\u00e9culaire","isPartOf":{"@id":"https:\/\/biomol.umontreal.ca\/#website"},"datePublished":"2012-01-20T14:01:08+00:00","dateModified":"2026-02-01T19:23:37+00:00","breadcrumb":{"@id":"https:\/\/biomol.umontreal.ca\/en\/research\/les-professeurs\/hoang-trang-ph-d\/#breadcrumb"},"inLanguage":"en-US","potentialAction":[{"@type":"ReadAction","target":["https:\/\/biomol.umontreal.ca\/en\/research\/les-professeurs\/hoang-trang-ph-d\/"]}]},{"@type":"BreadcrumbList","@id":"https:\/\/biomol.umontreal.ca\/en\/research\/les-professeurs\/hoang-trang-ph-d\/#breadcrumb","itemListElement":[{"@type":"ListItem","position":1,"name":"Accueil","item":"https:\/\/biomol.umontreal.ca\/en\/"},{"@type":"ListItem","position":2,"name":"Research","item":"https:\/\/biomol.umontreal.ca\/en\/research\/"},{"@type":"ListItem","position":3,"name":"Our professors","item":"https:\/\/biomol.umontreal.ca\/en\/research\/les-professeurs\/"},{"@type":"ListItem","position":4,"name":"Hoang, Trang, Ph.D."}]},{"@type":"WebSite","@id":"https:\/\/biomol.umontreal.ca\/#website","url":"https:\/\/biomol.umontreal.ca\/","name":"Programmes de biologie mol\u00e9culaire","description":"","potentialAction":[{"@type":"SearchAction","target":{"@type":"EntryPoint","urlTemplate":"https:\/\/biomol.umontreal.ca\/?s={search_term_string}"},"query-input":{"@type":"PropertyValueSpecification","valueRequired":true,"valueName":"search_term_string"}}],"inLanguage":"en-US"}]}},"_links":{"self":[{"href":"https:\/\/biomol.umontreal.ca\/en\/wp-json\/wp\/v2\/pages\/3628","targetHints":{"allow":["GET"]}}],"collection":[{"href":"https:\/\/biomol.umontreal.ca\/en\/wp-json\/wp\/v2\/pages"}],"about":[{"href":"https:\/\/biomol.umontreal.ca\/en\/wp-json\/wp\/v2\/types\/page"}],"author":[{"embeddable":true,"href":"https:\/\/biomol.umontreal.ca\/en\/wp-json\/wp\/v2\/users\/25"}],"replies":[{"embeddable":true,"href":"https:\/\/biomol.umontreal.ca\/en\/wp-json\/wp\/v2\/comments?post=3628"}],"version-history":[{"count":3,"href":"https:\/\/biomol.umontreal.ca\/en\/wp-json\/wp\/v2\/pages\/3628\/revisions"}],"predecessor-version":[{"id":6736,"href":"https:\/\/biomol.umontreal.ca\/en\/wp-json\/wp\/v2\/pages\/3628\/revisions\/6736"}],"up":[{"embeddable":true,"href":"https:\/\/biomol.umontreal.ca\/en\/wp-json\/wp\/v2\/pages\/3557"}],"wp:attachment":[{"href":"https:\/\/biomol.umontreal.ca\/en\/wp-json\/wp\/v2\/media?parent=3628"}],"curies":[{"name":"wp","href":"https:\/\/api.w.org\/{rel}","templated":true}]}}