{"id":3622,"date":"2012-01-23T10:41:27","date_gmt":"2012-01-23T15:41:27","guid":{"rendered":"https:\/\/biomol.umontreal.ca\/research\/professors\/hebert-marie-josee-md\/"},"modified":"2026-02-01T14:15:19","modified_gmt":"2026-02-01T19:15:19","slug":"hebert-marie-josee-md","status":"publish","type":"page","link":"https:\/\/biomol.umontreal.ca\/en\/research\/les-professeurs\/hebert-marie-josee-md\/","title":{"rendered":"H\u00e9bert, Marie-Jos\u00e9e, MD"},"content":{"rendered":"<h3>Coordonn\u00e9es<\/h3>\n<p>Centre de recherche CHUM<br \/>\nH\u00f4pital Notre-Dame<br \/>\n<strong>T<\/strong> 514 890-8000 #25393<br \/>\n<strong>F<\/strong>\u00a0514 412-7661<br \/>\n<a href=\"mailto:marie-josee.hebert.chum@ssss.gouv.qc.ca\">marie-josee.hebert.chum@ssss.gouv.qc.ca<\/a><\/p>\n<hr\/>\n<div class=\"one-half first \">\n<h2>Description de la recherche<\/h2>\n<p>L&#8217;int\u00e9r\u00eat principal du laboratoire porte sur les m\u00e9canismes mol\u00e9culaires de mort cellulaire programm\u00e9e au niveau endoth\u00e9lial suite \u00e0 la d\u00e9privation de facteur de croissance, au dommage \u00e0 l&#8217;ADN et \u00e0 l&#8217;exposition \u00e0 des inhibiteurs de la calcineurine. Nous travaillons aussi sur les cons\u00e9quences de l&#8217;apoptose endoth\u00e9liale sur le microenvironnement vasculaire. <\/div>\n<div class=\"one-half  \">\n<h2>Research description<\/h2>\n<p>Our laboratory is working on the molecular mechanisms implicated in regulation of apoptosis in endothelial cells secondary to growth factor deprivation, DNA damage and calcineurin inhibitors. We are also focusing on the repercussions of endothelial cell apoptosis on the vascular microenvironment.<\/p>\n<\/div><br \/>\n<hr\/><\/p>\n","protected":false},"excerpt":{"rendered":"<p>Coordonn\u00e9es Centre de recherche CHUM H\u00f4pital Notre-Dame T 514 890-8000 #25393 F\u00a0514 412-7661 marie-josee.hebert.chum@ssss.gouv.qc.ca<\/p>\n","protected":false},"author":1,"featured_media":0,"parent":3557,"menu_order":0,"comment_status":"closed","ping_status":"open","template":"","meta":{"footnotes":""},"class_list":["post-3622","page","type-page","status-publish","hentry"],"yoast_head":"<!-- This site is optimized with the Yoast SEO plugin v25.0 - https:\/\/yoast.com\/wordpress\/plugins\/seo\/ -->\n<title>H\u00e9bert, Marie-Jos\u00e9e, MD - Programmes de biologie mol\u00e9culaire<\/title>\n<meta name=\"robots\" content=\"index, follow, max-snippet:-1, max-image-preview:large, max-video-preview:-1\" \/>\n<link rel=\"canonical\" href=\"https:\/\/biomol.umontreal.ca\/en\/research\/les-professeurs\/hebert-marie-josee-md\/\" \/>\n<meta property=\"og:locale\" content=\"en_US\" \/>\n<meta property=\"og:type\" content=\"article\" \/>\n<meta property=\"og:title\" content=\"H\u00e9bert, Marie-Jos\u00e9e, MD - Programmes de biologie mol\u00e9culaire\" \/>\n<meta property=\"og:description\" content=\"Coordonn\u00e9es Centre de recherche CHUM H\u00f4pital Notre-Dame T 514 890-8000 #25393 F\u00a0514 412-7661 marie-josee.hebert.chum@ssss.gouv.qc.ca\" \/>\n<meta property=\"og:url\" content=\"https:\/\/biomol.umontreal.ca\/en\/research\/les-professeurs\/hebert-marie-josee-md\/\" \/>\n<meta property=\"og:site_name\" content=\"Programmes de biologie mol\u00e9culaire\" \/>\n<meta property=\"article:modified_time\" content=\"2026-02-01T19:15:19+00:00\" \/>\n<meta name=\"twitter:card\" content=\"summary_large_image\" \/>\n<meta name=\"twitter:label1\" content=\"Est. reading time\" \/>\n\t<meta name=\"twitter:data1\" content=\"1 minute\" \/>\n<script type=\"application\/ld+json\" class=\"yoast-schema-graph\">{\"@context\":\"https:\/\/schema.org\",\"@graph\":[{\"@type\":\"WebPage\",\"@id\":\"https:\/\/biomol.umontreal.ca\/en\/research\/les-professeurs\/hebert-marie-josee-md\/\",\"url\":\"https:\/\/biomol.umontreal.ca\/en\/research\/les-professeurs\/hebert-marie-josee-md\/\",\"name\":\"H\u00e9bert, Marie-Jos\u00e9e, MD - Programmes de biologie mol\u00e9culaire\",\"isPartOf\":{\"@id\":\"https:\/\/biomol.umontreal.ca\/#website\"},\"datePublished\":\"2012-01-23T15:41:27+00:00\",\"dateModified\":\"2026-02-01T19:15:19+00:00\",\"breadcrumb\":{\"@id\":\"https:\/\/biomol.umontreal.ca\/en\/research\/les-professeurs\/hebert-marie-josee-md\/#breadcrumb\"},\"inLanguage\":\"en-US\",\"potentialAction\":[{\"@type\":\"ReadAction\",\"target\":[\"https:\/\/biomol.umontreal.ca\/en\/research\/les-professeurs\/hebert-marie-josee-md\/\"]}]},{\"@type\":\"BreadcrumbList\",\"@id\":\"https:\/\/biomol.umontreal.ca\/en\/research\/les-professeurs\/hebert-marie-josee-md\/#breadcrumb\",\"itemListElement\":[{\"@type\":\"ListItem\",\"position\":1,\"name\":\"Accueil\",\"item\":\"https:\/\/biomol.umontreal.ca\/en\/\"},{\"@type\":\"ListItem\",\"position\":2,\"name\":\"Research\",\"item\":\"https:\/\/biomol.umontreal.ca\/en\/research\/\"},{\"@type\":\"ListItem\",\"position\":3,\"name\":\"Our professors\",\"item\":\"https:\/\/biomol.umontreal.ca\/en\/research\/les-professeurs\/\"},{\"@type\":\"ListItem\",\"position\":4,\"name\":\"H\u00e9bert, Marie-Jos\u00e9e, MD\"}]},{\"@type\":\"WebSite\",\"@id\":\"https:\/\/biomol.umontreal.ca\/#website\",\"url\":\"https:\/\/biomol.umontreal.ca\/\",\"name\":\"Programmes de biologie mol\u00e9culaire\",\"description\":\"\",\"potentialAction\":[{\"@type\":\"SearchAction\",\"target\":{\"@type\":\"EntryPoint\",\"urlTemplate\":\"https:\/\/biomol.umontreal.ca\/?s={search_term_string}\"},\"query-input\":{\"@type\":\"PropertyValueSpecification\",\"valueRequired\":true,\"valueName\":\"search_term_string\"}}],\"inLanguage\":\"en-US\"}]}<\/script>\n<!-- \/ Yoast SEO plugin. -->","yoast_head_json":{"title":"H\u00e9bert, Marie-Jos\u00e9e, MD - Programmes de biologie mol\u00e9culaire","robots":{"index":"index","follow":"follow","max-snippet":"max-snippet:-1","max-image-preview":"max-image-preview:large","max-video-preview":"max-video-preview:-1"},"canonical":"https:\/\/biomol.umontreal.ca\/en\/research\/les-professeurs\/hebert-marie-josee-md\/","og_locale":"en_US","og_type":"article","og_title":"H\u00e9bert, Marie-Jos\u00e9e, MD - Programmes de biologie mol\u00e9culaire","og_description":"Coordonn\u00e9es Centre de recherche CHUM H\u00f4pital Notre-Dame T 514 890-8000 #25393 F\u00a0514 412-7661 marie-josee.hebert.chum@ssss.gouv.qc.ca","og_url":"https:\/\/biomol.umontreal.ca\/en\/research\/les-professeurs\/hebert-marie-josee-md\/","og_site_name":"Programmes de biologie mol\u00e9culaire","article_modified_time":"2026-02-01T19:15:19+00:00","twitter_card":"summary_large_image","twitter_misc":{"Est. reading time":"1 minute"},"schema":{"@context":"https:\/\/schema.org","@graph":[{"@type":"WebPage","@id":"https:\/\/biomol.umontreal.ca\/en\/research\/les-professeurs\/hebert-marie-josee-md\/","url":"https:\/\/biomol.umontreal.ca\/en\/research\/les-professeurs\/hebert-marie-josee-md\/","name":"H\u00e9bert, Marie-Jos\u00e9e, MD - Programmes de biologie mol\u00e9culaire","isPartOf":{"@id":"https:\/\/biomol.umontreal.ca\/#website"},"datePublished":"2012-01-23T15:41:27+00:00","dateModified":"2026-02-01T19:15:19+00:00","breadcrumb":{"@id":"https:\/\/biomol.umontreal.ca\/en\/research\/les-professeurs\/hebert-marie-josee-md\/#breadcrumb"},"inLanguage":"en-US","potentialAction":[{"@type":"ReadAction","target":["https:\/\/biomol.umontreal.ca\/en\/research\/les-professeurs\/hebert-marie-josee-md\/"]}]},{"@type":"BreadcrumbList","@id":"https:\/\/biomol.umontreal.ca\/en\/research\/les-professeurs\/hebert-marie-josee-md\/#breadcrumb","itemListElement":[{"@type":"ListItem","position":1,"name":"Accueil","item":"https:\/\/biomol.umontreal.ca\/en\/"},{"@type":"ListItem","position":2,"name":"Research","item":"https:\/\/biomol.umontreal.ca\/en\/research\/"},{"@type":"ListItem","position":3,"name":"Our professors","item":"https:\/\/biomol.umontreal.ca\/en\/research\/les-professeurs\/"},{"@type":"ListItem","position":4,"name":"H\u00e9bert, Marie-Jos\u00e9e, MD"}]},{"@type":"WebSite","@id":"https:\/\/biomol.umontreal.ca\/#website","url":"https:\/\/biomol.umontreal.ca\/","name":"Programmes de biologie mol\u00e9culaire","description":"","potentialAction":[{"@type":"SearchAction","target":{"@type":"EntryPoint","urlTemplate":"https:\/\/biomol.umontreal.ca\/?s={search_term_string}"},"query-input":{"@type":"PropertyValueSpecification","valueRequired":true,"valueName":"search_term_string"}}],"inLanguage":"en-US"}]}},"_links":{"self":[{"href":"https:\/\/biomol.umontreal.ca\/en\/wp-json\/wp\/v2\/pages\/3622","targetHints":{"allow":["GET"]}}],"collection":[{"href":"https:\/\/biomol.umontreal.ca\/en\/wp-json\/wp\/v2\/pages"}],"about":[{"href":"https:\/\/biomol.umontreal.ca\/en\/wp-json\/wp\/v2\/types\/page"}],"author":[{"embeddable":true,"href":"https:\/\/biomol.umontreal.ca\/en\/wp-json\/wp\/v2\/users\/1"}],"replies":[{"embeddable":true,"href":"https:\/\/biomol.umontreal.ca\/en\/wp-json\/wp\/v2\/comments?post=3622"}],"version-history":[{"count":2,"href":"https:\/\/biomol.umontreal.ca\/en\/wp-json\/wp\/v2\/pages\/3622\/revisions"}],"predecessor-version":[{"id":6729,"href":"https:\/\/biomol.umontreal.ca\/en\/wp-json\/wp\/v2\/pages\/3622\/revisions\/6729"}],"up":[{"embeddable":true,"href":"https:\/\/biomol.umontreal.ca\/en\/wp-json\/wp\/v2\/pages\/3557"}],"wp:attachment":[{"href":"https:\/\/biomol.umontreal.ca\/en\/wp-json\/wp\/v2\/media?parent=3622"}],"curies":[{"name":"wp","href":"https:\/\/api.w.org\/{rel}","templated":true}]}}