{"id":3610,"date":"2012-01-19T23:16:13","date_gmt":"2012-01-20T04:16:13","guid":{"rendered":"https:\/\/biomol.umontreal.ca\/research\/professors\/damours-damien-ph-d\/"},"modified":"2013-08-16T15:52:18","modified_gmt":"2013-08-16T19:52:18","slug":"damours-damien-ph-d","status":"publish","type":"page","link":"https:\/\/biomol.umontreal.ca\/en\/research\/les-professeurs\/damours-damien-ph-d\/","title":{"rendered":"D\u2019amours, Damien, Ph.D."},"content":{"rendered":"<h3>Coordonn\u00e9es<\/h3>\n<p>Universit\u00e9 de Montr\u00e9al \u2013 IRIC<br \/>\nPavillon Marcelle-Coutu, Bureau 3306-15<br \/>\n<strong>T<\/strong> 514 343-6866<br \/>\n<strong>F<\/strong> 514 343-7383<br \/>\n<a href=\"mailto:damien.damours@umontreal.ca\">damien.damours@umontreal.ca<\/a><\/p>\n<hr\/>\n<div class=\"one-half first \">\n<h2>Axes de recherche<\/h2>\n<ul>\n<li>Signalisation intracellulaire<\/li>\n<li>Mitose<\/li>\n<li>Prot\u00e9omique<\/li>\n<li>Syst\u00e8mes mod\u00e8les en biologie mol\u00e9culaire<\/li>\n<\/ul>\n<h2>Description de recherche<\/h2>\n<p>Notre g\u00e9nome d\u00e9finit largement le comportement des cellules \u00e0 l&#8217;int\u00e9rieur de notre corps. Il n&#8217;est donc pas surprenant que les cellules canc\u00e9reuses aient appris \u00e0 alt\u00e9rer leur g\u00e9nome afin d&#8217;acqu\u00e9rir une capacit\u00e9 de multiplication cellulaire illimit\u00e9e et incontr\u00f4l\u00e9e. Notre unit\u00e9 de recherche r\u00e9unit une \u00e9quipe d&#8217;\u00e9tudiants gradu\u00e9s, de stagiaires postdoctoraux et de professionnels de recherche qui combinent leurs efforts afin d&#8217;identifier les m\u00e9canismes mol\u00e9culaires utilis\u00e9s par les cellules canc\u00e9reuses pour compromettre l&#8217;int\u00e9grit\u00e9 de leur g\u00e9nome.<\/p>\n<p>Nos efforts courants sont cibl\u00e9s vers la compr\u00e9hension du r\u00f4le de la machinerie du cycle cellulaire dans le contr\u00f4le de la structure de la chromatine durant la mitose. De plus, nous \u00e9tudions une maladie humaine de pr\u00e9disposition au cancer -le syndrome de cassure de Nijmegen- qui est caract\u00e9ris\u00e9e par un d\u00e9faut dans la r\u00e9gulation des voies de signalisation mol\u00e9culaire responsables de la d\u00e9tection des dommages \u00e0 l&#8217;ADN et de l\u2019arr\u00eat du cycle cellulaire en r\u00e9ponse \u00e0 ces dommages (i.e., checkpoints). La compr\u00e9hension des d\u00e9fauts mol\u00e9culaires responsables de cette maladie repr\u00e9sente une occasion inestimable pour identifier les facteurs cellulaires responsables du d\u00e9veloppement des cancers. En somme, notre programme de recherche int\u00e8gre plusieurs aspects fondamentaux de la biologie cellulaire, tels que la r\u00e9gulation de la structure de la chromatine et du cycle cellulaire par les prot\u00e9ases et les kinases des voies de transduction du signal.<\/p>\n<p>Afin de r\u00e9pondre \u00e0 ces questions biologiques, nous utilisons un des meilleurs organismes mod\u00e8les disponibles pour l&#8217;analyse de la r\u00e9gulation du cycle cellulaire chez les eucaryotes, la levure Saccharomyces cerevisiae. Nous combinons l&#8217;utilisation de ce mod\u00e8le \u00e0 une approche exp\u00e9rimentale bas\u00e9e sur des techniques de pointe de la biologie moderne, incluant la prot\u00e9omique (spectrom\u00e9trie de masse, analyse de phosphorylation, purification de complexes chromatiniens), la biologie cellulaire (microscopie en fluorescence de cellules vivantes, synchronisation cellulaire), et l&#8217;analyse de ph\u00e9notypes par g\u00e9n\u00e9tique mol\u00e9culaire. L&#8217;utilisation de ces outils nous a permis de r\u00e9v\u00e9ler l&#8217;existence d&#8217;un nouveau m\u00e9canisme fondamental pour la maintenance de l&#8217;int\u00e9grit\u00e9 chromosomique durant la division cellulaire (voir Ratsima et al., [2011] PNAS ; St-Pierre et al., [2009] Molecular Cell ; D&#8217;Amours et al., [2004] Cell).<\/p>\n<\/div>\n<div class=\"one-half  \">\n<h2>Research axis<\/h2>\n<ul>\n<li>Intracellular signaling<\/li>\n<li>Mitosis<\/li>\n<li>Proteomics<\/li>\n<li>Model systems in molecular biology<\/li>\n<\/ul>\n<h2>Research description<\/h2>\n<p>Our genome largely defines the behavior of the cells within our body. So, it is not surprising that cancer cells have learned to alter their genome as a means to promote uncontrolled and unlimited cell multiplication. Our research unit gathers a team of graduate students, post-doctoral fellows and research professionals who are combining their efforts to understand the molecular mechanisms used by cancer cells to corrupt the integrity of the human genome.<\/p>\n<p>Our current efforts are targeted at understanding how changes in chromatin structure are regulated by the cell cycle machinery during mitosis. We also study a human cancer-predisposition disease -the Nijmegen breakage syndrome- characterized by defects in cell cycle checkpoint regulation and genome instability. Cells from patients with this inherited disease have a very severe deficiency in the detection and repair of DNA damage, often resulting in altered chromosome structure. Understanding the molecular defects underlying this disease represent an invaluable opportunity to find key cellular players involved in cancer development. As a whole, our research program integrates fundamental aspects of cell biology such as how cell signaling by proteases and protein kinases regulates cell cycle progression and chromatin structure in dividing cells.<\/p>\n<p>We address these questions using one of the very best model organism available for the analysis of eukaryotic cell cycle regulation, the budding yeast Saccharomyces cerevisiae. We combine the use of this model organism with cutting edge technologies and experimental approaches, including proteomics (mass spectrometry, phosphorylation analyses, chromatin complex purification), cell biology (live cell microscopy, cell synchronization) and molecular genetic analyses. The use of these tools has allowed us to reveal the existence of a novel and fundamental mechanism necessary for the maintenance of chromosome integrity during cell division (see Ratsima et al., [2011] PNAS ; St-Pierre et al., [2009] Molecular Cell ; D&#8217;Amours et al., [2004] Cell; and our Research unit Web site (external) for more details).<\/p>\n<\/div>\n<hr\/>\n<h3>Publications<\/h3>\n<ul>\n<li>Goldberg M, Stucki M, Falck J, <strong>D&#8217;Amours D<\/strong>, Rahman D, Pappin D, Bartek J, Jackson SP. MDC1 is required for the intra-S-phase DNA damage checkpoint. <em>Nature <\/em>2003; <strong>421<\/strong>: 952-956.<\/li>\n<li><strong>D&#8217;Amours D<\/strong>, Stegmeier F, Amon A. Cdc14 and condensin control the dissolution of cohesin-independent chromosome linkages at repeated DNA. <em>Cell <\/em>2004; <strong>117: <\/strong>455-469.<\/li>\n<li>St-Pierre J, Douziech M, Bazile F, Pascariu M, Bonneil E, Sauv\u00e9 V, Ratsima H, <strong>D\u2019Amours D<\/strong>. Polo kinase regulates mitotic chromosome condensation by hyperactivation of condensin<strong> <\/strong>DNA supercoiling activity. <em>Molecular Cell <\/em>2009; <strong>34<\/strong>: 416-426.<\/li>\n<li>Roy, M-A, Siddiqui, N, <strong>D\u2019Amours, D<\/strong>. Dynamic and selective DNA-binding activity of Smc5, a core component of the Smc5-Smc6 complex. <em>Cell Cycle <\/em>2011; <strong>10<\/strong>: 690-700.<\/li>\n<li>Ratsima H, Ladouceur A-M, Pascariu M, Sauv\u00e9 V., Salloum, Z., Maddox PS, <strong>D\u2019Amours, D.<\/strong> Independent modulation of the kinase and polo-box activities of Cdc5 protein unravels unique roles in the maintenance of genome stability. <em>Proceedings of the National Academy of Sciences<\/em> 2011; <strong>108<\/strong>: E914\u2013E923.<\/li>\n<\/ul>\n","protected":false},"excerpt":{"rendered":"<p>Coordonn\u00e9es Universit\u00e9 de Montr\u00e9al \u2013 IRIC Pavillon Marcelle-Coutu, Bureau 3306-15 T 514 343-6866 F 514 343-7383 damien.damours@umontreal.ca Publications Goldberg M, Stucki M, Falck J, D&#8217;Amours D, Rahman D, Pappin D, [&hellip;]<\/p>\n","protected":false},"author":1,"featured_media":0,"parent":3557,"menu_order":0,"comment_status":"closed","ping_status":"open","template":"","meta":{"footnotes":""},"class_list":["post-3610","page","type-page","status-publish","hentry"],"yoast_head":"<!-- This site is optimized with the Yoast SEO plugin v25.0 - https:\/\/yoast.com\/wordpress\/plugins\/seo\/ -->\n<title>D\u2019amours, Damien, Ph.D. - Programmes de biologie mol\u00e9culaire<\/title>\n<meta name=\"robots\" content=\"index, follow, max-snippet:-1, max-image-preview:large, max-video-preview:-1\" \/>\n<link rel=\"canonical\" href=\"https:\/\/biomol.umontreal.ca\/en\/research\/les-professeurs\/damours-damien-ph-d\/\" \/>\n<meta property=\"og:locale\" content=\"en_US\" \/>\n<meta property=\"og:type\" content=\"article\" \/>\n<meta property=\"og:title\" content=\"D\u2019amours, Damien, Ph.D. - Programmes de biologie mol\u00e9culaire\" \/>\n<meta property=\"og:description\" content=\"Coordonn\u00e9es Universit\u00e9 de Montr\u00e9al \u2013 IRIC Pavillon Marcelle-Coutu, Bureau 3306-15 T 514 343-6866 F 514 343-7383 damien.damours@umontreal.ca Publications Goldberg M, Stucki M, Falck J, D&#8217;Amours D, Rahman D, Pappin D, [&hellip;]\" \/>\n<meta property=\"og:url\" content=\"https:\/\/biomol.umontreal.ca\/en\/research\/les-professeurs\/damours-damien-ph-d\/\" \/>\n<meta property=\"og:site_name\" content=\"Programmes de biologie mol\u00e9culaire\" \/>\n<meta property=\"article:modified_time\" content=\"2013-08-16T19:52:18+00:00\" \/>\n<meta name=\"twitter:card\" content=\"summary_large_image\" \/>\n<meta name=\"twitter:label1\" content=\"Est. reading time\" \/>\n\t<meta name=\"twitter:data1\" content=\"5 minutes\" \/>\n<script type=\"application\/ld+json\" class=\"yoast-schema-graph\">{\"@context\":\"https:\/\/schema.org\",\"@graph\":[{\"@type\":\"WebPage\",\"@id\":\"https:\/\/biomol.umontreal.ca\/en\/research\/les-professeurs\/damours-damien-ph-d\/\",\"url\":\"https:\/\/biomol.umontreal.ca\/en\/research\/les-professeurs\/damours-damien-ph-d\/\",\"name\":\"D\u2019amours, Damien, Ph.D. - Programmes de biologie mol\u00e9culaire\",\"isPartOf\":{\"@id\":\"https:\/\/biomol.umontreal.ca\/#website\"},\"datePublished\":\"2012-01-20T04:16:13+00:00\",\"dateModified\":\"2013-08-16T19:52:18+00:00\",\"breadcrumb\":{\"@id\":\"https:\/\/biomol.umontreal.ca\/en\/research\/les-professeurs\/damours-damien-ph-d\/#breadcrumb\"},\"inLanguage\":\"en-US\",\"potentialAction\":[{\"@type\":\"ReadAction\",\"target\":[\"https:\/\/biomol.umontreal.ca\/en\/research\/les-professeurs\/damours-damien-ph-d\/\"]}]},{\"@type\":\"BreadcrumbList\",\"@id\":\"https:\/\/biomol.umontreal.ca\/en\/research\/les-professeurs\/damours-damien-ph-d\/#breadcrumb\",\"itemListElement\":[{\"@type\":\"ListItem\",\"position\":1,\"name\":\"Accueil\",\"item\":\"https:\/\/biomol.umontreal.ca\/en\/\"},{\"@type\":\"ListItem\",\"position\":2,\"name\":\"Research\",\"item\":\"https:\/\/biomol.umontreal.ca\/en\/research\/\"},{\"@type\":\"ListItem\",\"position\":3,\"name\":\"Our professors\",\"item\":\"https:\/\/biomol.umontreal.ca\/en\/research\/les-professeurs\/\"},{\"@type\":\"ListItem\",\"position\":4,\"name\":\"D\u2019amours, Damien, Ph.D.\"}]},{\"@type\":\"WebSite\",\"@id\":\"https:\/\/biomol.umontreal.ca\/#website\",\"url\":\"https:\/\/biomol.umontreal.ca\/\",\"name\":\"Programmes de biologie mol\u00e9culaire\",\"description\":\"\",\"potentialAction\":[{\"@type\":\"SearchAction\",\"target\":{\"@type\":\"EntryPoint\",\"urlTemplate\":\"https:\/\/biomol.umontreal.ca\/?s={search_term_string}\"},\"query-input\":{\"@type\":\"PropertyValueSpecification\",\"valueRequired\":true,\"valueName\":\"search_term_string\"}}],\"inLanguage\":\"en-US\"}]}<\/script>\n<!-- \/ Yoast SEO plugin. -->","yoast_head_json":{"title":"D\u2019amours, Damien, Ph.D. - Programmes de biologie mol\u00e9culaire","robots":{"index":"index","follow":"follow","max-snippet":"max-snippet:-1","max-image-preview":"max-image-preview:large","max-video-preview":"max-video-preview:-1"},"canonical":"https:\/\/biomol.umontreal.ca\/en\/research\/les-professeurs\/damours-damien-ph-d\/","og_locale":"en_US","og_type":"article","og_title":"D\u2019amours, Damien, Ph.D. - Programmes de biologie mol\u00e9culaire","og_description":"Coordonn\u00e9es Universit\u00e9 de Montr\u00e9al \u2013 IRIC Pavillon Marcelle-Coutu, Bureau 3306-15 T 514 343-6866 F 514 343-7383 damien.damours@umontreal.ca Publications Goldberg M, Stucki M, Falck J, D&#8217;Amours D, Rahman D, Pappin D, [&hellip;]","og_url":"https:\/\/biomol.umontreal.ca\/en\/research\/les-professeurs\/damours-damien-ph-d\/","og_site_name":"Programmes de biologie mol\u00e9culaire","article_modified_time":"2013-08-16T19:52:18+00:00","twitter_card":"summary_large_image","twitter_misc":{"Est. reading time":"5 minutes"},"schema":{"@context":"https:\/\/schema.org","@graph":[{"@type":"WebPage","@id":"https:\/\/biomol.umontreal.ca\/en\/research\/les-professeurs\/damours-damien-ph-d\/","url":"https:\/\/biomol.umontreal.ca\/en\/research\/les-professeurs\/damours-damien-ph-d\/","name":"D\u2019amours, Damien, Ph.D. - Programmes de biologie mol\u00e9culaire","isPartOf":{"@id":"https:\/\/biomol.umontreal.ca\/#website"},"datePublished":"2012-01-20T04:16:13+00:00","dateModified":"2013-08-16T19:52:18+00:00","breadcrumb":{"@id":"https:\/\/biomol.umontreal.ca\/en\/research\/les-professeurs\/damours-damien-ph-d\/#breadcrumb"},"inLanguage":"en-US","potentialAction":[{"@type":"ReadAction","target":["https:\/\/biomol.umontreal.ca\/en\/research\/les-professeurs\/damours-damien-ph-d\/"]}]},{"@type":"BreadcrumbList","@id":"https:\/\/biomol.umontreal.ca\/en\/research\/les-professeurs\/damours-damien-ph-d\/#breadcrumb","itemListElement":[{"@type":"ListItem","position":1,"name":"Accueil","item":"https:\/\/biomol.umontreal.ca\/en\/"},{"@type":"ListItem","position":2,"name":"Research","item":"https:\/\/biomol.umontreal.ca\/en\/research\/"},{"@type":"ListItem","position":3,"name":"Our professors","item":"https:\/\/biomol.umontreal.ca\/en\/research\/les-professeurs\/"},{"@type":"ListItem","position":4,"name":"D\u2019amours, Damien, Ph.D."}]},{"@type":"WebSite","@id":"https:\/\/biomol.umontreal.ca\/#website","url":"https:\/\/biomol.umontreal.ca\/","name":"Programmes de biologie mol\u00e9culaire","description":"","potentialAction":[{"@type":"SearchAction","target":{"@type":"EntryPoint","urlTemplate":"https:\/\/biomol.umontreal.ca\/?s={search_term_string}"},"query-input":{"@type":"PropertyValueSpecification","valueRequired":true,"valueName":"search_term_string"}}],"inLanguage":"en-US"}]}},"_links":{"self":[{"href":"https:\/\/biomol.umontreal.ca\/en\/wp-json\/wp\/v2\/pages\/3610","targetHints":{"allow":["GET"]}}],"collection":[{"href":"https:\/\/biomol.umontreal.ca\/en\/wp-json\/wp\/v2\/pages"}],"about":[{"href":"https:\/\/biomol.umontreal.ca\/en\/wp-json\/wp\/v2\/types\/page"}],"author":[{"embeddable":true,"href":"https:\/\/biomol.umontreal.ca\/en\/wp-json\/wp\/v2\/users\/1"}],"replies":[{"embeddable":true,"href":"https:\/\/biomol.umontreal.ca\/en\/wp-json\/wp\/v2\/comments?post=3610"}],"version-history":[{"count":1,"href":"https:\/\/biomol.umontreal.ca\/en\/wp-json\/wp\/v2\/pages\/3610\/revisions"}],"predecessor-version":[{"id":3612,"href":"https:\/\/biomol.umontreal.ca\/en\/wp-json\/wp\/v2\/pages\/3610\/revisions\/3612"}],"up":[{"embeddable":true,"href":"https:\/\/biomol.umontreal.ca\/en\/wp-json\/wp\/v2\/pages\/3557"}],"wp:attachment":[{"href":"https:\/\/biomol.umontreal.ca\/en\/wp-json\/wp\/v2\/media?parent=3610"}],"curies":[{"name":"wp","href":"https:\/\/api.w.org\/{rel}","templated":true}]}}