{"id":3606,"date":"2012-01-20T13:48:51","date_gmt":"2012-01-20T18:48:51","guid":{"rendered":"https:\/\/biomol.umontreal.ca\/research\/professors\/drouin-jacques-d-sc\/"},"modified":"2013-08-16T15:51:17","modified_gmt":"2013-08-16T19:51:17","slug":"drouin-jacques-d-sc","status":"publish","type":"page","link":"https:\/\/biomol.umontreal.ca\/en\/research\/les-professeurs\/drouin-jacques-d-sc\/","title":{"rendered":"Drouin, Jacques, D.Sc."},"content":{"rendered":"<h3>Coordonn\u00e9es<\/h3>\n<p>IRCM<br \/>\n<strong>T<\/strong> 514 987-5680<br \/>\n<strong>F<\/strong> 514 987-5575<br \/>\n<a href=\"mailto:jacques.drouin@ircm.qc.ca\">jacques.drouin@ircm.qc.ca<\/a><\/p>\n<hr\/>\n<div class=\"one-half first \">\n<h2>Axes de recherche<\/h2>\n<ul>\n<li>D\u00e9veloppement et diff\u00e9renciation tissulaire<\/li>\n<li>G\u00e9nomique<\/li>\n<li>Endocrinologie<\/li>\n<li>G\u00e9n\u00e9tique humaine et maladies g\u00e9n\u00e9tiques<\/li>\n<\/ul>\n<h2>Description de la recherche<\/h2>\n<p>Nous \u00e9tudions les m\u00e9canismes transcriptionnels et \u00e9pig\u00e9n\u00e9tiques qui contr\u00f4lent le passage de cellules prog\u00e9nitrices \u00e0 diff\u00e9renci\u00e9es en utilisant autant les outils de la g\u00e9nomique que de la biologie mol\u00e9culaire, la g\u00e9n\u00e9tique humaine et la manipulation g\u00e9n\u00e9tique chez la souris. Le cycle cellulaire est \u00e9tudi\u00e9 au cours de l\u2019organogen\u00e8se hypophysaire autant pour ses m\u00e9canismes d\u00e9veloppementaux qu\u2019hormonaux ainsi que dans la perspective de la r\u00e9sistance hormonale qui accompagne le d\u00e9veloppement de tumeurs hypophysaires chez l\u2019homme (maladie de Cushing). Les m\u00e9canismes de survie cellulaire sont aussi \u00e9tudi\u00e9s dans les neurones dopaminergiques qui d\u00e9g\u00e9n\u00e8rent dans la maladie de Parkinson. Enfin, les m\u00e9canismes d\u2019identit\u00e9 cellulaire sont \u00e9tudi\u00e9s dans les membres (identit\u00e9 jambes versus bras) au cours du d\u00e9veloppement.<br \/>\n<\/div>\n<div class=\"one-half  \">\n<h2>Research axis<\/h2>\n<ul>\n<li>Development and tissue differentiation<\/li>\n<li>Genomic<\/li>\n<li>Endocrinology<\/li>\n<li>Human genetics and genetic diseases<\/li>\n<\/ul>\n<h2>Research description<\/h2>\n<p>We study transcriptional and epigenetic mechanisms that control the transition from progenitor to differentiated cells using the tools of genomics, molecular biology, human genetics and gene manipulation in mice. We study the cell cycle during pituitary organogenesis in order to identify control mechanisms that are involved in development as well as in response to hormones: these studies are translated into understanding the hormone resistance that characterizes pituitary tumors in man (Cushing\u2019s disease). The mechanisms of cell survival are also investigated in the dopaminergic neurons that degenerate in Parkinson disease. Finally, mechanisms governing cell identity are also studied in limbs (hind- versus forelimb identity) for their patterning role in development.<br \/>\n<\/div>\n","protected":false},"excerpt":{"rendered":"<p>Coordonn\u00e9es IRCM T 514 987-5680 F 514 987-5575 jacques.drouin@ircm.qc.ca<\/p>\n","protected":false},"author":1,"featured_media":0,"parent":3557,"menu_order":0,"comment_status":"closed","ping_status":"open","template":"","meta":{"footnotes":""},"class_list":["post-3606","page","type-page","status-publish","hentry"],"yoast_head":"<!-- This site is optimized with the Yoast SEO plugin v25.0 - https:\/\/yoast.com\/wordpress\/plugins\/seo\/ -->\n<title>Drouin, Jacques, D.Sc. - Programmes de biologie mol\u00e9culaire<\/title>\n<meta name=\"robots\" content=\"index, follow, max-snippet:-1, max-image-preview:large, max-video-preview:-1\" \/>\n<link rel=\"canonical\" href=\"https:\/\/biomol.umontreal.ca\/en\/research\/les-professeurs\/drouin-jacques-d-sc\/\" \/>\n<meta property=\"og:locale\" content=\"en_US\" \/>\n<meta property=\"og:type\" content=\"article\" \/>\n<meta property=\"og:title\" content=\"Drouin, Jacques, D.Sc. - Programmes de biologie mol\u00e9culaire\" \/>\n<meta property=\"og:description\" content=\"Coordonn\u00e9es IRCM T 514 987-5680 F 514 987-5575 jacques.drouin@ircm.qc.ca\" \/>\n<meta property=\"og:url\" content=\"https:\/\/biomol.umontreal.ca\/en\/research\/les-professeurs\/drouin-jacques-d-sc\/\" \/>\n<meta property=\"og:site_name\" content=\"Programmes de biologie mol\u00e9culaire\" \/>\n<meta property=\"article:modified_time\" content=\"2013-08-16T19:51:17+00:00\" \/>\n<meta name=\"twitter:card\" content=\"summary_large_image\" \/>\n<meta name=\"twitter:label1\" content=\"Est. reading time\" \/>\n\t<meta name=\"twitter:data1\" content=\"2 minutes\" \/>\n<script type=\"application\/ld+json\" class=\"yoast-schema-graph\">{\"@context\":\"https:\/\/schema.org\",\"@graph\":[{\"@type\":\"WebPage\",\"@id\":\"https:\/\/biomol.umontreal.ca\/en\/research\/les-professeurs\/drouin-jacques-d-sc\/\",\"url\":\"https:\/\/biomol.umontreal.ca\/en\/research\/les-professeurs\/drouin-jacques-d-sc\/\",\"name\":\"Drouin, Jacques, D.Sc. - Programmes de biologie mol\u00e9culaire\",\"isPartOf\":{\"@id\":\"https:\/\/biomol.umontreal.ca\/#website\"},\"datePublished\":\"2012-01-20T18:48:51+00:00\",\"dateModified\":\"2013-08-16T19:51:17+00:00\",\"breadcrumb\":{\"@id\":\"https:\/\/biomol.umontreal.ca\/en\/research\/les-professeurs\/drouin-jacques-d-sc\/#breadcrumb\"},\"inLanguage\":\"en-US\",\"potentialAction\":[{\"@type\":\"ReadAction\",\"target\":[\"https:\/\/biomol.umontreal.ca\/en\/research\/les-professeurs\/drouin-jacques-d-sc\/\"]}]},{\"@type\":\"BreadcrumbList\",\"@id\":\"https:\/\/biomol.umontreal.ca\/en\/research\/les-professeurs\/drouin-jacques-d-sc\/#breadcrumb\",\"itemListElement\":[{\"@type\":\"ListItem\",\"position\":1,\"name\":\"Accueil\",\"item\":\"https:\/\/biomol.umontreal.ca\/en\/\"},{\"@type\":\"ListItem\",\"position\":2,\"name\":\"Research\",\"item\":\"https:\/\/biomol.umontreal.ca\/en\/research\/\"},{\"@type\":\"ListItem\",\"position\":3,\"name\":\"Our professors\",\"item\":\"https:\/\/biomol.umontreal.ca\/en\/research\/les-professeurs\/\"},{\"@type\":\"ListItem\",\"position\":4,\"name\":\"Drouin, Jacques, D.Sc.\"}]},{\"@type\":\"WebSite\",\"@id\":\"https:\/\/biomol.umontreal.ca\/#website\",\"url\":\"https:\/\/biomol.umontreal.ca\/\",\"name\":\"Programmes de biologie mol\u00e9culaire\",\"description\":\"\",\"potentialAction\":[{\"@type\":\"SearchAction\",\"target\":{\"@type\":\"EntryPoint\",\"urlTemplate\":\"https:\/\/biomol.umontreal.ca\/?s={search_term_string}\"},\"query-input\":{\"@type\":\"PropertyValueSpecification\",\"valueRequired\":true,\"valueName\":\"search_term_string\"}}],\"inLanguage\":\"en-US\"}]}<\/script>\n<!-- \/ Yoast SEO plugin. -->","yoast_head_json":{"title":"Drouin, Jacques, D.Sc. - Programmes de biologie mol\u00e9culaire","robots":{"index":"index","follow":"follow","max-snippet":"max-snippet:-1","max-image-preview":"max-image-preview:large","max-video-preview":"max-video-preview:-1"},"canonical":"https:\/\/biomol.umontreal.ca\/en\/research\/les-professeurs\/drouin-jacques-d-sc\/","og_locale":"en_US","og_type":"article","og_title":"Drouin, Jacques, D.Sc. - Programmes de biologie mol\u00e9culaire","og_description":"Coordonn\u00e9es IRCM T 514 987-5680 F 514 987-5575 jacques.drouin@ircm.qc.ca","og_url":"https:\/\/biomol.umontreal.ca\/en\/research\/les-professeurs\/drouin-jacques-d-sc\/","og_site_name":"Programmes de biologie mol\u00e9culaire","article_modified_time":"2013-08-16T19:51:17+00:00","twitter_card":"summary_large_image","twitter_misc":{"Est. reading time":"2 minutes"},"schema":{"@context":"https:\/\/schema.org","@graph":[{"@type":"WebPage","@id":"https:\/\/biomol.umontreal.ca\/en\/research\/les-professeurs\/drouin-jacques-d-sc\/","url":"https:\/\/biomol.umontreal.ca\/en\/research\/les-professeurs\/drouin-jacques-d-sc\/","name":"Drouin, Jacques, D.Sc. - Programmes de biologie mol\u00e9culaire","isPartOf":{"@id":"https:\/\/biomol.umontreal.ca\/#website"},"datePublished":"2012-01-20T18:48:51+00:00","dateModified":"2013-08-16T19:51:17+00:00","breadcrumb":{"@id":"https:\/\/biomol.umontreal.ca\/en\/research\/les-professeurs\/drouin-jacques-d-sc\/#breadcrumb"},"inLanguage":"en-US","potentialAction":[{"@type":"ReadAction","target":["https:\/\/biomol.umontreal.ca\/en\/research\/les-professeurs\/drouin-jacques-d-sc\/"]}]},{"@type":"BreadcrumbList","@id":"https:\/\/biomol.umontreal.ca\/en\/research\/les-professeurs\/drouin-jacques-d-sc\/#breadcrumb","itemListElement":[{"@type":"ListItem","position":1,"name":"Accueil","item":"https:\/\/biomol.umontreal.ca\/en\/"},{"@type":"ListItem","position":2,"name":"Research","item":"https:\/\/biomol.umontreal.ca\/en\/research\/"},{"@type":"ListItem","position":3,"name":"Our professors","item":"https:\/\/biomol.umontreal.ca\/en\/research\/les-professeurs\/"},{"@type":"ListItem","position":4,"name":"Drouin, Jacques, D.Sc."}]},{"@type":"WebSite","@id":"https:\/\/biomol.umontreal.ca\/#website","url":"https:\/\/biomol.umontreal.ca\/","name":"Programmes de biologie mol\u00e9culaire","description":"","potentialAction":[{"@type":"SearchAction","target":{"@type":"EntryPoint","urlTemplate":"https:\/\/biomol.umontreal.ca\/?s={search_term_string}"},"query-input":{"@type":"PropertyValueSpecification","valueRequired":true,"valueName":"search_term_string"}}],"inLanguage":"en-US"}]}},"_links":{"self":[{"href":"https:\/\/biomol.umontreal.ca\/en\/wp-json\/wp\/v2\/pages\/3606","targetHints":{"allow":["GET"]}}],"collection":[{"href":"https:\/\/biomol.umontreal.ca\/en\/wp-json\/wp\/v2\/pages"}],"about":[{"href":"https:\/\/biomol.umontreal.ca\/en\/wp-json\/wp\/v2\/types\/page"}],"author":[{"embeddable":true,"href":"https:\/\/biomol.umontreal.ca\/en\/wp-json\/wp\/v2\/users\/1"}],"replies":[{"embeddable":true,"href":"https:\/\/biomol.umontreal.ca\/en\/wp-json\/wp\/v2\/comments?post=3606"}],"version-history":[{"count":1,"href":"https:\/\/biomol.umontreal.ca\/en\/wp-json\/wp\/v2\/pages\/3606\/revisions"}],"predecessor-version":[{"id":3608,"href":"https:\/\/biomol.umontreal.ca\/en\/wp-json\/wp\/v2\/pages\/3606\/revisions\/3608"}],"up":[{"embeddable":true,"href":"https:\/\/biomol.umontreal.ca\/en\/wp-json\/wp\/v2\/pages\/3557"}],"wp:attachment":[{"href":"https:\/\/biomol.umontreal.ca\/en\/wp-json\/wp\/v2\/media?parent=3606"}],"curies":[{"name":"wp","href":"https:\/\/api.w.org\/{rel}","templated":true}]}}