{"id":3599,"date":"2012-01-20T12:31:20","date_gmt":"2012-01-20T17:31:20","guid":{"rendered":"https:\/\/biomol.umontreal.ca\/research\/professors\/deng-alan-y-ph-d-f-a-h-a-2\/"},"modified":"2026-02-01T13:42:55","modified_gmt":"2026-02-01T18:42:55","slug":"deng-alan-y-ph-d-f-a-h-a-2","status":"publish","type":"page","link":"https:\/\/biomol.umontreal.ca\/en\/research\/les-professeurs\/deng-alan-y-ph-d-f-a-h-a-2\/","title":{"rendered":"Deng, Alan Y., Ph.D., F.A.H.A."},"content":{"rendered":"<p>Chercheur titulaire de m\u00e9decine\/Professor of Medicine<br \/>\nChef du Laboratoire de G\u00e9n\u00e9tique Mol\u00e9culaire\/Chief of Molecular Genetics<\/p>\n<h3>Coordonn\u00e9es<\/h3>\n<p>Research Centre-Centre Hospitalier de l&#8217;Universit\u00e9 de Montr\u00e9al (CHUM)<br \/>\nTechnop\u00f4le Angus<br \/>\n2901, Rachel Est, bureau 312<br \/>\nMontr\u00e9al (Qu\u00e9bec) H1W 4A4 Canada<\/p>\n<p><strong>T<\/strong> 514 890-8000 #23614 (bureau\/office)<br \/>\n#23656\/#27413 (lab0\/lab)<br \/>\n#23645 (bureau\/tech office)<br \/>\n#23618 (\u00e9tudiants\/students)<br \/>\n<strong>F<\/strong> 514 412-7655<br \/>\n<a href=\"mailto:alan.deng@umontreal.ca\">alan.deng@umontreal.ca<\/a><\/p>\n<hr\/>\n<div class=\"one-half first \">\n<h2>Axes de recherche<\/h2>\n<ul>\n<li>Maladies cardiovasculaires<\/li>\n<li>G\u00e9nomique<\/li>\n<\/ul>\n<h2>Description de la recherche<\/h2>\n<p>Les maladies cardiovasculaires sont une cause importante de mortalit\u00e9 en Am\u00e9rique du Nord. L\u2019hypertension est un trait complexe sous l\u2019influence d\u2019un grand nombre de facteurs g\u00e9n\u00e9tiques et environnementaux. Des mod\u00e8les animaux existent afin de simplifier l\u2019\u00e9tude de ce d\u00e9sordre. Des souches de rats cong\u00e9niques s\u2019appliquant \u00e0 l\u2019\u00e9tude de la pression art\u00e9rielle (PA) sont utilis\u00e9es. Le docteur Deng et son \u00e9quipe tentent de localiser et identifier des locus pour traits quantitatifs (QTL) impliqu\u00e9s dans le contr\u00f4le de la PA.<\/p>\n<\/div>\n<div class=\"one-half  \">\n<h2>Research axis<\/h2>\n<ul>\n<li>Cardiovascular diseases<\/li>\n<li>Genomic<\/li>\n<\/ul>\n<h2>Research description<\/h2>\n<p>Studies on genetics of cardiovascular diseases and other traits of biological importance.\u00a0 Research interests in genetics of hypertension using animal models.\u00a0 Active in building up genome resources for genetic research in the rat.\u00a0 We employ the state-of-the-art technology in molecular genetics and informatics.<\/p>\n<\/div><br \/>\n<hr\/><\/p>\n","protected":false},"excerpt":{"rendered":"<p>Chercheur titulaire de m\u00e9decine\/Professor of Medicine Chef du Laboratoire de G\u00e9n\u00e9tique Mol\u00e9culaire\/Chief of Molecular Genetics Coordonn\u00e9es Research Centre-Centre Hospitalier de l&#8217;Universit\u00e9 de Montr\u00e9al (CHUM) Technop\u00f4le Angus 2901, Rachel Est, bureau [&hellip;]<\/p>\n","protected":false},"author":1,"featured_media":0,"parent":3557,"menu_order":0,"comment_status":"closed","ping_status":"closed","template":"","meta":{"footnotes":""},"class_list":["post-3599","page","type-page","status-publish","hentry"],"yoast_head":"<!-- This site is optimized with the Yoast SEO plugin v25.0 - https:\/\/yoast.com\/wordpress\/plugins\/seo\/ -->\n<title>Deng, Alan Y., Ph.D., F.A.H.A. - Programmes de biologie mol\u00e9culaire<\/title>\n<meta name=\"robots\" content=\"index, follow, max-snippet:-1, max-image-preview:large, max-video-preview:-1\" \/>\n<link rel=\"canonical\" href=\"https:\/\/biomol.umontreal.ca\/en\/research\/les-professeurs\/deng-alan-y-ph-d-f-a-h-a-2\/\" \/>\n<meta property=\"og:locale\" content=\"en_US\" \/>\n<meta property=\"og:type\" content=\"article\" \/>\n<meta property=\"og:title\" content=\"Deng, Alan Y., Ph.D., F.A.H.A. - Programmes de biologie mol\u00e9culaire\" \/>\n<meta property=\"og:description\" content=\"Chercheur titulaire de m\u00e9decine\/Professor of Medicine Chef du Laboratoire de G\u00e9n\u00e9tique Mol\u00e9culaire\/Chief of Molecular Genetics Coordonn\u00e9es Research Centre-Centre Hospitalier de l&#8217;Universit\u00e9 de Montr\u00e9al (CHUM) Technop\u00f4le Angus 2901, Rachel Est, bureau [&hellip;]\" \/>\n<meta property=\"og:url\" content=\"https:\/\/biomol.umontreal.ca\/en\/research\/les-professeurs\/deng-alan-y-ph-d-f-a-h-a-2\/\" \/>\n<meta property=\"og:site_name\" content=\"Programmes de biologie mol\u00e9culaire\" \/>\n<meta property=\"article:modified_time\" content=\"2026-02-01T18:42:55+00:00\" \/>\n<meta name=\"twitter:card\" content=\"summary_large_image\" \/>\n<meta name=\"twitter:label1\" content=\"Est. reading time\" \/>\n\t<meta name=\"twitter:data1\" content=\"1 minute\" \/>\n<script type=\"application\/ld+json\" class=\"yoast-schema-graph\">{\"@context\":\"https:\/\/schema.org\",\"@graph\":[{\"@type\":\"WebPage\",\"@id\":\"https:\/\/biomol.umontreal.ca\/en\/research\/les-professeurs\/deng-alan-y-ph-d-f-a-h-a-2\/\",\"url\":\"https:\/\/biomol.umontreal.ca\/en\/research\/les-professeurs\/deng-alan-y-ph-d-f-a-h-a-2\/\",\"name\":\"Deng, Alan Y., Ph.D., F.A.H.A. - Programmes de biologie mol\u00e9culaire\",\"isPartOf\":{\"@id\":\"https:\/\/biomol.umontreal.ca\/#website\"},\"datePublished\":\"2012-01-20T17:31:20+00:00\",\"dateModified\":\"2026-02-01T18:42:55+00:00\",\"breadcrumb\":{\"@id\":\"https:\/\/biomol.umontreal.ca\/en\/research\/les-professeurs\/deng-alan-y-ph-d-f-a-h-a-2\/#breadcrumb\"},\"inLanguage\":\"en-US\",\"potentialAction\":[{\"@type\":\"ReadAction\",\"target\":[\"https:\/\/biomol.umontreal.ca\/en\/research\/les-professeurs\/deng-alan-y-ph-d-f-a-h-a-2\/\"]}]},{\"@type\":\"BreadcrumbList\",\"@id\":\"https:\/\/biomol.umontreal.ca\/en\/research\/les-professeurs\/deng-alan-y-ph-d-f-a-h-a-2\/#breadcrumb\",\"itemListElement\":[{\"@type\":\"ListItem\",\"position\":1,\"name\":\"Accueil\",\"item\":\"https:\/\/biomol.umontreal.ca\/en\/\"},{\"@type\":\"ListItem\",\"position\":2,\"name\":\"Research\",\"item\":\"https:\/\/biomol.umontreal.ca\/en\/research\/\"},{\"@type\":\"ListItem\",\"position\":3,\"name\":\"Our professors\",\"item\":\"https:\/\/biomol.umontreal.ca\/en\/research\/les-professeurs\/\"},{\"@type\":\"ListItem\",\"position\":4,\"name\":\"Deng, Alan Y., Ph.D., F.A.H.A.\"}]},{\"@type\":\"WebSite\",\"@id\":\"https:\/\/biomol.umontreal.ca\/#website\",\"url\":\"https:\/\/biomol.umontreal.ca\/\",\"name\":\"Programmes de biologie mol\u00e9culaire\",\"description\":\"\",\"potentialAction\":[{\"@type\":\"SearchAction\",\"target\":{\"@type\":\"EntryPoint\",\"urlTemplate\":\"https:\/\/biomol.umontreal.ca\/?s={search_term_string}\"},\"query-input\":{\"@type\":\"PropertyValueSpecification\",\"valueRequired\":true,\"valueName\":\"search_term_string\"}}],\"inLanguage\":\"en-US\"}]}<\/script>\n<!-- \/ Yoast SEO plugin. -->","yoast_head_json":{"title":"Deng, Alan Y., Ph.D., F.A.H.A. - Programmes de biologie mol\u00e9culaire","robots":{"index":"index","follow":"follow","max-snippet":"max-snippet:-1","max-image-preview":"max-image-preview:large","max-video-preview":"max-video-preview:-1"},"canonical":"https:\/\/biomol.umontreal.ca\/en\/research\/les-professeurs\/deng-alan-y-ph-d-f-a-h-a-2\/","og_locale":"en_US","og_type":"article","og_title":"Deng, Alan Y., Ph.D., F.A.H.A. - Programmes de biologie mol\u00e9culaire","og_description":"Chercheur titulaire de m\u00e9decine\/Professor of Medicine Chef du Laboratoire de G\u00e9n\u00e9tique Mol\u00e9culaire\/Chief of Molecular Genetics Coordonn\u00e9es Research Centre-Centre Hospitalier de l&#8217;Universit\u00e9 de Montr\u00e9al (CHUM) Technop\u00f4le Angus 2901, Rachel Est, bureau [&hellip;]","og_url":"https:\/\/biomol.umontreal.ca\/en\/research\/les-professeurs\/deng-alan-y-ph-d-f-a-h-a-2\/","og_site_name":"Programmes de biologie mol\u00e9culaire","article_modified_time":"2026-02-01T18:42:55+00:00","twitter_card":"summary_large_image","twitter_misc":{"Est. reading time":"1 minute"},"schema":{"@context":"https:\/\/schema.org","@graph":[{"@type":"WebPage","@id":"https:\/\/biomol.umontreal.ca\/en\/research\/les-professeurs\/deng-alan-y-ph-d-f-a-h-a-2\/","url":"https:\/\/biomol.umontreal.ca\/en\/research\/les-professeurs\/deng-alan-y-ph-d-f-a-h-a-2\/","name":"Deng, Alan Y., Ph.D., F.A.H.A. - Programmes de biologie mol\u00e9culaire","isPartOf":{"@id":"https:\/\/biomol.umontreal.ca\/#website"},"datePublished":"2012-01-20T17:31:20+00:00","dateModified":"2026-02-01T18:42:55+00:00","breadcrumb":{"@id":"https:\/\/biomol.umontreal.ca\/en\/research\/les-professeurs\/deng-alan-y-ph-d-f-a-h-a-2\/#breadcrumb"},"inLanguage":"en-US","potentialAction":[{"@type":"ReadAction","target":["https:\/\/biomol.umontreal.ca\/en\/research\/les-professeurs\/deng-alan-y-ph-d-f-a-h-a-2\/"]}]},{"@type":"BreadcrumbList","@id":"https:\/\/biomol.umontreal.ca\/en\/research\/les-professeurs\/deng-alan-y-ph-d-f-a-h-a-2\/#breadcrumb","itemListElement":[{"@type":"ListItem","position":1,"name":"Accueil","item":"https:\/\/biomol.umontreal.ca\/en\/"},{"@type":"ListItem","position":2,"name":"Research","item":"https:\/\/biomol.umontreal.ca\/en\/research\/"},{"@type":"ListItem","position":3,"name":"Our professors","item":"https:\/\/biomol.umontreal.ca\/en\/research\/les-professeurs\/"},{"@type":"ListItem","position":4,"name":"Deng, Alan Y., Ph.D., F.A.H.A."}]},{"@type":"WebSite","@id":"https:\/\/biomol.umontreal.ca\/#website","url":"https:\/\/biomol.umontreal.ca\/","name":"Programmes de biologie mol\u00e9culaire","description":"","potentialAction":[{"@type":"SearchAction","target":{"@type":"EntryPoint","urlTemplate":"https:\/\/biomol.umontreal.ca\/?s={search_term_string}"},"query-input":{"@type":"PropertyValueSpecification","valueRequired":true,"valueName":"search_term_string"}}],"inLanguage":"en-US"}]}},"_links":{"self":[{"href":"https:\/\/biomol.umontreal.ca\/en\/wp-json\/wp\/v2\/pages\/3599","targetHints":{"allow":["GET"]}}],"collection":[{"href":"https:\/\/biomol.umontreal.ca\/en\/wp-json\/wp\/v2\/pages"}],"about":[{"href":"https:\/\/biomol.umontreal.ca\/en\/wp-json\/wp\/v2\/types\/page"}],"author":[{"embeddable":true,"href":"https:\/\/biomol.umontreal.ca\/en\/wp-json\/wp\/v2\/users\/1"}],"replies":[{"embeddable":true,"href":"https:\/\/biomol.umontreal.ca\/en\/wp-json\/wp\/v2\/comments?post=3599"}],"version-history":[{"count":2,"href":"https:\/\/biomol.umontreal.ca\/en\/wp-json\/wp\/v2\/pages\/3599\/revisions"}],"predecessor-version":[{"id":6703,"href":"https:\/\/biomol.umontreal.ca\/en\/wp-json\/wp\/v2\/pages\/3599\/revisions\/6703"}],"up":[{"embeddable":true,"href":"https:\/\/biomol.umontreal.ca\/en\/wp-json\/wp\/v2\/pages\/3557"}],"wp:attachment":[{"href":"https:\/\/biomol.umontreal.ca\/en\/wp-json\/wp\/v2\/media?parent=3599"}],"curies":[{"name":"wp","href":"https:\/\/api.w.org\/{rel}","templated":true}]}}