{"id":3598,"date":"2012-01-19T23:00:06","date_gmt":"2012-01-20T04:00:06","guid":{"rendered":"https:\/\/biomol.umontreal.ca\/research\/professors\/cote-jean-francois-ph-d\/"},"modified":"2026-02-01T13:40:56","modified_gmt":"2026-02-01T18:40:56","slug":"cote-jean-francois-ph-d","status":"publish","type":"page","link":"https:\/\/biomol.umontreal.ca\/en\/research\/les-professeurs\/cote-jean-francois-ph-d\/","title":{"rendered":"C\u00f4t\u00e9, Jean-Fran\u00e7ois, Ph.D."},"content":{"rendered":"<h3>Coordonn\u00e9es<\/h3>\n<p>IRCM<br \/>\n<strong>T<\/strong> 514 987-5647<br \/>\n<strong>F<\/strong> 514 987-5624<br \/>\n<a href=\"mailto:Jean-Francois.Cote@ircm.qc.ca\">Jean-Francois.Cote@ircm.qc.ca<\/a><br \/>\n<hr\/><\/p>\n<div class=\"one-half first \">\n<h2>Axes de recherche<\/h2>\n<ul>\n<li>Interactions prot\u00e9iques<\/li>\n<li>Signalisation intracellulaire<\/li>\n<li>D\u00e9veloppement et diff\u00e9renciation tissulaire<\/li>\n<li>Canc\u00e9rologie<\/li>\n<\/ul>\n<h2>Description de la recherche<\/h2>\n<p>La r\u00e9organisation dynamique et constante du squelette d\u2019actine permet les changements d\u2019apparence, de ronde jusqu\u2019\u00e0 allong\u00e9e, que peuvent adopter les cellules.\u00a0 Ces m\u00e9tamorphoses cellulaires sont essentielles dans des processus biologiques normaux tels que la motilit\u00e9 cellulaire et le d\u00e9veloppement des muscles et des reins. Au niveau du cancer, le remodelage du squelette cellulaire est directement impliqu\u00e9 dans la diss\u00e9mination m\u00e9tastatique, un \u00e9v\u00e8nement destructeur mettant en jeu la survie des patients.<\/p>\n<p>Le Dr Jean-Fran\u00e7ois C\u00f4t\u00e9 s\u2019int\u00e9resse \u00e0 comprendre les voies de signalisation qui contr\u00f4lent la migration cellulaire principalement via la r\u00e9organisation du cytosquelette d\u2019actine. Un des projets principaux de son laboratoire est centr\u00e9 sur l\u2019\u00e9tude du complexe prot\u00e9ique DOCK180\/ELMO et de l\u2019activation de Rac dans la r\u00e9organisation du cytosquelette menant \u00e0 la migration directionnelle des cellules. Ces prot\u00e9ines sont essentielles \u00e0 plusieurs processus physiologiques mais sont aussi directement impliqu\u00e9es dans la motilit\u00e9 des cellules canc\u00e9reuses. Les \u00e9tudes de son unit\u00e9 sont multidisciplinaires (approches biochimiques, cellulaires, g\u00e9n\u00e9tiques et structurales) ayant comme objectif de diss\u00e9quer les m\u00e9canismes mol\u00e9culaires contr\u00f4lant l\u2019organisation du cytosquelette. Dans le cancer, la migration cellulaire, commun\u00e9ment appel\u00e9e invasion pour les cellules canc\u00e9reuses, contribue de fa\u00e7on majeure \u00e0 la progression de tumeurs au stade m\u00e9tastatique. Les oncog\u00e8nes HER-2 et Axl sont fr\u00e9quemment mut\u00e9s et\/ou amplifi\u00e9s dans le cancer du sein. De telles tumeurs positives pour HER-2 et Axl sont souvent meurtri\u00e8res : elles sont agressives et m\u00e9tastatiques. Son unit\u00e9 de recherche \u00e9tudie donc les voies de signalisation promouvant une telle invasion cellulaire avec pour but d\u2019identifier des cibles pharmacologiques pour traiter ces tumeurs invasives.<\/p>\n<\/div>\n<div class=\"one-half  \">\n<h2>Research axis<\/h2>\n<ul>\n<li>protein interactions<\/li>\n<li>intracellular signaling<\/li>\n<li>development and tissue differenciation<\/li>\n<li>cancer<\/li>\n<\/ul>\n<h2>Research description<\/h2>\n<p>The dynamic and constant reorganization of the actin skeleton leads to changes in the appearance of cells, from round to elongated. These cell metamorphoses are essential to normal biological processes like cell motility and muscle and kidney development. In cancer, remodelling of the cell skeleton is directly involved in metastasis, a destructive event that puts patients\u2019 survival at risk.<\/p>\n<p>Dr. C\u00f4t\u00e9 is interested in understanding signalling pathways that control cell migration, primarily through the reorganization of the actin cytoskeleton. One of the team\u2019s major projects focuses on the protein complex DOCK180\/ELMO and the activation of Rac in cytoskeletal reorganization, leading to the directional migration of cells. These proteins are essential to various physiological processes and are also directly involved in the motility of cancer cells. The unit is engaged in multidisciplinary studies using biochemical, cellular, genetic and structural approaches, with the objective of dissecting the molecular mechanisms that control cytoskeletal organization. In cancer, cell migration, commonly known as invasion by cancer cells, makes a substantial contribution to the progression of tumours to the metastatic stage. The oncogens HER-2 and Axl are frequently mutated and\/or amplified in breast cancer. Tumours that test positive for HER-2 and Axl are frequently fatal, as they are aggressive and metastatic. The team is studying the signalling pathways that promote this cell invasion with the aim of identifying pharmacologic targets for treating these invasive tumours.<\/p>\n<\/div><br \/>\n<hr\/><\/p>\n","protected":false},"excerpt":{"rendered":"<p>Coordonn\u00e9es IRCM T 514 987-5647 F 514 987-5624 Jean-Francois.Cote@ircm.qc.ca<\/p>\n","protected":false},"author":1,"featured_media":0,"parent":3557,"menu_order":0,"comment_status":"closed","ping_status":"open","template":"","meta":{"footnotes":""},"class_list":["post-3598","page","type-page","status-publish","hentry"],"yoast_head":"<!-- This site is optimized with the Yoast SEO plugin v25.0 - https:\/\/yoast.com\/wordpress\/plugins\/seo\/ -->\n<title>C\u00f4t\u00e9, Jean-Fran\u00e7ois, Ph.D. - Programmes de biologie mol\u00e9culaire<\/title>\n<meta name=\"robots\" content=\"index, follow, max-snippet:-1, max-image-preview:large, max-video-preview:-1\" \/>\n<link rel=\"canonical\" href=\"https:\/\/biomol.umontreal.ca\/en\/research\/les-professeurs\/cote-jean-francois-ph-d\/\" \/>\n<meta property=\"og:locale\" content=\"en_US\" \/>\n<meta property=\"og:type\" content=\"article\" \/>\n<meta property=\"og:title\" content=\"C\u00f4t\u00e9, Jean-Fran\u00e7ois, Ph.D. - Programmes de biologie mol\u00e9culaire\" \/>\n<meta property=\"og:description\" content=\"Coordonn\u00e9es IRCM T 514 987-5647 F 514 987-5624 Jean-Francois.Cote@ircm.qc.ca\" \/>\n<meta property=\"og:url\" content=\"https:\/\/biomol.umontreal.ca\/en\/research\/les-professeurs\/cote-jean-francois-ph-d\/\" \/>\n<meta property=\"og:site_name\" content=\"Programmes de biologie mol\u00e9culaire\" \/>\n<meta property=\"article:modified_time\" content=\"2026-02-01T18:40:56+00:00\" \/>\n<meta name=\"twitter:card\" content=\"summary_large_image\" \/>\n<meta name=\"twitter:label1\" content=\"Est. reading time\" \/>\n\t<meta name=\"twitter:data1\" content=\"3 minutes\" \/>\n<script type=\"application\/ld+json\" class=\"yoast-schema-graph\">{\"@context\":\"https:\/\/schema.org\",\"@graph\":[{\"@type\":\"WebPage\",\"@id\":\"https:\/\/biomol.umontreal.ca\/en\/research\/les-professeurs\/cote-jean-francois-ph-d\/\",\"url\":\"https:\/\/biomol.umontreal.ca\/en\/research\/les-professeurs\/cote-jean-francois-ph-d\/\",\"name\":\"C\u00f4t\u00e9, Jean-Fran\u00e7ois, Ph.D. - Programmes de biologie mol\u00e9culaire\",\"isPartOf\":{\"@id\":\"https:\/\/biomol.umontreal.ca\/#website\"},\"datePublished\":\"2012-01-20T04:00:06+00:00\",\"dateModified\":\"2026-02-01T18:40:56+00:00\",\"breadcrumb\":{\"@id\":\"https:\/\/biomol.umontreal.ca\/en\/research\/les-professeurs\/cote-jean-francois-ph-d\/#breadcrumb\"},\"inLanguage\":\"en-US\",\"potentialAction\":[{\"@type\":\"ReadAction\",\"target\":[\"https:\/\/biomol.umontreal.ca\/en\/research\/les-professeurs\/cote-jean-francois-ph-d\/\"]}]},{\"@type\":\"BreadcrumbList\",\"@id\":\"https:\/\/biomol.umontreal.ca\/en\/research\/les-professeurs\/cote-jean-francois-ph-d\/#breadcrumb\",\"itemListElement\":[{\"@type\":\"ListItem\",\"position\":1,\"name\":\"Accueil\",\"item\":\"https:\/\/biomol.umontreal.ca\/en\/\"},{\"@type\":\"ListItem\",\"position\":2,\"name\":\"Research\",\"item\":\"https:\/\/biomol.umontreal.ca\/en\/research\/\"},{\"@type\":\"ListItem\",\"position\":3,\"name\":\"Our professors\",\"item\":\"https:\/\/biomol.umontreal.ca\/en\/research\/les-professeurs\/\"},{\"@type\":\"ListItem\",\"position\":4,\"name\":\"C\u00f4t\u00e9, Jean-Fran\u00e7ois, Ph.D.\"}]},{\"@type\":\"WebSite\",\"@id\":\"https:\/\/biomol.umontreal.ca\/#website\",\"url\":\"https:\/\/biomol.umontreal.ca\/\",\"name\":\"Programmes de biologie mol\u00e9culaire\",\"description\":\"\",\"potentialAction\":[{\"@type\":\"SearchAction\",\"target\":{\"@type\":\"EntryPoint\",\"urlTemplate\":\"https:\/\/biomol.umontreal.ca\/?s={search_term_string}\"},\"query-input\":{\"@type\":\"PropertyValueSpecification\",\"valueRequired\":true,\"valueName\":\"search_term_string\"}}],\"inLanguage\":\"en-US\"}]}<\/script>\n<!-- \/ Yoast SEO plugin. -->","yoast_head_json":{"title":"C\u00f4t\u00e9, Jean-Fran\u00e7ois, Ph.D. - Programmes de biologie mol\u00e9culaire","robots":{"index":"index","follow":"follow","max-snippet":"max-snippet:-1","max-image-preview":"max-image-preview:large","max-video-preview":"max-video-preview:-1"},"canonical":"https:\/\/biomol.umontreal.ca\/en\/research\/les-professeurs\/cote-jean-francois-ph-d\/","og_locale":"en_US","og_type":"article","og_title":"C\u00f4t\u00e9, Jean-Fran\u00e7ois, Ph.D. - Programmes de biologie mol\u00e9culaire","og_description":"Coordonn\u00e9es IRCM T 514 987-5647 F 514 987-5624 Jean-Francois.Cote@ircm.qc.ca","og_url":"https:\/\/biomol.umontreal.ca\/en\/research\/les-professeurs\/cote-jean-francois-ph-d\/","og_site_name":"Programmes de biologie mol\u00e9culaire","article_modified_time":"2026-02-01T18:40:56+00:00","twitter_card":"summary_large_image","twitter_misc":{"Est. reading time":"3 minutes"},"schema":{"@context":"https:\/\/schema.org","@graph":[{"@type":"WebPage","@id":"https:\/\/biomol.umontreal.ca\/en\/research\/les-professeurs\/cote-jean-francois-ph-d\/","url":"https:\/\/biomol.umontreal.ca\/en\/research\/les-professeurs\/cote-jean-francois-ph-d\/","name":"C\u00f4t\u00e9, Jean-Fran\u00e7ois, Ph.D. - Programmes de biologie mol\u00e9culaire","isPartOf":{"@id":"https:\/\/biomol.umontreal.ca\/#website"},"datePublished":"2012-01-20T04:00:06+00:00","dateModified":"2026-02-01T18:40:56+00:00","breadcrumb":{"@id":"https:\/\/biomol.umontreal.ca\/en\/research\/les-professeurs\/cote-jean-francois-ph-d\/#breadcrumb"},"inLanguage":"en-US","potentialAction":[{"@type":"ReadAction","target":["https:\/\/biomol.umontreal.ca\/en\/research\/les-professeurs\/cote-jean-francois-ph-d\/"]}]},{"@type":"BreadcrumbList","@id":"https:\/\/biomol.umontreal.ca\/en\/research\/les-professeurs\/cote-jean-francois-ph-d\/#breadcrumb","itemListElement":[{"@type":"ListItem","position":1,"name":"Accueil","item":"https:\/\/biomol.umontreal.ca\/en\/"},{"@type":"ListItem","position":2,"name":"Research","item":"https:\/\/biomol.umontreal.ca\/en\/research\/"},{"@type":"ListItem","position":3,"name":"Our professors","item":"https:\/\/biomol.umontreal.ca\/en\/research\/les-professeurs\/"},{"@type":"ListItem","position":4,"name":"C\u00f4t\u00e9, Jean-Fran\u00e7ois, Ph.D."}]},{"@type":"WebSite","@id":"https:\/\/biomol.umontreal.ca\/#website","url":"https:\/\/biomol.umontreal.ca\/","name":"Programmes de biologie mol\u00e9culaire","description":"","potentialAction":[{"@type":"SearchAction","target":{"@type":"EntryPoint","urlTemplate":"https:\/\/biomol.umontreal.ca\/?s={search_term_string}"},"query-input":{"@type":"PropertyValueSpecification","valueRequired":true,"valueName":"search_term_string"}}],"inLanguage":"en-US"}]}},"_links":{"self":[{"href":"https:\/\/biomol.umontreal.ca\/en\/wp-json\/wp\/v2\/pages\/3598","targetHints":{"allow":["GET"]}}],"collection":[{"href":"https:\/\/biomol.umontreal.ca\/en\/wp-json\/wp\/v2\/pages"}],"about":[{"href":"https:\/\/biomol.umontreal.ca\/en\/wp-json\/wp\/v2\/types\/page"}],"author":[{"embeddable":true,"href":"https:\/\/biomol.umontreal.ca\/en\/wp-json\/wp\/v2\/users\/1"}],"replies":[{"embeddable":true,"href":"https:\/\/biomol.umontreal.ca\/en\/wp-json\/wp\/v2\/comments?post=3598"}],"version-history":[{"count":2,"href":"https:\/\/biomol.umontreal.ca\/en\/wp-json\/wp\/v2\/pages\/3598\/revisions"}],"predecessor-version":[{"id":6700,"href":"https:\/\/biomol.umontreal.ca\/en\/wp-json\/wp\/v2\/pages\/3598\/revisions\/6700"}],"up":[{"embeddable":true,"href":"https:\/\/biomol.umontreal.ca\/en\/wp-json\/wp\/v2\/pages\/3557"}],"wp:attachment":[{"href":"https:\/\/biomol.umontreal.ca\/en\/wp-json\/wp\/v2\/media?parent=3598"}],"curies":[{"name":"wp","href":"https:\/\/api.w.org\/{rel}","templated":true}]}}