{"id":3594,"date":"2011-12-01T16:38:31","date_gmt":"2011-12-01T21:38:31","guid":{"rendered":"https:\/\/biomol.umontreal.ca\/research\/professors\/cayouette-michel-ph-d\/"},"modified":"2026-02-01T13:37:48","modified_gmt":"2026-02-01T18:37:48","slug":"cayouette-michel-ph-d","status":"publish","type":"page","link":"https:\/\/biomol.umontreal.ca\/en\/research\/les-professeurs\/cayouette-michel-ph-d\/","title":{"rendered":"Cayouette, Michel, Ph.D."},"content":{"rendered":"<h3>Coordonn\u00e9es<\/h3>\n<p>Institut de recherches cliniques de Montr\u00e9al<br \/>\n110, avenue des Pins Ouest<br \/>\nMontr\u00e9al (Qu\u00e9bec) H2W 1R7<br \/>\n<strong>T<\/strong> 514 987-5757<br \/>\n<a href=\"mailto:michel.cayouette@ircm.qc.ca\">michel.cayouette@ircm.qc.ca<\/a><\/p>\n<hr\/>\n<div class=\"one-half first \">\n<h2>Axes de recherche<\/h2>\n<ul>\n<li>D\u00e9veloppement et diff\u00e9renciation tissulaire<\/li>\n<li>Cellules souches<\/li>\n<li>Neurobiologie<\/li>\n<\/ul>\n<h2>Description de la recherche<\/h2>\n<p>Nos travaux portent sur l&#8217;identification des m\u00e9canismes cellulaires et mol\u00e9culaires qui contr\u00f4lent la production de la diversit\u00e9 neuronale au cours du d\u00e9veloppement du syst\u00e8me nerveux. Plus particuli\u00e8rement, nous essayons de comprendre comment les cellules souches r\u00e9tiniennes prolif\u00e8rent et se diff\u00e9rencient pour produire les diff\u00e9rents types cellulaires qui forment la r\u00e9tine. Pour ce faire, nous utilisons des approches g\u00e9n\u00e9tiques chez la souris ainsi que de l&#8217;imagerie cellulaire en temps r\u00e9el. Nous esp\u00e9rons que ces travaux m\u00e8neront un jour au d\u00e9veloppement de th\u00e9rapies cellulaires bas\u00e9es sur les cellules souches neurales pour la reconstruction de diff\u00e9rentes r\u00e9gions du syst\u00e8me nerveux central.<\/p>\n<\/div>\n<div class=\"one-half  \">\n<h2>Research axis<\/h2>\n<ul>\n<li>Development and tissue differentiation<\/li>\n<li>Stem cells<\/li>\n<li>Neurobiology<\/li>\n<\/ul>\n<h2>Research description<\/h2>\n<p>We are interested in uncovering the cellular and molecular mechanisms involved in the generation of cell diversity during nervous system development. More specifically, we study how retinal stem cells proliferate and differentiate into the different cell types that compose the mature retina. To help resolve these questions, we use mouse genetics and live imaging technologies to visualize retinal stem cell development in real time. We hope that this work will lead to the development of novel stem cell based cell replacement therapies to reconstruct various regions of the central nervous system.<\/div>\n","protected":false},"excerpt":{"rendered":"<p>Coordonn\u00e9es Institut de recherches cliniques de Montr\u00e9al 110, avenue des Pins Ouest Montr\u00e9al (Qu\u00e9bec) H2W 1R7 T 514 987-5757 michel.cayouette@ircm.qc.ca<\/p>\n","protected":false},"author":1,"featured_media":0,"parent":3557,"menu_order":0,"comment_status":"closed","ping_status":"closed","template":"","meta":{"footnotes":""},"class_list":["post-3594","page","type-page","status-publish","hentry"],"yoast_head":"<!-- This site is optimized with the Yoast SEO plugin v25.0 - https:\/\/yoast.com\/wordpress\/plugins\/seo\/ -->\n<title>Cayouette, Michel, Ph.D. - Programmes de biologie mol\u00e9culaire<\/title>\n<meta name=\"robots\" content=\"index, follow, max-snippet:-1, max-image-preview:large, max-video-preview:-1\" \/>\n<link rel=\"canonical\" href=\"https:\/\/biomol.umontreal.ca\/en\/research\/les-professeurs\/cayouette-michel-ph-d\/\" \/>\n<meta property=\"og:locale\" content=\"en_US\" \/>\n<meta property=\"og:type\" content=\"article\" \/>\n<meta property=\"og:title\" content=\"Cayouette, Michel, Ph.D. - Programmes de biologie mol\u00e9culaire\" \/>\n<meta property=\"og:description\" content=\"Coordonn\u00e9es Institut de recherches cliniques de Montr\u00e9al 110, avenue des Pins Ouest Montr\u00e9al (Qu\u00e9bec) H2W 1R7 T 514 987-5757 michel.cayouette@ircm.qc.ca\" \/>\n<meta property=\"og:url\" content=\"https:\/\/biomol.umontreal.ca\/en\/research\/les-professeurs\/cayouette-michel-ph-d\/\" \/>\n<meta property=\"og:site_name\" content=\"Programmes de biologie mol\u00e9culaire\" \/>\n<meta property=\"article:modified_time\" content=\"2026-02-01T18:37:48+00:00\" \/>\n<meta name=\"twitter:card\" content=\"summary_large_image\" \/>\n<meta name=\"twitter:label1\" content=\"Est. reading time\" \/>\n\t<meta name=\"twitter:data1\" content=\"1 minute\" \/>\n<script type=\"application\/ld+json\" class=\"yoast-schema-graph\">{\"@context\":\"https:\/\/schema.org\",\"@graph\":[{\"@type\":\"WebPage\",\"@id\":\"https:\/\/biomol.umontreal.ca\/en\/research\/les-professeurs\/cayouette-michel-ph-d\/\",\"url\":\"https:\/\/biomol.umontreal.ca\/en\/research\/les-professeurs\/cayouette-michel-ph-d\/\",\"name\":\"Cayouette, Michel, Ph.D. - Programmes de biologie mol\u00e9culaire\",\"isPartOf\":{\"@id\":\"https:\/\/biomol.umontreal.ca\/#website\"},\"datePublished\":\"2011-12-01T21:38:31+00:00\",\"dateModified\":\"2026-02-01T18:37:48+00:00\",\"breadcrumb\":{\"@id\":\"https:\/\/biomol.umontreal.ca\/en\/research\/les-professeurs\/cayouette-michel-ph-d\/#breadcrumb\"},\"inLanguage\":\"en-US\",\"potentialAction\":[{\"@type\":\"ReadAction\",\"target\":[\"https:\/\/biomol.umontreal.ca\/en\/research\/les-professeurs\/cayouette-michel-ph-d\/\"]}]},{\"@type\":\"BreadcrumbList\",\"@id\":\"https:\/\/biomol.umontreal.ca\/en\/research\/les-professeurs\/cayouette-michel-ph-d\/#breadcrumb\",\"itemListElement\":[{\"@type\":\"ListItem\",\"position\":1,\"name\":\"Accueil\",\"item\":\"https:\/\/biomol.umontreal.ca\/en\/\"},{\"@type\":\"ListItem\",\"position\":2,\"name\":\"Research\",\"item\":\"https:\/\/biomol.umontreal.ca\/en\/research\/\"},{\"@type\":\"ListItem\",\"position\":3,\"name\":\"Our professors\",\"item\":\"https:\/\/biomol.umontreal.ca\/en\/research\/les-professeurs\/\"},{\"@type\":\"ListItem\",\"position\":4,\"name\":\"Cayouette, Michel, Ph.D.\"}]},{\"@type\":\"WebSite\",\"@id\":\"https:\/\/biomol.umontreal.ca\/#website\",\"url\":\"https:\/\/biomol.umontreal.ca\/\",\"name\":\"Programmes de biologie mol\u00e9culaire\",\"description\":\"\",\"potentialAction\":[{\"@type\":\"SearchAction\",\"target\":{\"@type\":\"EntryPoint\",\"urlTemplate\":\"https:\/\/biomol.umontreal.ca\/?s={search_term_string}\"},\"query-input\":{\"@type\":\"PropertyValueSpecification\",\"valueRequired\":true,\"valueName\":\"search_term_string\"}}],\"inLanguage\":\"en-US\"}]}<\/script>\n<!-- \/ Yoast SEO plugin. -->","yoast_head_json":{"title":"Cayouette, Michel, Ph.D. - Programmes de biologie mol\u00e9culaire","robots":{"index":"index","follow":"follow","max-snippet":"max-snippet:-1","max-image-preview":"max-image-preview:large","max-video-preview":"max-video-preview:-1"},"canonical":"https:\/\/biomol.umontreal.ca\/en\/research\/les-professeurs\/cayouette-michel-ph-d\/","og_locale":"en_US","og_type":"article","og_title":"Cayouette, Michel, Ph.D. - Programmes de biologie mol\u00e9culaire","og_description":"Coordonn\u00e9es Institut de recherches cliniques de Montr\u00e9al 110, avenue des Pins Ouest Montr\u00e9al (Qu\u00e9bec) H2W 1R7 T 514 987-5757 michel.cayouette@ircm.qc.ca","og_url":"https:\/\/biomol.umontreal.ca\/en\/research\/les-professeurs\/cayouette-michel-ph-d\/","og_site_name":"Programmes de biologie mol\u00e9culaire","article_modified_time":"2026-02-01T18:37:48+00:00","twitter_card":"summary_large_image","twitter_misc":{"Est. reading time":"1 minute"},"schema":{"@context":"https:\/\/schema.org","@graph":[{"@type":"WebPage","@id":"https:\/\/biomol.umontreal.ca\/en\/research\/les-professeurs\/cayouette-michel-ph-d\/","url":"https:\/\/biomol.umontreal.ca\/en\/research\/les-professeurs\/cayouette-michel-ph-d\/","name":"Cayouette, Michel, Ph.D. - Programmes de biologie mol\u00e9culaire","isPartOf":{"@id":"https:\/\/biomol.umontreal.ca\/#website"},"datePublished":"2011-12-01T21:38:31+00:00","dateModified":"2026-02-01T18:37:48+00:00","breadcrumb":{"@id":"https:\/\/biomol.umontreal.ca\/en\/research\/les-professeurs\/cayouette-michel-ph-d\/#breadcrumb"},"inLanguage":"en-US","potentialAction":[{"@type":"ReadAction","target":["https:\/\/biomol.umontreal.ca\/en\/research\/les-professeurs\/cayouette-michel-ph-d\/"]}]},{"@type":"BreadcrumbList","@id":"https:\/\/biomol.umontreal.ca\/en\/research\/les-professeurs\/cayouette-michel-ph-d\/#breadcrumb","itemListElement":[{"@type":"ListItem","position":1,"name":"Accueil","item":"https:\/\/biomol.umontreal.ca\/en\/"},{"@type":"ListItem","position":2,"name":"Research","item":"https:\/\/biomol.umontreal.ca\/en\/research\/"},{"@type":"ListItem","position":3,"name":"Our professors","item":"https:\/\/biomol.umontreal.ca\/en\/research\/les-professeurs\/"},{"@type":"ListItem","position":4,"name":"Cayouette, Michel, Ph.D."}]},{"@type":"WebSite","@id":"https:\/\/biomol.umontreal.ca\/#website","url":"https:\/\/biomol.umontreal.ca\/","name":"Programmes de biologie mol\u00e9culaire","description":"","potentialAction":[{"@type":"SearchAction","target":{"@type":"EntryPoint","urlTemplate":"https:\/\/biomol.umontreal.ca\/?s={search_term_string}"},"query-input":{"@type":"PropertyValueSpecification","valueRequired":true,"valueName":"search_term_string"}}],"inLanguage":"en-US"}]}},"_links":{"self":[{"href":"https:\/\/biomol.umontreal.ca\/en\/wp-json\/wp\/v2\/pages\/3594","targetHints":{"allow":["GET"]}}],"collection":[{"href":"https:\/\/biomol.umontreal.ca\/en\/wp-json\/wp\/v2\/pages"}],"about":[{"href":"https:\/\/biomol.umontreal.ca\/en\/wp-json\/wp\/v2\/types\/page"}],"author":[{"embeddable":true,"href":"https:\/\/biomol.umontreal.ca\/en\/wp-json\/wp\/v2\/users\/1"}],"replies":[{"embeddable":true,"href":"https:\/\/biomol.umontreal.ca\/en\/wp-json\/wp\/v2\/comments?post=3594"}],"version-history":[{"count":3,"href":"https:\/\/biomol.umontreal.ca\/en\/wp-json\/wp\/v2\/pages\/3594\/revisions"}],"predecessor-version":[{"id":6693,"href":"https:\/\/biomol.umontreal.ca\/en\/wp-json\/wp\/v2\/pages\/3594\/revisions\/6693"}],"up":[{"embeddable":true,"href":"https:\/\/biomol.umontreal.ca\/en\/wp-json\/wp\/v2\/pages\/3557"}],"wp:attachment":[{"href":"https:\/\/biomol.umontreal.ca\/en\/wp-json\/wp\/v2\/media?parent=3594"}],"curies":[{"name":"wp","href":"https:\/\/api.w.org\/{rel}","templated":true}]}}