{"id":3586,"date":"2011-12-01T16:30:29","date_gmt":"2011-12-01T21:30:29","guid":{"rendered":"https:\/\/biomol.umontreal.ca\/research\/professors\/bradley-edward-ph-d\/"},"modified":"2013-08-16T15:18:13","modified_gmt":"2013-08-16T19:18:13","slug":"bradley-edward-ph-d","status":"publish","type":"page","link":"https:\/\/biomol.umontreal.ca\/en\/research\/les-professeurs\/bradley-edward-ph-d\/","title":{"rendered":"Bradley, Edward, Ph.D."},"content":{"rendered":"<p>Professeur titulaire<br \/>\nD\u00e9partement de m\u00e9decine<br \/>\nUniversit\u00e9 de Montr\u00e9al<\/p>\n<h3>Coordonn\u00e9es<\/h3>\n<p>Centre de recherche du CHUM<br \/>\nH\u00f4pital Notre-Dame, pavillon J.A. deS\u00e8ve<br \/>\n1560 Sherbrooke est<br \/>\nMontr\u00e9al (Qu\u00e9bec) H2L 4M1<br \/>\n<strong>T<\/strong> 514 890-8000 #23438<br \/>\n<strong>F<\/strong> 514 412-7591<br \/>\n<a href=\"mailto:edward.bradley@umontreal.ca\">edward.bradley@umontreal.ca<\/a><br \/>\n<hr\/><\/p>\n<div class=\"one-half first \">\n<h2>Axes de recherche<\/h2>\n<ul>\n<li>G\u00e9nomique<\/li>\n<li>Canc\u00e9rologie<\/li>\n<\/ul>\n<h2>Description de la recherche<\/h2>\n<p>Nous \u00e9tudions les changements qui arrivent au niveau de la chromatine lors du d\u00e9veloppement de cancer. Chez les cellules normales, le contr\u00f4le de la conformation de la chromatine est relativement stable, mais chez les cancers on observe une \u00e9talement de le structure ferm\u00e9e ou ouverte, de sorte que des centaines de g\u00e8nes pourraient \u00eatre inacvtiv\u00e9s ou activ\u00e9s d\u2019une fa\u00e7on inappropri\u00e9e. En \u00e9tudiant ces \u00e9v\u00e9nements epigenetiques, on est en m\u00e9sure d\u2019identifier des g\u00e8nes impliqu\u00e9s dans le processus de canc\u00e9risation, et on peut \u00e9galement distinguer entre les g\u00e8nes qu\u2019on appele \u2018passengers\u2019 vs. \u2018drivers\u2019 \u2013 ces derniers \u00e9tant les vrais g\u00e8nes de cancer.<\/p>\n<\/div>\n<div class=\"one-half  \">\n<h2>Research axis<\/h2>\n<ul>\n<li>Genomic<\/li>\n<li>Cancer<\/li>\n<\/ul>\n<h2>Research description<\/h2>\n<p>We are studying changes occurring at the level of chromatin during cancer development.\u00a0 In normal cells, the control of chromatin conformation is relatively stable, but in cancer open or closed structures can spread, resulting in inappropriate activation or inactivation of hundreds of genes.\u00a0 By studying these changes, we can identify new cancer genes, and we can also distinguish between \u2018passengers\u2019 and \u2018drivers\u2019, the latter being the real cancer-associated genes.<\/p>\n<\/div>\n<hr\/>\n<h3>Publications<\/h3>\n<ul>\n<li>More is less: inactivation and deletion events and the search for tumor suppressor genes. Bradley WE, Di Paola D, Rampakakis E, Zannis-Hadjopoulos M. J Cell Biochem. 2010 May 15;110(2):281-7.<\/li>\n<li>Hotspots of large rare deletions in the human genome. Bradley WE, Raelson JV, Dubois DY, Godin E, Fournier H, Priv\u00e9 C, Allard R, Pinchuk V, Lapalme M, Paulussen RJ, Belouchi A. PLoS One. 2010 Feb 25;5(2):e9401.<\/li>\n<li>RARbeta involvement in enhancement of lung tumor cell immunogenicity revealed by array analysis. Toulouse A, Loubeau M, Morin J, Pappas JJ, Wu J, Bradley WE. FASEB J. 2000 Jun;14(9):1224-32.<\/li>\n<li>Tumor-suppressive effect of the retinoic acid receptor beta in human epidermoid lung cancer cells. Houle B, Rochette-Egly C, Bradley WE. Proc Natl Acad Sci U S A. 1993 Feb 1;90(3):985-9.<\/li>\n<li>Mutation at autosomal loci of Chinese hamster ovary cells: involvement of a high-frequency event silencing two linked alleles. Bradley WE. Mol Cell Biol. 1983 Jul;3(7):1172-81.<\/li>\n<\/ul>\n","protected":false},"excerpt":{"rendered":"<p>Professeur titulaire D\u00e9partement de m\u00e9decine Universit\u00e9 de Montr\u00e9al Coordonn\u00e9es Centre de recherche du CHUM H\u00f4pital Notre-Dame, pavillon J.A. deS\u00e8ve 1560 Sherbrooke est Montr\u00e9al (Qu\u00e9bec) H2L 4M1 T 514 890-8000 #23438 [&hellip;]<\/p>\n","protected":false},"author":1,"featured_media":0,"parent":3557,"menu_order":0,"comment_status":"closed","ping_status":"closed","template":"","meta":{"footnotes":""},"class_list":["post-3586","page","type-page","status-publish","hentry"],"yoast_head":"<!-- This site is optimized with the Yoast SEO plugin v25.0 - https:\/\/yoast.com\/wordpress\/plugins\/seo\/ -->\n<title>Bradley, Edward, Ph.D. - Programmes de biologie mol\u00e9culaire<\/title>\n<meta name=\"robots\" content=\"index, follow, max-snippet:-1, max-image-preview:large, max-video-preview:-1\" \/>\n<link rel=\"canonical\" href=\"https:\/\/biomol.umontreal.ca\/en\/research\/les-professeurs\/bradley-edward-ph-d\/\" \/>\n<meta property=\"og:locale\" content=\"en_US\" \/>\n<meta property=\"og:type\" content=\"article\" \/>\n<meta property=\"og:title\" content=\"Bradley, Edward, Ph.D. - Programmes de biologie mol\u00e9culaire\" \/>\n<meta property=\"og:description\" content=\"Professeur titulaire D\u00e9partement de m\u00e9decine Universit\u00e9 de Montr\u00e9al Coordonn\u00e9es Centre de recherche du CHUM H\u00f4pital Notre-Dame, pavillon J.A. deS\u00e8ve 1560 Sherbrooke est Montr\u00e9al (Qu\u00e9bec) H2L 4M1 T 514 890-8000 #23438 [&hellip;]\" \/>\n<meta property=\"og:url\" content=\"https:\/\/biomol.umontreal.ca\/en\/research\/les-professeurs\/bradley-edward-ph-d\/\" \/>\n<meta property=\"og:site_name\" content=\"Programmes de biologie mol\u00e9culaire\" \/>\n<meta property=\"article:modified_time\" content=\"2013-08-16T19:18:13+00:00\" \/>\n<meta name=\"twitter:card\" content=\"summary_large_image\" \/>\n<meta name=\"twitter:label1\" content=\"Est. reading time\" \/>\n\t<meta name=\"twitter:data1\" content=\"2 minutes\" \/>\n<script type=\"application\/ld+json\" class=\"yoast-schema-graph\">{\"@context\":\"https:\/\/schema.org\",\"@graph\":[{\"@type\":\"WebPage\",\"@id\":\"https:\/\/biomol.umontreal.ca\/en\/research\/les-professeurs\/bradley-edward-ph-d\/\",\"url\":\"https:\/\/biomol.umontreal.ca\/en\/research\/les-professeurs\/bradley-edward-ph-d\/\",\"name\":\"Bradley, Edward, Ph.D. - Programmes de biologie mol\u00e9culaire\",\"isPartOf\":{\"@id\":\"https:\/\/biomol.umontreal.ca\/#website\"},\"datePublished\":\"2011-12-01T21:30:29+00:00\",\"dateModified\":\"2013-08-16T19:18:13+00:00\",\"breadcrumb\":{\"@id\":\"https:\/\/biomol.umontreal.ca\/en\/research\/les-professeurs\/bradley-edward-ph-d\/#breadcrumb\"},\"inLanguage\":\"en-US\",\"potentialAction\":[{\"@type\":\"ReadAction\",\"target\":[\"https:\/\/biomol.umontreal.ca\/en\/research\/les-professeurs\/bradley-edward-ph-d\/\"]}]},{\"@type\":\"BreadcrumbList\",\"@id\":\"https:\/\/biomol.umontreal.ca\/en\/research\/les-professeurs\/bradley-edward-ph-d\/#breadcrumb\",\"itemListElement\":[{\"@type\":\"ListItem\",\"position\":1,\"name\":\"Accueil\",\"item\":\"https:\/\/biomol.umontreal.ca\/en\/\"},{\"@type\":\"ListItem\",\"position\":2,\"name\":\"Research\",\"item\":\"https:\/\/biomol.umontreal.ca\/en\/research\/\"},{\"@type\":\"ListItem\",\"position\":3,\"name\":\"Our professors\",\"item\":\"https:\/\/biomol.umontreal.ca\/en\/research\/les-professeurs\/\"},{\"@type\":\"ListItem\",\"position\":4,\"name\":\"Bradley, Edward, Ph.D.\"}]},{\"@type\":\"WebSite\",\"@id\":\"https:\/\/biomol.umontreal.ca\/#website\",\"url\":\"https:\/\/biomol.umontreal.ca\/\",\"name\":\"Programmes de biologie mol\u00e9culaire\",\"description\":\"\",\"potentialAction\":[{\"@type\":\"SearchAction\",\"target\":{\"@type\":\"EntryPoint\",\"urlTemplate\":\"https:\/\/biomol.umontreal.ca\/?s={search_term_string}\"},\"query-input\":{\"@type\":\"PropertyValueSpecification\",\"valueRequired\":true,\"valueName\":\"search_term_string\"}}],\"inLanguage\":\"en-US\"}]}<\/script>\n<!-- \/ Yoast SEO plugin. -->","yoast_head_json":{"title":"Bradley, Edward, Ph.D. - Programmes de biologie mol\u00e9culaire","robots":{"index":"index","follow":"follow","max-snippet":"max-snippet:-1","max-image-preview":"max-image-preview:large","max-video-preview":"max-video-preview:-1"},"canonical":"https:\/\/biomol.umontreal.ca\/en\/research\/les-professeurs\/bradley-edward-ph-d\/","og_locale":"en_US","og_type":"article","og_title":"Bradley, Edward, Ph.D. - Programmes de biologie mol\u00e9culaire","og_description":"Professeur titulaire D\u00e9partement de m\u00e9decine Universit\u00e9 de Montr\u00e9al Coordonn\u00e9es Centre de recherche du CHUM H\u00f4pital Notre-Dame, pavillon J.A. deS\u00e8ve 1560 Sherbrooke est Montr\u00e9al (Qu\u00e9bec) H2L 4M1 T 514 890-8000 #23438 [&hellip;]","og_url":"https:\/\/biomol.umontreal.ca\/en\/research\/les-professeurs\/bradley-edward-ph-d\/","og_site_name":"Programmes de biologie mol\u00e9culaire","article_modified_time":"2013-08-16T19:18:13+00:00","twitter_card":"summary_large_image","twitter_misc":{"Est. reading time":"2 minutes"},"schema":{"@context":"https:\/\/schema.org","@graph":[{"@type":"WebPage","@id":"https:\/\/biomol.umontreal.ca\/en\/research\/les-professeurs\/bradley-edward-ph-d\/","url":"https:\/\/biomol.umontreal.ca\/en\/research\/les-professeurs\/bradley-edward-ph-d\/","name":"Bradley, Edward, Ph.D. - Programmes de biologie mol\u00e9culaire","isPartOf":{"@id":"https:\/\/biomol.umontreal.ca\/#website"},"datePublished":"2011-12-01T21:30:29+00:00","dateModified":"2013-08-16T19:18:13+00:00","breadcrumb":{"@id":"https:\/\/biomol.umontreal.ca\/en\/research\/les-professeurs\/bradley-edward-ph-d\/#breadcrumb"},"inLanguage":"en-US","potentialAction":[{"@type":"ReadAction","target":["https:\/\/biomol.umontreal.ca\/en\/research\/les-professeurs\/bradley-edward-ph-d\/"]}]},{"@type":"BreadcrumbList","@id":"https:\/\/biomol.umontreal.ca\/en\/research\/les-professeurs\/bradley-edward-ph-d\/#breadcrumb","itemListElement":[{"@type":"ListItem","position":1,"name":"Accueil","item":"https:\/\/biomol.umontreal.ca\/en\/"},{"@type":"ListItem","position":2,"name":"Research","item":"https:\/\/biomol.umontreal.ca\/en\/research\/"},{"@type":"ListItem","position":3,"name":"Our professors","item":"https:\/\/biomol.umontreal.ca\/en\/research\/les-professeurs\/"},{"@type":"ListItem","position":4,"name":"Bradley, Edward, Ph.D."}]},{"@type":"WebSite","@id":"https:\/\/biomol.umontreal.ca\/#website","url":"https:\/\/biomol.umontreal.ca\/","name":"Programmes de biologie mol\u00e9culaire","description":"","potentialAction":[{"@type":"SearchAction","target":{"@type":"EntryPoint","urlTemplate":"https:\/\/biomol.umontreal.ca\/?s={search_term_string}"},"query-input":{"@type":"PropertyValueSpecification","valueRequired":true,"valueName":"search_term_string"}}],"inLanguage":"en-US"}]}},"_links":{"self":[{"href":"https:\/\/biomol.umontreal.ca\/en\/wp-json\/wp\/v2\/pages\/3586","targetHints":{"allow":["GET"]}}],"collection":[{"href":"https:\/\/biomol.umontreal.ca\/en\/wp-json\/wp\/v2\/pages"}],"about":[{"href":"https:\/\/biomol.umontreal.ca\/en\/wp-json\/wp\/v2\/types\/page"}],"author":[{"embeddable":true,"href":"https:\/\/biomol.umontreal.ca\/en\/wp-json\/wp\/v2\/users\/1"}],"replies":[{"embeddable":true,"href":"https:\/\/biomol.umontreal.ca\/en\/wp-json\/wp\/v2\/comments?post=3586"}],"version-history":[{"count":2,"href":"https:\/\/biomol.umontreal.ca\/en\/wp-json\/wp\/v2\/pages\/3586\/revisions"}],"predecessor-version":[{"id":3588,"href":"https:\/\/biomol.umontreal.ca\/en\/wp-json\/wp\/v2\/pages\/3586\/revisions\/3588"}],"up":[{"embeddable":true,"href":"https:\/\/biomol.umontreal.ca\/en\/wp-json\/wp\/v2\/pages\/3557"}],"wp:attachment":[{"href":"https:\/\/biomol.umontreal.ca\/en\/wp-json\/wp\/v2\/media?parent=3586"}],"curies":[{"name":"wp","href":"https:\/\/api.w.org\/{rel}","templated":true}]}}