{"id":3552,"date":"2011-11-29T15:55:54","date_gmt":"2011-11-29T20:55:54","guid":{"rendered":"https:\/\/biomol.umontreal.ca\/?page_id=3552"},"modified":"2013-08-16T15:08:15","modified_gmt":"2013-08-16T19:08:15","slug":"archambault-vincent-ph-d","status":"publish","type":"page","link":"https:\/\/biomol.umontreal.ca\/en\/research\/les-professeurs\/archambault-vincent-ph-d\/","title":{"rendered":"Archambault, Vincent, Ph.D."},"content":{"rendered":"<p>Chercheur principal<br \/>\nProfesseur sous octroi adjoint, D\u00e9partement de biochimie<\/p>\n<h3>Coordonn\u00e9es<\/h3>\n<p>IRIC<\/p>\n<p><strong>T<\/strong> 514 343.6111 #15795<br \/>\n<strong>F<\/strong> 514 343.6843<br \/>\n<a href=\"mailto:vincent.archambault.1@umontreal.ca\">vincent.archambault.1@umontreal.ca<\/a><\/p>\n<hr\/>\n<h3>Axes de recherche<\/h3>\n<ul>\n<li>Mitose<\/li>\n<li>Interactions prot\u00e9iques<\/li>\n<li>Syst\u00e8mes mod\u00e8les en biologie mol\u00e9culaire<\/li>\n<li>Canc\u00e9rologie<\/li>\n<\/ul>\n<h3>Description de la recherche<\/h3>\n<div class=\"one-half first \">\n<h3>Laboratoire des M\u00e9canismes du cycle cellulaire<\/h3>\n<p>La division cellulaire est un processus crucial pour le d\u00e9veloppement, la survie et la reproduction de tous les organismes. Les \u00e9v\u00e9nements de la division cellulaire sont coordonn\u00e9s par un r\u00e9seau mol\u00e9culaire complexe qui est en grande partie conserv\u00e9 d\u2019une esp\u00e8ce \u00e0 l\u2019autre. Certains d\u00e9r\u00e8glements de cette coordination peuvent entra\u00eener une prolif\u00e9ration excessive ou des d\u00e9fauts de s\u00e9gr\u00e9gation des chromosomes, deux caract\u00e9ristiques du cancer. Nous utilisons la mouche \u00e0 fruit <em>Drosophila melanogaster<\/em> comme mod\u00e8le pour \u00e9tudier les voies mol\u00e9culaires qui entrent en jeu au cours de la progression du cycle cellulaire.<\/p>\n<h3>R\u00e9gulation de la kinase Polo lors du cycle cellulaire<\/h3>\n<p>Nous nous int\u00e9ressons pr\u00e9sentement \u00e0 la r\u00e9gulation de la kinase Polo, un coordonnateur central de la mitose et de la cytocin\u00e8se. La kinase Polo r\u00e9gule les fonctions et le comportement mitotiques des chromosomes et des centrosomes, et la machinerie de la cytocin\u00e8se en phosphorylant de nombreuses cibles cruciales. L\u2018orthologue humain de la kinase Polo, Plk1, est d\u00e9r\u00e9gul\u00e9 dans de nombreux cancers et est la cible de m\u00e9dicaments anticanc\u00e9reux en cours d\u2019\u00e9laboration. Nous avons r\u00e9cemment identifi\u00e9 de nouveaux m\u00e9canismes mol\u00e9culaires qui r\u00e9gulent la kinase Polo au cours du cycle cellulaire chez la mouche. Ces m\u00e9canismes font intervenir des interactions entre prot\u00e9ines et des \u00e9v\u00e9nements de phosphorylation. Nos travaux visent \u00e0 caract\u00e9riser ces voies et \u00e0 comprendre leurs implications pour la division cellulaire et le d\u00e9veloppement.<\/p>\n<\/div>\n<div class=\"one-half  \">\n<h3>Voies de contr\u00f4le de l\u2019entr\u00e9e et de la sortie de la mitose<\/h3>\n<p>Un autre axe de recherche \u00e9mergent de notre groupe porte sur la r\u00e9gulation de l\u2019entr\u00e9e en mitose et de la sortie de mitose. Des travaux r\u00e9cents, dont les n\u00f4tres, ont mis en lumi\u00e8re une voie de r\u00e9gulation cruciale par laquelle la kinase Greatwall est responsable de l\u2019inhibition de la Prot\u00e9ine Phosphatase 2A \u00e0 l\u2019entr\u00e9e en mitose. Ceci m\u00e8ne \u00e0 l\u2019accumulation des formes phosphoryl\u00e9es des substrats mitotiques de Cyclin-Dependent Kinase 1. \u00c0 l\u2019inverse la phosphatase doit redevenir active pour permettre la sortie de mitose et la compl\u00e9tion de la division cellulaire. Ces voies sont conserv\u00e9es chez l\u2019humain et suscitent un grand int\u00e9r\u00eat puisque les blocages de l\u2019entr\u00e9e en mitose et de la sortie de mitose constituent des moyens d\u2019interf\u00e9rer avec la prolif\u00e9ration et la survie des cellules canc\u00e9reuses. Nous devrons r\u00e9pondre \u00e0 plusieurs questions importantes avant d\u2019atteindre une compr\u00e9hension compl\u00e8te de cette r\u00e9gulation et identifier les meilleures cibles th\u00e9rapeutiques.<\/p>\n<p>Notre laboratoire utilise une approche multidisciplinaire combinant la biologie mol\u00e9culaire, la g\u00e9n\u00e9tique, la biochimie, la prot\u00e9omique, la g\u00e9nomique fonctionnelle et la microscopie, pour mieux comprendre le contr\u00f4le du cycle cellulaire et la division cellulaire au niveau mol\u00e9culaire. Nous explorons comment la machinerie du cycle cellulaire est int\u00e9gr\u00e9e dans les diff\u00e9rents tissus de l\u2019animal, et tirons aussi avantage de cellules en culture humaines et de drosophile.<\/p>\n<\/div>\n","protected":false},"excerpt":{"rendered":"<p>Chercheur principal Professeur sous octroi adjoint, D\u00e9partement de biochimie Coordonn\u00e9es IRIC T 514 343.6111 #15795 F 514 343.6843 vincent.archambault.1@umontreal.ca Axes de recherche Mitose Interactions prot\u00e9iques Syst\u00e8mes mod\u00e8les en biologie mol\u00e9culaire [&hellip;]<\/p>\n","protected":false},"author":1,"featured_media":0,"parent":3557,"menu_order":0,"comment_status":"closed","ping_status":"closed","template":"","meta":{"footnotes":""},"class_list":["post-3552","page","type-page","status-publish","hentry"],"yoast_head":"<!-- This site is optimized with the Yoast SEO plugin v25.0 - https:\/\/yoast.com\/wordpress\/plugins\/seo\/ -->\n<title>Archambault, Vincent, Ph.D. - Programmes de biologie mol\u00e9culaire<\/title>\n<meta name=\"robots\" content=\"index, follow, max-snippet:-1, max-image-preview:large, max-video-preview:-1\" \/>\n<link rel=\"canonical\" href=\"https:\/\/biomol.umontreal.ca\/en\/research\/les-professeurs\/archambault-vincent-ph-d\/\" \/>\n<meta property=\"og:locale\" content=\"en_US\" \/>\n<meta property=\"og:type\" content=\"article\" \/>\n<meta property=\"og:title\" content=\"Archambault, Vincent, Ph.D. - Programmes de biologie mol\u00e9culaire\" \/>\n<meta property=\"og:description\" content=\"Chercheur principal Professeur sous octroi adjoint, D\u00e9partement de biochimie Coordonn\u00e9es IRIC T 514 343.6111 #15795 F 514 343.6843 vincent.archambault.1@umontreal.ca Axes de recherche Mitose Interactions prot\u00e9iques Syst\u00e8mes mod\u00e8les en biologie mol\u00e9culaire [&hellip;]\" \/>\n<meta property=\"og:url\" content=\"https:\/\/biomol.umontreal.ca\/en\/research\/les-professeurs\/archambault-vincent-ph-d\/\" \/>\n<meta property=\"og:site_name\" content=\"Programmes de biologie mol\u00e9culaire\" \/>\n<meta property=\"article:modified_time\" content=\"2013-08-16T19:08:15+00:00\" \/>\n<meta name=\"twitter:card\" content=\"summary_large_image\" \/>\n<meta name=\"twitter:label1\" content=\"Est. reading time\" \/>\n\t<meta name=\"twitter:data1\" content=\"3 minutes\" \/>\n<script type=\"application\/ld+json\" class=\"yoast-schema-graph\">{\"@context\":\"https:\/\/schema.org\",\"@graph\":[{\"@type\":\"WebPage\",\"@id\":\"https:\/\/biomol.umontreal.ca\/en\/research\/les-professeurs\/archambault-vincent-ph-d\/\",\"url\":\"https:\/\/biomol.umontreal.ca\/en\/research\/les-professeurs\/archambault-vincent-ph-d\/\",\"name\":\"Archambault, Vincent, Ph.D. - Programmes de biologie mol\u00e9culaire\",\"isPartOf\":{\"@id\":\"https:\/\/biomol.umontreal.ca\/#website\"},\"datePublished\":\"2011-11-29T20:55:54+00:00\",\"dateModified\":\"2013-08-16T19:08:15+00:00\",\"breadcrumb\":{\"@id\":\"https:\/\/biomol.umontreal.ca\/en\/research\/les-professeurs\/archambault-vincent-ph-d\/#breadcrumb\"},\"inLanguage\":\"en-US\",\"potentialAction\":[{\"@type\":\"ReadAction\",\"target\":[\"https:\/\/biomol.umontreal.ca\/en\/research\/les-professeurs\/archambault-vincent-ph-d\/\"]}]},{\"@type\":\"BreadcrumbList\",\"@id\":\"https:\/\/biomol.umontreal.ca\/en\/research\/les-professeurs\/archambault-vincent-ph-d\/#breadcrumb\",\"itemListElement\":[{\"@type\":\"ListItem\",\"position\":1,\"name\":\"Accueil\",\"item\":\"https:\/\/biomol.umontreal.ca\/en\/\"},{\"@type\":\"ListItem\",\"position\":2,\"name\":\"Research\",\"item\":\"https:\/\/biomol.umontreal.ca\/en\/research\/\"},{\"@type\":\"ListItem\",\"position\":3,\"name\":\"Our professors\",\"item\":\"https:\/\/biomol.umontreal.ca\/en\/research\/les-professeurs\/\"},{\"@type\":\"ListItem\",\"position\":4,\"name\":\"Archambault, Vincent, Ph.D.\"}]},{\"@type\":\"WebSite\",\"@id\":\"https:\/\/biomol.umontreal.ca\/#website\",\"url\":\"https:\/\/biomol.umontreal.ca\/\",\"name\":\"Programmes de biologie mol\u00e9culaire\",\"description\":\"\",\"potentialAction\":[{\"@type\":\"SearchAction\",\"target\":{\"@type\":\"EntryPoint\",\"urlTemplate\":\"https:\/\/biomol.umontreal.ca\/?s={search_term_string}\"},\"query-input\":{\"@type\":\"PropertyValueSpecification\",\"valueRequired\":true,\"valueName\":\"search_term_string\"}}],\"inLanguage\":\"en-US\"}]}<\/script>\n<!-- \/ Yoast SEO plugin. -->","yoast_head_json":{"title":"Archambault, Vincent, Ph.D. - Programmes de biologie mol\u00e9culaire","robots":{"index":"index","follow":"follow","max-snippet":"max-snippet:-1","max-image-preview":"max-image-preview:large","max-video-preview":"max-video-preview:-1"},"canonical":"https:\/\/biomol.umontreal.ca\/en\/research\/les-professeurs\/archambault-vincent-ph-d\/","og_locale":"en_US","og_type":"article","og_title":"Archambault, Vincent, Ph.D. - Programmes de biologie mol\u00e9culaire","og_description":"Chercheur principal Professeur sous octroi adjoint, D\u00e9partement de biochimie Coordonn\u00e9es IRIC T 514 343.6111 #15795 F 514 343.6843 vincent.archambault.1@umontreal.ca Axes de recherche Mitose Interactions prot\u00e9iques Syst\u00e8mes mod\u00e8les en biologie mol\u00e9culaire [&hellip;]","og_url":"https:\/\/biomol.umontreal.ca\/en\/research\/les-professeurs\/archambault-vincent-ph-d\/","og_site_name":"Programmes de biologie mol\u00e9culaire","article_modified_time":"2013-08-16T19:08:15+00:00","twitter_card":"summary_large_image","twitter_misc":{"Est. reading time":"3 minutes"},"schema":{"@context":"https:\/\/schema.org","@graph":[{"@type":"WebPage","@id":"https:\/\/biomol.umontreal.ca\/en\/research\/les-professeurs\/archambault-vincent-ph-d\/","url":"https:\/\/biomol.umontreal.ca\/en\/research\/les-professeurs\/archambault-vincent-ph-d\/","name":"Archambault, Vincent, Ph.D. - Programmes de biologie mol\u00e9culaire","isPartOf":{"@id":"https:\/\/biomol.umontreal.ca\/#website"},"datePublished":"2011-11-29T20:55:54+00:00","dateModified":"2013-08-16T19:08:15+00:00","breadcrumb":{"@id":"https:\/\/biomol.umontreal.ca\/en\/research\/les-professeurs\/archambault-vincent-ph-d\/#breadcrumb"},"inLanguage":"en-US","potentialAction":[{"@type":"ReadAction","target":["https:\/\/biomol.umontreal.ca\/en\/research\/les-professeurs\/archambault-vincent-ph-d\/"]}]},{"@type":"BreadcrumbList","@id":"https:\/\/biomol.umontreal.ca\/en\/research\/les-professeurs\/archambault-vincent-ph-d\/#breadcrumb","itemListElement":[{"@type":"ListItem","position":1,"name":"Accueil","item":"https:\/\/biomol.umontreal.ca\/en\/"},{"@type":"ListItem","position":2,"name":"Research","item":"https:\/\/biomol.umontreal.ca\/en\/research\/"},{"@type":"ListItem","position":3,"name":"Our professors","item":"https:\/\/biomol.umontreal.ca\/en\/research\/les-professeurs\/"},{"@type":"ListItem","position":4,"name":"Archambault, Vincent, Ph.D."}]},{"@type":"WebSite","@id":"https:\/\/biomol.umontreal.ca\/#website","url":"https:\/\/biomol.umontreal.ca\/","name":"Programmes de biologie mol\u00e9culaire","description":"","potentialAction":[{"@type":"SearchAction","target":{"@type":"EntryPoint","urlTemplate":"https:\/\/biomol.umontreal.ca\/?s={search_term_string}"},"query-input":{"@type":"PropertyValueSpecification","valueRequired":true,"valueName":"search_term_string"}}],"inLanguage":"en-US"}]}},"_links":{"self":[{"href":"https:\/\/biomol.umontreal.ca\/en\/wp-json\/wp\/v2\/pages\/3552","targetHints":{"allow":["GET"]}}],"collection":[{"href":"https:\/\/biomol.umontreal.ca\/en\/wp-json\/wp\/v2\/pages"}],"about":[{"href":"https:\/\/biomol.umontreal.ca\/en\/wp-json\/wp\/v2\/types\/page"}],"author":[{"embeddable":true,"href":"https:\/\/biomol.umontreal.ca\/en\/wp-json\/wp\/v2\/users\/1"}],"replies":[{"embeddable":true,"href":"https:\/\/biomol.umontreal.ca\/en\/wp-json\/wp\/v2\/comments?post=3552"}],"version-history":[{"count":3,"href":"https:\/\/biomol.umontreal.ca\/en\/wp-json\/wp\/v2\/pages\/3552\/revisions"}],"predecessor-version":[{"id":3561,"href":"https:\/\/biomol.umontreal.ca\/en\/wp-json\/wp\/v2\/pages\/3552\/revisions\/3561"}],"up":[{"embeddable":true,"href":"https:\/\/biomol.umontreal.ca\/en\/wp-json\/wp\/v2\/pages\/3557"}],"wp:attachment":[{"href":"https:\/\/biomol.umontreal.ca\/en\/wp-json\/wp\/v2\/media?parent=3552"}],"curies":[{"name":"wp","href":"https:\/\/api.w.org\/{rel}","templated":true}]}}