{"id":3514,"date":"2013-08-06T13:54:28","date_gmt":"2013-08-06T17:54:28","guid":{"rendered":"https:\/\/biomol.umontreal.ca\/?page_id=3514"},"modified":"2021-11-22T11:57:02","modified_gmt":"2021-11-22T16:57:02","slug":"honoured-students","status":"publish","type":"page","link":"https:\/\/biomol.umontreal.ca\/en\/student-guide\/honoured-students\/","title":{"rendered":"Honoured Students"},"content":{"rendered":"<p>Many students enrolled in the Molecular Biology programs have demonstrated the quality of their academic record and received numerous awards.<\/p>\n<p>&nbsp;<\/p>\n<div class=\"box left  \">\n<h2>Have you received a prize or an award?<\/h2>\n<p>Please <a href=\"mailto:julie.mantovani@umontreal.ca\">keep us informed<\/a> in order to keep this page updated and reflect at best the excellence of our students!<\/p>\n<\/div><div class=\"clear\"><\/div>\n<div class=\"tabcontainer tab_initial_open  tab_initial_open__1\">\n\n<div class=\"tab\"><strong>Award and prices<\/strong><\/div>\n<div class=\"tab_content\">\n<h2>2013<\/h2>\n<h3>1st prize winner of &#8220;Your defense in 180 seconds&#8221; &#8211; Canadian Grand Final &#8211; May 8, 2013<\/h3>\n<p><a href=\"https:\/\/biomol.umontreal.ca\/wp-content\/uploads\/sites\/46\/PierreDuchesne_DanielledeVerteuil_VotreSoutenance180sec_8Mai.jpg\"><img loading=\"lazy\" decoding=\"async\" alt=\"PierreDuchesne_DanielledeVerteuil_VotreSoutenance180sec_8Mai\" src=\"https:\/\/biomol.umontreal.ca\/wp-content\/uploads\/sites\/46\/PierreDuchesne_DanielledeVerteuil_VotreSoutenance180sec_8Mai-300x200.jpg\" width=\"124\" height=\"82\" class=\"alignleft\" \/><\/a><strong>Danielle de Verteuil<\/strong>, Ph.D. Student<br \/>\nDr Claude Perreault Laboratory<br \/>\n&#8220;Impact de l\u2019immunoprot\u00e9asome dans les cellules pr\u00e9sentatrices d\u2019antig\u00e8ne&#8221;<\/p>\n<div class=\"hr_invisible\"><\/div>\n<h3>\u00c9tudiant Chercheur \u00e9toile Laur\u00e9at du Fonds Sant\u00e9 \u2014 January 2013<\/h3>\n<p><strong><a href=\"https:\/\/biomol.umontreal.ca\/wp-content\/uploads\/sites\/46\/David-Langlais.php_.jpg\"><img loading=\"lazy\" decoding=\"async\" alt=\"David Langlais.php\" src=\"https:\/\/biomol.umontreal.ca\/wp-content\/uploads\/sites\/46\/David-Langlais.php_.jpg\" width=\"103\" height=\"67\" class=\"alignleft\" \/><\/a>David Langlais,<\/strong> Ph.D.<strong><br \/>\n<\/strong>Dr Jacques Drouin Laboratory<br \/>\nAward winning publication: <a href=\"http:\/\/www.cell.com\/molecular-cell\/abstract\/S1097-2765%2812%2900343-7\" target=\"_blank\" rel=\"noopener noreferrer\">The Stat3\/GR interaction code: predictive value of direct\/indirect DNA recruitment for transcription outcome<\/a> in Molecular Cell, May 2012<\/p>\n<hr\/>\n<h2>2011<\/h2>\n<h3><b>Research star 2011 \u2013 winner of the second edition of the \u201c<b>\u00c7A M\u00c9RITE D&#8217;\u00caTRE RECONNU!<\/b>\u201d Contest<\/b><\/h3>\n<p><strong><a href=\"https:\/\/biomol.umontreal.ca\/wp-content\/uploads\/sites\/46\/Deneault_E_Sept2011.jpg\"><img loading=\"lazy\" decoding=\"async\" title=\"Deneault_E_Sept2011\" alt=\"\" src=\"https:\/\/biomol.umontreal.ca\/wp-content\/uploads\/sites\/46\/Deneault_E_Sept2011-80x80.jpg\" width=\"80\" height=\"80\" class=\"alignleft\" \/><\/a>Eric Deneault<\/strong>, M.Sc.<\/p>\n<div class=\"hr_invisible\"><\/div>\n<hr\/>\n<h2>2010<\/h2>\n<h3><b>The FGPS (faculty of graduate and postdoctoral studies) best thesis award:<\/b><\/h3>\n<p><strong><img loading=\"lazy\" decoding=\"async\" title=\"drobestky-auclair-293x300\" alt=\"\" src=\"https:\/\/biomol.umontreal.ca\/wp-content\/uploads\/sites\/46\/drobestky-auclair-293x300-80x80.jpg\" width=\"80\" height=\"80\" class=\"alignleft\" \/>Yannick Auclair<\/strong>, Ph.D.<br \/>\nDr Elliot Drobetsky Laboratory<br \/>\nResearch Center \/ Maisonneuve-Rosemont Hospital<br \/>\nTitle of the thesis: R\u00e9gulation diff\u00e9rentielle de la r\u00e9paration par excision de nucleotides au cours du cycle cellulaire<\/p>\n<hr\/>\n<h2>2007<\/h2>\n<h3><b>The FGPS (faculty of graduate and postdoctoral studies) best thesis award:<\/b><\/h3>\n<p><strong>Philippe Coulombe<\/strong>, Ph.D.<br \/>\nDr Sylvain Meloche Laboratory &#8211; IRIC<br \/>\nTitle of the thesis:\u00a0 R\u00e9gulation de la MAPK atypique ERK3 par le syst\u00e8me ubiquitine-prot\u00e9asome<\/p>\n<hr\/>\n<h2>2004<\/h2>\n<h3>Award Of Excellence From The Academy Of Great Montrealers, 2004 &#8211; Health Sciences.<\/h3>\n<p>The Academy of Great Montrealers takes the opportunity, during its annual gala, to announce the winners, graduates from Montr\u00e9al universities or their affiliated schools, deserving an Award of excellence for the quality of their research.<\/p>\n<p>And<\/p>\n<h3>Award Of Excellence of the ADESAQ (the Qu\u00e9bec association of graduate deans) offered in collaboration with the three Fonds qu\u00e9b\u00e9cois de recherche &#8211; Award for the Best Ph.D. Dissertation &#8211; Health sciences.<\/h3>\n<p><strong><a href=\"https:\/\/biomol.umontreal.ca\/wp-content\/uploads\/sites\/46\/Lessard_Julie_Juin2010.jpg\"><img loading=\"lazy\" decoding=\"async\" title=\"Lessard_Julie_Juin2010\" alt=\"\" src=\"https:\/\/biomol.umontreal.ca\/wp-content\/uploads\/sites\/46\/Lessard_Julie_Juin2010-80x80.jpg\" width=\"80\" height=\"80\" class=\"alignleft\" \/><\/a>Julie Lessard<\/strong>, Ph.D.<br \/>\nDr Guy Sauvageau Laboratory &#8211; IRIC<br \/>\nTitle of the thesis: Expression and Function of the Polycomb Group (PcG) Genes in Normal and Leukemic Hematopoiesis.<\/p>\n<hr\/>\n<h2>2001<\/h2>\n<h3><b>Award Of Excellence From The Academy Of Great Montrealers, 2001 &#8211; Health Sciences.<\/b><\/h3>\n<p><strong><img loading=\"lazy\" decoding=\"async\" title=\"boerboom\" alt=\"\" src=\"https:\/\/biomol.umontreal.ca\/wp-content\/uploads\/sites\/46\/boerboom-80x80.jpg\" width=\"80\" height=\"80\" class=\"alignleft\" \/>Derek Boerboom<\/strong>, Ph.D.<br \/>\nDr Jean Sirois Laboratory<br \/>\nFaculty of Veterinary Medicine &#8211; CRRA (Animal Reproduction Research Centre) &#8211; St-Hyacinthe<br \/>\nTitle of the thesis: Gene Regulation of Prostaglandin and steroid Hormone Biosynthesis in Equine Preovulatory Follicles<\/p>\n\n<\/div>\n\n<div class=\"tab\"><strong>Honour list<\/strong><\/div>\n<div class=\"tab_content\">\n<h2>2012<\/h2>\n<h3><b>Deans&#8217;s Honour List<\/b><\/h3>\n<ul>\n<li><strong>Houssam Ismail<\/strong>, M.Sc.<\/li>\n<li><strong>Patrick Lacasse<\/strong>, M.Sc.<\/li>\n<li><strong>Mariline Laplante<\/strong>, M.Sc.<\/li>\n<li><strong>Simon Drouin<\/strong>, Ph.D.<\/li>\n<li><strong>David Langlais<\/strong>, Ph.D.<\/li>\n<\/ul>\n<hr\/>\n<h2>2011<\/h2>\n<h3><b>Deans&#8217;s Honour List<\/b><\/h3>\n<ul>\n<li><strong>\u00c9ric Fontaine<\/strong>, M.Sc<\/li>\n<li><strong>Juan Jos\u00e9 Ruiz Vanegas<\/strong>, M.Sc<\/li>\n<li><strong>Krystel Vincent<\/strong>, M.Sc<\/li>\n<li><strong>Jean-Fran\u00e7ois Ouimette<\/strong>, Ph.D.<\/li>\n<li><strong>Pierre-Luc Tanguay<\/strong>, Ph.D.<\/li>\n<\/ul>\n<hr\/>\n<h2>2010<\/h2>\n<h3><b>Honour List of the Dean of the Faculty of Graduate and Postdoctoral Studies and of the Faculty of Medicine<\/b><\/h3>\n<ul>\n<li><strong>Anne-Marie Ladouceur<\/strong>, M.Sc.<\/li>\n<li><strong>Chadi Zakaria<\/strong>, M.Sc.<\/li>\n<li><strong>Yannick Auclair<\/strong>, Ph.D.<\/li>\n<\/ul>\n<hr\/>\n<h2>2009<\/h2>\n<h3><b>Deans&#8217;s Honour List<\/b><\/h3>\n<p><strong>Maxime Bergeron<\/strong>, M.Sc.<\/p>\n<hr\/>\n<h2>2008<\/h2>\n<h3>Honour List of the Dean of the Faculty of Graduate And Postdoctoral Studies and of the Faculty of Medicine<\/h3>\n<p><strong>Zeine Jarikji<\/strong>, M.Sc.<\/p>\n<hr\/>\n<h2>2007<\/h2>\n<h3><b>Honour List of the Dean of the Faculty of Graduate and Postdoctoral Studies and of the Faculty of Medicine<\/b><\/h3>\n<p><strong>Pierre-Luc Lavoie<\/strong>, M.Sc.<\/p>\n<hr\/>\n<h2>2006<\/h2>\n<h3><b>Honour List of the Dean of the Faculty of Graduate and Postdoctoral Studies and of the Faculty of Medicine<\/b><\/h3>\n<ul>\n<li><strong>Annie Dumouchel<\/strong>, M.Sc.<\/li>\n<li><strong>Sylvie Langlois<\/strong>, M.Sc.<\/li>\n<\/ul>\n<hr\/>\n<h2>2005<\/h2>\n<h3><b>Deans&#8217;s Honour List<\/b><\/h3>\n<ul>\n<li><strong>Monica Pata<\/strong>, M.Sc.<\/li>\n<li><strong>Virginie Sanguin-Gendreau<\/strong>, M.Sc.<\/li>\n<\/ul>\n<hr\/>\n<h2>2003<\/h2>\n<h3><b>Deans&#8217;s Honour List<\/b><\/h3>\n<ul>\n<li><strong>Caroline Meloche<\/strong>, M.Sc.<\/li>\n<li><strong>Maria Nudi<\/strong>, M.Sc.<\/li>\n<li><strong>Pepijn Van Den Munckhof<\/strong>, M.Sc.<\/li>\n<\/ul>\n<hr\/>\n<h2>2002<\/h2>\n<h3><b>Deans&#8217;s Honour List<\/b><\/h3>\n<ul>\n<li><strong>Delphine D\u00e9sy<\/strong>, M.Sc.<\/li>\n<li><strong>Marie-Claude Mathieu<\/strong>, M.Sc.<\/li>\n<\/ul>\n<hr\/>\n\n<\/div>\n\n<div class=\"tab\"><strong>Scientific day prizes<\/strong><\/div>\n<div class=\"tab_content\">\n<h2>2021<\/h2>\n<p>Oral presentations, Session 1, <strong>Faculty of Medicine Prizes<\/strong>:<\/p>\n<ul>\n<li>Guillaume Serwe<\/li>\n<li>\u00c9lo\u00efse Duram\u00e9<\/li>\n<li>Swati Singh<\/li>\n<li>Imane Kaci<\/li>\n<\/ul>\n<p>Oral presentations, Session 2,<strong> FRQ-S Prizes<\/strong>:<\/p>\n<ul>\n<li>Chlo\u00e9 Tesni\u00e8re<\/li>\n<li>Rachelle Sauv\u00e9<\/li>\n<\/ul>\n<p>Oral presentations, Session 3, <strong>Faculty of Medicine Prizes <\/strong>:<\/p>\n<ul>\n<li>Jessica Bourbonnais<\/li>\n<li>Ryan Hogan<\/li>\n<li>L\u00e9a Lacroix<\/li>\n<li>Karolina Kravarikova<\/li>\n<\/ul>\n<h2>2012<\/h2>\n<h3>FRQ-S PRICE<strong><\/strong><\/h3>\n<p><strong> Louis-Philippe Croteau<\/strong> &#8220;The molecular mechanisms of neogenn function in spinal motor neuron development&#8221; (Talk, cat\u00e9gorie &#8220;Signalisation et migration cellulaire&#8221;)<strong><\/strong><\/p>\n<h3>UNIVALOR PRICE<strong><\/strong><\/h3>\n<p><strong>Diana Paola Granados<\/strong> &#8220;MHC-1-associated peptides preferentially derive from transcripts bearing miRNA responsible elements&#8221; (Talk, cat\u00e9gorie &#8220;G\u00e9nome et prot\u00e9ome&#8221;)<\/p>\n<h3>SARSTEDT PRICE<strong><\/strong><\/h3>\n<p><strong>Abbas Padeganeh<\/strong> pour sa pr\u00e9sentation &#8220;Unraveling the molecular nature of centromeric nucleosomes&#8221; (Poster)<\/p>\n<h3>Corning-Axygen-Mediatech\/VWR PRICE<strong><\/strong><\/h3>\n<p><strong>Jida El-Hajjar<\/strong> &#8220;BMI1 haploinsufficiency instigates brain neurodegeneration&#8221; (Talk, cat\u00e9gorie &#8220;Cellules souches&#8221;)<\/p>\n<h3>FISHER-SCIENTIFIC PRICE<strong><\/strong><\/h3>\n<p><strong>Martine T\u00e9treault<\/strong> &#8220;Exome sequencing of a consanguineous family affected by a congenital muscular dystrophy with hyperlaxity&#8221; (Talk, cat\u00e9gorie &#8220;G\u00e9nome et prot\u00e9ome&#8221;)<\/p>\n<h3>GLAXOSMITHKLINE PRICE<strong><\/strong><\/h3>\n<p><strong>Houssam Ismail<\/strong>\u00a0 &#8220;Suppression of estrogen receptor signaling by histone deacetylase inhibitors in breast cancer cells&#8221; (Poster)<\/p>\n<h3>GLAXOSMITHKLINE PRICE<strong><\/strong><\/h3>\n<p><strong>Myriam Srour<\/strong> &#8220;Mutations in C5ORF42 cause Joubert syndrome in the french canadian population&#8221; (Poster)<\/p>\n<h3>ASTRAZENECA PRICE<strong><\/strong><\/h3>\n<p><strong>Shanti Rojas-Sutterlin<\/strong> &#8220;Hematopoietic stem cells have an intrinsic expansion limit&#8221; (Talk, cat\u00e9gorie &#8220;Cellules souches&#8221;)<\/p>\n<h3>ASTRAZENECA PRICE<strong><\/strong><\/h3>\n<p><strong>\u00c8ve-Annie Pilon<\/strong> &#8220;Le LG3: un nouveau m\u00e9diateur pro-migratoire pour les cellules vasculaires&#8221; (Poster)<\/p>\n<h3>NEW ENGLAND BIOLABS PRICE<strong><\/strong><\/h3>\n<p><strong>Yacine Kherdjemil<\/strong>\u00a0 &#8220;Role of HOXA\/D\u00a0 genes during osteochondrogenesis&#8221; (Poster)<\/p>\n<h3>ICM PRICE<strong><\/strong><\/h3>\n<p><strong>Marie Cargnello<\/strong>\u00a0 &#8220;4E-T phosphorylation by JNK regulates P-body assembly&#8221; (Poster)<\/p>\n<h3>IRCM PRICE<strong><\/strong><\/h3>\n<p><strong>V\u00e9ronique Lisi<\/strong> &#8220;Modelling and predicting the microtargetome&#8221; (Poster)<\/p>\n<h3>HMR PRICE<strong><\/strong><\/h3>\n<p><strong>Guillaume Chouinard<\/strong> &#8220;CHK2 localise sur les centrosomes en mitose&#8221; (Poster)<\/p>\n<h3>IRIC PRICE<strong><\/strong><\/h3>\n<p><strong>M\u00e9lanie Laurin<\/strong> &#8220;The atypical RacGef DOCK180 is critical for tumor and metastasis progression in a ERBB2 breast cancer model&#8221;<br \/>\n<strong>Almira Kurbegovic<\/strong> &#8220;PKD1 cystogenic mechanism in mice&#8221; (Poster)<\/p>\n\n<\/div>\n\n\n<\/div>\n\n","protected":false},"excerpt":{"rendered":"<p>Many students enrolled in the Molecular Biology programs have demonstrated the quality of their academic record and received numerous awards. &nbsp;<\/p>\n","protected":false},"author":25,"featured_media":0,"parent":3508,"menu_order":0,"comment_status":"closed","ping_status":"closed","template":"","meta":{"footnotes":""},"class_list":["post-3514","page","type-page","status-publish","hentry"],"yoast_head":"<!-- This site is optimized with the Yoast SEO plugin v25.0 - https:\/\/yoast.com\/wordpress\/plugins\/seo\/ -->\n<title>Honoured Students - Programmes de biologie mol\u00e9culaire<\/title>\n<meta name=\"robots\" content=\"index, follow, max-snippet:-1, max-image-preview:large, max-video-preview:-1\" \/>\n<link rel=\"canonical\" href=\"https:\/\/biomol.umontreal.ca\/en\/student-guide\/honoured-students\/\" \/>\n<meta property=\"og:locale\" content=\"en_US\" \/>\n<meta property=\"og:type\" content=\"article\" \/>\n<meta property=\"og:title\" content=\"Honoured Students - Programmes de biologie mol\u00e9culaire\" \/>\n<meta property=\"og:description\" content=\"Many students enrolled in the Molecular Biology programs have demonstrated the quality of their academic record and received numerous awards. &nbsp;\" \/>\n<meta property=\"og:url\" content=\"https:\/\/biomol.umontreal.ca\/en\/student-guide\/honoured-students\/\" \/>\n<meta property=\"og:site_name\" content=\"Programmes de biologie mol\u00e9culaire\" \/>\n<meta property=\"article:modified_time\" content=\"2021-11-22T16:57:02+00:00\" \/>\n<meta property=\"og:image\" content=\"https:\/\/biomol.umontreal.ca\/wp-content\/uploads\/sites\/46\/PierreDuchesne_DanielledeVerteuil_VotreSoutenance180sec_8Mai-300x200.jpg\" \/>\n<meta name=\"twitter:card\" content=\"summary_large_image\" \/>\n<meta name=\"twitter:label1\" content=\"Est. reading time\" \/>\n\t<meta name=\"twitter:data1\" content=\"5 minutes\" \/>\n<script type=\"application\/ld+json\" class=\"yoast-schema-graph\">{\"@context\":\"https:\/\/schema.org\",\"@graph\":[{\"@type\":\"WebPage\",\"@id\":\"https:\/\/biomol.umontreal.ca\/en\/student-guide\/honoured-students\/\",\"url\":\"https:\/\/biomol.umontreal.ca\/en\/student-guide\/honoured-students\/\",\"name\":\"Honoured Students - Programmes de biologie mol\u00e9culaire\",\"isPartOf\":{\"@id\":\"https:\/\/biomol.umontreal.ca\/#website\"},\"primaryImageOfPage\":{\"@id\":\"https:\/\/biomol.umontreal.ca\/en\/student-guide\/honoured-students\/#primaryimage\"},\"image\":{\"@id\":\"https:\/\/biomol.umontreal.ca\/en\/student-guide\/honoured-students\/#primaryimage\"},\"thumbnailUrl\":\"https:\/\/biomol.umontreal.ca\/wp-content\/uploads\/sites\/46\/PierreDuchesne_DanielledeVerteuil_VotreSoutenance180sec_8Mai-300x200.jpg\",\"datePublished\":\"2013-08-06T17:54:28+00:00\",\"dateModified\":\"2021-11-22T16:57:02+00:00\",\"breadcrumb\":{\"@id\":\"https:\/\/biomol.umontreal.ca\/en\/student-guide\/honoured-students\/#breadcrumb\"},\"inLanguage\":\"en-US\",\"potentialAction\":[{\"@type\":\"ReadAction\",\"target\":[\"https:\/\/biomol.umontreal.ca\/en\/student-guide\/honoured-students\/\"]}]},{\"@type\":\"ImageObject\",\"inLanguage\":\"en-US\",\"@id\":\"https:\/\/biomol.umontreal.ca\/en\/student-guide\/honoured-students\/#primaryimage\",\"url\":\"https:\/\/biomol.umontreal.ca\/wp-content\/uploads\/sites\/46\/PierreDuchesne_DanielledeVerteuil_VotreSoutenance180sec_8Mai-300x200.jpg\",\"contentUrl\":\"https:\/\/biomol.umontreal.ca\/wp-content\/uploads\/sites\/46\/PierreDuchesne_DanielledeVerteuil_VotreSoutenance180sec_8Mai-300x200.jpg\"},{\"@type\":\"BreadcrumbList\",\"@id\":\"https:\/\/biomol.umontreal.ca\/en\/student-guide\/honoured-students\/#breadcrumb\",\"itemListElement\":[{\"@type\":\"ListItem\",\"position\":1,\"name\":\"Accueil\",\"item\":\"https:\/\/biomol.umontreal.ca\/en\/\"},{\"@type\":\"ListItem\",\"position\":2,\"name\":\"Student guide\",\"item\":\"https:\/\/biomol.umontreal.ca\/en\/student-guide\/\"},{\"@type\":\"ListItem\",\"position\":3,\"name\":\"Honoured Students\"}]},{\"@type\":\"WebSite\",\"@id\":\"https:\/\/biomol.umontreal.ca\/#website\",\"url\":\"https:\/\/biomol.umontreal.ca\/\",\"name\":\"Programmes de biologie mol\u00e9culaire\",\"description\":\"\",\"potentialAction\":[{\"@type\":\"SearchAction\",\"target\":{\"@type\":\"EntryPoint\",\"urlTemplate\":\"https:\/\/biomol.umontreal.ca\/?s={search_term_string}\"},\"query-input\":{\"@type\":\"PropertyValueSpecification\",\"valueRequired\":true,\"valueName\":\"search_term_string\"}}],\"inLanguage\":\"en-US\"}]}<\/script>\n<!-- \/ Yoast SEO plugin. -->","yoast_head_json":{"title":"Honoured Students - Programmes de biologie mol\u00e9culaire","robots":{"index":"index","follow":"follow","max-snippet":"max-snippet:-1","max-image-preview":"max-image-preview:large","max-video-preview":"max-video-preview:-1"},"canonical":"https:\/\/biomol.umontreal.ca\/en\/student-guide\/honoured-students\/","og_locale":"en_US","og_type":"article","og_title":"Honoured Students - Programmes de biologie mol\u00e9culaire","og_description":"Many students enrolled in the Molecular Biology programs have demonstrated the quality of their academic record and received numerous awards. &nbsp;","og_url":"https:\/\/biomol.umontreal.ca\/en\/student-guide\/honoured-students\/","og_site_name":"Programmes de biologie mol\u00e9culaire","article_modified_time":"2021-11-22T16:57:02+00:00","og_image":[{"url":"https:\/\/biomol.umontreal.ca\/wp-content\/uploads\/sites\/46\/PierreDuchesne_DanielledeVerteuil_VotreSoutenance180sec_8Mai-300x200.jpg","type":"","width":"","height":""}],"twitter_card":"summary_large_image","twitter_misc":{"Est. reading time":"5 minutes"},"schema":{"@context":"https:\/\/schema.org","@graph":[{"@type":"WebPage","@id":"https:\/\/biomol.umontreal.ca\/en\/student-guide\/honoured-students\/","url":"https:\/\/biomol.umontreal.ca\/en\/student-guide\/honoured-students\/","name":"Honoured Students - Programmes de biologie mol\u00e9culaire","isPartOf":{"@id":"https:\/\/biomol.umontreal.ca\/#website"},"primaryImageOfPage":{"@id":"https:\/\/biomol.umontreal.ca\/en\/student-guide\/honoured-students\/#primaryimage"},"image":{"@id":"https:\/\/biomol.umontreal.ca\/en\/student-guide\/honoured-students\/#primaryimage"},"thumbnailUrl":"https:\/\/biomol.umontreal.ca\/wp-content\/uploads\/sites\/46\/PierreDuchesne_DanielledeVerteuil_VotreSoutenance180sec_8Mai-300x200.jpg","datePublished":"2013-08-06T17:54:28+00:00","dateModified":"2021-11-22T16:57:02+00:00","breadcrumb":{"@id":"https:\/\/biomol.umontreal.ca\/en\/student-guide\/honoured-students\/#breadcrumb"},"inLanguage":"en-US","potentialAction":[{"@type":"ReadAction","target":["https:\/\/biomol.umontreal.ca\/en\/student-guide\/honoured-students\/"]}]},{"@type":"ImageObject","inLanguage":"en-US","@id":"https:\/\/biomol.umontreal.ca\/en\/student-guide\/honoured-students\/#primaryimage","url":"https:\/\/biomol.umontreal.ca\/wp-content\/uploads\/sites\/46\/PierreDuchesne_DanielledeVerteuil_VotreSoutenance180sec_8Mai-300x200.jpg","contentUrl":"https:\/\/biomol.umontreal.ca\/wp-content\/uploads\/sites\/46\/PierreDuchesne_DanielledeVerteuil_VotreSoutenance180sec_8Mai-300x200.jpg"},{"@type":"BreadcrumbList","@id":"https:\/\/biomol.umontreal.ca\/en\/student-guide\/honoured-students\/#breadcrumb","itemListElement":[{"@type":"ListItem","position":1,"name":"Accueil","item":"https:\/\/biomol.umontreal.ca\/en\/"},{"@type":"ListItem","position":2,"name":"Student guide","item":"https:\/\/biomol.umontreal.ca\/en\/student-guide\/"},{"@type":"ListItem","position":3,"name":"Honoured Students"}]},{"@type":"WebSite","@id":"https:\/\/biomol.umontreal.ca\/#website","url":"https:\/\/biomol.umontreal.ca\/","name":"Programmes de biologie mol\u00e9culaire","description":"","potentialAction":[{"@type":"SearchAction","target":{"@type":"EntryPoint","urlTemplate":"https:\/\/biomol.umontreal.ca\/?s={search_term_string}"},"query-input":{"@type":"PropertyValueSpecification","valueRequired":true,"valueName":"search_term_string"}}],"inLanguage":"en-US"}]}},"_links":{"self":[{"href":"https:\/\/biomol.umontreal.ca\/en\/wp-json\/wp\/v2\/pages\/3514","targetHints":{"allow":["GET"]}}],"collection":[{"href":"https:\/\/biomol.umontreal.ca\/en\/wp-json\/wp\/v2\/pages"}],"about":[{"href":"https:\/\/biomol.umontreal.ca\/en\/wp-json\/wp\/v2\/types\/page"}],"author":[{"embeddable":true,"href":"https:\/\/biomol.umontreal.ca\/en\/wp-json\/wp\/v2\/users\/25"}],"replies":[{"embeddable":true,"href":"https:\/\/biomol.umontreal.ca\/en\/wp-json\/wp\/v2\/comments?post=3514"}],"version-history":[{"count":9,"href":"https:\/\/biomol.umontreal.ca\/en\/wp-json\/wp\/v2\/pages\/3514\/revisions"}],"predecessor-version":[{"id":5445,"href":"https:\/\/biomol.umontreal.ca\/en\/wp-json\/wp\/v2\/pages\/3514\/revisions\/5445"}],"up":[{"embeddable":true,"href":"https:\/\/biomol.umontreal.ca\/en\/wp-json\/wp\/v2\/pages\/3508"}],"wp:attachment":[{"href":"https:\/\/biomol.umontreal.ca\/en\/wp-json\/wp\/v2\/media?parent=3514"}],"curies":[{"name":"wp","href":"https:\/\/api.w.org\/{rel}","templated":true}]}}